{"id":18050,"date":"2024-04-04T16:50:16","date_gmt":"2024-04-04T14:50:16","guid":{"rendered":"https:\/\/dev.kueche-schweiz.ch\/association\/"},"modified":"2026-03-02T11:15:53","modified_gmt":"2026-03-02T10:15:53","slug":"association","status":"publish","type":"page","link":"https:\/\/kueche-schweiz.ch\/fr\/association\/","title":{"rendered":"Association"},"content":{"rendered":"\n<div class=\"wp-block-group alignwide is-layout-constrained wp-block-group-is-layout-constrained\">\n<div class=\"wp-block-media-text alignwide is-stacked-on-mobile is-image-fill-element is-cover has-background-color has-foreground-background-color has-text-color has-background has-link-color wp-elements-110aa4e20071eacdf46ed5ce06ceabb6\"><figure class=\"wp-block-media-text__media\"><img loading=\"lazy\" decoding=\"async\" width=\"1024\" height=\"681\" src=\"https:\/\/kueche-schweiz.ch\/app\/uploads\/2024\/05\/netzwerk_SKA-1024x681-1.jpg\" alt=\"\" class=\"wp-image-5123 size-full\" style=\"object-position:50% 50%\" srcset=\"https:\/\/kueche-schweiz.ch\/app\/uploads\/2024\/05\/netzwerk_SKA-1024x681-1.jpg 1024w, https:\/\/kueche-schweiz.ch\/app\/uploads\/2024\/05\/netzwerk_SKA-1024x681-1-300x200.jpg 300w, https:\/\/kueche-schweiz.ch\/app\/uploads\/2024\/05\/netzwerk_SKA-1024x681-1-768x511.jpg 768w\" sizes=\"auto, (max-width: 1024px) 100vw, 1024px\" \/><\/figure><div class=\"wp-block-media-text__content\"><div class=\"yoast-breadcrumbs\"><span><span><a href=\"https:\/\/kueche-schweiz.ch\/fr\/\">Page d&#8217;accueil<\/a><\/span> \u00bb <span class=\"breadcrumb_last\" aria-current=\"page\">Association<\/span><\/span><\/div>\n\n\n<h2 class=\"wp-block-heading\">L&#8217;association<\/h2>\n\n\n\n<p>Cuisine Suisse est le partenaire et le prestataire de services privil\u00e9gi\u00e9 des entreprises du secteur suisse des cuisines. En tant que membre, vous b\u00e9n\u00e9ficiez d&#8217;avantages exclusifs et financiers ainsi que d&#8217;un r\u00e9seau international de professionnels. Nous fournissons des informations expertes sur des sujets d&#8217;actualit\u00e9 et des analyses des besoins individuels afin d&#8217;optimiser et de promouvoir votre activit\u00e9. Notre mission est de vous fournir les ressources et le soutien dont vous avez besoin pour r\u00e9ussir et vous imposer dans un secteur dynamique.<\/p>\n\n\n\n<p><\/p>\n<\/div><\/div>\n<\/div>\n\n\n\n<div class=\"wp-block-group alignfull has-background-background-color has-background is-layout-constrained wp-block-group-is-layout-constrained\">\n<div class=\"wp-block-group is-style-narrow is-layout-constrained wp-block-group-is-layout-constrained\">\n<div class=\"wp-block-media-text has-media-on-the-right is-stacked-on-mobile\" style=\"grid-template-columns:auto 40%\"><div class=\"wp-block-media-text__content\">\n<h2 class=\"wp-block-heading\">Voici comment nous agissons<\/h2>\n\n\n\n<p>Nous agissons avec d\u00e9termination pour renforcer la position de nos <a href=\"https:\/\/kueche-schweiz.ch\/fr\/consommateurs-et-maitres-douvrage\/professionnels-de-la-cuisine\/\">membres<\/a>. En leur fournissant des outils et des services pr\u00e9cieux, nous les aidons \u00e0 atteindre leurs objectifs et \u00e0 r\u00e9ussir. Nous encourageons et soutenons <a href=\"https:\/\/kueche-schweiz.ch\/fr\/notre-offre\/formation-continue\/\">l&#8217;offre de formation<\/a> et de perfectionnement du secteur suisse des cuisines afin de garantir que nos membres soient toujours au courant des derniers d\u00e9veloppements. En prenant des initiatives et en soutenant toutes les actions, nous nous effor\u00e7ons d&#8217;accro\u00eetre la place du secteur suisse de la cuisine dans l&#8217;esprit du public et de lui donner la reconnaissance qu&#8217;il m\u00e9rite.<\/p>\n<\/div><figure class=\"wp-block-media-text__media\"><img loading=\"lazy\" decoding=\"async\" width=\"657\" height=\"542\" src=\"https:\/\/kueche-schweiz.ch\/app\/uploads\/2024\/08\/240819_kueche_schweiz_Grafik_so-handeln-wir_xeit.jpg\" alt=\"\" class=\"wp-image-23506 size-full\" srcset=\"https:\/\/kueche-schweiz.ch\/app\/uploads\/2024\/08\/240819_kueche_schweiz_Grafik_so-handeln-wir_xeit.jpg 657w, https:\/\/kueche-schweiz.ch\/app\/uploads\/2024\/08\/240819_kueche_schweiz_Grafik_so-handeln-wir_xeit-300x247.jpg 300w\" sizes=\"auto, (max-width: 657px) 100vw, 657px\" \/><\/figure><\/div>\n<\/div>\n<\/div>\n\n\n\n<div class=\"wp-block-group alignfull has-background-background-color has-background is-layout-constrained wp-block-group-is-layout-constrained\">\n<div class=\"wp-block-group is-style-narrow is-layout-constrained wp-block-group-is-layout-constrained\">\n<div class=\"wp-block-media-text is-stacked-on-mobile\" style=\"grid-template-columns:40% auto\"><figure class=\"wp-block-media-text__media\"><img loading=\"lazy\" decoding=\"async\" width=\"767\" height=\"379\" src=\"https:\/\/kueche-schweiz.ch\/app\/uploads\/2024\/08\/240819_kueche-schweiz_Grafik_unser-fokus_xeit.jpg\" alt=\"\" class=\"wp-image-23508 size-full\" srcset=\"https:\/\/kueche-schweiz.ch\/app\/uploads\/2024\/08\/240819_kueche-schweiz_Grafik_unser-fokus_xeit.jpg 767w, https:\/\/kueche-schweiz.ch\/app\/uploads\/2024\/08\/240819_kueche-schweiz_Grafik_unser-fokus_xeit-300x148.jpg 300w\" sizes=\"auto, (max-width: 767px) 100vw, 767px\" \/><\/figure><div class=\"wp-block-media-text__content\">\n<h2 class=\"wp-block-heading\">Notre focus<\/h2>\n\n\n\n<p>Nous nous engageons pour :  <\/p>\n\n\n\n<ul class=\"wp-block-list\">\n<li>Membres de l&#8217;association  <\/li>\n\n\n\n<li>Secteur des cuisines<\/li>\n\n\n\n<li>March\u00e9 et usine en Suisse<\/li>\n<\/ul>\n\n\n\n<p>Nous entretenons le dialogue avec des institutions et des organisations priv\u00e9es et publiques, en Suisse et \u00e0 l&#8217;\u00e9tranger, afin de d\u00e9velopper et de promouvoir l&#8217;attractivit\u00e9 du march\u00e9 et de la place industrielle suisses.<\/p>\n<\/div><\/div>\n<\/div>\n<\/div>\n\n\n<div class=\"wp-block-group alignfull has-background has-link-color wp-elements-1146171cc5c1aba21ff5f933d4db6095 is-layout-constrained wp-block-group-is-layout-constrained partner-logos-holder\">\n<h2 class=\"wp-block-heading has-text-align-center is-in-viewport\">Nos partenaires<\/h2>\n\n<div class=\"partner-logos partner-logos-white\">\n\t<a target=\"_blank\" data-partner-id=\"0\" href=\"https:\/\/www.kuratlejaecker.ch\/\" class=\"partner-logo\" style=\"background-image:url(https:\/\/kueche-schweiz.ch\/app\/uploads\/2024\/06\/kuratleJaecker_weiss_800x400px-1.png)\" data-partner-logo-color=\"https:\/\/kueche-schweiz.ch\/app\/uploads\/2024\/06\/kuratleJaecker_800x400px-1.png\"><\/a>\n\t<a target=\"_blank\" data-partner-id=\"1\" href=\"https:\/\/www.haefele.ch\/de\/\" class=\"partner-logo\" style=\"background-image:url(https:\/\/kueche-schweiz.ch\/app\/uploads\/2024\/06\/haefele_weiss_800x400px.png)\" data-partner-logo-color=\"https:\/\/kueche-schweiz.ch\/app\/uploads\/2024\/06\/haefele_800x400px.png\"><\/a>\n\n\t\t\t<a target=\"_blank\" href=\"https:\/\/www.vzug.com\/ch\/de\/\" class=\"partner-logo is-main-partner\" style=\"background-image:url(https:\/\/kueche-schweiz.ch\/app\/uploads\/2024\/06\/vzug_weiss_800x400px-3.png)\"><\/a>\n\t\n\t<a target=\"_blank\" data-partner-id=\"2\" href=\"https:\/\/www.blum.com\/ch\/de\/\" class=\"partner-logo\" style=\"background-image:url(https:\/\/kueche-schweiz.ch\/app\/uploads\/2024\/06\/blum_weiss_800x400px-2.png)\" data-partner-logo-color=\"https:\/\/kueche-schweiz.ch\/app\/uploads\/2024\/06\/blum_800x400px-2.png\"><\/a>\n\t<a target=\"_blank\" data-partner-id=\"3\" href=\"https:\/\/www.cosentino.com\/\" class=\"partner-logo\" style=\"background-image:url(https:\/\/kueche-schweiz.ch\/app\/uploads\/2024\/06\/cosentino_weiss_800x400px.png)\" data-partner-logo-color=\"https:\/\/kueche-schweiz.ch\/app\/uploads\/2024\/06\/cosentino_800x400px.png\"><\/a>\n<\/div>\n\n<div class=\"partner-logos partner-logos-color\">\n\t<a target=\"_blank\" data-partner-id=\"0\" href=\"https:\/\/www.kuratlejaecker.ch\/\" class=\"partner-logo\" style=\"background-image:url(https:\/\/kueche-schweiz.ch\/app\/uploads\/2024\/06\/kuratleJaecker_800x400px-1.png)\"><\/a>\n\t<a target=\"_blank\" data-partner-id=\"1\" href=\"https:\/\/www.haefele.ch\/de\/\" class=\"partner-logo\" style=\"background-image:url(https:\/\/kueche-schweiz.ch\/app\/uploads\/2024\/06\/haefele_800x400px.png)\"><\/a>\n\t\t\t<a target=\"_blank\" href=\"https:\/\/www.vzug.com\/ch\/de\/\" class=\"partner-logo is-main-partner\" style=\"background-image:url(https:\/\/kueche-schweiz.ch\/app\/uploads\/2024\/06\/vzug_800x400px-3.png)\"><\/a>\n\t\n\t<a target=\"_blank\" data-partner-id=\"2\" href=\"https:\/\/www.blum.com\/ch\/de\/\" class=\"partner-logo\" style=\"background-image:url(https:\/\/kueche-schweiz.ch\/app\/uploads\/2024\/06\/blum_800x400px-2.png)\"><\/a>\n\t<a target=\"_blank\" data-partner-id=\"3\" href=\"https:\/\/www.cosentino.com\/\" class=\"partner-logo\" style=\"background-image:url(https:\/\/kueche-schweiz.ch\/app\/uploads\/2024\/06\/cosentino_800x400px.png)\"><\/a>\n<\/div>\n\n<div class=\"hidden-partners\">\n\t\t\t\t\t\t\t<a target=\"_blank\" data-partner-id=\"4\" href=\"https:\/\/www.formex.ch\/de\" class=\"partner-logo\" style=\"background-image:url(https:\/\/kueche-schweiz.ch\/app\/uploads\/2024\/06\/formex_weiss_800x400px.png)\" data-partner-logo-color=\"https:\/\/kueche-schweiz.ch\/app\/uploads\/2024\/06\/formex_800x400px.png\"><\/a>\n\t\t\t\t<a target=\"_blank\" data-partner-id=\"5\" href=\"https:\/\/www.jowat.com\/de-CH\/\" class=\"partner-logo\" style=\"background-image:url(https:\/\/kueche-schweiz.ch\/app\/uploads\/2024\/06\/jowat_weiss_800x400px.png)\" data-partner-logo-color=\"https:\/\/kueche-schweiz.ch\/app\/uploads\/2024\/06\/jowat_800x400px.png\"><\/a>\n\t\t\t\t<a target=\"_blank\" data-partner-id=\"6\" href=\"https:\/\/www.cyncly.com\/\" class=\"partner-logo\" style=\"background-image:url(https:\/\/kueche-schweiz.ch\/app\/uploads\/2024\/06\/cyncly_weiss_800x400px.png)\" data-partner-logo-color=\"https:\/\/kueche-schweiz.ch\/app\/uploads\/2024\/06\/cyncly_800x400px.png\"><\/a>\n\t\t\t\t<a target=\"_blank\" data-partner-id=\"7\" href=\"https:\/\/kwc.com\/de_CH\" class=\"partner-logo\" style=\"background-image:url(https:\/\/kueche-schweiz.ch\/app\/uploads\/2024\/06\/KWC_weiss_800x400px.png)\" data-partner-logo-color=\"https:\/\/kueche-schweiz.ch\/app\/uploads\/2024\/06\/KWC_800x400px.png\"><\/a>\n\t\t\t\t<a target=\"_blank\" data-partner-id=\"8\" href=\"https:\/\/www.electrolux.ch\/de-ch\/\" class=\"partner-logo\" style=\"background-image:url(https:\/\/kueche-schweiz.ch\/app\/uploads\/2024\/06\/electrolux_weiss_800x400px.png)\" data-partner-logo-color=\"https:\/\/kueche-schweiz.ch\/app\/uploads\/2024\/06\/electrolux_800x400px.png\"><\/a>\n\t\t\t\t<a target=\"_blank\" data-partner-id=\"9\" href=\"https:\/\/steinform.com\/\" class=\"partner-logo\" style=\"background-image:url(https:\/\/kueche-schweiz.ch\/app\/uploads\/2024\/06\/steinform_weiss_800x400.png)\" data-partner-logo-color=\"https:\/\/kueche-schweiz.ch\/app\/uploads\/2024\/06\/steinform_800x400.png\"><\/a>\n\t\t\t\t<a target=\"_blank\" data-partner-id=\"10\" href=\"https:\/\/www.laufen.ch\/\" class=\"partner-logo\" style=\"background-image:url(https:\/\/kueche-schweiz.ch\/app\/uploads\/2024\/06\/laufen_weiss_800x400px.png)\" data-partner-logo-color=\"https:\/\/kueche-schweiz.ch\/app\/uploads\/2024\/06\/laufen_800x400px.png\"><\/a>\n\t\t\t\t<a target=\"_blank\" data-partner-id=\"11\" href=\"https:\/\/www.morathdesign.ch\/\" class=\"partner-logo\" style=\"background-image:url(https:\/\/kueche-schweiz.ch\/app\/uploads\/2024\/06\/morath_weiss_800x400px.png)\" data-partner-logo-color=\"https:\/\/kueche-schweiz.ch\/app\/uploads\/2024\/06\/morath_800x400px.png\"><\/a>\n\t\t\t\t<a target=\"_blank\" data-partner-id=\"12\" href=\"https:\/\/www.haefele.ch\/de\/\" class=\"partner-logo\" style=\"background-image:url(https:\/\/kueche-schweiz.ch\/app\/uploads\/2024\/06\/haefele-lighting_weiss_800x400px.png)\" data-partner-logo-color=\"https:\/\/kueche-schweiz.ch\/app\/uploads\/2024\/06\/haefele-lighting_800x400px.png\"><\/a>\n\t\t\t\t<a target=\"_blank\" data-partner-id=\"13\" href=\"https:\/\/www.swisskrono.com\/\" class=\"partner-logo\" style=\"background-image:url(https:\/\/kueche-schweiz.ch\/app\/uploads\/2024\/06\/swisskrono_weiss_800x400px-1.png)\" data-partner-logo-color=\"https:\/\/kueche-schweiz.ch\/app\/uploads\/2024\/06\/swisskrono_800x400px-1.png\"><\/a>\n\t\t\t\t<a target=\"_blank\" data-partner-id=\"14\" href=\"https:\/\/www.suter.ch\/\" class=\"partner-logo\" style=\"background-image:url(https:\/\/kueche-schweiz.ch\/app\/uploads\/2024\/06\/suter_weiss_800x400px.png)\" data-partner-logo-color=\"https:\/\/kueche-schweiz.ch\/app\/uploads\/2024\/06\/suter_800x400px.png\"><\/a>\n\t\t\t\t<a target=\"_blank\" data-partner-id=\"15\" href=\"https:\/\/www.siemens.com\/ch\/de.html\" class=\"partner-logo\" style=\"background-image:url(https:\/\/kueche-schweiz.ch\/app\/uploads\/2024\/06\/siemens_weiss_800x400px.png)\" data-partner-logo-color=\"https:\/\/kueche-schweiz.ch\/app\/uploads\/2024\/06\/siemens_800x400px.png\"><\/a>\n\t\t\t\t<a target=\"_blank\" data-partner-id=\"16\" href=\"https:\/\/www.glasworld.ch\/\" class=\"partner-logo\" style=\"background-image:url(https:\/\/kueche-schweiz.ch\/app\/uploads\/2024\/06\/schnyderGlasworld_weiss_800x400px.png)\" data-partner-logo-color=\"https:\/\/kueche-schweiz.ch\/app\/uploads\/2024\/06\/schnyderGlasworld_800x400px.png\"><\/a>\n\t\t\t\t<a target=\"_blank\" data-partner-id=\"17\" href=\"https:\/\/permapack.ch\/\" class=\"partner-logo\" style=\"background-image:url(https:\/\/kueche-schweiz.ch\/app\/uploads\/2024\/06\/permafix_weiss_800x400px.png)\" data-partner-logo-color=\"https:\/\/kueche-schweiz.ch\/app\/uploads\/2024\/06\/permafix_800x400px.png\"><\/a>\n\t\t\t\t<a target=\"_blank\" data-partner-id=\"18\" href=\"https:\/\/www.franke.com\/\" class=\"partner-logo\" style=\"background-image:url(https:\/\/kueche-schweiz.ch\/app\/uploads\/2024\/06\/franke_weiss_800x400px-1.png)\" data-partner-logo-color=\"https:\/\/kueche-schweiz.ch\/app\/uploads\/2024\/06\/franke_800x400px-1.png\"><\/a>\n\t\t\t\t<a target=\"_blank\" data-partner-id=\"19\" href=\"https:\/\/www.quooker.ch\/\" class=\"partner-logo\" style=\"background-image:url(https:\/\/kueche-schweiz.ch\/app\/uploads\/2024\/06\/quooker_weiss_800x400px.png)\" data-partner-logo-color=\"https:\/\/kueche-schweiz.ch\/app\/uploads\/2024\/06\/quooker_800x400px.png\"><\/a>\n\t\t\t\t<a target=\"_blank\" data-partner-id=\"20\" href=\"https:\/\/www.peka.com\/\" class=\"partner-logo\" style=\"background-image:url(https:\/\/kueche-schweiz.ch\/app\/uploads\/2024\/06\/peka_weiss_800x400px.png)\" data-partner-logo-color=\"https:\/\/kueche-schweiz.ch\/app\/uploads\/2024\/06\/peka_800x400px.png\"><\/a>\n\t<\/div>\n\n<\/div>\n\n\n\n<div style=\"height:100px\" aria-hidden=\"true\" class=\"wp-block-spacer\"><\/div>\n","protected":false},"excerpt":{"rendered":"<p>L&#8217;association Cuisine Suisse est le partenaire et le prestataire de services privil\u00e9gi\u00e9 des entreprises du secteur suisse des cuisines. En tant que membre, vous b\u00e9n\u00e9ficiez d&#8217;avantages exclusifs et financiers ainsi que d&#8217;un r\u00e9seau international de professionnels. Nous fournissons des informations expertes sur des sujets d&#8217;actualit\u00e9 et des analyses des besoins individuels afin d&#8217;optimiser et de [&hellip;]<\/p>\n","protected":false},"author":700,"featured_media":0,"parent":0,"menu_order":23,"comment_status":"closed","ping_status":"closed","template":"","meta":{"_acf_changed":false,"inline_featured_image":false,"footnotes":""},"class_list":["post-18050","page","type-page","status-publish","hentry"],"acf":[],"yoast_head":"<!-- This site is optimized with the Yoast SEO plugin v27.5 - https:\/\/yoast.com\/product\/yoast-seo-wordpress\/ -->\n<title>L&#039;association | Cuisine Suisse<\/title>\n<meta name=\"description\" content=\"L&#039;association Cuisine Suisse offre de nombreux avantages aux membres et aux partenaires du secteur de la cuisine en Suisse.\" \/>\n<meta name=\"robots\" content=\"index, follow, max-snippet:-1, max-image-preview:large, max-video-preview:-1\" \/>\n<link rel=\"canonical\" href=\"https:\/\/kueche-schweiz.ch\/fr\/association\/\" \/>\n<meta property=\"og:locale\" content=\"fr_FR\" \/>\n<meta property=\"og:type\" content=\"article\" \/>\n<meta property=\"og:title\" content=\"L&#039;association | Cuisine Suisse\" \/>\n<meta property=\"og:description\" content=\"L&#039;association Cuisine Suisse offre de nombreux avantages aux membres et aux partenaires du secteur de la cuisine en Suisse.\" \/>\n<meta property=\"og:url\" content=\"https:\/\/kueche-schweiz.ch\/fr\/association\/\" \/>\n<meta property=\"og:site_name\" content=\"K\u00fcche Schweiz\" \/>\n<meta property=\"article:modified_time\" content=\"2026-03-02T10:15:53+00:00\" \/>\n<meta property=\"og:image\" content=\"https:\/\/kueche-schweiz.ch\/app\/uploads\/2024\/05\/netzwerk_SKA-1024x681-1.jpg\" \/>\n\t<meta property=\"og:image:width\" content=\"1024\" \/>\n\t<meta property=\"og:image:height\" content=\"681\" \/>\n\t<meta property=\"og:image:type\" content=\"image\/jpeg\" \/>\n<meta name=\"twitter:card\" content=\"summary_large_image\" \/>\n<meta name=\"twitter:label1\" content=\"Dur\u00e9e de lecture estim\u00e9e\" \/>\n\t<meta name=\"twitter:data1\" content=\"2 minutes\" \/>\n<script type=\"application\/ld+json\" class=\"yoast-schema-graph\">{\"@context\":\"https:\\\/\\\/schema.org\",\"@graph\":[{\"@type\":\"WebPage\",\"@id\":\"https:\\\/\\\/kueche-schweiz.ch\\\/fr\\\/association\\\/\",\"url\":\"https:\\\/\\\/kueche-schweiz.ch\\\/fr\\\/association\\\/\",\"name\":\"L'association | Cuisine Suisse\",\"isPartOf\":{\"@id\":\"https:\\\/\\\/kueche-schweiz.ch\\\/#website\"},\"primaryImageOfPage\":{\"@id\":\"https:\\\/\\\/kueche-schweiz.ch\\\/fr\\\/association\\\/#primaryimage\"},\"image\":{\"@id\":\"https:\\\/\\\/kueche-schweiz.ch\\\/fr\\\/association\\\/#primaryimage\"},\"thumbnailUrl\":\"https:\\\/\\\/kueche-schweiz.ch\\\/app\\\/uploads\\\/2024\\\/05\\\/netzwerk_SKA-1024x681-1.jpg\",\"datePublished\":\"2024-04-04T14:50:16+00:00\",\"dateModified\":\"2026-03-02T10:15:53+00:00\",\"description\":\"L'association Cuisine Suisse offre de nombreux avantages aux membres et aux partenaires du secteur de la cuisine en Suisse.\",\"breadcrumb\":{\"@id\":\"https:\\\/\\\/kueche-schweiz.ch\\\/fr\\\/association\\\/#breadcrumb\"},\"inLanguage\":\"fr-FR\",\"potentialAction\":[{\"@type\":\"ReadAction\",\"target\":[\"https:\\\/\\\/kueche-schweiz.ch\\\/fr\\\/association\\\/\"]}]},{\"@type\":\"ImageObject\",\"inLanguage\":\"fr-FR\",\"@id\":\"https:\\\/\\\/kueche-schweiz.ch\\\/fr\\\/association\\\/#primaryimage\",\"url\":\"https:\\\/\\\/kueche-schweiz.ch\\\/app\\\/uploads\\\/2024\\\/05\\\/netzwerk_SKA-1024x681-1.jpg\",\"contentUrl\":\"https:\\\/\\\/kueche-schweiz.ch\\\/app\\\/uploads\\\/2024\\\/05\\\/netzwerk_SKA-1024x681-1.jpg\"},{\"@type\":\"BreadcrumbList\",\"@id\":\"https:\\\/\\\/kueche-schweiz.ch\\\/fr\\\/association\\\/#breadcrumb\",\"itemListElement\":[{\"@type\":\"ListItem\",\"position\":1,\"name\":\"Page d'accueil\",\"item\":\"https:\\\/\\\/kueche-schweiz.ch\\\/fr\\\/\"},{\"@type\":\"ListItem\",\"position\":2,\"name\":\"Association\"}]},{\"@type\":\"WebSite\",\"@id\":\"https:\\\/\\\/kueche-schweiz.ch\\\/#website\",\"url\":\"https:\\\/\\\/kueche-schweiz.ch\\\/\",\"name\":\"K\u00fcche Schweiz\",\"description\":\"\",\"publisher\":{\"@id\":\"https:\\\/\\\/kueche-schweiz.ch\\\/#organization\"},\"potentialAction\":[{\"@type\":\"SearchAction\",\"target\":{\"@type\":\"EntryPoint\",\"urlTemplate\":\"https:\\\/\\\/kueche-schweiz.ch\\\/?s={search_term_string}\"},\"query-input\":{\"@type\":\"PropertyValueSpecification\",\"valueRequired\":true,\"valueName\":\"search_term_string\"}}],\"inLanguage\":\"fr-FR\"},{\"@type\":\"Organization\",\"@id\":\"https:\\\/\\\/kueche-schweiz.ch\\\/#organization\",\"name\":\"K\u00fcche Schweiz\",\"url\":\"https:\\\/\\\/kueche-schweiz.ch\\\/\",\"logo\":{\"@type\":\"ImageObject\",\"inLanguage\":\"fr-FR\",\"@id\":\"https:\\\/\\\/kueche-schweiz.ch\\\/#\\\/schema\\\/logo\\\/image\\\/\",\"url\":\"https:\\\/\\\/kueche-schweiz.ch\\\/app\\\/uploads\\\/2025\\\/01\\\/logo-kueche-schweiz.png\",\"contentUrl\":\"https:\\\/\\\/kueche-schweiz.ch\\\/app\\\/uploads\\\/2025\\\/01\\\/logo-kueche-schweiz.png\",\"width\":1417,\"height\":1846,\"caption\":\"K\u00fcche Schweiz\"},\"image\":{\"@id\":\"https:\\\/\\\/kueche-schweiz.ch\\\/#\\\/schema\\\/logo\\\/image\\\/\"}}]}<\/script>\n<!-- \/ Yoast SEO plugin. -->","yoast_head_json":{"title":"L'association | Cuisine Suisse","description":"L'association Cuisine Suisse offre de nombreux avantages aux membres et aux partenaires du secteur de la cuisine en Suisse.","robots":{"index":"index","follow":"follow","max-snippet":"max-snippet:-1","max-image-preview":"max-image-preview:large","max-video-preview":"max-video-preview:-1"},"canonical":"https:\/\/kueche-schweiz.ch\/fr\/association\/","og_locale":"fr_FR","og_type":"article","og_title":"L'association | Cuisine Suisse","og_description":"L'association Cuisine Suisse offre de nombreux avantages aux membres et aux partenaires du secteur de la cuisine en Suisse.","og_url":"https:\/\/kueche-schweiz.ch\/fr\/association\/","og_site_name":"K\u00fcche Schweiz","article_modified_time":"2026-03-02T10:15:53+00:00","og_image":[{"width":1024,"height":681,"url":"https:\/\/kueche-schweiz.ch\/app\/uploads\/2024\/05\/netzwerk_SKA-1024x681-1.jpg","type":"image\/jpeg"}],"twitter_card":"summary_large_image","twitter_misc":{"Dur\u00e9e de lecture estim\u00e9e":"2 minutes"},"schema":{"@context":"https:\/\/schema.org","@graph":[{"@type":"WebPage","@id":"https:\/\/kueche-schweiz.ch\/fr\/association\/","url":"https:\/\/kueche-schweiz.ch\/fr\/association\/","name":"L'association | Cuisine Suisse","isPartOf":{"@id":"https:\/\/kueche-schweiz.ch\/#website"},"primaryImageOfPage":{"@id":"https:\/\/kueche-schweiz.ch\/fr\/association\/#primaryimage"},"image":{"@id":"https:\/\/kueche-schweiz.ch\/fr\/association\/#primaryimage"},"thumbnailUrl":"https:\/\/kueche-schweiz.ch\/app\/uploads\/2024\/05\/netzwerk_SKA-1024x681-1.jpg","datePublished":"2024-04-04T14:50:16+00:00","dateModified":"2026-03-02T10:15:53+00:00","description":"L'association Cuisine Suisse offre de nombreux avantages aux membres et aux partenaires du secteur de la cuisine en Suisse.","breadcrumb":{"@id":"https:\/\/kueche-schweiz.ch\/fr\/association\/#breadcrumb"},"inLanguage":"fr-FR","potentialAction":[{"@type":"ReadAction","target":["https:\/\/kueche-schweiz.ch\/fr\/association\/"]}]},{"@type":"ImageObject","inLanguage":"fr-FR","@id":"https:\/\/kueche-schweiz.ch\/fr\/association\/#primaryimage","url":"https:\/\/kueche-schweiz.ch\/app\/uploads\/2024\/05\/netzwerk_SKA-1024x681-1.jpg","contentUrl":"https:\/\/kueche-schweiz.ch\/app\/uploads\/2024\/05\/netzwerk_SKA-1024x681-1.jpg"},{"@type":"BreadcrumbList","@id":"https:\/\/kueche-schweiz.ch\/fr\/association\/#breadcrumb","itemListElement":[{"@type":"ListItem","position":1,"name":"Page d'accueil","item":"https:\/\/kueche-schweiz.ch\/fr\/"},{"@type":"ListItem","position":2,"name":"Association"}]},{"@type":"WebSite","@id":"https:\/\/kueche-schweiz.ch\/#website","url":"https:\/\/kueche-schweiz.ch\/","name":"K\u00fcche Schweiz","description":"","publisher":{"@id":"https:\/\/kueche-schweiz.ch\/#organization"},"potentialAction":[{"@type":"SearchAction","target":{"@type":"EntryPoint","urlTemplate":"https:\/\/kueche-schweiz.ch\/?s={search_term_string}"},"query-input":{"@type":"PropertyValueSpecification","valueRequired":true,"valueName":"search_term_string"}}],"inLanguage":"fr-FR"},{"@type":"Organization","@id":"https:\/\/kueche-schweiz.ch\/#organization","name":"K\u00fcche Schweiz","url":"https:\/\/kueche-schweiz.ch\/","logo":{"@type":"ImageObject","inLanguage":"fr-FR","@id":"https:\/\/kueche-schweiz.ch\/#\/schema\/logo\/image\/","url":"https:\/\/kueche-schweiz.ch\/app\/uploads\/2025\/01\/logo-kueche-schweiz.png","contentUrl":"https:\/\/kueche-schweiz.ch\/app\/uploads\/2025\/01\/logo-kueche-schweiz.png","width":1417,"height":1846,"caption":"K\u00fcche Schweiz"},"image":{"@id":"https:\/\/kueche-schweiz.ch\/#\/schema\/logo\/image\/"}}]}},"_links":{"self":[{"href":"https:\/\/kueche-schweiz.ch\/fr\/wp-json\/wp\/v2\/pages\/18050","targetHints":{"allow":["GET"]}}],"collection":[{"href":"https:\/\/kueche-schweiz.ch\/fr\/wp-json\/wp\/v2\/pages"}],"about":[{"href":"https:\/\/kueche-schweiz.ch\/fr\/wp-json\/wp\/v2\/types\/page"}],"author":[{"embeddable":true,"href":"https:\/\/kueche-schweiz.ch\/fr\/wp-json\/wp\/v2\/users\/700"}],"replies":[{"embeddable":true,"href":"https:\/\/kueche-schweiz.ch\/fr\/wp-json\/wp\/v2\/comments?post=18050"}],"version-history":[{"count":10,"href":"https:\/\/kueche-schweiz.ch\/fr\/wp-json\/wp\/v2\/pages\/18050\/revisions"}],"predecessor-version":[{"id":36995,"href":"https:\/\/kueche-schweiz.ch\/fr\/wp-json\/wp\/v2\/pages\/18050\/revisions\/36995"}],"wp:attachment":[{"href":"https:\/\/kueche-schweiz.ch\/fr\/wp-json\/wp\/v2\/media?parent=18050"}],"curies":[{"name":"wp","href":"https:\/\/api.w.org\/{rel}","templated":true}]}}