{"id":18053,"date":"2024-03-26T07:55:04","date_gmt":"2024-03-26T06:55:04","guid":{"rendered":"https:\/\/dev.kueche-schweiz.ch\/association\/reseau\/"},"modified":"2026-02-16T13:30:32","modified_gmt":"2026-02-16T12:30:32","slug":"reseau","status":"publish","type":"page","link":"https:\/\/kueche-schweiz.ch\/fr\/association\/reseau\/","title":{"rendered":"R\u00e9seau"},"content":{"rendered":"\n<div class=\"wp-block-group alignwide is-layout-constrained wp-block-group-is-layout-constrained\">\n<div class=\"wp-block-media-text alignwide is-stacked-on-mobile is-image-fill-element is-cover has-background-color has-foreground-background-color has-text-color has-background has-link-color wp-elements-dcef806c00a19f93b395b10d9cb32592\"><figure class=\"wp-block-media-text__media\"><img loading=\"lazy\" decoding=\"async\" width=\"1024\" height=\"681\" src=\"https:\/\/kueche-schweiz.ch\/app\/uploads\/2024\/05\/netzwerk_1_-1024x681-1.jpg\" alt=\"\" class=\"wp-image-5111 size-full\" style=\"object-position:50% 50%\" srcset=\"https:\/\/kueche-schweiz.ch\/app\/uploads\/2024\/05\/netzwerk_1_-1024x681-1.jpg 1024w, https:\/\/kueche-schweiz.ch\/app\/uploads\/2024\/05\/netzwerk_1_-1024x681-1-300x200.jpg 300w, https:\/\/kueche-schweiz.ch\/app\/uploads\/2024\/05\/netzwerk_1_-1024x681-1-768x511.jpg 768w\" sizes=\"auto, (max-width: 1024px) 100vw, 1024px\" \/><\/figure><div class=\"wp-block-media-text__content\"><div class=\"yoast-breadcrumbs\"><span><span><a href=\"https:\/\/kueche-schweiz.ch\/fr\/\">Page d&#8217;accueil<\/a><\/span> \u00bb <span><a href=\"https:\/\/kueche-schweiz.ch\/fr\/association\/\">Association<\/a><\/span> \u00bb <span class=\"breadcrumb_last\" aria-current=\"page\">R\u00e9seau<\/span><\/span><\/div>\n\n\n<h2 class=\"wp-block-heading\">Notre r\u00e9seau<\/h2>\n\n\n\n<p>Notre r\u00e9seau bien organis\u00e9 soutient et compl\u00e8te nos membres dans leurs activit\u00e9s. Le mouvement et le d\u00e9veloppement constants de ces liens augmentent \u00e9galement les possibilit\u00e9s et les avantages pour tous les membres. Cela donne une base stable pour une collaboration en toute confiance. En interagissant avec d&#8217;autres membres, des experts et des leaders du secteur, les entreprises peuvent acqu\u00e9rir des connaissances pr\u00e9cieuses, partager des ressources et \u00e9tablir des partenariats qui favorisent leur croissance et leur succ\u00e8s.<\/p>\n<\/div><\/div>\n\n\n\n<div class=\"wp-block-group alignfull has-background-background-color has-background is-layout-constrained wp-block-group-is-layout-constrained\">\n<div class=\"wp-block-group is-style-narrow is-layout-constrained wp-block-group-is-layout-constrained\">\n<div class=\"wp-block-media-text has-media-on-the-right is-stacked-on-mobile\" style=\"grid-template-columns:auto 40%\"><div class=\"wp-block-media-text__content\">\n<h2 class=\"wp-block-heading\">De bonnes raisons d&#8217;\u00eatre membre<\/h2>\n\n\n\n<p>Cuisine Suisse s&#8217;engage en permanence aupr\u00e8s de ses membres. Quelle que soit la taille de votre entreprise, en tant que membre, vous b\u00e9n\u00e9ficiez d&#8217;avantages exclusifs qui renforcent votre position sur le march\u00e9. En devenant membres de Cuisine Suisse, les entreprises signalent leur soutien au d\u00e9veloppement et \u00e0 la promotion du secteur, ce qui renforce \u00e0 son tour la confiance et la cr\u00e9dibilit\u00e9 aupr\u00e8s du public et des consommateurs finaux. Ce r\u00f4le central de point de liaison entre les diff\u00e9rents acteurs du secteur favorise l&#8217;\u00e9change d&#8217;id\u00e9es, de meilleures pratiques et de solutions, ce qui conduit finalement \u00e0 une communaut\u00e9 plus connect\u00e9e et plus coop\u00e9rative.<\/p>\n\n\n\n<div class=\"wp-block-buttons is-layout-flex wp-block-buttons-is-layout-flex\">\n<div class=\"wp-block-button\"><a class=\"wp-block-button__link wp-element-button\" href=\"https:\/\/kueche-schweiz.ch\/association\/devenir-membre\/?lang=fr\">Devenir membre<\/a><\/div>\n<\/div>\n<\/div><figure class=\"wp-block-media-text__media\"><img loading=\"lazy\" decoding=\"async\" width=\"1024\" height=\"681\" src=\"https:\/\/kueche-schweiz.ch\/app\/uploads\/2024\/05\/netzwerk_TdKN-1024x681-1.jpg\" alt=\"\" class=\"wp-image-5125 size-full\" srcset=\"https:\/\/kueche-schweiz.ch\/app\/uploads\/2024\/05\/netzwerk_TdKN-1024x681-1.jpg 1024w, https:\/\/kueche-schweiz.ch\/app\/uploads\/2024\/05\/netzwerk_TdKN-1024x681-1-300x200.jpg 300w, https:\/\/kueche-schweiz.ch\/app\/uploads\/2024\/05\/netzwerk_TdKN-1024x681-1-768x511.jpg 768w\" sizes=\"auto, (max-width: 1024px) 100vw, 1024px\" \/><\/figure><\/div>\n<\/div>\n<\/div>\n<\/div>\n\n\n\n<div class=\"wp-block-group alignfull has-background-background-color has-background is-layout-constrained wp-block-group-is-layout-constrained\">\n<div class=\"wp-block-group is-style-narrow is-layout-constrained wp-block-group-is-layout-constrained\">\n<div class=\"wp-block-media-text is-stacked-on-mobile\" style=\"grid-template-columns:40% auto\"><figure class=\"wp-block-media-text__media\"><img loading=\"lazy\" decoding=\"async\" width=\"1024\" height=\"681\" src=\"https:\/\/kueche-schweiz.ch\/app\/uploads\/2026\/02\/vorteile_partner_1024x681_2006.jpg\" alt=\"\" class=\"wp-image-36892 size-full\" srcset=\"https:\/\/kueche-schweiz.ch\/app\/uploads\/2026\/02\/vorteile_partner_1024x681_2006.jpg 1024w, https:\/\/kueche-schweiz.ch\/app\/uploads\/2026\/02\/vorteile_partner_1024x681_2006-300x200.jpg 300w, https:\/\/kueche-schweiz.ch\/app\/uploads\/2026\/02\/vorteile_partner_1024x681_2006-768x511.jpg 768w\" sizes=\"auto, (max-width: 1024px) 100vw, 1024px\" \/><\/figure><div class=\"wp-block-media-text__content\">\n<h2 class=\"wp-block-heading\">Nos partenaires<\/h2>\n\n\n\n<p>Cuisine Suisse a conclu des accords-cadres avec les partenaires suivants, qui offrent des avantages financiers &amp; exclusifs \u00e0 tous les membres :<\/p>\n\n\n\n<ul class=\"wp-block-list\">\n<li>Shell<\/li>\n\n\n\n<li>alvoso<\/li>\n\n\n\n<li>Caisse maladie Luzerner Hinterland<\/li>\n\n\n\n<li>Baloise<\/li>\n\n\n\n<li>Neutrass<\/li>\n\n\n\n<li>CertiQua<\/li>\n\n\n\n<li>centauri-media ag<\/li>\n<\/ul>\n<\/div><\/div>\n<\/div>\n\n\n\n<p><\/p>\n\n\n\n<h2 class=\"wp-block-heading has-text-align-center\"><strong>Ce que disent nos membres<\/strong><\/h2>\n<\/div>\n\n\n\n<div class=\"wp-block-group alignfull has-background-background-color has-background is-layout-constrained wp-block-group-is-layout-constrained\">\n<div class=\"wp-block-group is-style-narrow is-layout-constrained wp-block-group-is-layout-constrained\">\n<div class=\"wp-block-media-text has-media-on-the-right is-stacked-on-mobile\" style=\"grid-template-columns:auto 40%\"><div class=\"wp-block-media-text__content\">\n<h3 class=\"wp-block-heading\">Stephan Horlacher<\/h3>\n\n\n\n<p>r\u00f6sch k\u00fcchen ag, Waltenschwil\/ B\u00fcelisacker<\/p>\n\n\n\n<p>&#8220;En plus de nombreux services importants pour nous, nous utilisons, en tant que membre de l&#8217;association, le syst\u00e8me d&#8217;\u00e9valuation des clients de CertiQua depuis avril 2018. Cela nous permet d&#8217;en savoir plus sur la satisfaction de nos clients et d&#8217;optimiser nos services. CertiQua est simple pour les deux parties. Cette carte nous permet de recevoir de nombreux commentaires utiles de la part de nos clients et de savoir s&#8217;ils sont satisfaits. Nous am\u00e9liorons nos services et utilisons les commentaires pour les recommander. Cela cr\u00e9e de la confiance et g\u00e9n\u00e8re de nouveaux clients&#8221;.<\/p>\n<\/div><figure class=\"wp-block-media-text__media\"><img loading=\"lazy\" decoding=\"async\" width=\"1024\" height=\"683\" src=\"https:\/\/kueche-schweiz.ch\/app\/uploads\/2024\/05\/Stephan_Horlacher_1024x683.jpg\" alt=\"\" class=\"wp-image-5172 size-full\" srcset=\"https:\/\/kueche-schweiz.ch\/app\/uploads\/2024\/05\/Stephan_Horlacher_1024x683.jpg 1024w, https:\/\/kueche-schweiz.ch\/app\/uploads\/2024\/05\/Stephan_Horlacher_1024x683-300x200.jpg 300w, https:\/\/kueche-schweiz.ch\/app\/uploads\/2024\/05\/Stephan_Horlacher_1024x683-768x512.jpg 768w\" sizes=\"auto, (max-width: 1024px) 100vw, 1024px\" \/><\/figure><\/div>\n<\/div>\n<\/div>\n\n\n\n<div class=\"wp-block-group alignfull has-background-background-color has-background is-layout-constrained wp-block-group-is-layout-constrained\">\n<div class=\"wp-block-group is-style-narrow is-layout-constrained wp-block-group-is-layout-constrained\">\n<div class=\"wp-block-media-text is-stacked-on-mobile\" style=\"grid-template-columns:40% auto\"><figure class=\"wp-block-media-text__media\"><img loading=\"lazy\" decoding=\"async\" width=\"1024\" height=\"683\" src=\"https:\/\/kueche-schweiz.ch\/app\/uploads\/2024\/05\/Yvonne_Wagner_1024x683.jpg\" alt=\"\" class=\"wp-image-5174 size-full\" srcset=\"https:\/\/kueche-schweiz.ch\/app\/uploads\/2024\/05\/Yvonne_Wagner_1024x683.jpg 1024w, https:\/\/kueche-schweiz.ch\/app\/uploads\/2024\/05\/Yvonne_Wagner_1024x683-300x200.jpg 300w, https:\/\/kueche-schweiz.ch\/app\/uploads\/2024\/05\/Yvonne_Wagner_1024x683-768x512.jpg 768w\" sizes=\"auto, (max-width: 1024px) 100vw, 1024px\" \/><\/figure><div class=\"wp-block-media-text__content\">\n<h3 class=\"wp-block-heading\">Yvonne Wagner<\/h3>\n\n\n\n<p>Menuiserie cr\u00e9ative Wagner AG, Brunnen<\/p>\n\n\n\n<p>&#8220;L&#8217;association est tr\u00e8s engag\u00e9e aupr\u00e8s de ses membres. Quelle que soit la taille de l&#8217;entreprise, les membres b\u00e9n\u00e9ficient de nombreux avantages pour une cotisation annuelle raisonnable. Par exemple, nous avons pu \u00e9conomiser beaucoup d&#8217;argent avec l&#8217;assurance d&#8217;indemnit\u00e9s journali\u00e8res en cas de maladie (solution de l&#8217;association). Les \u00e9v\u00e9nements tels que la <em>Journ\u00e9e des nouveaut\u00e9s en cuisine<\/em> et les expos\u00e9s int\u00e9ressants pr\u00e9sent\u00e9s lors du Congr\u00e8s de la cuisine sont toujours tr\u00e8s inspirants. Nous appr\u00e9cions le r\u00e9seau que nous avons pu tisser gr\u00e2ce \u00e0 l&#8217;association. Les r\u00e9unions dans une ambiance d\u00e9contract\u00e9e sont \u00e9galement toujours un changement agr\u00e9able par rapport au travail quotidien&#8221;.<\/p>\n<\/div><\/div>\n<\/div>\n<\/div>\n\n\n\n<div class=\"wp-block-group alignfull has-background-background-color has-background is-layout-constrained wp-block-group-is-layout-constrained\">\n<div class=\"wp-block-group is-style-narrow is-layout-constrained wp-block-group-is-layout-constrained\">\n<div class=\"wp-block-media-text has-media-on-the-right is-stacked-on-mobile\" style=\"grid-template-columns:auto 40%\"><div class=\"wp-block-media-text__content\">\n<h3 class=\"wp-block-heading\">Martin Bader<\/h3>\n\n\n\n<p>Merial Vertriebs AG, Derendingen<\/p>\n\n\n\n<p>&#8220;Nous sommes convaincus de l&#8217;int\u00e9r\u00eat d&#8217;adh\u00e9rer \u00e0 Cuisine Suisse parce que cette association professionnelle tr\u00e8s active fait un travail s\u00e9rieux et que nous pouvons, en tant que fournisseur, profiter du r\u00e9seau de la branche. De plus, cela nous permet d&#8217;\u00eatre proches des tendances que nous int\u00e9grons dans notre travail quotidien&#8221;.<\/p>\n<\/div><figure class=\"wp-block-media-text__media\"><img loading=\"lazy\" decoding=\"async\" width=\"1024\" height=\"683\" src=\"https:\/\/kueche-schweiz.ch\/app\/uploads\/2024\/05\/Martin_Bader_1024x683.jpg\" alt=\"\" class=\"wp-image-5170 size-full\" srcset=\"https:\/\/kueche-schweiz.ch\/app\/uploads\/2024\/05\/Martin_Bader_1024x683.jpg 1024w, https:\/\/kueche-schweiz.ch\/app\/uploads\/2024\/05\/Martin_Bader_1024x683-300x200.jpg 300w, https:\/\/kueche-schweiz.ch\/app\/uploads\/2024\/05\/Martin_Bader_1024x683-768x512.jpg 768w\" sizes=\"auto, (max-width: 1024px) 100vw, 1024px\" \/><\/figure><\/div>\n<\/div>\n<\/div>\n\n\n\n<div class=\"wp-block-group alignfull has-background-background-color has-background is-layout-constrained wp-block-group-is-layout-constrained\">\n<div class=\"wp-block-group is-style-narrow is-layout-constrained wp-block-group-is-layout-constrained\">\n<div class=\"wp-block-media-text is-stacked-on-mobile\" style=\"grid-template-columns:40% auto\"><figure class=\"wp-block-media-text__media\"><img loading=\"lazy\" decoding=\"async\" width=\"1024\" height=\"683\" src=\"https:\/\/kueche-schweiz.ch\/app\/uploads\/2024\/05\/Astrid_Diener_1024x683.jpg\" alt=\"\" class=\"wp-image-5168 size-full\" srcset=\"https:\/\/kueche-schweiz.ch\/app\/uploads\/2024\/05\/Astrid_Diener_1024x683.jpg 1024w, https:\/\/kueche-schweiz.ch\/app\/uploads\/2024\/05\/Astrid_Diener_1024x683-300x200.jpg 300w, https:\/\/kueche-schweiz.ch\/app\/uploads\/2024\/05\/Astrid_Diener_1024x683-768x512.jpg 768w\" sizes=\"auto, (max-width: 1024px) 100vw, 1024px\" \/><\/figure><div class=\"wp-block-media-text__content\">\n<h3 class=\"wp-block-heading\">Astrid Diener<\/h3>\n\n\n\n<p>AS K\u00fcchendesign GmbH, Islisberg<\/p>\n\n\n\n<p>&#8220;Je suis membre de Cuisine Suisse parce que&#8230;<\/p>\n\n\n\n<p>&#8230;mes demandes sont trait\u00e9es avec comp\u00e9tence et amabilit\u00e9.<\/p>\n\n\n\n<p>&#8230;un r\u00e9seau bien organis\u00e9 et une pr\u00e9sentation commune me soutiennent au mieux dans mon travail.<\/p>\n\n\n\n<p>&#8230;les ma\u00eetres d&#8217;ouvrage ont une grande confiance dans l&#8217;association et ses professionnels reconnus de la cuisine.<\/p>\n\n\n\n<p>&#8230;l&#8217;association Cuisine Suisse est engag\u00e9e, prend des initiatives et est toujours orient\u00e9e vers la pratique&#8221;.<\/p>\n<\/div><\/div>\n<\/div>\n<\/div>\n","protected":false},"excerpt":{"rendered":"<p>Notre r\u00e9seau Notre r\u00e9seau bien organis\u00e9 soutient et compl\u00e8te nos membres dans leurs activit\u00e9s. Le mouvement et le d\u00e9veloppement constants de ces liens augmentent \u00e9galement les possibilit\u00e9s et les avantages pour tous les membres. Cela donne une base stable pour une collaboration en toute confiance. En interagissant avec d&#8217;autres membres, des experts et des leaders [&hellip;]<\/p>\n","protected":false},"author":1,"featured_media":5112,"parent":18050,"menu_order":25,"comment_status":"closed","ping_status":"closed","template":"","meta":{"_acf_changed":false,"inline_featured_image":false,"footnotes":""},"class_list":["post-18053","page","type-page","status-publish","has-post-thumbnail","hentry"],"acf":[],"yoast_head":"<!-- This site is optimized with the Yoast SEO plugin v27.5 - https:\/\/yoast.com\/product\/yoast-seo-wordpress\/ -->\n<title>R\u00e9seau | Cuisine Suisse<\/title>\n<meta name=\"description\" content=\"Profitez des nombreux avantages du r\u00e9seau de l&#039;association d&#039;int\u00e9r\u00eats Cuisine Suisse et devenez membre d\u00e8s aujourd&#039;hui.\" \/>\n<meta name=\"robots\" content=\"index, follow, max-snippet:-1, max-image-preview:large, max-video-preview:-1\" \/>\n<link rel=\"canonical\" href=\"https:\/\/kueche-schweiz.ch\/fr\/association\/reseau\/\" \/>\n<meta property=\"og:locale\" content=\"fr_FR\" \/>\n<meta property=\"og:type\" content=\"article\" \/>\n<meta property=\"og:title\" content=\"R\u00e9seau | Cuisine Suisse\" \/>\n<meta property=\"og:description\" content=\"Profitez des nombreux avantages du r\u00e9seau de l&#039;association d&#039;int\u00e9r\u00eats Cuisine Suisse et devenez membre d\u00e8s aujourd&#039;hui.\" \/>\n<meta property=\"og:url\" content=\"https:\/\/kueche-schweiz.ch\/fr\/association\/reseau\/\" \/>\n<meta property=\"og:site_name\" content=\"K\u00fcche Schweiz\" \/>\n<meta property=\"article:modified_time\" content=\"2026-02-16T12:30:32+00:00\" \/>\n<meta property=\"og:image\" content=\"https:\/\/kueche-schweiz.ch\/app\/uploads\/2024\/05\/netzwerk_1_-1024x681-1.jpg\" \/>\n\t<meta property=\"og:image:width\" content=\"1024\" \/>\n\t<meta property=\"og:image:height\" content=\"681\" \/>\n\t<meta property=\"og:image:type\" content=\"image\/jpeg\" \/>\n<meta name=\"twitter:card\" content=\"summary_large_image\" \/>\n<meta name=\"twitter:label1\" content=\"Dur\u00e9e de lecture estim\u00e9e\" \/>\n\t<meta name=\"twitter:data1\" content=\"5 minutes\" \/>\n<script type=\"application\/ld+json\" class=\"yoast-schema-graph\">{\"@context\":\"https:\\\/\\\/schema.org\",\"@graph\":[{\"@type\":\"WebPage\",\"@id\":\"https:\\\/\\\/kueche-schweiz.ch\\\/fr\\\/association\\\/reseau\\\/\",\"url\":\"https:\\\/\\\/kueche-schweiz.ch\\\/fr\\\/association\\\/reseau\\\/\",\"name\":\"R\u00e9seau | Cuisine Suisse\",\"isPartOf\":{\"@id\":\"https:\\\/\\\/kueche-schweiz.ch\\\/#website\"},\"primaryImageOfPage\":{\"@id\":\"https:\\\/\\\/kueche-schweiz.ch\\\/fr\\\/association\\\/reseau\\\/#primaryimage\"},\"image\":{\"@id\":\"https:\\\/\\\/kueche-schweiz.ch\\\/fr\\\/association\\\/reseau\\\/#primaryimage\"},\"thumbnailUrl\":\"https:\\\/\\\/kueche-schweiz.ch\\\/app\\\/uploads\\\/2024\\\/05\\\/netzwerk_1_-1024x681-1.jpg\",\"datePublished\":\"2024-03-26T06:55:04+00:00\",\"dateModified\":\"2026-02-16T12:30:32+00:00\",\"description\":\"Profitez des nombreux avantages du r\u00e9seau de l'association d'int\u00e9r\u00eats Cuisine Suisse et devenez membre d\u00e8s aujourd'hui.\",\"breadcrumb\":{\"@id\":\"https:\\\/\\\/kueche-schweiz.ch\\\/fr\\\/association\\\/reseau\\\/#breadcrumb\"},\"inLanguage\":\"fr-FR\",\"potentialAction\":[{\"@type\":\"ReadAction\",\"target\":[\"https:\\\/\\\/kueche-schweiz.ch\\\/fr\\\/association\\\/reseau\\\/\"]}]},{\"@type\":\"ImageObject\",\"inLanguage\":\"fr-FR\",\"@id\":\"https:\\\/\\\/kueche-schweiz.ch\\\/fr\\\/association\\\/reseau\\\/#primaryimage\",\"url\":\"https:\\\/\\\/kueche-schweiz.ch\\\/app\\\/uploads\\\/2024\\\/05\\\/netzwerk_1_-1024x681-1.jpg\",\"contentUrl\":\"https:\\\/\\\/kueche-schweiz.ch\\\/app\\\/uploads\\\/2024\\\/05\\\/netzwerk_1_-1024x681-1.jpg\",\"width\":1024,\"height\":681},{\"@type\":\"BreadcrumbList\",\"@id\":\"https:\\\/\\\/kueche-schweiz.ch\\\/fr\\\/association\\\/reseau\\\/#breadcrumb\",\"itemListElement\":[{\"@type\":\"ListItem\",\"position\":1,\"name\":\"Page d'accueil\",\"item\":\"https:\\\/\\\/kueche-schweiz.ch\\\/fr\\\/\"},{\"@type\":\"ListItem\",\"position\":2,\"name\":\"Association\",\"item\":\"https:\\\/\\\/kueche-schweiz.ch\\\/fr\\\/association\\\/\"},{\"@type\":\"ListItem\",\"position\":3,\"name\":\"R\u00e9seau\"}]},{\"@type\":\"WebSite\",\"@id\":\"https:\\\/\\\/kueche-schweiz.ch\\\/#website\",\"url\":\"https:\\\/\\\/kueche-schweiz.ch\\\/\",\"name\":\"K\u00fcche Schweiz\",\"description\":\"\",\"publisher\":{\"@id\":\"https:\\\/\\\/kueche-schweiz.ch\\\/#organization\"},\"potentialAction\":[{\"@type\":\"SearchAction\",\"target\":{\"@type\":\"EntryPoint\",\"urlTemplate\":\"https:\\\/\\\/kueche-schweiz.ch\\\/?s={search_term_string}\"},\"query-input\":{\"@type\":\"PropertyValueSpecification\",\"valueRequired\":true,\"valueName\":\"search_term_string\"}}],\"inLanguage\":\"fr-FR\"},{\"@type\":\"Organization\",\"@id\":\"https:\\\/\\\/kueche-schweiz.ch\\\/#organization\",\"name\":\"K\u00fcche Schweiz\",\"url\":\"https:\\\/\\\/kueche-schweiz.ch\\\/\",\"logo\":{\"@type\":\"ImageObject\",\"inLanguage\":\"fr-FR\",\"@id\":\"https:\\\/\\\/kueche-schweiz.ch\\\/#\\\/schema\\\/logo\\\/image\\\/\",\"url\":\"https:\\\/\\\/kueche-schweiz.ch\\\/app\\\/uploads\\\/2025\\\/01\\\/logo-kueche-schweiz.png\",\"contentUrl\":\"https:\\\/\\\/kueche-schweiz.ch\\\/app\\\/uploads\\\/2025\\\/01\\\/logo-kueche-schweiz.png\",\"width\":1417,\"height\":1846,\"caption\":\"K\u00fcche Schweiz\"},\"image\":{\"@id\":\"https:\\\/\\\/kueche-schweiz.ch\\\/#\\\/schema\\\/logo\\\/image\\\/\"}}]}<\/script>\n<!-- \/ Yoast SEO plugin. -->","yoast_head_json":{"title":"R\u00e9seau | Cuisine Suisse","description":"Profitez des nombreux avantages du r\u00e9seau de l'association d'int\u00e9r\u00eats Cuisine Suisse et devenez membre d\u00e8s aujourd'hui.","robots":{"index":"index","follow":"follow","max-snippet":"max-snippet:-1","max-image-preview":"max-image-preview:large","max-video-preview":"max-video-preview:-1"},"canonical":"https:\/\/kueche-schweiz.ch\/fr\/association\/reseau\/","og_locale":"fr_FR","og_type":"article","og_title":"R\u00e9seau | Cuisine Suisse","og_description":"Profitez des nombreux avantages du r\u00e9seau de l'association d'int\u00e9r\u00eats Cuisine Suisse et devenez membre d\u00e8s aujourd'hui.","og_url":"https:\/\/kueche-schweiz.ch\/fr\/association\/reseau\/","og_site_name":"K\u00fcche Schweiz","article_modified_time":"2026-02-16T12:30:32+00:00","og_image":[{"width":1024,"height":681,"url":"https:\/\/kueche-schweiz.ch\/app\/uploads\/2024\/05\/netzwerk_1_-1024x681-1.jpg","type":"image\/jpeg"}],"twitter_card":"summary_large_image","twitter_misc":{"Dur\u00e9e de lecture estim\u00e9e":"5 minutes"},"schema":{"@context":"https:\/\/schema.org","@graph":[{"@type":"WebPage","@id":"https:\/\/kueche-schweiz.ch\/fr\/association\/reseau\/","url":"https:\/\/kueche-schweiz.ch\/fr\/association\/reseau\/","name":"R\u00e9seau | Cuisine Suisse","isPartOf":{"@id":"https:\/\/kueche-schweiz.ch\/#website"},"primaryImageOfPage":{"@id":"https:\/\/kueche-schweiz.ch\/fr\/association\/reseau\/#primaryimage"},"image":{"@id":"https:\/\/kueche-schweiz.ch\/fr\/association\/reseau\/#primaryimage"},"thumbnailUrl":"https:\/\/kueche-schweiz.ch\/app\/uploads\/2024\/05\/netzwerk_1_-1024x681-1.jpg","datePublished":"2024-03-26T06:55:04+00:00","dateModified":"2026-02-16T12:30:32+00:00","description":"Profitez des nombreux avantages du r\u00e9seau de l'association d'int\u00e9r\u00eats Cuisine Suisse et devenez membre d\u00e8s aujourd'hui.","breadcrumb":{"@id":"https:\/\/kueche-schweiz.ch\/fr\/association\/reseau\/#breadcrumb"},"inLanguage":"fr-FR","potentialAction":[{"@type":"ReadAction","target":["https:\/\/kueche-schweiz.ch\/fr\/association\/reseau\/"]}]},{"@type":"ImageObject","inLanguage":"fr-FR","@id":"https:\/\/kueche-schweiz.ch\/fr\/association\/reseau\/#primaryimage","url":"https:\/\/kueche-schweiz.ch\/app\/uploads\/2024\/05\/netzwerk_1_-1024x681-1.jpg","contentUrl":"https:\/\/kueche-schweiz.ch\/app\/uploads\/2024\/05\/netzwerk_1_-1024x681-1.jpg","width":1024,"height":681},{"@type":"BreadcrumbList","@id":"https:\/\/kueche-schweiz.ch\/fr\/association\/reseau\/#breadcrumb","itemListElement":[{"@type":"ListItem","position":1,"name":"Page d'accueil","item":"https:\/\/kueche-schweiz.ch\/fr\/"},{"@type":"ListItem","position":2,"name":"Association","item":"https:\/\/kueche-schweiz.ch\/fr\/association\/"},{"@type":"ListItem","position":3,"name":"R\u00e9seau"}]},{"@type":"WebSite","@id":"https:\/\/kueche-schweiz.ch\/#website","url":"https:\/\/kueche-schweiz.ch\/","name":"K\u00fcche Schweiz","description":"","publisher":{"@id":"https:\/\/kueche-schweiz.ch\/#organization"},"potentialAction":[{"@type":"SearchAction","target":{"@type":"EntryPoint","urlTemplate":"https:\/\/kueche-schweiz.ch\/?s={search_term_string}"},"query-input":{"@type":"PropertyValueSpecification","valueRequired":true,"valueName":"search_term_string"}}],"inLanguage":"fr-FR"},{"@type":"Organization","@id":"https:\/\/kueche-schweiz.ch\/#organization","name":"K\u00fcche Schweiz","url":"https:\/\/kueche-schweiz.ch\/","logo":{"@type":"ImageObject","inLanguage":"fr-FR","@id":"https:\/\/kueche-schweiz.ch\/#\/schema\/logo\/image\/","url":"https:\/\/kueche-schweiz.ch\/app\/uploads\/2025\/01\/logo-kueche-schweiz.png","contentUrl":"https:\/\/kueche-schweiz.ch\/app\/uploads\/2025\/01\/logo-kueche-schweiz.png","width":1417,"height":1846,"caption":"K\u00fcche Schweiz"},"image":{"@id":"https:\/\/kueche-schweiz.ch\/#\/schema\/logo\/image\/"}}]}},"_links":{"self":[{"href":"https:\/\/kueche-schweiz.ch\/fr\/wp-json\/wp\/v2\/pages\/18053","targetHints":{"allow":["GET"]}}],"collection":[{"href":"https:\/\/kueche-schweiz.ch\/fr\/wp-json\/wp\/v2\/pages"}],"about":[{"href":"https:\/\/kueche-schweiz.ch\/fr\/wp-json\/wp\/v2\/types\/page"}],"author":[{"embeddable":true,"href":"https:\/\/kueche-schweiz.ch\/fr\/wp-json\/wp\/v2\/users\/1"}],"replies":[{"embeddable":true,"href":"https:\/\/kueche-schweiz.ch\/fr\/wp-json\/wp\/v2\/comments?post=18053"}],"version-history":[{"count":4,"href":"https:\/\/kueche-schweiz.ch\/fr\/wp-json\/wp\/v2\/pages\/18053\/revisions"}],"predecessor-version":[{"id":36896,"href":"https:\/\/kueche-schweiz.ch\/fr\/wp-json\/wp\/v2\/pages\/18053\/revisions\/36896"}],"up":[{"embeddable":true,"href":"https:\/\/kueche-schweiz.ch\/fr\/wp-json\/wp\/v2\/pages\/18050"}],"wp:featuredmedia":[{"embeddable":true,"href":"https:\/\/kueche-schweiz.ch\/fr\/wp-json\/wp\/v2\/media\/5112"}],"wp:attachment":[{"href":"https:\/\/kueche-schweiz.ch\/fr\/wp-json\/wp\/v2\/media?parent=18053"}],"curies":[{"name":"wp","href":"https:\/\/api.w.org\/{rel}","templated":true}]}}