{"id":18142,"date":"2024-03-26T08:01:02","date_gmt":"2024-03-26T07:01:02","guid":{"rendered":"https:\/\/dev.kueche-schweiz.ch\/notre-offre\/"},"modified":"2026-04-10T12:57:04","modified_gmt":"2026-04-10T10:57:04","slug":"notre-offre","status":"publish","type":"page","link":"https:\/\/kueche-schweiz.ch\/fr\/notre-offre\/","title":{"rendered":"Notre offre"},"content":{"rendered":"\n<div class=\"wp-block-group alignwide is-layout-constrained wp-block-group-is-layout-constrained\">\n<div class=\"wp-block-media-text alignwide is-stacked-on-mobile is-image-fill-element is-cover has-background-color has-foreground-background-color has-text-color has-background has-link-color wp-elements-ff3642c4d188bd7c8f83e38d91fcd034\"><figure class=\"wp-block-media-text__media\"><img loading=\"lazy\" decoding=\"async\" width=\"1024\" height=\"681\" src=\"https:\/\/kueche-schweiz.ch\/app\/uploads\/2024\/05\/S19_2023_DSC4626_1024x681.jpg\" alt=\"\" class=\"wp-image-5223 size-full\" style=\"object-position:50% 50%\" srcset=\"https:\/\/kueche-schweiz.ch\/app\/uploads\/2024\/05\/S19_2023_DSC4626_1024x681.jpg 1024w, https:\/\/kueche-schweiz.ch\/app\/uploads\/2024\/05\/S19_2023_DSC4626_1024x681-300x200.jpg 300w, https:\/\/kueche-schweiz.ch\/app\/uploads\/2024\/05\/S19_2023_DSC4626_1024x681-768x511.jpg 768w\" sizes=\"auto, (max-width: 1024px) 100vw, 1024px\" \/><\/figure><div class=\"wp-block-media-text__content\"><div class=\"yoast-breadcrumbs\"><span><span><a href=\"https:\/\/kueche-schweiz.ch\/fr\/\">Page d&#8217;accueil<\/a><\/span> \u00bb <span class=\"breadcrumb_last\" aria-current=\"page\">Notre offre<\/span><\/span><\/div>\n\n\n<h2 class=\"wp-block-heading\">Notre offre<\/h2>\n\n\n\n<p>Pour \u00eatre performant et r\u00e9ussir sur le march\u00e9, il faut de la force et de l&#8217;endurance, mais aussi des connaissances, de l&#8217;exp\u00e9rience, des informations et de bons contacts commerciaux. En tant qu&#8217;association leader dans le secteur de la cuisine, nous proposons un large \u00e9ventail de services et de ressources pour renforcer la comp\u00e9titivit\u00e9 de nos membres et faire progresser le secteur dans son ensemble. Notre offre comprend entre autres des formations, des expertises ind\u00e9pendantes et des services de conseil, notre boutique en ligne avec tous les documents n\u00e9cessaires, des fiches techniques et des formulaires de contrat ainsi que les derni\u00e8res actualit\u00e9s des fabricants.<\/p>\n<\/div><\/div>\n<\/div>\n\n\n\n<div class=\"wp-block-group has-background-background-color has-background is-layout-constrained wp-block-group-is-layout-constrained\">\n<h2 class=\"wp-block-heading has-text-align-center\">Formation continue<\/h2>\n\n\n\n<div class=\"wp-block-group is-style-narrow is-layout-constrained wp-block-group-is-layout-constrained\">\n<div class=\"wp-block-query is-layout-flow wp-block-query-is-layout-flow\"><ul class=\"columns-3 wp-block-post-template is-layout-grid wp-container-core-post-template-is-layout-6d3fbd8f wp-block-post-template-is-layout-grid\"><li class=\"wp-block-post post-24980 training type-training status-publish has-post-thumbnail hentry training-status-passiv training-category-concepteur training-category-formations-continues-modulaires\">\n<figure class=\"wp-block-post-featured-image\"><a href=\"https:\/\/kueche-schweiz.ch\/fr\/formation\/concepteur-en-cuisines-de-cuisine-suisse-module-de-base\/\" target=\"_self\"  ><img loading=\"lazy\" decoding=\"async\" width=\"768\" height=\"527\" src=\"https:\/\/kueche-schweiz.ch\/app\/uploads\/2024\/10\/concepteurCuisine_Module_base_768x527.jpg\" class=\"attachment-post-thumbnail size-post-thumbnail wp-post-image\" alt=\"Concepteur en cuisines de Cuisine Suisse \/ Module de base\" style=\"object-fit:cover;\" srcset=\"https:\/\/kueche-schweiz.ch\/app\/uploads\/2024\/10\/concepteurCuisine_Module_base_768x527.jpg 768w, https:\/\/kueche-schweiz.ch\/app\/uploads\/2024\/10\/concepteurCuisine_Module_base_768x527-300x206.jpg 300w\" sizes=\"auto, (max-width: 768px) 100vw, 768px\" \/><\/a><\/figure>\n\n<h3 class=\"wp-block-post-title\"><a href=\"https:\/\/kueche-schweiz.ch\/fr\/formation\/concepteur-en-cuisines-de-cuisine-suisse-module-de-base\/\" target=\"_self\" >Concepteur en cuisines de Cuisine Suisse \/ Module de base<\/a><\/h3>\n\n<div class=\"event-query-meta-holder\"><p class=\"event-meta-date\">06.03-17.04.2025<\/p><p class=\"event-meta-location\">Maison de la Communication, Av. de Florimont 1, 1006 Lausanne<\/p><\/div>\n<\/li><li class=\"wp-block-post post-24983 training type-training status-publish has-post-thumbnail hentry training-status-passiv training-category-concepteur training-category-formations-continues-modulaires\">\n<figure class=\"wp-block-post-featured-image\"><a href=\"https:\/\/kueche-schweiz.ch\/fr\/formation\/concepteur-en-cuisines-de-cuisine-suisse-module-de-specialisation\/\" target=\"_self\"  ><img loading=\"lazy\" decoding=\"async\" width=\"768\" height=\"527\" src=\"https:\/\/kueche-schweiz.ch\/app\/uploads\/2024\/10\/concepteurCuisine_Module_specialisation_768x527.jpg\" class=\"attachment-post-thumbnail size-post-thumbnail wp-post-image\" alt=\"Concepteur en cuisines de Cuisine Suisse \/ Module de sp\u00e9cialisation\" style=\"object-fit:cover;\" srcset=\"https:\/\/kueche-schweiz.ch\/app\/uploads\/2024\/10\/concepteurCuisine_Module_specialisation_768x527.jpg 768w, https:\/\/kueche-schweiz.ch\/app\/uploads\/2024\/10\/concepteurCuisine_Module_specialisation_768x527-300x206.jpg 300w\" sizes=\"auto, (max-width: 768px) 100vw, 768px\" \/><\/a><\/figure>\n\n<h3 class=\"wp-block-post-title\"><a href=\"https:\/\/kueche-schweiz.ch\/fr\/formation\/concepteur-en-cuisines-de-cuisine-suisse-module-de-specialisation\/\" target=\"_self\" >Concepteur en cuisines de Cuisine Suisse \/ Module de sp\u00e9cialisation<\/a><\/h3>\n\n<div class=\"event-query-meta-holder\"><p class=\"event-meta-date\">08.05-16.10.2025<\/p><p class=\"event-meta-location\">Maison de la Communication, Av. de Florimont 1, 1006 Lausanne<\/p><\/div>\n<\/li><li class=\"wp-block-post post-27610 training type-training status-publish has-post-thumbnail hentry training-status-passiv training-category-archiv-fr training-category-archives training-category-ateliers-dune-journee\">\n<figure class=\"wp-block-post-featured-image\"><a href=\"https:\/\/kueche-schweiz.ch\/fr\/formation\/atelier-methodologie-de-vente-guider-le-client-vers-la-conclusion-du-contrat-2\/\" target=\"_self\"  ><img loading=\"lazy\" decoding=\"async\" width=\"768\" height=\"527\" src=\"https:\/\/kueche-schweiz.ch\/app\/uploads\/2024\/06\/Workshoop_Verkaufsmethodik_768x527.png\" class=\"attachment-post-thumbnail size-post-thumbnail wp-post-image\" alt=\"Atelier: M\u00e9thodologie de vente \u2013 guider le client vers la conclusion du contrat\" style=\"object-fit:cover;\" srcset=\"https:\/\/kueche-schweiz.ch\/app\/uploads\/2024\/06\/Workshoop_Verkaufsmethodik_768x527.png 768w, https:\/\/kueche-schweiz.ch\/app\/uploads\/2024\/06\/Workshoop_Verkaufsmethodik_768x527-300x206.png 300w\" sizes=\"auto, (max-width: 768px) 100vw, 768px\" \/><\/a><\/figure>\n\n<h3 class=\"wp-block-post-title\"><a href=\"https:\/\/kueche-schweiz.ch\/fr\/formation\/atelier-methodologie-de-vente-guider-le-client-vers-la-conclusion-du-contrat-2\/\" target=\"_self\" >Atelier: M\u00e9thodologie de vente \u2013 guider le client vers la conclusion du contrat<\/a><\/h3>\n\n<div class=\"event-query-meta-holder\"><p class=\"event-meta-date\">04.06.2025<\/p><p class=\"event-meta-location\">Maison de la Communication, Av. De Florimont 1, 1006 Lausanne<\/p><\/div>\n<\/li><\/ul>\n\n<\/div>\n\n\n\n<div style=\"height:1em\" aria-hidden=\"true\" class=\"wp-block-spacer\"><\/div>\n\n\n\n<div class=\"wp-block-group is-style-row-3 query-spacing is-content-justification-center is-nowrap is-layout-flex wp-container-core-group-is-layout-23441af8 wp-block-group-is-layout-flex\">\n<div class=\"wp-block-buttons is-content-justification-center is-layout-flex wp-container-core-buttons-is-layout-a89b3969 wp-block-buttons-is-layout-flex\">\n<div class=\"wp-block-button has-custom-width wp-block-button__width-100\"><a class=\"wp-block-button__link wp-element-button\" href=\"https:\/\/kueche-schweiz.ch\/fr\/notre-offre\/formation-continue\/\">Vers les formations continues<\/a><\/div>\n<\/div>\n<\/div>\n<\/div>\n<\/div>\n\n\n\n\n\n<div class=\"wp-block-group alignfull has-background-background-color has-background is-layout-constrained wp-block-group-is-layout-constrained\">\n<div class=\"wp-block-group is-style-narrow is-layout-constrained wp-block-group-is-layout-constrained\">\n<div class=\"wp-block-media-text has-media-on-the-right is-stacked-on-mobile\" style=\"grid-template-columns:auto 40%\"><div class=\"wp-block-media-text__content\">\n<h3 class=\"wp-block-heading\">Expertises<\/h3>\n\n\n\n<p>Nous r\u00e9alisons des expertises de cuisines chez des particuliers dans toute la Suisse, en allemand et en fran\u00e7ais. Nous acceptons des commandes de particuliers, d&#8217;entreprises (producteurs\/distributeurs de cuisines, fabricants d&#8217;appareils, fournisseurs) et d&#8217;assureurs (de protection juridique). Nos experts sont ind\u00e9pendants et disposent d&#8217;une longue exp\u00e9rience dans le secteur suisse des cuisines.<\/p>\n\n\n\n<div class=\"wp-block-buttons is-layout-flex wp-block-buttons-is-layout-flex\">\n<div class=\"wp-block-button\"><a class=\"wp-block-button__link wp-element-button\" href=\"https:\/\/kueche-schweiz.ch\/fr\/notre-offre\/expertises\/\">Vers les expertises<\/a><\/div>\n<\/div>\n<\/div><figure class=\"wp-block-media-text__media\"><img loading=\"lazy\" decoding=\"async\" width=\"1024\" height=\"681\" src=\"https:\/\/kueche-schweiz.ch\/app\/uploads\/2024\/05\/S12_2023_Bild-7_1024x681.jpg\" alt=\"\" class=\"wp-image-5221 size-full\" srcset=\"https:\/\/kueche-schweiz.ch\/app\/uploads\/2024\/05\/S12_2023_Bild-7_1024x681.jpg 1024w, https:\/\/kueche-schweiz.ch\/app\/uploads\/2024\/05\/S12_2023_Bild-7_1024x681-300x200.jpg 300w, https:\/\/kueche-schweiz.ch\/app\/uploads\/2024\/05\/S12_2023_Bild-7_1024x681-768x511.jpg 768w\" sizes=\"auto, (max-width: 1024px) 100vw, 1024px\" \/><\/figure><\/div>\n<\/div>\n<\/div>\n\n\n\n<div class=\"wp-block-group alignfull has-background-background-color has-background is-layout-constrained wp-block-group-is-layout-constrained\">\n<div class=\"wp-block-group is-style-narrow is-layout-constrained wp-block-group-is-layout-constrained\">\n<div class=\"wp-block-media-text is-stacked-on-mobile\" style=\"grid-template-columns:40% auto\"><figure class=\"wp-block-media-text__media\"><img loading=\"lazy\" decoding=\"async\" width=\"1024\" height=\"681\" src=\"https:\/\/kueche-schweiz.ch\/app\/uploads\/2024\/07\/shop_Uebersicht_1024x681_FR.jpg\" alt=\"\" class=\"wp-image-19709 size-full\" srcset=\"https:\/\/kueche-schweiz.ch\/app\/uploads\/2024\/07\/shop_Uebersicht_1024x681_FR.jpg 1024w, https:\/\/kueche-schweiz.ch\/app\/uploads\/2024\/07\/shop_Uebersicht_1024x681_FR-300x200.jpg 300w, https:\/\/kueche-schweiz.ch\/app\/uploads\/2024\/07\/shop_Uebersicht_1024x681_FR-768x511.jpg 768w\" sizes=\"auto, (max-width: 1024px) 100vw, 1024px\" \/><\/figure><div class=\"wp-block-media-text__content\">\n<h3 class=\"wp-block-heading\">Boutique \/ Documents<\/h3>\n\n\n\n<p>Dans notre boutique en ligne, les membres et les non-membres peuvent trouver tous les documents, fiches d&#8217;information et formulaires de contrat n\u00e9cessaires \u00e0 leur activit\u00e9. Les contrats et les protocoles sont disponibles en version papier\/copie carbone et en fichier PDF inscriptible. En outre, le &#8220;Manuel technique de la cuisine&#8221; et le Guide de la cuisine, qui peut \u00e9galement \u00eatre personnalis\u00e9, sont disponibles. Pour les membres, la plupart des articles sont gratuits. Les prix pour les non-membres sont affich\u00e9s.<\/p>\n\n\n\n<div class=\"wp-block-buttons is-layout-flex wp-block-buttons-is-layout-flex\">\n<div class=\"wp-block-button\"><a class=\"wp-block-button__link wp-element-button\" href=\"https:\/\/kueche-schweiz.ch\/fr\/notre-offre\/boutique-documents\/\">Vers la boutique<\/a><\/div>\n<\/div>\n<\/div><\/div>\n<\/div>\n<\/div>\n\n\n\n<div class=\"wp-block-group alignfull has-background-background-color has-background is-layout-constrained wp-block-group-is-layout-constrained\">\n<div class=\"wp-block-group has-overlap has-tertiary-background-color has-background is-layout-constrained wp-block-group-is-layout-constrained\">\n<div class=\"wp-block-group is-style-narrow is-layout-constrained wp-block-group-is-layout-constrained\">\n<div class=\"wp-block-media-text has-media-on-the-right is-stacked-on-mobile is-image-fill-element\" style=\"grid-template-columns:auto 40%\"><div class=\"wp-block-media-text__content\">\n<h2 class=\"wp-block-heading\">Nouvelles du fabricant<\/h2>\n\n\n\n<p>Les actualit\u00e9s des fabricants, que nous publions r\u00e9guli\u00e8rement, constituent un \u00e9l\u00e9ment important de notre offre. Ces actualit\u00e9s fournissent \u00e0 nos membres des informations essentielles sur les derniers d\u00e9veloppements, innovations et tendances du secteur et les aident \u00e0 prendre des d\u00e9cisions \u00e9clair\u00e9es et \u00e0 acqu\u00e9rir un avantage concurrentiel. En savoir plus sur les d\u00e9veloppements de produits innovants et les services de nos membres.<\/p>\n\n\n\n<div class=\"wp-block-buttons is-layout-flex wp-block-buttons-is-layout-flex\">\n<div class=\"wp-block-button\"><a class=\"wp-block-button__link wp-element-button\">Vers les actualit\u00e9s des fabricants<\/a><\/div>\n<\/div>\n<\/div><figure class=\"wp-block-media-text__media\"><img loading=\"lazy\" decoding=\"async\" width=\"1024\" height=\"681\" src=\"https:\/\/kueche-schweiz.ch\/app\/uploads\/2024\/05\/S49_2023_Bild13_1024x681.jpg\" alt=\"\" class=\"wp-image-5239 size-full\" style=\"object-position:50% 50%\" srcset=\"https:\/\/kueche-schweiz.ch\/app\/uploads\/2024\/05\/S49_2023_Bild13_1024x681.jpg 1024w, https:\/\/kueche-schweiz.ch\/app\/uploads\/2024\/05\/S49_2023_Bild13_1024x681-300x200.jpg 300w, https:\/\/kueche-schweiz.ch\/app\/uploads\/2024\/05\/S49_2023_Bild13_1024x681-768x511.jpg 768w\" sizes=\"auto, (max-width: 1024px) 100vw, 1024px\" \/><\/figure><\/div>\n<\/div>\n<\/div>\n<\/div>\n","protected":false},"excerpt":{"rendered":"<p>Notre offre Pour \u00eatre performant et r\u00e9ussir sur le march\u00e9, il faut de la force et de l&#8217;endurance, mais aussi des connaissances, de l&#8217;exp\u00e9rience, des informations et de bons contacts commerciaux. En tant qu&#8217;association leader dans le secteur de la cuisine, nous proposons un large \u00e9ventail de services et de ressources pour renforcer la comp\u00e9titivit\u00e9 [&hellip;]<\/p>\n","protected":false},"author":1,"featured_media":5224,"parent":0,"menu_order":35,"comment_status":"closed","ping_status":"closed","template":"","meta":{"_acf_changed":false,"inline_featured_image":false,"footnotes":""},"class_list":["post-18142","page","type-page","status-publish","has-post-thumbnail","hentry"],"acf":[],"yoast_head":"<!-- This site is optimized with the Yoast SEO plugin v27.5 - https:\/\/yoast.com\/product\/yoast-seo-wordpress\/ -->\n<title>Offre | Cuisine Suisse<\/title>\n<meta name=\"description\" content=\"Nos membres b\u00e9n\u00e9ficient d&#039;une offre de formation continue, ainsi que d&#039;un soutien pour les documents ou les expertises.\" \/>\n<meta name=\"robots\" content=\"index, follow, max-snippet:-1, max-image-preview:large, max-video-preview:-1\" \/>\n<link rel=\"canonical\" href=\"https:\/\/kueche-schweiz.ch\/fr\/notre-offre\/\" \/>\n<meta property=\"og:locale\" content=\"fr_FR\" \/>\n<meta property=\"og:type\" content=\"article\" \/>\n<meta property=\"og:title\" content=\"Offre | Cuisine Suisse\" \/>\n<meta property=\"og:description\" content=\"Nos membres b\u00e9n\u00e9ficient d&#039;une offre de formation continue, ainsi que d&#039;un soutien pour les documents ou les expertises.\" \/>\n<meta property=\"og:url\" content=\"https:\/\/kueche-schweiz.ch\/fr\/notre-offre\/\" \/>\n<meta property=\"og:site_name\" content=\"K\u00fcche Schweiz\" \/>\n<meta property=\"article:modified_time\" content=\"2026-04-10T10:57:04+00:00\" \/>\n<meta property=\"og:image\" content=\"https:\/\/kueche-schweiz.ch\/app\/uploads\/2024\/05\/S19_2023_DSC4626_1024x681.jpg\" \/>\n\t<meta property=\"og:image:width\" content=\"1024\" \/>\n\t<meta property=\"og:image:height\" content=\"681\" \/>\n\t<meta property=\"og:image:type\" content=\"image\/jpeg\" \/>\n<meta name=\"twitter:card\" content=\"summary_large_image\" \/>\n<meta name=\"twitter:label1\" content=\"Dur\u00e9e de lecture estim\u00e9e\" \/>\n\t<meta name=\"twitter:data1\" content=\"4 minutes\" \/>\n<script type=\"application\/ld+json\" class=\"yoast-schema-graph\">{\"@context\":\"https:\\\/\\\/schema.org\",\"@graph\":[{\"@type\":\"WebPage\",\"@id\":\"https:\\\/\\\/kueche-schweiz.ch\\\/fr\\\/notre-offre\\\/\",\"url\":\"https:\\\/\\\/kueche-schweiz.ch\\\/fr\\\/notre-offre\\\/\",\"name\":\"Offre | Cuisine Suisse\",\"isPartOf\":{\"@id\":\"https:\\\/\\\/kueche-schweiz.ch\\\/#website\"},\"primaryImageOfPage\":{\"@id\":\"https:\\\/\\\/kueche-schweiz.ch\\\/fr\\\/notre-offre\\\/#primaryimage\"},\"image\":{\"@id\":\"https:\\\/\\\/kueche-schweiz.ch\\\/fr\\\/notre-offre\\\/#primaryimage\"},\"thumbnailUrl\":\"https:\\\/\\\/kueche-schweiz.ch\\\/app\\\/uploads\\\/2024\\\/05\\\/S19_2023_DSC4626_1024x681.jpg\",\"datePublished\":\"2024-03-26T07:01:02+00:00\",\"dateModified\":\"2026-04-10T10:57:04+00:00\",\"description\":\"Nos membres b\u00e9n\u00e9ficient d'une offre de formation continue, ainsi que d'un soutien pour les documents ou les expertises.\",\"breadcrumb\":{\"@id\":\"https:\\\/\\\/kueche-schweiz.ch\\\/fr\\\/notre-offre\\\/#breadcrumb\"},\"inLanguage\":\"fr-FR\",\"potentialAction\":[{\"@type\":\"ReadAction\",\"target\":[\"https:\\\/\\\/kueche-schweiz.ch\\\/fr\\\/notre-offre\\\/\"]}]},{\"@type\":\"ImageObject\",\"inLanguage\":\"fr-FR\",\"@id\":\"https:\\\/\\\/kueche-schweiz.ch\\\/fr\\\/notre-offre\\\/#primaryimage\",\"url\":\"https:\\\/\\\/kueche-schweiz.ch\\\/app\\\/uploads\\\/2024\\\/05\\\/S19_2023_DSC4626_1024x681.jpg\",\"contentUrl\":\"https:\\\/\\\/kueche-schweiz.ch\\\/app\\\/uploads\\\/2024\\\/05\\\/S19_2023_DSC4626_1024x681.jpg\",\"width\":1024,\"height\":681},{\"@type\":\"BreadcrumbList\",\"@id\":\"https:\\\/\\\/kueche-schweiz.ch\\\/fr\\\/notre-offre\\\/#breadcrumb\",\"itemListElement\":[{\"@type\":\"ListItem\",\"position\":1,\"name\":\"Page d'accueil\",\"item\":\"https:\\\/\\\/kueche-schweiz.ch\\\/fr\\\/\"},{\"@type\":\"ListItem\",\"position\":2,\"name\":\"Notre offre\"}]},{\"@type\":\"WebSite\",\"@id\":\"https:\\\/\\\/kueche-schweiz.ch\\\/#website\",\"url\":\"https:\\\/\\\/kueche-schweiz.ch\\\/\",\"name\":\"K\u00fcche Schweiz\",\"description\":\"\",\"publisher\":{\"@id\":\"https:\\\/\\\/kueche-schweiz.ch\\\/#organization\"},\"potentialAction\":[{\"@type\":\"SearchAction\",\"target\":{\"@type\":\"EntryPoint\",\"urlTemplate\":\"https:\\\/\\\/kueche-schweiz.ch\\\/?s={search_term_string}\"},\"query-input\":{\"@type\":\"PropertyValueSpecification\",\"valueRequired\":true,\"valueName\":\"search_term_string\"}}],\"inLanguage\":\"fr-FR\"},{\"@type\":\"Organization\",\"@id\":\"https:\\\/\\\/kueche-schweiz.ch\\\/#organization\",\"name\":\"K\u00fcche Schweiz\",\"url\":\"https:\\\/\\\/kueche-schweiz.ch\\\/\",\"logo\":{\"@type\":\"ImageObject\",\"inLanguage\":\"fr-FR\",\"@id\":\"https:\\\/\\\/kueche-schweiz.ch\\\/#\\\/schema\\\/logo\\\/image\\\/\",\"url\":\"https:\\\/\\\/kueche-schweiz.ch\\\/app\\\/uploads\\\/2025\\\/01\\\/logo-kueche-schweiz.png\",\"contentUrl\":\"https:\\\/\\\/kueche-schweiz.ch\\\/app\\\/uploads\\\/2025\\\/01\\\/logo-kueche-schweiz.png\",\"width\":1417,\"height\":1846,\"caption\":\"K\u00fcche Schweiz\"},\"image\":{\"@id\":\"https:\\\/\\\/kueche-schweiz.ch\\\/#\\\/schema\\\/logo\\\/image\\\/\"}}]}<\/script>\n<!-- \/ Yoast SEO plugin. -->","yoast_head_json":{"title":"Offre | Cuisine Suisse","description":"Nos membres b\u00e9n\u00e9ficient d'une offre de formation continue, ainsi que d'un soutien pour les documents ou les expertises.","robots":{"index":"index","follow":"follow","max-snippet":"max-snippet:-1","max-image-preview":"max-image-preview:large","max-video-preview":"max-video-preview:-1"},"canonical":"https:\/\/kueche-schweiz.ch\/fr\/notre-offre\/","og_locale":"fr_FR","og_type":"article","og_title":"Offre | Cuisine Suisse","og_description":"Nos membres b\u00e9n\u00e9ficient d'une offre de formation continue, ainsi que d'un soutien pour les documents ou les expertises.","og_url":"https:\/\/kueche-schweiz.ch\/fr\/notre-offre\/","og_site_name":"K\u00fcche Schweiz","article_modified_time":"2026-04-10T10:57:04+00:00","og_image":[{"width":1024,"height":681,"url":"https:\/\/kueche-schweiz.ch\/app\/uploads\/2024\/05\/S19_2023_DSC4626_1024x681.jpg","type":"image\/jpeg"}],"twitter_card":"summary_large_image","twitter_misc":{"Dur\u00e9e de lecture estim\u00e9e":"4 minutes"},"schema":{"@context":"https:\/\/schema.org","@graph":[{"@type":"WebPage","@id":"https:\/\/kueche-schweiz.ch\/fr\/notre-offre\/","url":"https:\/\/kueche-schweiz.ch\/fr\/notre-offre\/","name":"Offre | Cuisine Suisse","isPartOf":{"@id":"https:\/\/kueche-schweiz.ch\/#website"},"primaryImageOfPage":{"@id":"https:\/\/kueche-schweiz.ch\/fr\/notre-offre\/#primaryimage"},"image":{"@id":"https:\/\/kueche-schweiz.ch\/fr\/notre-offre\/#primaryimage"},"thumbnailUrl":"https:\/\/kueche-schweiz.ch\/app\/uploads\/2024\/05\/S19_2023_DSC4626_1024x681.jpg","datePublished":"2024-03-26T07:01:02+00:00","dateModified":"2026-04-10T10:57:04+00:00","description":"Nos membres b\u00e9n\u00e9ficient d'une offre de formation continue, ainsi que d'un soutien pour les documents ou les expertises.","breadcrumb":{"@id":"https:\/\/kueche-schweiz.ch\/fr\/notre-offre\/#breadcrumb"},"inLanguage":"fr-FR","potentialAction":[{"@type":"ReadAction","target":["https:\/\/kueche-schweiz.ch\/fr\/notre-offre\/"]}]},{"@type":"ImageObject","inLanguage":"fr-FR","@id":"https:\/\/kueche-schweiz.ch\/fr\/notre-offre\/#primaryimage","url":"https:\/\/kueche-schweiz.ch\/app\/uploads\/2024\/05\/S19_2023_DSC4626_1024x681.jpg","contentUrl":"https:\/\/kueche-schweiz.ch\/app\/uploads\/2024\/05\/S19_2023_DSC4626_1024x681.jpg","width":1024,"height":681},{"@type":"BreadcrumbList","@id":"https:\/\/kueche-schweiz.ch\/fr\/notre-offre\/#breadcrumb","itemListElement":[{"@type":"ListItem","position":1,"name":"Page d'accueil","item":"https:\/\/kueche-schweiz.ch\/fr\/"},{"@type":"ListItem","position":2,"name":"Notre offre"}]},{"@type":"WebSite","@id":"https:\/\/kueche-schweiz.ch\/#website","url":"https:\/\/kueche-schweiz.ch\/","name":"K\u00fcche Schweiz","description":"","publisher":{"@id":"https:\/\/kueche-schweiz.ch\/#organization"},"potentialAction":[{"@type":"SearchAction","target":{"@type":"EntryPoint","urlTemplate":"https:\/\/kueche-schweiz.ch\/?s={search_term_string}"},"query-input":{"@type":"PropertyValueSpecification","valueRequired":true,"valueName":"search_term_string"}}],"inLanguage":"fr-FR"},{"@type":"Organization","@id":"https:\/\/kueche-schweiz.ch\/#organization","name":"K\u00fcche Schweiz","url":"https:\/\/kueche-schweiz.ch\/","logo":{"@type":"ImageObject","inLanguage":"fr-FR","@id":"https:\/\/kueche-schweiz.ch\/#\/schema\/logo\/image\/","url":"https:\/\/kueche-schweiz.ch\/app\/uploads\/2025\/01\/logo-kueche-schweiz.png","contentUrl":"https:\/\/kueche-schweiz.ch\/app\/uploads\/2025\/01\/logo-kueche-schweiz.png","width":1417,"height":1846,"caption":"K\u00fcche Schweiz"},"image":{"@id":"https:\/\/kueche-schweiz.ch\/#\/schema\/logo\/image\/"}}]}},"_links":{"self":[{"href":"https:\/\/kueche-schweiz.ch\/fr\/wp-json\/wp\/v2\/pages\/18142","targetHints":{"allow":["GET"]}}],"collection":[{"href":"https:\/\/kueche-schweiz.ch\/fr\/wp-json\/wp\/v2\/pages"}],"about":[{"href":"https:\/\/kueche-schweiz.ch\/fr\/wp-json\/wp\/v2\/types\/page"}],"author":[{"embeddable":true,"href":"https:\/\/kueche-schweiz.ch\/fr\/wp-json\/wp\/v2\/users\/1"}],"replies":[{"embeddable":true,"href":"https:\/\/kueche-schweiz.ch\/fr\/wp-json\/wp\/v2\/comments?post=18142"}],"version-history":[{"count":9,"href":"https:\/\/kueche-schweiz.ch\/fr\/wp-json\/wp\/v2\/pages\/18142\/revisions"}],"predecessor-version":[{"id":37770,"href":"https:\/\/kueche-schweiz.ch\/fr\/wp-json\/wp\/v2\/pages\/18142\/revisions\/37770"}],"wp:featuredmedia":[{"embeddable":true,"href":"https:\/\/kueche-schweiz.ch\/fr\/wp-json\/wp\/v2\/media\/5224"}],"wp:attachment":[{"href":"https:\/\/kueche-schweiz.ch\/fr\/wp-json\/wp\/v2\/media?parent=18142"}],"curies":[{"name":"wp","href":"https:\/\/api.w.org\/{rel}","templated":true}]}}