{"id":18146,"date":"2024-03-26T08:02:09","date_gmt":"2024-03-26T07:02:09","guid":{"rendered":"https:\/\/dev.kueche-schweiz.ch\/notre-offre\/expertises\/"},"modified":"2026-01-12T10:00:29","modified_gmt":"2026-01-12T09:00:29","slug":"expertises","status":"publish","type":"page","link":"https:\/\/kueche-schweiz.ch\/fr\/notre-offre\/expertises\/","title":{"rendered":"Expertises"},"content":{"rendered":"\n<div class=\"wp-block-group alignwide is-layout-constrained wp-block-group-is-layout-constrained\">\n<div class=\"wp-block-media-text alignwide is-stacked-on-mobile is-image-fill-element is-cover has-background-color has-foreground-background-color has-text-color has-background has-link-color wp-elements-cfee47e6e2617e9cc6a4ffb8512f8db2\"><figure class=\"wp-block-media-text__media\"><img loading=\"lazy\" decoding=\"async\" width=\"1024\" height=\"681\" src=\"https:\/\/kueche-schweiz.ch\/app\/uploads\/2024\/05\/S2_2023_rhn2842_1024x681.jpg\" alt=\"\" class=\"wp-image-5256 size-full\" style=\"object-position:50% 50%\" srcset=\"https:\/\/kueche-schweiz.ch\/app\/uploads\/2024\/05\/S2_2023_rhn2842_1024x681.jpg 1024w, https:\/\/kueche-schweiz.ch\/app\/uploads\/2024\/05\/S2_2023_rhn2842_1024x681-300x200.jpg 300w, https:\/\/kueche-schweiz.ch\/app\/uploads\/2024\/05\/S2_2023_rhn2842_1024x681-768x511.jpg 768w\" sizes=\"auto, (max-width: 1024px) 100vw, 1024px\" \/><\/figure><div class=\"wp-block-media-text__content\"><div class=\"yoast-breadcrumbs\"><span><span><a href=\"https:\/\/kueche-schweiz.ch\/fr\/\">Page d&#8217;accueil<\/a><\/span> \u00bb <span><a href=\"https:\/\/kueche-schweiz.ch\/fr\/notre-offre\/\">Notre offre<\/a><\/span> \u00bb <span class=\"breadcrumb_last\" aria-current=\"page\">Expertises<\/span><\/span><\/div>\n\n\n<h2 class=\"wp-block-heading\">Expertises techniques<\/h2>\n\n\n\n<p>Nous r\u00e9alisons des rapports\/expertises pour les cuisines de particuliers dans toute la Suisse, aussi bien en allemand qu&#8217;en fran\u00e7ais. Nous acceptons des commandes de particuliers, d&#8217;entreprises (producteurs\/distributeurs de cuisines, fabricants d&#8217;appareils, fournisseurs) et d&#8217;assureurs (de protection juridique). Nos experts sont ind\u00e9pendants et disposent d&#8217;une longue exp\u00e9rience dans le secteur suisse des cuisines. Nous serons heureux de r\u00e9pondre \u00e0 vos questions. Appelez-nous.<\/p>\n<\/div><\/div>\n<\/div>\n\n\n\n<div class=\"wp-block-group has-background-color has-text-color has-link-color wp-elements-833f7ef49e9ffc0a6628744856380d6c is-layout-constrained wp-block-group-is-layout-constrained\"><\/div>\n\n\n\n<div class=\"wp-block-group alignfull has-background-background-color has-background is-layout-constrained wp-block-group-is-layout-constrained\">\n<div class=\"wp-block-group is-style-narrow is-layout-constrained wp-block-group-is-layout-constrained\">\n<div class=\"wp-block-media-text has-media-on-the-right is-stacked-on-mobile\" style=\"grid-template-columns:auto 40%\"><div class=\"wp-block-media-text__content\">\n<h2 class=\"wp-block-heading\">Pourquoi une expertise ?<\/h2>\n\n\n\n<p><strong>Objectivit\u00e9 :<\/strong> une expertise ind\u00e9pendante offre une \u00e9valuation neutre, sans conflit d&#8217;int\u00e9r\u00eat. Ainsi, les d\u00e9cisions sont prises sur la base de faits et d&#8217;expertise, plut\u00f4t que d&#8217;opinions subjectives ou de pr\u00e9jug\u00e9s.<\/p>\n\n\n\n<p><strong>Des connaissances sp\u00e9cialis\u00e9es :<\/strong> Les experts ind\u00e9pendants disposent d&#8217;une expertise et d&#8217;une exp\u00e9rience sp\u00e9cifiques dans leur domaine. Vous pouvez r\u00e9pondre \u00e0 des questions techniques complexes, analyser des probl\u00e8mes et faire des recommandations \u00e9clair\u00e9es pour relever des d\u00e9fis.<\/p>\n\n\n\n<p><strong>Assurance qualit\u00e9 :<\/strong> la qualit\u00e9 des produits, des services ou des processus est garantie par des examens et des \u00e9valuations ind\u00e9pendants. Cela contribue \u00e0 identifier et \u00e0 corriger les d\u00e9fauts \u00e0 un stade pr\u00e9coce, avant qu&#8217;ils n&#8217;entra\u00eenent des probl\u00e8mes plus importants.<\/p>\n\n\n\n<p><strong>Conformit\u00e9 juridique :<\/strong> en particulier dans le secteur des cuisines, o\u00f9 les r\u00e9glementations sont tr\u00e8s pr\u00e9cises, une expertise ind\u00e9pendante est souvent indispensable pour s&#8217;assurer que toutes les parties respectent les exigences l\u00e9gales. Cela permet d&#8217;\u00e9viter les cons\u00e9quences juridiques et de r\u00e9duire le risque d&#8217;actions en responsabilit\u00e9.<\/p>\n<\/div><figure class=\"wp-block-media-text__media\"><img loading=\"lazy\" decoding=\"async\" width=\"1024\" height=\"709\" src=\"https:\/\/kueche-schweiz.ch\/app\/uploads\/2024\/02\/expertisen-1024x709.png\" alt=\"\" class=\"wp-image-45 size-full\" srcset=\"https:\/\/kueche-schweiz.ch\/app\/uploads\/2024\/02\/expertisen-1024x709.png 1024w, https:\/\/kueche-schweiz.ch\/app\/uploads\/2024\/02\/expertisen-300x208.png 300w, https:\/\/kueche-schweiz.ch\/app\/uploads\/2024\/02\/expertisen-768x532.png 768w, https:\/\/kueche-schweiz.ch\/app\/uploads\/2024\/02\/expertisen.png 1072w\" sizes=\"auto, (max-width: 1024px) 100vw, 1024px\" \/><\/figure><\/div>\n<\/div>\n<\/div>\n\n\n\n<div class=\"wp-block-group alignfull has-background-background-color has-background is-layout-constrained wp-block-group-is-layout-constrained\">\n<div class=\"wp-block-group has-overlap has-overlap-left has-foreground-color has-secondary-background-color has-text-color has-background has-link-color wp-elements-1128de220b6e2aee485e519038a287f1 is-layout-constrained wp-block-group-is-layout-constrained\">\n<div class=\"wp-block-group is-style-narrow is-layout-constrained wp-block-group-is-layout-constrained\">\n<div class=\"wp-block-media-text is-stacked-on-mobile is-image-fill-element\" style=\"grid-template-columns:40% auto\"><figure class=\"wp-block-media-text__media\"><img loading=\"lazy\" decoding=\"async\" width=\"1000\" height=\"667\" src=\"https:\/\/kueche-schweiz.ch\/app\/uploads\/2024\/07\/FR_expertisen_1000x667.jpg\" alt=\"\" class=\"wp-image-19720 size-full\" style=\"object-position:50% 50%\" srcset=\"https:\/\/kueche-schweiz.ch\/app\/uploads\/2024\/07\/FR_expertisen_1000x667.jpg 1000w, https:\/\/kueche-schweiz.ch\/app\/uploads\/2024\/07\/FR_expertisen_1000x667-300x200.jpg 300w, https:\/\/kueche-schweiz.ch\/app\/uploads\/2024\/07\/FR_expertisen_1000x667-768x512.jpg 768w\" sizes=\"auto, (max-width: 1000px) 100vw, 1000px\" \/><\/figure><div class=\"wp-block-media-text__content\">\n<h2 class=\"wp-block-heading\">T\u00e9l\u00e9chargements<\/h2>\n\n\n\n<p>T\u00e9l\u00e9chargez ces deux documents :<\/p>\n\n\n\n<div class=\"wp-block-buttons is-vertical is-layout-flex wp-container-core-buttons-is-layout-fe9cc265 wp-block-buttons-is-layout-flex\">\n<div class=\"wp-block-button has-custom-width wp-block-button__width-100 is-style-download\"><a class=\"wp-block-button__link has-foreground-color has-background-background-color has-text-color has-background has-link-color has-text-align-left wp-element-button\" href=\"https:\/\/kueche-schweiz.ch\/app\/uploads\/2024\/06\/f_2023-01_mandat_expertise_et_arbitrage_beschreibbar.pdf\" target=\"_blank\" rel=\"noreferrer noopener\">Mandat expertise et arbitrage<\/a><\/div>\n\n\n\n<div class=\"wp-block-button has-custom-width wp-block-button__width-100 is-style-download\"><a class=\"wp-block-button__link has-foreground-color has-background-background-color has-text-color has-background has-link-color has-text-align-left wp-element-button\" href=\"https:\/\/kueche-schweiz.ch\/app\/uploads\/2026\/01\/f_2026-01_reglement_expertise_et_arbitrage.pdf\" target=\"_blank\" rel=\"noreferrer noopener\">R\u00e8glement expertise et arbitrage<\/a><\/div>\n<\/div>\n<\/div><\/div>\n<\/div>\n<\/div>\n<\/div>\n\n\n\n<div class=\"wp-block-group alignfull has-background-background-color has-background is-layout-constrained wp-block-group-is-layout-constrained\">\n<div style=\"background-image:url(&apos;https:\/\/kueche-schweiz.ch\/app\/uploads\/2024\/02\/bg-kontakt.png&apos;);background-size:cover;\" class=\"wp-block-group background-image-box has-background-color has-text-color has-link-color wp-elements-e787e8a8a65dd36fbfca0b747d2f8ca6 is-layout-constrained wp-block-group-is-layout-constrained has-background\">\n<div class=\"wp-block-group is-style-narrow is-layout-constrained wp-block-group-is-layout-constrained\">\n<h2 class=\"wp-block-heading\">Pour de plus amples informations, veuillez contacter<br>Cuisine Suisse<\/h2>\n\n\n\n<p>Toutes les informations sont trait\u00e9es de mani\u00e8re confidentielle<\/p>\n\n\n\n<p>E-Mail: <a href=\"mailto:klein@k\u00fcche-schweiz.ch\" target=\"_blank\" rel=\"noreferrer noopener\">i<\/a><a href=\"mailto:info@cuisine-suisse.ch\">nfo@cuisine-suisse.ch<\/a><br>Tel.: <a href=\"tel:+41 41 440 59 70\">+41 21 646 33 88<\/a><\/p>\n<\/div>\n<\/div>\n<\/div>\n","protected":false},"excerpt":{"rendered":"<p>Expertises techniques Nous r\u00e9alisons des rapports\/expertises pour les cuisines de particuliers dans toute la Suisse, aussi bien en allemand qu&#8217;en fran\u00e7ais. Nous acceptons des commandes de particuliers, d&#8217;entreprises (producteurs\/distributeurs de cuisines, fabricants d&#8217;appareils, fournisseurs) et d&#8217;assureurs (de protection juridique). Nos experts sont ind\u00e9pendants et disposent d&#8217;une longue exp\u00e9rience dans le secteur suisse des cuisines. Nous [&hellip;]<\/p>\n","protected":false},"author":1,"featured_media":18330,"parent":18142,"menu_order":45,"comment_status":"closed","ping_status":"closed","template":"","meta":{"_acf_changed":false,"inline_featured_image":false,"footnotes":""},"class_list":["post-18146","page","type-page","status-publish","has-post-thumbnail","hentry"],"acf":[],"yoast_head":"<!-- This site is optimized with the Yoast SEO plugin v27.5 - https:\/\/yoast.com\/product\/yoast-seo-wordpress\/ -->\n<title>Expertises techniques | Cuisine Suisse<\/title>\n<meta name=\"description\" content=\"Votre expert en expertises techniques. Nous offrons des conseils professionnels et des solutions sur mesure pour votre cuisine.\" \/>\n<meta name=\"robots\" content=\"index, follow, max-snippet:-1, max-image-preview:large, max-video-preview:-1\" \/>\n<link rel=\"canonical\" href=\"https:\/\/kueche-schweiz.ch\/fr\/notre-offre\/expertises\/\" \/>\n<meta property=\"og:locale\" content=\"fr_FR\" \/>\n<meta property=\"og:type\" content=\"article\" \/>\n<meta property=\"og:title\" content=\"Expertises techniques | Cuisine Suisse\" \/>\n<meta property=\"og:description\" content=\"Votre expert en expertises techniques. Nous offrons des conseils professionnels et des solutions sur mesure pour votre cuisine.\" \/>\n<meta property=\"og:url\" content=\"https:\/\/kueche-schweiz.ch\/fr\/notre-offre\/expertises\/\" \/>\n<meta property=\"og:site_name\" content=\"K\u00fcche Schweiz\" \/>\n<meta property=\"article:modified_time\" content=\"2026-01-12T09:00:29+00:00\" \/>\n<meta property=\"og:image\" content=\"https:\/\/kueche-schweiz.ch\/app\/uploads\/2024\/06\/expertisen-1024x709-1.png\" \/>\n\t<meta property=\"og:image:width\" content=\"1024\" \/>\n\t<meta property=\"og:image:height\" content=\"709\" \/>\n\t<meta property=\"og:image:type\" content=\"image\/png\" \/>\n<meta name=\"twitter:card\" content=\"summary_large_image\" \/>\n<meta name=\"twitter:label1\" content=\"Dur\u00e9e de lecture estim\u00e9e\" \/>\n\t<meta name=\"twitter:data1\" content=\"3 minutes\" \/>\n<script type=\"application\/ld+json\" class=\"yoast-schema-graph\">{\"@context\":\"https:\\\/\\\/schema.org\",\"@graph\":[{\"@type\":\"WebPage\",\"@id\":\"https:\\\/\\\/kueche-schweiz.ch\\\/fr\\\/notre-offre\\\/expertises\\\/\",\"url\":\"https:\\\/\\\/kueche-schweiz.ch\\\/fr\\\/notre-offre\\\/expertises\\\/\",\"name\":\"Expertises techniques | Cuisine Suisse\",\"isPartOf\":{\"@id\":\"https:\\\/\\\/kueche-schweiz.ch\\\/#website\"},\"primaryImageOfPage\":{\"@id\":\"https:\\\/\\\/kueche-schweiz.ch\\\/fr\\\/notre-offre\\\/expertises\\\/#primaryimage\"},\"image\":{\"@id\":\"https:\\\/\\\/kueche-schweiz.ch\\\/fr\\\/notre-offre\\\/expertises\\\/#primaryimage\"},\"thumbnailUrl\":\"https:\\\/\\\/kueche-schweiz.ch\\\/app\\\/uploads\\\/2024\\\/06\\\/expertisen-1024x709-1.png\",\"datePublished\":\"2024-03-26T07:02:09+00:00\",\"dateModified\":\"2026-01-12T09:00:29+00:00\",\"description\":\"Votre expert en expertises techniques. Nous offrons des conseils professionnels et des solutions sur mesure pour votre cuisine.\",\"breadcrumb\":{\"@id\":\"https:\\\/\\\/kueche-schweiz.ch\\\/fr\\\/notre-offre\\\/expertises\\\/#breadcrumb\"},\"inLanguage\":\"fr-FR\",\"potentialAction\":[{\"@type\":\"ReadAction\",\"target\":[\"https:\\\/\\\/kueche-schweiz.ch\\\/fr\\\/notre-offre\\\/expertises\\\/\"]}]},{\"@type\":\"ImageObject\",\"inLanguage\":\"fr-FR\",\"@id\":\"https:\\\/\\\/kueche-schweiz.ch\\\/fr\\\/notre-offre\\\/expertises\\\/#primaryimage\",\"url\":\"https:\\\/\\\/kueche-schweiz.ch\\\/app\\\/uploads\\\/2024\\\/06\\\/expertisen-1024x709-1.png\",\"contentUrl\":\"https:\\\/\\\/kueche-schweiz.ch\\\/app\\\/uploads\\\/2024\\\/06\\\/expertisen-1024x709-1.png\",\"width\":1024,\"height\":709},{\"@type\":\"BreadcrumbList\",\"@id\":\"https:\\\/\\\/kueche-schweiz.ch\\\/fr\\\/notre-offre\\\/expertises\\\/#breadcrumb\",\"itemListElement\":[{\"@type\":\"ListItem\",\"position\":1,\"name\":\"Page d'accueil\",\"item\":\"https:\\\/\\\/kueche-schweiz.ch\\\/fr\\\/\"},{\"@type\":\"ListItem\",\"position\":2,\"name\":\"Notre offre\",\"item\":\"https:\\\/\\\/kueche-schweiz.ch\\\/fr\\\/notre-offre\\\/\"},{\"@type\":\"ListItem\",\"position\":3,\"name\":\"Expertises\"}]},{\"@type\":\"WebSite\",\"@id\":\"https:\\\/\\\/kueche-schweiz.ch\\\/#website\",\"url\":\"https:\\\/\\\/kueche-schweiz.ch\\\/\",\"name\":\"K\u00fcche Schweiz\",\"description\":\"\",\"publisher\":{\"@id\":\"https:\\\/\\\/kueche-schweiz.ch\\\/#organization\"},\"potentialAction\":[{\"@type\":\"SearchAction\",\"target\":{\"@type\":\"EntryPoint\",\"urlTemplate\":\"https:\\\/\\\/kueche-schweiz.ch\\\/?s={search_term_string}\"},\"query-input\":{\"@type\":\"PropertyValueSpecification\",\"valueRequired\":true,\"valueName\":\"search_term_string\"}}],\"inLanguage\":\"fr-FR\"},{\"@type\":\"Organization\",\"@id\":\"https:\\\/\\\/kueche-schweiz.ch\\\/#organization\",\"name\":\"K\u00fcche Schweiz\",\"url\":\"https:\\\/\\\/kueche-schweiz.ch\\\/\",\"logo\":{\"@type\":\"ImageObject\",\"inLanguage\":\"fr-FR\",\"@id\":\"https:\\\/\\\/kueche-schweiz.ch\\\/#\\\/schema\\\/logo\\\/image\\\/\",\"url\":\"https:\\\/\\\/kueche-schweiz.ch\\\/app\\\/uploads\\\/2025\\\/01\\\/logo-kueche-schweiz.png\",\"contentUrl\":\"https:\\\/\\\/kueche-schweiz.ch\\\/app\\\/uploads\\\/2025\\\/01\\\/logo-kueche-schweiz.png\",\"width\":1417,\"height\":1846,\"caption\":\"K\u00fcche Schweiz\"},\"image\":{\"@id\":\"https:\\\/\\\/kueche-schweiz.ch\\\/#\\\/schema\\\/logo\\\/image\\\/\"}}]}<\/script>\n<!-- \/ Yoast SEO plugin. -->","yoast_head_json":{"title":"Expertises techniques | Cuisine Suisse","description":"Votre expert en expertises techniques. Nous offrons des conseils professionnels et des solutions sur mesure pour votre cuisine.","robots":{"index":"index","follow":"follow","max-snippet":"max-snippet:-1","max-image-preview":"max-image-preview:large","max-video-preview":"max-video-preview:-1"},"canonical":"https:\/\/kueche-schweiz.ch\/fr\/notre-offre\/expertises\/","og_locale":"fr_FR","og_type":"article","og_title":"Expertises techniques | Cuisine Suisse","og_description":"Votre expert en expertises techniques. Nous offrons des conseils professionnels et des solutions sur mesure pour votre cuisine.","og_url":"https:\/\/kueche-schweiz.ch\/fr\/notre-offre\/expertises\/","og_site_name":"K\u00fcche Schweiz","article_modified_time":"2026-01-12T09:00:29+00:00","og_image":[{"width":1024,"height":709,"url":"https:\/\/kueche-schweiz.ch\/app\/uploads\/2024\/06\/expertisen-1024x709-1.png","type":"image\/png"}],"twitter_card":"summary_large_image","twitter_misc":{"Dur\u00e9e de lecture estim\u00e9e":"3 minutes"},"schema":{"@context":"https:\/\/schema.org","@graph":[{"@type":"WebPage","@id":"https:\/\/kueche-schweiz.ch\/fr\/notre-offre\/expertises\/","url":"https:\/\/kueche-schweiz.ch\/fr\/notre-offre\/expertises\/","name":"Expertises techniques | Cuisine Suisse","isPartOf":{"@id":"https:\/\/kueche-schweiz.ch\/#website"},"primaryImageOfPage":{"@id":"https:\/\/kueche-schweiz.ch\/fr\/notre-offre\/expertises\/#primaryimage"},"image":{"@id":"https:\/\/kueche-schweiz.ch\/fr\/notre-offre\/expertises\/#primaryimage"},"thumbnailUrl":"https:\/\/kueche-schweiz.ch\/app\/uploads\/2024\/06\/expertisen-1024x709-1.png","datePublished":"2024-03-26T07:02:09+00:00","dateModified":"2026-01-12T09:00:29+00:00","description":"Votre expert en expertises techniques. Nous offrons des conseils professionnels et des solutions sur mesure pour votre cuisine.","breadcrumb":{"@id":"https:\/\/kueche-schweiz.ch\/fr\/notre-offre\/expertises\/#breadcrumb"},"inLanguage":"fr-FR","potentialAction":[{"@type":"ReadAction","target":["https:\/\/kueche-schweiz.ch\/fr\/notre-offre\/expertises\/"]}]},{"@type":"ImageObject","inLanguage":"fr-FR","@id":"https:\/\/kueche-schweiz.ch\/fr\/notre-offre\/expertises\/#primaryimage","url":"https:\/\/kueche-schweiz.ch\/app\/uploads\/2024\/06\/expertisen-1024x709-1.png","contentUrl":"https:\/\/kueche-schweiz.ch\/app\/uploads\/2024\/06\/expertisen-1024x709-1.png","width":1024,"height":709},{"@type":"BreadcrumbList","@id":"https:\/\/kueche-schweiz.ch\/fr\/notre-offre\/expertises\/#breadcrumb","itemListElement":[{"@type":"ListItem","position":1,"name":"Page d'accueil","item":"https:\/\/kueche-schweiz.ch\/fr\/"},{"@type":"ListItem","position":2,"name":"Notre offre","item":"https:\/\/kueche-schweiz.ch\/fr\/notre-offre\/"},{"@type":"ListItem","position":3,"name":"Expertises"}]},{"@type":"WebSite","@id":"https:\/\/kueche-schweiz.ch\/#website","url":"https:\/\/kueche-schweiz.ch\/","name":"K\u00fcche Schweiz","description":"","publisher":{"@id":"https:\/\/kueche-schweiz.ch\/#organization"},"potentialAction":[{"@type":"SearchAction","target":{"@type":"EntryPoint","urlTemplate":"https:\/\/kueche-schweiz.ch\/?s={search_term_string}"},"query-input":{"@type":"PropertyValueSpecification","valueRequired":true,"valueName":"search_term_string"}}],"inLanguage":"fr-FR"},{"@type":"Organization","@id":"https:\/\/kueche-schweiz.ch\/#organization","name":"K\u00fcche Schweiz","url":"https:\/\/kueche-schweiz.ch\/","logo":{"@type":"ImageObject","inLanguage":"fr-FR","@id":"https:\/\/kueche-schweiz.ch\/#\/schema\/logo\/image\/","url":"https:\/\/kueche-schweiz.ch\/app\/uploads\/2025\/01\/logo-kueche-schweiz.png","contentUrl":"https:\/\/kueche-schweiz.ch\/app\/uploads\/2025\/01\/logo-kueche-schweiz.png","width":1417,"height":1846,"caption":"K\u00fcche Schweiz"},"image":{"@id":"https:\/\/kueche-schweiz.ch\/#\/schema\/logo\/image\/"}}]}},"_links":{"self":[{"href":"https:\/\/kueche-schweiz.ch\/fr\/wp-json\/wp\/v2\/pages\/18146","targetHints":{"allow":["GET"]}}],"collection":[{"href":"https:\/\/kueche-schweiz.ch\/fr\/wp-json\/wp\/v2\/pages"}],"about":[{"href":"https:\/\/kueche-schweiz.ch\/fr\/wp-json\/wp\/v2\/types\/page"}],"author":[{"embeddable":true,"href":"https:\/\/kueche-schweiz.ch\/fr\/wp-json\/wp\/v2\/users\/1"}],"replies":[{"embeddable":true,"href":"https:\/\/kueche-schweiz.ch\/fr\/wp-json\/wp\/v2\/comments?post=18146"}],"version-history":[{"count":7,"href":"https:\/\/kueche-schweiz.ch\/fr\/wp-json\/wp\/v2\/pages\/18146\/revisions"}],"predecessor-version":[{"id":36055,"href":"https:\/\/kueche-schweiz.ch\/fr\/wp-json\/wp\/v2\/pages\/18146\/revisions\/36055"}],"up":[{"embeddable":true,"href":"https:\/\/kueche-schweiz.ch\/fr\/wp-json\/wp\/v2\/pages\/18142"}],"wp:featuredmedia":[{"embeddable":true,"href":"https:\/\/kueche-schweiz.ch\/fr\/wp-json\/wp\/v2\/media\/18330"}],"wp:attachment":[{"href":"https:\/\/kueche-schweiz.ch\/fr\/wp-json\/wp\/v2\/media?parent=18146"}],"curies":[{"name":"wp","href":"https:\/\/api.w.org\/{rel}","templated":true}]}}