{"id":18161,"date":"2024-03-26T08:38:08","date_gmt":"2024-03-26T07:38:08","guid":{"rendered":"https:\/\/dev.kueche-schweiz.ch\/consommateurs-et-maitres-douvrage\/professionnels-de-la-cuisine\/"},"modified":"2024-08-14T10:24:00","modified_gmt":"2024-08-14T08:24:00","slug":"professionnels-de-la-cuisine","status":"publish","type":"page","link":"https:\/\/kueche-schweiz.ch\/fr\/consommateurs-et-maitres-douvrage\/professionnels-de-la-cuisine\/","title":{"rendered":"Professionnels de la cuisine"},"content":{"rendered":"\n<div class=\"wp-block-group alignwide is-layout-constrained wp-block-group-is-layout-constrained\">\n<div class=\"wp-block-media-text alignwide is-stacked-on-mobile is-image-fill is-cover has-background-color has-foreground-background-color has-text-color has-background has-link-color wp-elements-aa7530297a926aa721a54b343ea15ecf\"><figure class=\"wp-block-media-text__media\" style=\"background-image:url(https:\/\/kueche-schweiz.ch\/app\/uploads\/2024\/06\/mitgliederportraets_1024x681.jpg);background-position:50% 50%\"><img loading=\"lazy\" decoding=\"async\" width=\"1024\" height=\"681\" src=\"https:\/\/kueche-schweiz.ch\/app\/uploads\/2024\/06\/mitgliederportraets_1024x681.jpg\" alt=\"\" class=\"wp-image-17977 size-full\" srcset=\"https:\/\/kueche-schweiz.ch\/app\/uploads\/2024\/06\/mitgliederportraets_1024x681.jpg 1024w, https:\/\/kueche-schweiz.ch\/app\/uploads\/2024\/06\/mitgliederportraets_1024x681-300x200.jpg 300w, https:\/\/kueche-schweiz.ch\/app\/uploads\/2024\/06\/mitgliederportraets_1024x681-768x511.jpg 768w\" sizes=\"auto, (max-width: 1024px) 100vw, 1024px\" \/><\/figure><div class=\"wp-block-media-text__content\"><div class=\"yoast-breadcrumbs\"><span><span><a href=\"https:\/\/kueche-schweiz.ch\/fr\/\">Page d&#8217;accueil<\/a><\/span> \u00bb <span><a href=\"https:\/\/kueche-schweiz.ch\/fr\/consommateurs-et-maitres-douvrage\/\">Consommateurs et ma\u00eetres d&#8217;ouvrage<\/a><\/span> \u00bb <span class=\"breadcrumb_last\" aria-current=\"page\">Professionnels de la cuisine<\/span><\/span><\/div>\n\n\n<h2 class=\"wp-block-heading\">Professionnels de la cuisine  <\/h2>\n\n\n\n<p>La nourriture reste analogique. Pour cela, vous avez besoin de la cuisine de vos r\u00eaves et le professionnel de la cuisine de votre choix vous accompagne dans la r\u00e9alisation de votre projet de cuisine. Gr\u00e2ce \u00e0 l&#8217;interaction parfaite entre le cuisiniste, le fournisseur et le fabricant d&#8217;appareils, votre projet sera une r\u00e9ussite et vous profiterez longtemps de votre nouvelle cuisine.<\/p>\n<\/div><\/div>\n\n\n\n<div class=\"wp-block-group alignfull has-background-background-color has-background is-layout-constrained wp-block-group-is-layout-constrained\">\n<div class=\"wp-block-group is-style-narrow is-layout-constrained wp-block-group-is-layout-constrained\">\n<div class=\"wp-block-media-text has-media-on-the-right is-stacked-on-mobile\" style=\"grid-template-columns:auto 40%\"><div class=\"wp-block-media-text__content\">\n<h2 class=\"wp-block-heading\">Cuisiniste<\/h2>\n\n\n\n<p>Dans cette section, vous trouverez le sp\u00e9cialiste de la cuisine en qui vous avez confiance. Vous pouvez trier les entreprises par ordre alphab\u00e9tique ou par code postal. Prenez le temps de le faire et \u00e9coutez aussi votre instinct. Votre professionnel de la cuisine vous accompagne tout au long du processus, de la planification au projet final : la cuisine de vos r\u00eaves !<\/p>\n\n\n\n<div class=\"wp-block-buttons is-layout-flex wp-block-buttons-is-layout-flex\">\n<div class=\"wp-block-button\"><a class=\"wp-block-button__link wp-element-button\" href=\"https:\/\/kueche-schweiz.ch\/konsumenten-bauherren\/kuechenprofis\/kuechenbauer\/\">Vers tous les cuisiniste<\/a><\/div>\n<\/div>\n<\/div><figure class=\"wp-block-media-text__media\"><img loading=\"lazy\" decoding=\"async\" width=\"1024\" height=\"681\" src=\"https:\/\/kueche-schweiz.ch\/app\/uploads\/2024\/05\/S49_2023_Bild13_1024x681.jpg\" alt=\"\" class=\"wp-image-5239 size-full\" srcset=\"https:\/\/kueche-schweiz.ch\/app\/uploads\/2024\/05\/S49_2023_Bild13_1024x681.jpg 1024w, https:\/\/kueche-schweiz.ch\/app\/uploads\/2024\/05\/S49_2023_Bild13_1024x681-300x200.jpg 300w, https:\/\/kueche-schweiz.ch\/app\/uploads\/2024\/05\/S49_2023_Bild13_1024x681-768x511.jpg 768w\" sizes=\"auto, (max-width: 1024px) 100vw, 1024px\" \/><\/figure><\/div>\n<\/div>\n<\/div>\n\n\n\n<div class=\"wp-block-group alignfull has-background-background-color has-background is-layout-constrained wp-block-group-is-layout-constrained\">\n<div class=\"wp-block-group is-style-narrow is-layout-constrained wp-block-group-is-layout-constrained\">\n<div class=\"wp-block-media-text is-stacked-on-mobile\" style=\"grid-template-columns:40% auto\"><figure class=\"wp-block-media-text__media\"><img loading=\"lazy\" decoding=\"async\" width=\"1024\" height=\"681\" src=\"https:\/\/kueche-schweiz.ch\/app\/uploads\/2024\/06\/DSC_5371_1024.jpg\" alt=\"\" class=\"wp-image-17755 size-full\" srcset=\"https:\/\/kueche-schweiz.ch\/app\/uploads\/2024\/06\/DSC_5371_1024.jpg 1024w, https:\/\/kueche-schweiz.ch\/app\/uploads\/2024\/06\/DSC_5371_1024-300x200.jpg 300w, https:\/\/kueche-schweiz.ch\/app\/uploads\/2024\/06\/DSC_5371_1024-768x511.jpg 768w\" sizes=\"auto, (max-width: 1024px) 100vw, 1024px\" \/><\/figure><div class=\"wp-block-media-text__content\">\n<h2 class=\"wp-block-heading\">Fabricants d&#8217;appareils  <\/h2>\n\n\n\n<p>Les appareils encastrables de cuisine sont un \u00e9l\u00e9ment central de toute cuisine. Les membres de notre r\u00e9seau d&#8217;int\u00e9grateurs de cuisine d\u00e9veloppent en permanence leurs gammes de produits. Pour conna\u00eetre les nouveaux produits, veuillez consulter la page d&#8217;accueil de l&#8217;entreprise concern\u00e9e. Votre professionnel de la cuisine se fera un plaisir de vous conseiller individuellement en fonction de vos besoins personnels.<\/p>\n\n\n\n<div class=\"wp-block-buttons is-layout-flex wp-block-buttons-is-layout-flex\">\n<div class=\"wp-block-button\"><a class=\"wp-block-button__link wp-element-button\" href=\"https:\/\/kueche-schweiz.ch\/konsumenten-bauherren\/kuechenprofis\/geraetehersteller\/\">Vers tous les fabricants d&#8217;appareils<\/a><\/div>\n<\/div>\n<\/div><\/div>\n<\/div>\n<\/div>\n\n\n\n<div class=\"wp-block-group alignfull has-background-background-color has-background is-layout-constrained wp-block-group-is-layout-constrained\">\n<div class=\"wp-block-group is-style-narrow is-layout-constrained wp-block-group-is-layout-constrained\">\n<div class=\"wp-block-media-text has-media-on-the-right is-stacked-on-mobile\" style=\"grid-template-columns:auto 40%\"><div class=\"wp-block-media-text__content\">\n<h2 class=\"wp-block-heading\">Fabricants d&#8217;\u00e9viers<\/h2>\n\n\n\n<p>Pour fabriquer des \u00e9viers, les fabricants choisissent des mat\u00e9riaux de haute qualit\u00e9, utilisent des technologies de fabrication modernes et s&#8217;assurent, gr\u00e2ce \u00e0 des tests rigoureux, que chaque \u00e9vier r\u00e9pond \u00e0 des normes \u00e9lev\u00e9es en mati\u00e8re de durabilit\u00e9, d&#8217;hygi\u00e8ne et d&#8217;esth\u00e9tique. Ils proposent des solutions fonctionnelles et \u00e9l\u00e9gantes pour une utilisation quotidienne.<\/p>\n\n\n\n<div class=\"wp-block-buttons is-layout-flex wp-block-buttons-is-layout-flex\">\n<div class=\"wp-block-button\"><a class=\"wp-block-button__link wp-element-button\" href=\"https:\/\/kueche-schweiz.ch\/fr\/consommateurs-et-maitres-douvrage\/professionnels-de-la-cuisine\/fabricant-deviers\/\">Vers tous les fabricants d&#8217;\u00e9viers<\/a><\/div>\n<\/div>\n<\/div><figure class=\"wp-block-media-text__media\"><img loading=\"lazy\" decoding=\"async\" width=\"1024\" height=\"681\" src=\"https:\/\/kueche-schweiz.ch\/app\/uploads\/2024\/07\/Suter-Inox_Titelbild_Spuelen_1024x681.jpg\" alt=\"\" class=\"wp-image-22350 size-full\" srcset=\"https:\/\/kueche-schweiz.ch\/app\/uploads\/2024\/07\/Suter-Inox_Titelbild_Spuelen_1024x681.jpg 1024w, https:\/\/kueche-schweiz.ch\/app\/uploads\/2024\/07\/Suter-Inox_Titelbild_Spuelen_1024x681-300x200.jpg 300w, https:\/\/kueche-schweiz.ch\/app\/uploads\/2024\/07\/Suter-Inox_Titelbild_Spuelen_1024x681-768x511.jpg 768w\" sizes=\"auto, (max-width: 1024px) 100vw, 1024px\" \/><\/figure><\/div>\n<\/div>\n<\/div>\n\n\n\n<div class=\"wp-block-group alignfull has-background-background-color has-background is-layout-constrained wp-block-group-is-layout-constrained\">\n<div class=\"wp-block-group is-style-narrow is-layout-constrained wp-block-group-is-layout-constrained\">\n<div class=\"wp-block-media-text is-stacked-on-mobile\" style=\"grid-template-columns:40% auto\"><figure class=\"wp-block-media-text__media\"><img loading=\"lazy\" decoding=\"async\" width=\"1024\" height=\"681\" src=\"https:\/\/kueche-schweiz.ch\/app\/uploads\/2024\/06\/Alles-Aussergewoehnlich_Bild_13_1024x681.jpg\" alt=\"\" class=\"wp-image-17767 size-full\" srcset=\"https:\/\/kueche-schweiz.ch\/app\/uploads\/2024\/06\/Alles-Aussergewoehnlich_Bild_13_1024x681.jpg 1024w, https:\/\/kueche-schweiz.ch\/app\/uploads\/2024\/06\/Alles-Aussergewoehnlich_Bild_13_1024x681-300x200.jpg 300w, https:\/\/kueche-schweiz.ch\/app\/uploads\/2024\/06\/Alles-Aussergewoehnlich_Bild_13_1024x681-768x511.jpg 768w\" sizes=\"auto, (max-width: 1024px) 100vw, 1024px\" \/><\/figure><div class=\"wp-block-media-text__content\">\n<h2 class=\"wp-block-heading\">Fournisseur de cuisines<\/h2>\n\n\n\n<p>La cuisine, en tant que m\u00e9tier, r\u00e9unit en son sein une multitude de composants, eux-m\u00eames d\u00e9velopp\u00e9s et fournis par de nombreux fournisseurs. La gamme s&#8217;\u00e9tend des rev\u00eatements en pierre, pierre artificielle, verre ou autres mat\u00e9riaux aux fonds, \u00e0 l&#8217;\u00e9clairage, aux fa\u00e7ades et aux \u00e9l\u00e9ments fonctionnels et ergonomiques d&#8217;une cuisine.<\/p>\n\n\n\n<div class=\"wp-block-buttons is-layout-flex wp-block-buttons-is-layout-flex\">\n<div class=\"wp-block-button\"><a class=\"wp-block-button__link wp-element-button\" href=\"https:\/\/kueche-schweiz.ch\/fr\/consommateurs-et-maitres-douvrage\/professionnels-de-la-cuisine\/fournisseur-de-cuisines\/\">Vers tous les fournisseurs de cuisines<\/a><\/div>\n<\/div>\n<\/div><\/div>\n<\/div>\n<\/div>\n<\/div>\n","protected":false},"excerpt":{"rendered":"<p>Professionnels de la cuisine La nourriture reste analogique. Pour cela, vous avez besoin de la cuisine de vos r\u00eaves et le professionnel de la cuisine de votre choix vous accompagne dans la r\u00e9alisation de votre projet de cuisine. Gr\u00e2ce \u00e0 l&#8217;interaction parfaite entre le cuisiniste, le fournisseur et le fabricant d&#8217;appareils, votre projet sera une [&hellip;]<\/p>\n","protected":false},"author":1,"featured_media":17977,"parent":18042,"menu_order":65,"comment_status":"closed","ping_status":"closed","template":"","meta":{"_acf_changed":false,"inline_featured_image":false,"footnotes":""},"class_list":["post-18161","page","type-page","status-publish","has-post-thumbnail","hentry"],"acf":[],"yoast_head":"<!-- This site is optimized with the Yoast SEO plugin v27.5 - https:\/\/yoast.com\/product\/yoast-seo-wordpress\/ -->\n<title>Professionnels de la cuisine | Cuisine Suisse<\/title>\n<meta name=\"description\" content=\"Vous recherchez un professionnel de la cuisine pour votre cuisine ? Vous trouverez ici le constructeur de cuisines, le fournisseur de cuisines ou le fabricant d&#039;appareils \u00e9lectrom\u00e9nagers qui vous convient.\" \/>\n<meta name=\"robots\" content=\"index, follow, max-snippet:-1, max-image-preview:large, max-video-preview:-1\" \/>\n<link rel=\"canonical\" href=\"https:\/\/kueche-schweiz.ch\/endverbraucher-bauherren\/kuechenprofis\/\" \/>\n<meta property=\"og:locale\" content=\"fr_FR\" \/>\n<meta property=\"og:type\" content=\"article\" \/>\n<meta property=\"og:title\" content=\"Professionnels de la cuisine | Cuisine Suisse\" \/>\n<meta property=\"og:description\" content=\"Vous recherchez un professionnel de la cuisine pour votre cuisine ? Vous trouverez ici le constructeur de cuisines, le fournisseur de cuisines ou le fabricant d&#039;appareils \u00e9lectrom\u00e9nagers qui vous convient.\" \/>\n<meta property=\"og:url\" content=\"https:\/\/kueche-schweiz.ch\/endverbraucher-bauherren\/kuechenprofis\/\" \/>\n<meta property=\"og:site_name\" content=\"K\u00fcche Schweiz\" \/>\n<meta property=\"article:modified_time\" content=\"2024-08-14T08:24:00+00:00\" \/>\n<meta property=\"og:image\" content=\"https:\/\/kueche-schweiz.ch\/app\/uploads\/2024\/06\/mitgliederportraets_1024x681.jpg\" \/>\n\t<meta property=\"og:image:width\" content=\"1024\" \/>\n\t<meta property=\"og:image:height\" content=\"681\" \/>\n\t<meta property=\"og:image:type\" content=\"image\/jpeg\" \/>\n<meta name=\"twitter:card\" content=\"summary_large_image\" \/>\n<meta name=\"twitter:label1\" content=\"Dur\u00e9e de lecture estim\u00e9e\" \/>\n\t<meta name=\"twitter:data1\" content=\"3 minutes\" \/>\n<script type=\"application\/ld+json\" class=\"yoast-schema-graph\">{\"@context\":\"https:\\\/\\\/schema.org\",\"@graph\":[{\"@type\":\"WebPage\",\"@id\":\"https:\\\/\\\/kueche-schweiz.ch\\\/endverbraucher-bauherren\\\/kuechenprofis\\\/\",\"url\":\"https:\\\/\\\/kueche-schweiz.ch\\\/endverbraucher-bauherren\\\/kuechenprofis\\\/\",\"name\":\"Professionnels de la cuisine | Cuisine Suisse\",\"isPartOf\":{\"@id\":\"https:\\\/\\\/kueche-schweiz.ch\\\/#website\"},\"primaryImageOfPage\":{\"@id\":\"https:\\\/\\\/kueche-schweiz.ch\\\/endverbraucher-bauherren\\\/kuechenprofis\\\/#primaryimage\"},\"image\":{\"@id\":\"https:\\\/\\\/kueche-schweiz.ch\\\/endverbraucher-bauherren\\\/kuechenprofis\\\/#primaryimage\"},\"thumbnailUrl\":\"https:\\\/\\\/kueche-schweiz.ch\\\/app\\\/uploads\\\/2024\\\/06\\\/mitgliederportraets_1024x681.jpg\",\"datePublished\":\"2024-03-26T07:38:08+00:00\",\"dateModified\":\"2024-08-14T08:24:00+00:00\",\"description\":\"Vous recherchez un professionnel de la cuisine pour votre cuisine ? Vous trouverez ici le constructeur de cuisines, le fournisseur de cuisines ou le fabricant d'appareils \u00e9lectrom\u00e9nagers qui vous convient.\",\"breadcrumb\":{\"@id\":\"https:\\\/\\\/kueche-schweiz.ch\\\/endverbraucher-bauherren\\\/kuechenprofis\\\/#breadcrumb\"},\"inLanguage\":\"fr-FR\",\"potentialAction\":[{\"@type\":\"ReadAction\",\"target\":[\"https:\\\/\\\/kueche-schweiz.ch\\\/endverbraucher-bauherren\\\/kuechenprofis\\\/\"]}]},{\"@type\":\"ImageObject\",\"inLanguage\":\"fr-FR\",\"@id\":\"https:\\\/\\\/kueche-schweiz.ch\\\/endverbraucher-bauherren\\\/kuechenprofis\\\/#primaryimage\",\"url\":\"https:\\\/\\\/kueche-schweiz.ch\\\/app\\\/uploads\\\/2024\\\/06\\\/mitgliederportraets_1024x681.jpg\",\"contentUrl\":\"https:\\\/\\\/kueche-schweiz.ch\\\/app\\\/uploads\\\/2024\\\/06\\\/mitgliederportraets_1024x681.jpg\",\"width\":1024,\"height\":681},{\"@type\":\"BreadcrumbList\",\"@id\":\"https:\\\/\\\/kueche-schweiz.ch\\\/endverbraucher-bauherren\\\/kuechenprofis\\\/#breadcrumb\",\"itemListElement\":[{\"@type\":\"ListItem\",\"position\":1,\"name\":\"Page d'accueil\",\"item\":\"https:\\\/\\\/kueche-schweiz.ch\\\/fr\\\/\"},{\"@type\":\"ListItem\",\"position\":2,\"name\":\"Consommateurs et ma\u00eetres d&#8217;ouvrage\",\"item\":\"https:\\\/\\\/kueche-schweiz.ch\\\/fr\\\/consommateurs-et-maitres-douvrage\\\/\"},{\"@type\":\"ListItem\",\"position\":3,\"name\":\"Professionnels de la cuisine\"}]},{\"@type\":\"WebSite\",\"@id\":\"https:\\\/\\\/kueche-schweiz.ch\\\/#website\",\"url\":\"https:\\\/\\\/kueche-schweiz.ch\\\/\",\"name\":\"K\u00fcche Schweiz\",\"description\":\"\",\"publisher\":{\"@id\":\"https:\\\/\\\/kueche-schweiz.ch\\\/#organization\"},\"potentialAction\":[{\"@type\":\"SearchAction\",\"target\":{\"@type\":\"EntryPoint\",\"urlTemplate\":\"https:\\\/\\\/kueche-schweiz.ch\\\/?s={search_term_string}\"},\"query-input\":{\"@type\":\"PropertyValueSpecification\",\"valueRequired\":true,\"valueName\":\"search_term_string\"}}],\"inLanguage\":\"fr-FR\"},{\"@type\":\"Organization\",\"@id\":\"https:\\\/\\\/kueche-schweiz.ch\\\/#organization\",\"name\":\"K\u00fcche Schweiz\",\"url\":\"https:\\\/\\\/kueche-schweiz.ch\\\/\",\"logo\":{\"@type\":\"ImageObject\",\"inLanguage\":\"fr-FR\",\"@id\":\"https:\\\/\\\/kueche-schweiz.ch\\\/#\\\/schema\\\/logo\\\/image\\\/\",\"url\":\"https:\\\/\\\/kueche-schweiz.ch\\\/app\\\/uploads\\\/2025\\\/01\\\/logo-kueche-schweiz.png\",\"contentUrl\":\"https:\\\/\\\/kueche-schweiz.ch\\\/app\\\/uploads\\\/2025\\\/01\\\/logo-kueche-schweiz.png\",\"width\":1417,\"height\":1846,\"caption\":\"K\u00fcche Schweiz\"},\"image\":{\"@id\":\"https:\\\/\\\/kueche-schweiz.ch\\\/#\\\/schema\\\/logo\\\/image\\\/\"}}]}<\/script>\n<!-- \/ Yoast SEO plugin. -->","yoast_head_json":{"title":"Professionnels de la cuisine | Cuisine Suisse","description":"Vous recherchez un professionnel de la cuisine pour votre cuisine ? Vous trouverez ici le constructeur de cuisines, le fournisseur de cuisines ou le fabricant d'appareils \u00e9lectrom\u00e9nagers qui vous convient.","robots":{"index":"index","follow":"follow","max-snippet":"max-snippet:-1","max-image-preview":"max-image-preview:large","max-video-preview":"max-video-preview:-1"},"canonical":"https:\/\/kueche-schweiz.ch\/endverbraucher-bauherren\/kuechenprofis\/","og_locale":"fr_FR","og_type":"article","og_title":"Professionnels de la cuisine | Cuisine Suisse","og_description":"Vous recherchez un professionnel de la cuisine pour votre cuisine ? Vous trouverez ici le constructeur de cuisines, le fournisseur de cuisines ou le fabricant d'appareils \u00e9lectrom\u00e9nagers qui vous convient.","og_url":"https:\/\/kueche-schweiz.ch\/endverbraucher-bauherren\/kuechenprofis\/","og_site_name":"K\u00fcche Schweiz","article_modified_time":"2024-08-14T08:24:00+00:00","og_image":[{"width":1024,"height":681,"url":"https:\/\/kueche-schweiz.ch\/app\/uploads\/2024\/06\/mitgliederportraets_1024x681.jpg","type":"image\/jpeg"}],"twitter_card":"summary_large_image","twitter_misc":{"Dur\u00e9e de lecture estim\u00e9e":"3 minutes"},"schema":{"@context":"https:\/\/schema.org","@graph":[{"@type":"WebPage","@id":"https:\/\/kueche-schweiz.ch\/endverbraucher-bauherren\/kuechenprofis\/","url":"https:\/\/kueche-schweiz.ch\/endverbraucher-bauherren\/kuechenprofis\/","name":"Professionnels de la cuisine | Cuisine Suisse","isPartOf":{"@id":"https:\/\/kueche-schweiz.ch\/#website"},"primaryImageOfPage":{"@id":"https:\/\/kueche-schweiz.ch\/endverbraucher-bauherren\/kuechenprofis\/#primaryimage"},"image":{"@id":"https:\/\/kueche-schweiz.ch\/endverbraucher-bauherren\/kuechenprofis\/#primaryimage"},"thumbnailUrl":"https:\/\/kueche-schweiz.ch\/app\/uploads\/2024\/06\/mitgliederportraets_1024x681.jpg","datePublished":"2024-03-26T07:38:08+00:00","dateModified":"2024-08-14T08:24:00+00:00","description":"Vous recherchez un professionnel de la cuisine pour votre cuisine ? Vous trouverez ici le constructeur de cuisines, le fournisseur de cuisines ou le fabricant d'appareils \u00e9lectrom\u00e9nagers qui vous convient.","breadcrumb":{"@id":"https:\/\/kueche-schweiz.ch\/endverbraucher-bauherren\/kuechenprofis\/#breadcrumb"},"inLanguage":"fr-FR","potentialAction":[{"@type":"ReadAction","target":["https:\/\/kueche-schweiz.ch\/endverbraucher-bauherren\/kuechenprofis\/"]}]},{"@type":"ImageObject","inLanguage":"fr-FR","@id":"https:\/\/kueche-schweiz.ch\/endverbraucher-bauherren\/kuechenprofis\/#primaryimage","url":"https:\/\/kueche-schweiz.ch\/app\/uploads\/2024\/06\/mitgliederportraets_1024x681.jpg","contentUrl":"https:\/\/kueche-schweiz.ch\/app\/uploads\/2024\/06\/mitgliederportraets_1024x681.jpg","width":1024,"height":681},{"@type":"BreadcrumbList","@id":"https:\/\/kueche-schweiz.ch\/endverbraucher-bauherren\/kuechenprofis\/#breadcrumb","itemListElement":[{"@type":"ListItem","position":1,"name":"Page d'accueil","item":"https:\/\/kueche-schweiz.ch\/fr\/"},{"@type":"ListItem","position":2,"name":"Consommateurs et ma\u00eetres d&#8217;ouvrage","item":"https:\/\/kueche-schweiz.ch\/fr\/consommateurs-et-maitres-douvrage\/"},{"@type":"ListItem","position":3,"name":"Professionnels de la cuisine"}]},{"@type":"WebSite","@id":"https:\/\/kueche-schweiz.ch\/#website","url":"https:\/\/kueche-schweiz.ch\/","name":"K\u00fcche Schweiz","description":"","publisher":{"@id":"https:\/\/kueche-schweiz.ch\/#organization"},"potentialAction":[{"@type":"SearchAction","target":{"@type":"EntryPoint","urlTemplate":"https:\/\/kueche-schweiz.ch\/?s={search_term_string}"},"query-input":{"@type":"PropertyValueSpecification","valueRequired":true,"valueName":"search_term_string"}}],"inLanguage":"fr-FR"},{"@type":"Organization","@id":"https:\/\/kueche-schweiz.ch\/#organization","name":"K\u00fcche Schweiz","url":"https:\/\/kueche-schweiz.ch\/","logo":{"@type":"ImageObject","inLanguage":"fr-FR","@id":"https:\/\/kueche-schweiz.ch\/#\/schema\/logo\/image\/","url":"https:\/\/kueche-schweiz.ch\/app\/uploads\/2025\/01\/logo-kueche-schweiz.png","contentUrl":"https:\/\/kueche-schweiz.ch\/app\/uploads\/2025\/01\/logo-kueche-schweiz.png","width":1417,"height":1846,"caption":"K\u00fcche Schweiz"},"image":{"@id":"https:\/\/kueche-schweiz.ch\/#\/schema\/logo\/image\/"}}]}},"_links":{"self":[{"href":"https:\/\/kueche-schweiz.ch\/fr\/wp-json\/wp\/v2\/pages\/18161","targetHints":{"allow":["GET"]}}],"collection":[{"href":"https:\/\/kueche-schweiz.ch\/fr\/wp-json\/wp\/v2\/pages"}],"about":[{"href":"https:\/\/kueche-schweiz.ch\/fr\/wp-json\/wp\/v2\/types\/page"}],"author":[{"embeddable":true,"href":"https:\/\/kueche-schweiz.ch\/fr\/wp-json\/wp\/v2\/users\/1"}],"replies":[{"embeddable":true,"href":"https:\/\/kueche-schweiz.ch\/fr\/wp-json\/wp\/v2\/comments?post=18161"}],"version-history":[{"count":6,"href":"https:\/\/kueche-schweiz.ch\/fr\/wp-json\/wp\/v2\/pages\/18161\/revisions"}],"predecessor-version":[{"id":23290,"href":"https:\/\/kueche-schweiz.ch\/fr\/wp-json\/wp\/v2\/pages\/18161\/revisions\/23290"}],"up":[{"embeddable":true,"href":"https:\/\/kueche-schweiz.ch\/fr\/wp-json\/wp\/v2\/pages\/18042"}],"wp:featuredmedia":[{"embeddable":true,"href":"https:\/\/kueche-schweiz.ch\/fr\/wp-json\/wp\/v2\/media\/17977"}],"wp:attachment":[{"href":"https:\/\/kueche-schweiz.ch\/fr\/wp-json\/wp\/v2\/media?parent=18161"}],"curies":[{"name":"wp","href":"https:\/\/api.w.org\/{rel}","templated":true}]}}