{"id":18163,"date":"2024-03-26T08:39:00","date_gmt":"2024-03-26T07:39:00","guid":{"rendered":"https:\/\/dev.kueche-schweiz.ch\/consommateurs-et-maitres-douvrage\/professionnels-de-la-cuisine\/cuisines-suisses\/"},"modified":"2024-06-22T17:58:40","modified_gmt":"2024-06-22T15:58:40","slug":"cuisines-suisses","status":"publish","type":"page","link":"https:\/\/kueche-schweiz.ch\/fr\/consommateurs-et-maitres-douvrage\/professionnels-de-la-cuisine\/cuisines-suisses\/","title":{"rendered":"Cuisines suisses"},"content":{"rendered":"\n<div class=\"wp-block-group alignwide is-layout-constrained wp-block-group-is-layout-constrained\">\n<div class=\"wp-block-media-text alignwide is-stacked-on-mobile is-image-fill is-cover has-background-color has-foreground-background-color has-text-color has-background has-link-color wp-elements-5035e0e9bef36caf3e14b11af44cc70f\"><figure class=\"wp-block-media-text__media\" style=\"background-image:url(https:\/\/kueche-schweiz.ch\/app\/uploads\/2024\/06\/Cuore_di_Domus_Bild1_1024x681.jpg);background-position:50% 50%\"><img loading=\"lazy\" decoding=\"async\" width=\"1024\" height=\"681\" src=\"https:\/\/kueche-schweiz.ch\/app\/uploads\/2024\/06\/Cuore_di_Domus_Bild1_1024x681.jpg\" alt=\"\" class=\"wp-image-17689 size-full\" srcset=\"https:\/\/kueche-schweiz.ch\/app\/uploads\/2024\/06\/Cuore_di_Domus_Bild1_1024x681.jpg 1024w, https:\/\/kueche-schweiz.ch\/app\/uploads\/2024\/06\/Cuore_di_Domus_Bild1_1024x681-300x200.jpg 300w, https:\/\/kueche-schweiz.ch\/app\/uploads\/2024\/06\/Cuore_di_Domus_Bild1_1024x681-768x511.jpg 768w\" sizes=\"auto, (max-width: 1024px) 100vw, 1024px\" \/><\/figure><div class=\"wp-block-media-text__content\"><div class=\"yoast-breadcrumbs\"><span><span><a href=\"https:\/\/kueche-schweiz.ch\/fr\/\">Page d&#8217;accueil<\/a><\/span> \u00bb <span><a href=\"https:\/\/kueche-schweiz.ch\/fr\/consommateurs-et-maitres-douvrage\/\">Consommateurs et ma\u00eetres d&#8217;ouvrage<\/a><\/span> \u00bb <span><a href=\"https:\/\/kueche-schweiz.ch\/endverbraucher-bauherren\/kuechenprofis\/\">Professionnels de la cuisine<\/a><\/span> \u00bb <span class=\"breadcrumb_last\" aria-current=\"page\">Cuisines suisses<\/span><\/span><\/div>\n\n\n<h2 class=\"wp-block-heading\">Cuisines suisses  <\/h2>\n\n\n\n<p>Achetez votre cuisine en Suisse. Votre professionnel suisse de la cuisine vous conseille et planifie pour vous, il ex\u00e9cute vos commandes et monte la cuisine de vos r\u00eaves. Votre cuisiniste suisse se trouve \u00e0 proximit\u00e9 et se fera un plaisir de r\u00e9pondre \u00e0 vos questions, m\u00eame apr\u00e8s la mise en service de la cuisine. Il se procure les \u00e9l\u00e9ments essentiels de votre cuisine en Suisse. Cela comprend \u00e9galement les appareils encastrables de cuisine, les couvercles et bien d&#8217;autres choses encore. En outre, il accorde des garanties appropri\u00e9es en cas de besoin. Votre professionnel suisse de la cuisine fait le grand \u00e9cart pour vous.<\/p>\n<\/div><\/div>\n<\/div>\n\n<div class=\"wp-block-group alignfull has-background-background-color has-background is-layout-constrained wp-block-group-is-layout-constrained\">\n<div class=\"wp-block-group highlight-box has-secondary-background-color has-background is-layout-constrained wp-block-group-is-layout-constrained\">\n<h2 class=\"wp-block-heading\">De bonnes raisons  <\/h2>\n\n\n\n<div class=\"wp-block-columns is-layout-flex wp-container-core-columns-is-layout-28f84493 wp-block-columns-is-layout-flex\">\n<div class=\"wp-block-column is-layout-flow wp-block-column-is-layout-flow\">\n<p>Les cuisines suisses sont r\u00e9put\u00e9es pour leur design sophistiqu\u00e9 et leur grande fonctionnalit\u00e9. Chaque centim\u00e8tre carr\u00e9 est utilis\u00e9 de mani\u00e8re optimale pour offrir suffisamment d&#8217;espace de rangement et de surface de travail, sans pour autant faire de compromis sur l&#8217;esth\u00e9tique. Des solutions de rangement intelligentes aux plans de travail ergonomiques, une cuisine suisse est con\u00e7ue pour optimiser votre processus de cuisson et vous simplifier la vie. Les fabricants de cuisines suisses utilisent souvent des mat\u00e9riaux et des processus de production respectueux de l&#8217;environnement, qui visent \u00e0 minimiser l&#8217;impact sur l&#8217;environnement.  <\/p>\n<\/div>\n\n\n\n<div class=\"wp-block-column is-layout-flow wp-block-column-is-layout-flow\">\n<ul class=\"wp-block-list\">\n<li class=\"is-style-check\">Fonctionnalit\u00e9 et design<\/li>\n\n\n\n<li class=\"is-style-check\">Durabilit\u00e9 et pr\u00e9servation de la valeur<\/li>\n\n\n\n<li class=\"is-style-check\">Durabilit\u00e9<\/li>\n\n\n\n<li class=\"is-style-check\">Solutions sur mesure<\/li>\n<\/ul>\n<\/div>\n<\/div>\n<\/div>\n<\/div>\n","protected":false},"excerpt":{"rendered":"<p>Cuisines suisses Achetez votre cuisine en Suisse. Votre professionnel suisse de la cuisine vous conseille et planifie pour vous, il ex\u00e9cute vos commandes et monte la cuisine de vos r\u00eaves. Votre cuisiniste suisse se trouve \u00e0 proximit\u00e9 et se fera un plaisir de r\u00e9pondre \u00e0 vos questions, m\u00eame apr\u00e8s la mise en service de la [&hellip;]<\/p>\n","protected":false},"author":1,"featured_media":5130,"parent":18161,"menu_order":66,"comment_status":"closed","ping_status":"closed","template":"","meta":{"_acf_changed":false,"inline_featured_image":false,"footnotes":""},"class_list":["post-18163","page","type-page","status-publish","has-post-thumbnail","hentry"],"acf":[],"yoast_head":"<!-- This site is optimized with the Yoast SEO plugin v27.5 - https:\/\/yoast.com\/product\/yoast-seo-wordpress\/ -->\n<title>Cuisines suisses - K\u00fcche Schweiz<\/title>\n<meta name=\"robots\" content=\"index, follow, max-snippet:-1, max-image-preview:large, max-video-preview:-1\" \/>\n<link rel=\"canonical\" href=\"https:\/\/kueche-schweiz.ch\/endverbraucher-bauherren\/kuechenprofis\/schweizer-kuechen\/\" \/>\n<meta property=\"og:locale\" content=\"fr_FR\" \/>\n<meta property=\"og:type\" content=\"article\" \/>\n<meta property=\"og:title\" content=\"Cuisines suisses - K\u00fcche Schweiz\" \/>\n<meta property=\"og:description\" content=\"Cuisines suisses Achetez votre cuisine en Suisse. Votre professionnel suisse de la cuisine vous conseille et planifie pour vous, il ex\u00e9cute vos commandes et monte la cuisine de vos r\u00eaves. Votre cuisiniste suisse se trouve \u00e0 proximit\u00e9 et se fera un plaisir de r\u00e9pondre \u00e0 vos questions, m\u00eame apr\u00e8s la mise en service de la [&hellip;]\" \/>\n<meta property=\"og:url\" content=\"https:\/\/kueche-schweiz.ch\/endverbraucher-bauherren\/kuechenprofis\/schweizer-kuechen\/\" \/>\n<meta property=\"og:site_name\" content=\"K\u00fcche Schweiz\" \/>\n<meta property=\"article:modified_time\" content=\"2024-06-22T15:58:40+00:00\" \/>\n<meta property=\"og:image\" content=\"https:\/\/kueche-schweiz.ch\/app\/uploads\/2024\/05\/Kalender_GV_2024_DE-768x527-1.jpg\" \/>\n\t<meta property=\"og:image:width\" content=\"768\" \/>\n\t<meta property=\"og:image:height\" content=\"527\" \/>\n\t<meta property=\"og:image:type\" content=\"image\/jpeg\" \/>\n<meta name=\"twitter:card\" content=\"summary_large_image\" \/>\n<meta name=\"twitter:label1\" content=\"Dur\u00e9e de lecture estim\u00e9e\" \/>\n\t<meta name=\"twitter:data1\" content=\"1 minute\" \/>\n<script type=\"application\/ld+json\" class=\"yoast-schema-graph\">{\"@context\":\"https:\\\/\\\/schema.org\",\"@graph\":[{\"@type\":\"WebPage\",\"@id\":\"https:\\\/\\\/kueche-schweiz.ch\\\/endverbraucher-bauherren\\\/kuechenprofis\\\/schweizer-kuechen\\\/\",\"url\":\"https:\\\/\\\/kueche-schweiz.ch\\\/endverbraucher-bauherren\\\/kuechenprofis\\\/schweizer-kuechen\\\/\",\"name\":\"Cuisines suisses - K\u00fcche Schweiz\",\"isPartOf\":{\"@id\":\"https:\\\/\\\/kueche-schweiz.ch\\\/#website\"},\"primaryImageOfPage\":{\"@id\":\"https:\\\/\\\/kueche-schweiz.ch\\\/endverbraucher-bauherren\\\/kuechenprofis\\\/schweizer-kuechen\\\/#primaryimage\"},\"image\":{\"@id\":\"https:\\\/\\\/kueche-schweiz.ch\\\/endverbraucher-bauherren\\\/kuechenprofis\\\/schweizer-kuechen\\\/#primaryimage\"},\"thumbnailUrl\":\"https:\\\/\\\/kueche-schweiz.ch\\\/app\\\/uploads\\\/2024\\\/05\\\/Kalender_GV_2024_DE-768x527-1.jpg\",\"datePublished\":\"2024-03-26T07:39:00+00:00\",\"dateModified\":\"2024-06-22T15:58:40+00:00\",\"breadcrumb\":{\"@id\":\"https:\\\/\\\/kueche-schweiz.ch\\\/endverbraucher-bauherren\\\/kuechenprofis\\\/schweizer-kuechen\\\/#breadcrumb\"},\"inLanguage\":\"fr-FR\",\"potentialAction\":[{\"@type\":\"ReadAction\",\"target\":[\"https:\\\/\\\/kueche-schweiz.ch\\\/endverbraucher-bauherren\\\/kuechenprofis\\\/schweizer-kuechen\\\/\"]}]},{\"@type\":\"ImageObject\",\"inLanguage\":\"fr-FR\",\"@id\":\"https:\\\/\\\/kueche-schweiz.ch\\\/endverbraucher-bauherren\\\/kuechenprofis\\\/schweizer-kuechen\\\/#primaryimage\",\"url\":\"https:\\\/\\\/kueche-schweiz.ch\\\/app\\\/uploads\\\/2024\\\/05\\\/Kalender_GV_2024_DE-768x527-1.jpg\",\"contentUrl\":\"https:\\\/\\\/kueche-schweiz.ch\\\/app\\\/uploads\\\/2024\\\/05\\\/Kalender_GV_2024_DE-768x527-1.jpg\",\"width\":768,\"height\":527},{\"@type\":\"BreadcrumbList\",\"@id\":\"https:\\\/\\\/kueche-schweiz.ch\\\/endverbraucher-bauherren\\\/kuechenprofis\\\/schweizer-kuechen\\\/#breadcrumb\",\"itemListElement\":[{\"@type\":\"ListItem\",\"position\":1,\"name\":\"Page d'accueil\",\"item\":\"https:\\\/\\\/kueche-schweiz.ch\\\/fr\\\/\"},{\"@type\":\"ListItem\",\"position\":2,\"name\":\"Consommateurs et ma\u00eetres d&#8217;ouvrage\",\"item\":\"https:\\\/\\\/kueche-schweiz.ch\\\/fr\\\/consommateurs-et-maitres-douvrage\\\/\"},{\"@type\":\"ListItem\",\"position\":3,\"name\":\"Professionnels de la cuisine\",\"item\":\"https:\\\/\\\/kueche-schweiz.ch\\\/endverbraucher-bauherren\\\/kuechenprofis\\\/\"},{\"@type\":\"ListItem\",\"position\":4,\"name\":\"Cuisines suisses\"}]},{\"@type\":\"WebSite\",\"@id\":\"https:\\\/\\\/kueche-schweiz.ch\\\/#website\",\"url\":\"https:\\\/\\\/kueche-schweiz.ch\\\/\",\"name\":\"K\u00fcche Schweiz\",\"description\":\"\",\"publisher\":{\"@id\":\"https:\\\/\\\/kueche-schweiz.ch\\\/#organization\"},\"potentialAction\":[{\"@type\":\"SearchAction\",\"target\":{\"@type\":\"EntryPoint\",\"urlTemplate\":\"https:\\\/\\\/kueche-schweiz.ch\\\/?s={search_term_string}\"},\"query-input\":{\"@type\":\"PropertyValueSpecification\",\"valueRequired\":true,\"valueName\":\"search_term_string\"}}],\"inLanguage\":\"fr-FR\"},{\"@type\":\"Organization\",\"@id\":\"https:\\\/\\\/kueche-schweiz.ch\\\/#organization\",\"name\":\"K\u00fcche Schweiz\",\"url\":\"https:\\\/\\\/kueche-schweiz.ch\\\/\",\"logo\":{\"@type\":\"ImageObject\",\"inLanguage\":\"fr-FR\",\"@id\":\"https:\\\/\\\/kueche-schweiz.ch\\\/#\\\/schema\\\/logo\\\/image\\\/\",\"url\":\"https:\\\/\\\/kueche-schweiz.ch\\\/app\\\/uploads\\\/2025\\\/01\\\/logo-kueche-schweiz.png\",\"contentUrl\":\"https:\\\/\\\/kueche-schweiz.ch\\\/app\\\/uploads\\\/2025\\\/01\\\/logo-kueche-schweiz.png\",\"width\":1417,\"height\":1846,\"caption\":\"K\u00fcche Schweiz\"},\"image\":{\"@id\":\"https:\\\/\\\/kueche-schweiz.ch\\\/#\\\/schema\\\/logo\\\/image\\\/\"}}]}<\/script>\n<!-- \/ Yoast SEO plugin. -->","yoast_head_json":{"title":"Cuisines suisses - K\u00fcche Schweiz","robots":{"index":"index","follow":"follow","max-snippet":"max-snippet:-1","max-image-preview":"max-image-preview:large","max-video-preview":"max-video-preview:-1"},"canonical":"https:\/\/kueche-schweiz.ch\/endverbraucher-bauherren\/kuechenprofis\/schweizer-kuechen\/","og_locale":"fr_FR","og_type":"article","og_title":"Cuisines suisses - K\u00fcche Schweiz","og_description":"Cuisines suisses Achetez votre cuisine en Suisse. Votre professionnel suisse de la cuisine vous conseille et planifie pour vous, il ex\u00e9cute vos commandes et monte la cuisine de vos r\u00eaves. Votre cuisiniste suisse se trouve \u00e0 proximit\u00e9 et se fera un plaisir de r\u00e9pondre \u00e0 vos questions, m\u00eame apr\u00e8s la mise en service de la [&hellip;]","og_url":"https:\/\/kueche-schweiz.ch\/endverbraucher-bauherren\/kuechenprofis\/schweizer-kuechen\/","og_site_name":"K\u00fcche Schweiz","article_modified_time":"2024-06-22T15:58:40+00:00","og_image":[{"width":768,"height":527,"url":"https:\/\/kueche-schweiz.ch\/app\/uploads\/2024\/05\/Kalender_GV_2024_DE-768x527-1.jpg","type":"image\/jpeg"}],"twitter_card":"summary_large_image","twitter_misc":{"Dur\u00e9e de lecture estim\u00e9e":"1 minute"},"schema":{"@context":"https:\/\/schema.org","@graph":[{"@type":"WebPage","@id":"https:\/\/kueche-schweiz.ch\/endverbraucher-bauherren\/kuechenprofis\/schweizer-kuechen\/","url":"https:\/\/kueche-schweiz.ch\/endverbraucher-bauherren\/kuechenprofis\/schweizer-kuechen\/","name":"Cuisines suisses - K\u00fcche Schweiz","isPartOf":{"@id":"https:\/\/kueche-schweiz.ch\/#website"},"primaryImageOfPage":{"@id":"https:\/\/kueche-schweiz.ch\/endverbraucher-bauherren\/kuechenprofis\/schweizer-kuechen\/#primaryimage"},"image":{"@id":"https:\/\/kueche-schweiz.ch\/endverbraucher-bauherren\/kuechenprofis\/schweizer-kuechen\/#primaryimage"},"thumbnailUrl":"https:\/\/kueche-schweiz.ch\/app\/uploads\/2024\/05\/Kalender_GV_2024_DE-768x527-1.jpg","datePublished":"2024-03-26T07:39:00+00:00","dateModified":"2024-06-22T15:58:40+00:00","breadcrumb":{"@id":"https:\/\/kueche-schweiz.ch\/endverbraucher-bauherren\/kuechenprofis\/schweizer-kuechen\/#breadcrumb"},"inLanguage":"fr-FR","potentialAction":[{"@type":"ReadAction","target":["https:\/\/kueche-schweiz.ch\/endverbraucher-bauherren\/kuechenprofis\/schweizer-kuechen\/"]}]},{"@type":"ImageObject","inLanguage":"fr-FR","@id":"https:\/\/kueche-schweiz.ch\/endverbraucher-bauherren\/kuechenprofis\/schweizer-kuechen\/#primaryimage","url":"https:\/\/kueche-schweiz.ch\/app\/uploads\/2024\/05\/Kalender_GV_2024_DE-768x527-1.jpg","contentUrl":"https:\/\/kueche-schweiz.ch\/app\/uploads\/2024\/05\/Kalender_GV_2024_DE-768x527-1.jpg","width":768,"height":527},{"@type":"BreadcrumbList","@id":"https:\/\/kueche-schweiz.ch\/endverbraucher-bauherren\/kuechenprofis\/schweizer-kuechen\/#breadcrumb","itemListElement":[{"@type":"ListItem","position":1,"name":"Page d'accueil","item":"https:\/\/kueche-schweiz.ch\/fr\/"},{"@type":"ListItem","position":2,"name":"Consommateurs et ma\u00eetres d&#8217;ouvrage","item":"https:\/\/kueche-schweiz.ch\/fr\/consommateurs-et-maitres-douvrage\/"},{"@type":"ListItem","position":3,"name":"Professionnels de la cuisine","item":"https:\/\/kueche-schweiz.ch\/endverbraucher-bauherren\/kuechenprofis\/"},{"@type":"ListItem","position":4,"name":"Cuisines suisses"}]},{"@type":"WebSite","@id":"https:\/\/kueche-schweiz.ch\/#website","url":"https:\/\/kueche-schweiz.ch\/","name":"K\u00fcche Schweiz","description":"","publisher":{"@id":"https:\/\/kueche-schweiz.ch\/#organization"},"potentialAction":[{"@type":"SearchAction","target":{"@type":"EntryPoint","urlTemplate":"https:\/\/kueche-schweiz.ch\/?s={search_term_string}"},"query-input":{"@type":"PropertyValueSpecification","valueRequired":true,"valueName":"search_term_string"}}],"inLanguage":"fr-FR"},{"@type":"Organization","@id":"https:\/\/kueche-schweiz.ch\/#organization","name":"K\u00fcche Schweiz","url":"https:\/\/kueche-schweiz.ch\/","logo":{"@type":"ImageObject","inLanguage":"fr-FR","@id":"https:\/\/kueche-schweiz.ch\/#\/schema\/logo\/image\/","url":"https:\/\/kueche-schweiz.ch\/app\/uploads\/2025\/01\/logo-kueche-schweiz.png","contentUrl":"https:\/\/kueche-schweiz.ch\/app\/uploads\/2025\/01\/logo-kueche-schweiz.png","width":1417,"height":1846,"caption":"K\u00fcche Schweiz"},"image":{"@id":"https:\/\/kueche-schweiz.ch\/#\/schema\/logo\/image\/"}}]}},"_links":{"self":[{"href":"https:\/\/kueche-schweiz.ch\/fr\/wp-json\/wp\/v2\/pages\/18163","targetHints":{"allow":["GET"]}}],"collection":[{"href":"https:\/\/kueche-schweiz.ch\/fr\/wp-json\/wp\/v2\/pages"}],"about":[{"href":"https:\/\/kueche-schweiz.ch\/fr\/wp-json\/wp\/v2\/types\/page"}],"author":[{"embeddable":true,"href":"https:\/\/kueche-schweiz.ch\/fr\/wp-json\/wp\/v2\/users\/1"}],"replies":[{"embeddable":true,"href":"https:\/\/kueche-schweiz.ch\/fr\/wp-json\/wp\/v2\/comments?post=18163"}],"version-history":[{"count":1,"href":"https:\/\/kueche-schweiz.ch\/fr\/wp-json\/wp\/v2\/pages\/18163\/revisions"}],"predecessor-version":[{"id":18164,"href":"https:\/\/kueche-schweiz.ch\/fr\/wp-json\/wp\/v2\/pages\/18163\/revisions\/18164"}],"up":[{"embeddable":true,"href":"https:\/\/kueche-schweiz.ch\/fr\/wp-json\/wp\/v2\/pages\/18161"}],"wp:featuredmedia":[{"embeddable":true,"href":"https:\/\/kueche-schweiz.ch\/fr\/wp-json\/wp\/v2\/media\/5130"}],"wp:attachment":[{"href":"https:\/\/kueche-schweiz.ch\/fr\/wp-json\/wp\/v2\/media?parent=18163"}],"curies":[{"name":"wp","href":"https:\/\/api.w.org\/{rel}","templated":true}]}}