{"id":18175,"date":"2024-04-04T17:03:31","date_gmt":"2024-04-04T15:03:31","guid":{"rendered":"https:\/\/dev.kueche-schweiz.ch\/consommateurs-et-maitres-douvrage\/inspiration-cuisine\/"},"modified":"2025-10-13T16:53:16","modified_gmt":"2025-10-13T14:53:16","slug":"inspiration-cuisine","status":"publish","type":"page","link":"https:\/\/kueche-schweiz.ch\/fr\/consommateurs-et-maitres-douvrage\/inspiration-cuisine\/","title":{"rendered":"Inspiration cuisine"},"content":{"rendered":"\n<div class=\"wp-block-group alignwide is-layout-constrained wp-block-group-is-layout-constrained\">\n<div class=\"wp-block-media-text alignwide is-stacked-on-mobile is-image-fill is-cover has-background-color has-foreground-background-color has-text-color has-background has-link-color wp-elements-35b0e32a73352ff55c68a5d3029c5fd8\"><figure class=\"wp-block-media-text__media\" style=\"background-image:url(https:\/\/kueche-schweiz.ch\/app\/uploads\/2024\/06\/U14_2023_Leadbild_1024x681.jpg);background-position:50% 50%\"><img loading=\"lazy\" decoding=\"async\" width=\"1024\" height=\"681\" src=\"https:\/\/kueche-schweiz.ch\/app\/uploads\/2024\/06\/U14_2023_Leadbild_1024x681.jpg\" alt=\"\" class=\"wp-image-17942 size-full\" srcset=\"https:\/\/kueche-schweiz.ch\/app\/uploads\/2024\/06\/U14_2023_Leadbild_1024x681.jpg 1024w, https:\/\/kueche-schweiz.ch\/app\/uploads\/2024\/06\/U14_2023_Leadbild_1024x681-300x200.jpg 300w, https:\/\/kueche-schweiz.ch\/app\/uploads\/2024\/06\/U14_2023_Leadbild_1024x681-768x511.jpg 768w\" sizes=\"auto, (max-width: 1024px) 100vw, 1024px\" \/><\/figure><div class=\"wp-block-media-text__content\"><div class=\"yoast-breadcrumbs\"><span><span><a href=\"https:\/\/kueche-schweiz.ch\/fr\/\">Page d&#8217;accueil<\/a><\/span> \u00bb <span><a href=\"https:\/\/kueche-schweiz.ch\/fr\/consommateurs-et-maitres-douvrage\/\">Consommateurs et ma\u00eetres d&#8217;ouvrage<\/a><\/span> \u00bb <span class=\"breadcrumb_last\" aria-current=\"page\">Inspiration cuisine<\/span><\/span><\/div>\n\n\n<h2 class=\"wp-block-heading\">Inspiration cuisine<\/h2>\n\n\n\n<h3 class=\"wp-block-heading\">Des cuisines qui font r\u00eaver<\/h3>\n\n\n\n<p>Plongez dans l&#8217;univers des cuisines ! Chaque cuisine raconte une histoire, une histoire de passion culinaire, d&#8217;attachement familial et de style personnel. Laissez-vous inspirer par les possibilit\u00e9s infinies de cr\u00e9er votre propre espace de cuisson. Des chefs-d&#8217;\u0153uvre modernes aux classiques intemporels, les cuisines pr\u00e9sent\u00e9es ci-dessous sont une mine d&#8217;id\u00e9es et d&#8217;inspiration en mati\u00e8re de cuisine. Dans le monde de la cuisine, il n&#8217;y a pas de limites &#8211; seulement des possibilit\u00e9s infinies de faire de votre espace culinaire un lieu d&#8217;inspiration et de confort.<\/p>\n<\/div><\/div>\n<\/div>\n\n\n\n<div class=\"wp-block-group alignfull has-background-background-color has-background is-layout-constrained wp-block-group-is-layout-constrained\">\n<div class=\"wp-block-group is-style-narrow is-layout-constrained wp-block-group-is-layout-constrained\">\n<div class=\"wp-block-media-text has-media-on-the-right is-stacked-on-mobile\" style=\"grid-template-columns:auto 40%\"><div class=\"wp-block-media-text__content\">\n<h2 class=\"wp-block-heading\">Projets r\u00e9compens\u00e9s<\/h2>\n\n\n\n<p>Les projets soumis couvrent une grande vari\u00e9t\u00e9 de styles et d&#8217;approches, allant du moderne et du minimaliste au rustique et au chaleureux. Ils montrent comment les couleurs, les textures et l&#8217;\u00e9clairage peuvent \u00eatre utilis\u00e9s efficacement pour cr\u00e9er une atmosph\u00e8re particuli\u00e8re et refl\u00e9ter les go\u00fbts personnels. En outre, ils d\u00e9montrent des solutions innovantes aux probl\u00e8mes d&#8217;espace, aux d\u00e9fis ergonomiques et \u00e0 l&#8217;int\u00e9gration de la technologie dans l&#8217;espace cuisine. Vous pouvez voir ici 300 de ces cuisines de r\u00eave qui ont \u00e9t\u00e9 pr\u00e9sent\u00e9es comme projets au <a href=\"https:\/\/kueche-schweiz.ch\/konsumenten-bauherren\/swiss-kitchen-award-konsument\/\">SWISS KITCHEN AWARD<\/a>.<\/p>\n\n\n\n<div class=\"wp-block-buttons is-layout-flex wp-block-buttons-is-layout-flex\">\n<div class=\"wp-block-button\"><a class=\"wp-block-button__link wp-element-button\" href=\"https:\/\/kueche-schweiz.ch\/konsumenten-bauherren\/inspirationen\/award-kuechen\/\">Vers les projets r\u00e9compens\u00e9s<\/a><\/div>\n<\/div>\n<\/div><figure class=\"wp-block-media-text__media\"><img loading=\"lazy\" decoding=\"async\" width=\"1024\" height=\"681\" src=\"https:\/\/kueche-schweiz.ch\/app\/uploads\/2024\/06\/Nouvelle-Cuisine_1024x681.jpg\" alt=\"\" class=\"wp-image-17946 size-full\" srcset=\"https:\/\/kueche-schweiz.ch\/app\/uploads\/2024\/06\/Nouvelle-Cuisine_1024x681.jpg 1024w, https:\/\/kueche-schweiz.ch\/app\/uploads\/2024\/06\/Nouvelle-Cuisine_1024x681-300x200.jpg 300w, https:\/\/kueche-schweiz.ch\/app\/uploads\/2024\/06\/Nouvelle-Cuisine_1024x681-768x511.jpg 768w\" sizes=\"auto, (max-width: 1024px) 100vw, 1024px\" \/><\/figure><\/div>\n<\/div>\n<\/div>\n\n\n\n<div class=\"wp-block-group alignfull has-background-background-color has-background is-layout-constrained wp-block-group-is-layout-constrained\">\n<div class=\"wp-block-group is-style-narrow is-layout-constrained wp-block-group-is-layout-constrained\">\n<div class=\"wp-block-media-text is-stacked-on-mobile\" style=\"grid-template-columns:40% auto\"><figure class=\"wp-block-media-text__media\"><img loading=\"lazy\" decoding=\"async\" width=\"1024\" height=\"683\" src=\"https:\/\/kueche-schweiz.ch\/app\/uploads\/2024\/06\/U14_2021_Herzog_Kuechen_1024x683-1.jpg\" alt=\"\" class=\"wp-image-17312 size-full\" srcset=\"https:\/\/kueche-schweiz.ch\/app\/uploads\/2024\/06\/U14_2021_Herzog_Kuechen_1024x683-1.jpg 1024w, https:\/\/kueche-schweiz.ch\/app\/uploads\/2024\/06\/U14_2021_Herzog_Kuechen_1024x683-1-300x200.jpg 300w, https:\/\/kueche-schweiz.ch\/app\/uploads\/2024\/06\/U14_2021_Herzog_Kuechen_1024x683-1-768x512.jpg 768w\" sizes=\"auto, (max-width: 1024px) 100vw, 1024px\" \/><\/figure><div class=\"wp-block-media-text__content\">\n<h2 class=\"wp-block-heading\">Projets de cuisine<\/h2>\n\n\n\n<p>Une cuisine n&#8217;est pas seulement l&#8217;endroit o\u00f9 l&#8217;on pr\u00e9pare les repas, c&#8217;est aussi le c\u0153ur d&#8217;une maison o\u00f9 la famille et les amis se r\u00e9unissent pour passer du temps ensemble. Lorsqu&#8217;il s&#8217;agit de choisir une nouvelle cuisine, la qualit\u00e9, la fonctionnalit\u00e9 et l&#8217;esth\u00e9tique sont essentielles. Nos membres sont responsables de 70% des cuisines install\u00e9es en Suisse. Vous trouverez ici un aper\u00e7u et de l&#8217;inspiration.<\/p>\n\n\n\n<div class=\"wp-block-buttons is-layout-flex wp-block-buttons-is-layout-flex\">\n<div class=\"wp-block-button\"><a class=\"wp-block-button__link wp-element-button\" href=\"https:\/\/kueche-schweiz.ch\/konsumenten-bauherren\/inspirationen\/kuechenprojekte\/\">Vers les projets de cuisine<\/a><\/div>\n<\/div>\n<\/div><\/div>\n<\/div>\n<\/div>\n\n\n\n<div class=\"wp-block-group alignfull has-background-background-color has-background is-layout-constrained wp-block-group-is-layout-constrained\">\n<div class=\"wp-block-group is-style-narrow is-layout-constrained wp-block-group-is-layout-constrained\">\n<div class=\"wp-block-media-text has-media-on-the-right is-stacked-on-mobile\" style=\"grid-template-columns:auto 40%\"><div class=\"wp-block-media-text__content\">\n<h2 class=\"wp-block-heading\">Cuisines d&#8217;exposition<\/h2>\n\n\n\n<p>Acheter des cuisines d&#8217;exposition dans une salle d&#8217;exposition a l&#8217;avantage d&#8217;\u00eatre souvent disponible \u00e0 un prix r\u00e9duit, car elles ont d\u00e9j\u00e0 \u00e9t\u00e9 mont\u00e9es et expos\u00e9es. Cela permet aux acheteurs d&#8217;acqu\u00e9rir des cuisines de qualit\u00e9 \u00e0 un prix abordable. En outre, il offre la possibilit\u00e9 de voir et d&#8217;examiner le produit r\u00e9el avant l&#8217;achat. Vous trouverez ici des offres int\u00e9ressantes de cuisines d&#8217;exposition provenant des showrooms de nos <a href=\"https:\/\/kueche-schweiz.ch\/consommateurs-et-maitres-douvrage\/professionnels-de-la-cuisine\/?lang=fr\">professionnels de la cuisine<\/a>.<\/p>\n\n\n\n<div class=\"wp-block-buttons is-layout-flex wp-block-buttons-is-layout-flex\">\n<div class=\"wp-block-button\"><a class=\"wp-block-button__link wp-element-button\" href=\"https:\/\/kueche-schweiz.ch\/konsumenten-bauherren\/inspirationen\/ausstellungskuechen\/\">Vers les cuisines d&#8217;exposition<\/a><\/div>\n<\/div>\n<\/div><figure class=\"wp-block-media-text__media\"><img loading=\"lazy\" decoding=\"async\" width=\"1024\" height=\"681\" src=\"https:\/\/kueche-schweiz.ch\/app\/uploads\/2024\/06\/AHE_5671_Kuechenausstellung_1024x681-1.jpg\" alt=\"\" class=\"wp-image-17936 size-full\" srcset=\"https:\/\/kueche-schweiz.ch\/app\/uploads\/2024\/06\/AHE_5671_Kuechenausstellung_1024x681-1.jpg 1024w, https:\/\/kueche-schweiz.ch\/app\/uploads\/2024\/06\/AHE_5671_Kuechenausstellung_1024x681-1-300x200.jpg 300w, https:\/\/kueche-schweiz.ch\/app\/uploads\/2024\/06\/AHE_5671_Kuechenausstellung_1024x681-1-768x511.jpg 768w\" sizes=\"auto, (max-width: 1024px) 100vw, 1024px\" \/><\/figure><\/div>\n<\/div>\n<\/div>\n\n\n\n<div class=\"wp-block-group alignfull has-background-background-color has-background is-layout-constrained wp-block-group-is-layout-constrained\">\n<div class=\"wp-block-group is-style-narrow is-layout-constrained wp-block-group-is-layout-constrained\">\n<div class=\"wp-block-media-text is-stacked-on-mobile\" style=\"grid-template-columns:40% auto\"><figure class=\"wp-block-media-text__media\"><img loading=\"lazy\" decoding=\"async\" width=\"1024\" height=\"681\" src=\"https:\/\/kueche-schweiz.ch\/app\/uploads\/2024\/06\/Temptation-Gold_Moodboard_1024x681.jpg\" alt=\"\" class=\"wp-image-17954 size-full\" srcset=\"https:\/\/kueche-schweiz.ch\/app\/uploads\/2024\/06\/Temptation-Gold_Moodboard_1024x681.jpg 1024w, https:\/\/kueche-schweiz.ch\/app\/uploads\/2024\/06\/Temptation-Gold_Moodboard_1024x681-300x200.jpg 300w, https:\/\/kueche-schweiz.ch\/app\/uploads\/2024\/06\/Temptation-Gold_Moodboard_1024x681-768x511.jpg 768w\" sizes=\"auto, (max-width: 1024px) 100vw, 1024px\" \/><\/figure><div class=\"wp-block-media-text__content\">\n<h2 class=\"wp-block-heading\">Tendances cuisine<\/h2>\n\n\n\n<p>Les tendances en mati\u00e8re de cuisine \u00e9voluent constamment, mais certaines caract\u00e9ristiques sont intemporelles et influencent consid\u00e9rablement les designs actuels. Actuellement, les lignes \u00e9pur\u00e9es et le design minimaliste sont au premier plan. Les mat\u00e9riaux naturels comme le bois et la pierre sont appr\u00e9ci\u00e9s, tandis que les surfaces mates et les accents m\u00e9talliques donnent un look moderne. Les \u00e9tag\u00e8res ouvertes et les \u00eelots favorisent la convivialit\u00e9, tandis que les solutions de rangement g\u00e9n\u00e9reuses encouragent une esth\u00e9tique ordonn\u00e9e. Enfin, les \u00e9l\u00e9ments durables et les appareils \u00e0 faible consommation d&#8217;\u00e9nergie rev\u00eatent une importance croissante \u00e0 mesure que le respect de l&#8217;environnement devient une pr\u00e9occupation majeure.<\/p>\n\n\n\n<div class=\"wp-block-buttons is-layout-flex wp-block-buttons-is-layout-flex\">\n<div class=\"wp-block-button\"><a class=\"wp-block-button__link wp-element-button\" href=\"https:\/\/kueche-schweiz.ch\/konsumenten-bauherren\/inspirationen\/trends\/\">Vers les tendances de la cuisine<\/a><\/div>\n<\/div>\n<\/div><\/div>\n<\/div>\n<\/div>\n","protected":false},"excerpt":{"rendered":"<p>Inspiration cuisine Des cuisines qui font r\u00eaver Plongez dans l&#8217;univers des cuisines ! Chaque cuisine raconte une histoire, une histoire de passion culinaire, d&#8217;attachement familial et de style personnel. Laissez-vous inspirer par les possibilit\u00e9s infinies de cr\u00e9er votre propre espace de cuisson. Des chefs-d&#8217;\u0153uvre modernes aux classiques intemporels, les cuisines pr\u00e9sent\u00e9es ci-dessous sont une mine [&hellip;]<\/p>\n","protected":false},"author":1,"featured_media":14734,"parent":18042,"menu_order":81,"comment_status":"closed","ping_status":"closed","template":"","meta":{"_acf_changed":false,"inline_featured_image":false,"footnotes":""},"class_list":["post-18175","page","type-page","status-publish","has-post-thumbnail","hentry"],"acf":[],"yoast_head":"<!-- This site is optimized with the Yoast SEO plugin v27.5 - https:\/\/yoast.com\/product\/yoast-seo-wordpress\/ -->\n<title>Inspiration cuisine | Cuisine Suisse<\/title>\n<meta name=\"description\" content=\"Vous \u00eates \u00e0 la recherche d&#039;une cuisine personnalis\u00e9e ? Venez chercher l&#039;inspiration dans notre s\u00e9lection de cuisines design.\" \/>\n<meta name=\"robots\" content=\"index, follow, max-snippet:-1, max-image-preview:large, max-video-preview:-1\" \/>\n<link rel=\"canonical\" href=\"https:\/\/kueche-schweiz.ch\/fr\/consommateurs-et-maitres-douvrage\/inspiration-cuisine\/\" \/>\n<meta property=\"og:locale\" content=\"fr_FR\" \/>\n<meta property=\"og:type\" content=\"article\" \/>\n<meta property=\"og:title\" content=\"Inspiration cuisine | Cuisine Suisse\" \/>\n<meta property=\"og:description\" content=\"Vous \u00eates \u00e0 la recherche d&#039;une cuisine personnalis\u00e9e ? Venez chercher l&#039;inspiration dans notre s\u00e9lection de cuisines design.\" \/>\n<meta property=\"og:url\" content=\"https:\/\/kueche-schweiz.ch\/fr\/consommateurs-et-maitres-douvrage\/inspiration-cuisine\/\" \/>\n<meta property=\"og:site_name\" content=\"K\u00fcche Schweiz\" \/>\n<meta property=\"article:modified_time\" content=\"2025-10-13T14:53:16+00:00\" \/>\n<meta property=\"og:image\" content=\"https:\/\/kueche-schweiz.ch\/app\/uploads\/2024\/06\/U14_2023_Tschudin.jpg\" \/>\n\t<meta property=\"og:image:width\" content=\"600\" \/>\n\t<meta property=\"og:image:height\" content=\"375\" \/>\n\t<meta property=\"og:image:type\" content=\"image\/jpeg\" \/>\n<meta name=\"twitter:card\" content=\"summary_large_image\" \/>\n<meta name=\"twitter:label1\" content=\"Dur\u00e9e de lecture estim\u00e9e\" \/>\n\t<meta name=\"twitter:data1\" content=\"4 minutes\" \/>\n<script type=\"application\/ld+json\" class=\"yoast-schema-graph\">{\"@context\":\"https:\\\/\\\/schema.org\",\"@graph\":[{\"@type\":\"WebPage\",\"@id\":\"https:\\\/\\\/kueche-schweiz.ch\\\/fr\\\/consommateurs-et-maitres-douvrage\\\/inspiration-cuisine\\\/\",\"url\":\"https:\\\/\\\/kueche-schweiz.ch\\\/fr\\\/consommateurs-et-maitres-douvrage\\\/inspiration-cuisine\\\/\",\"name\":\"Inspiration cuisine | Cuisine Suisse\",\"isPartOf\":{\"@id\":\"https:\\\/\\\/kueche-schweiz.ch\\\/#website\"},\"primaryImageOfPage\":{\"@id\":\"https:\\\/\\\/kueche-schweiz.ch\\\/fr\\\/consommateurs-et-maitres-douvrage\\\/inspiration-cuisine\\\/#primaryimage\"},\"image\":{\"@id\":\"https:\\\/\\\/kueche-schweiz.ch\\\/fr\\\/consommateurs-et-maitres-douvrage\\\/inspiration-cuisine\\\/#primaryimage\"},\"thumbnailUrl\":\"https:\\\/\\\/kueche-schweiz.ch\\\/app\\\/uploads\\\/2024\\\/06\\\/U14_2023_Tschudin.jpg\",\"datePublished\":\"2024-04-04T15:03:31+00:00\",\"dateModified\":\"2025-10-13T14:53:16+00:00\",\"description\":\"Vous \u00eates \u00e0 la recherche d'une cuisine personnalis\u00e9e ? Venez chercher l'inspiration dans notre s\u00e9lection de cuisines design.\",\"breadcrumb\":{\"@id\":\"https:\\\/\\\/kueche-schweiz.ch\\\/fr\\\/consommateurs-et-maitres-douvrage\\\/inspiration-cuisine\\\/#breadcrumb\"},\"inLanguage\":\"fr-FR\",\"potentialAction\":[{\"@type\":\"ReadAction\",\"target\":[\"https:\\\/\\\/kueche-schweiz.ch\\\/fr\\\/consommateurs-et-maitres-douvrage\\\/inspiration-cuisine\\\/\"]}]},{\"@type\":\"ImageObject\",\"inLanguage\":\"fr-FR\",\"@id\":\"https:\\\/\\\/kueche-schweiz.ch\\\/fr\\\/consommateurs-et-maitres-douvrage\\\/inspiration-cuisine\\\/#primaryimage\",\"url\":\"https:\\\/\\\/kueche-schweiz.ch\\\/app\\\/uploads\\\/2024\\\/06\\\/U14_2023_Tschudin.jpg\",\"contentUrl\":\"https:\\\/\\\/kueche-schweiz.ch\\\/app\\\/uploads\\\/2024\\\/06\\\/U14_2023_Tschudin.jpg\",\"width\":600,\"height\":375},{\"@type\":\"BreadcrumbList\",\"@id\":\"https:\\\/\\\/kueche-schweiz.ch\\\/fr\\\/consommateurs-et-maitres-douvrage\\\/inspiration-cuisine\\\/#breadcrumb\",\"itemListElement\":[{\"@type\":\"ListItem\",\"position\":1,\"name\":\"Page d'accueil\",\"item\":\"https:\\\/\\\/kueche-schweiz.ch\\\/fr\\\/\"},{\"@type\":\"ListItem\",\"position\":2,\"name\":\"Consommateurs et ma\u00eetres d&#8217;ouvrage\",\"item\":\"https:\\\/\\\/kueche-schweiz.ch\\\/fr\\\/consommateurs-et-maitres-douvrage\\\/\"},{\"@type\":\"ListItem\",\"position\":3,\"name\":\"Inspiration cuisine\"}]},{\"@type\":\"WebSite\",\"@id\":\"https:\\\/\\\/kueche-schweiz.ch\\\/#website\",\"url\":\"https:\\\/\\\/kueche-schweiz.ch\\\/\",\"name\":\"K\u00fcche Schweiz\",\"description\":\"\",\"publisher\":{\"@id\":\"https:\\\/\\\/kueche-schweiz.ch\\\/#organization\"},\"potentialAction\":[{\"@type\":\"SearchAction\",\"target\":{\"@type\":\"EntryPoint\",\"urlTemplate\":\"https:\\\/\\\/kueche-schweiz.ch\\\/?s={search_term_string}\"},\"query-input\":{\"@type\":\"PropertyValueSpecification\",\"valueRequired\":true,\"valueName\":\"search_term_string\"}}],\"inLanguage\":\"fr-FR\"},{\"@type\":\"Organization\",\"@id\":\"https:\\\/\\\/kueche-schweiz.ch\\\/#organization\",\"name\":\"K\u00fcche Schweiz\",\"url\":\"https:\\\/\\\/kueche-schweiz.ch\\\/\",\"logo\":{\"@type\":\"ImageObject\",\"inLanguage\":\"fr-FR\",\"@id\":\"https:\\\/\\\/kueche-schweiz.ch\\\/#\\\/schema\\\/logo\\\/image\\\/\",\"url\":\"https:\\\/\\\/kueche-schweiz.ch\\\/app\\\/uploads\\\/2025\\\/01\\\/logo-kueche-schweiz.png\",\"contentUrl\":\"https:\\\/\\\/kueche-schweiz.ch\\\/app\\\/uploads\\\/2025\\\/01\\\/logo-kueche-schweiz.png\",\"width\":1417,\"height\":1846,\"caption\":\"K\u00fcche Schweiz\"},\"image\":{\"@id\":\"https:\\\/\\\/kueche-schweiz.ch\\\/#\\\/schema\\\/logo\\\/image\\\/\"}}]}<\/script>\n<!-- \/ Yoast SEO plugin. -->","yoast_head_json":{"title":"Inspiration cuisine | Cuisine Suisse","description":"Vous \u00eates \u00e0 la recherche d'une cuisine personnalis\u00e9e ? Venez chercher l'inspiration dans notre s\u00e9lection de cuisines design.","robots":{"index":"index","follow":"follow","max-snippet":"max-snippet:-1","max-image-preview":"max-image-preview:large","max-video-preview":"max-video-preview:-1"},"canonical":"https:\/\/kueche-schweiz.ch\/fr\/consommateurs-et-maitres-douvrage\/inspiration-cuisine\/","og_locale":"fr_FR","og_type":"article","og_title":"Inspiration cuisine | Cuisine Suisse","og_description":"Vous \u00eates \u00e0 la recherche d'une cuisine personnalis\u00e9e ? Venez chercher l'inspiration dans notre s\u00e9lection de cuisines design.","og_url":"https:\/\/kueche-schweiz.ch\/fr\/consommateurs-et-maitres-douvrage\/inspiration-cuisine\/","og_site_name":"K\u00fcche Schweiz","article_modified_time":"2025-10-13T14:53:16+00:00","og_image":[{"width":600,"height":375,"url":"https:\/\/kueche-schweiz.ch\/app\/uploads\/2024\/06\/U14_2023_Tschudin.jpg","type":"image\/jpeg"}],"twitter_card":"summary_large_image","twitter_misc":{"Dur\u00e9e de lecture estim\u00e9e":"4 minutes"},"schema":{"@context":"https:\/\/schema.org","@graph":[{"@type":"WebPage","@id":"https:\/\/kueche-schweiz.ch\/fr\/consommateurs-et-maitres-douvrage\/inspiration-cuisine\/","url":"https:\/\/kueche-schweiz.ch\/fr\/consommateurs-et-maitres-douvrage\/inspiration-cuisine\/","name":"Inspiration cuisine | Cuisine Suisse","isPartOf":{"@id":"https:\/\/kueche-schweiz.ch\/#website"},"primaryImageOfPage":{"@id":"https:\/\/kueche-schweiz.ch\/fr\/consommateurs-et-maitres-douvrage\/inspiration-cuisine\/#primaryimage"},"image":{"@id":"https:\/\/kueche-schweiz.ch\/fr\/consommateurs-et-maitres-douvrage\/inspiration-cuisine\/#primaryimage"},"thumbnailUrl":"https:\/\/kueche-schweiz.ch\/app\/uploads\/2024\/06\/U14_2023_Tschudin.jpg","datePublished":"2024-04-04T15:03:31+00:00","dateModified":"2025-10-13T14:53:16+00:00","description":"Vous \u00eates \u00e0 la recherche d'une cuisine personnalis\u00e9e ? Venez chercher l'inspiration dans notre s\u00e9lection de cuisines design.","breadcrumb":{"@id":"https:\/\/kueche-schweiz.ch\/fr\/consommateurs-et-maitres-douvrage\/inspiration-cuisine\/#breadcrumb"},"inLanguage":"fr-FR","potentialAction":[{"@type":"ReadAction","target":["https:\/\/kueche-schweiz.ch\/fr\/consommateurs-et-maitres-douvrage\/inspiration-cuisine\/"]}]},{"@type":"ImageObject","inLanguage":"fr-FR","@id":"https:\/\/kueche-schweiz.ch\/fr\/consommateurs-et-maitres-douvrage\/inspiration-cuisine\/#primaryimage","url":"https:\/\/kueche-schweiz.ch\/app\/uploads\/2024\/06\/U14_2023_Tschudin.jpg","contentUrl":"https:\/\/kueche-schweiz.ch\/app\/uploads\/2024\/06\/U14_2023_Tschudin.jpg","width":600,"height":375},{"@type":"BreadcrumbList","@id":"https:\/\/kueche-schweiz.ch\/fr\/consommateurs-et-maitres-douvrage\/inspiration-cuisine\/#breadcrumb","itemListElement":[{"@type":"ListItem","position":1,"name":"Page d'accueil","item":"https:\/\/kueche-schweiz.ch\/fr\/"},{"@type":"ListItem","position":2,"name":"Consommateurs et ma\u00eetres d&#8217;ouvrage","item":"https:\/\/kueche-schweiz.ch\/fr\/consommateurs-et-maitres-douvrage\/"},{"@type":"ListItem","position":3,"name":"Inspiration cuisine"}]},{"@type":"WebSite","@id":"https:\/\/kueche-schweiz.ch\/#website","url":"https:\/\/kueche-schweiz.ch\/","name":"K\u00fcche Schweiz","description":"","publisher":{"@id":"https:\/\/kueche-schweiz.ch\/#organization"},"potentialAction":[{"@type":"SearchAction","target":{"@type":"EntryPoint","urlTemplate":"https:\/\/kueche-schweiz.ch\/?s={search_term_string}"},"query-input":{"@type":"PropertyValueSpecification","valueRequired":true,"valueName":"search_term_string"}}],"inLanguage":"fr-FR"},{"@type":"Organization","@id":"https:\/\/kueche-schweiz.ch\/#organization","name":"K\u00fcche Schweiz","url":"https:\/\/kueche-schweiz.ch\/","logo":{"@type":"ImageObject","inLanguage":"fr-FR","@id":"https:\/\/kueche-schweiz.ch\/#\/schema\/logo\/image\/","url":"https:\/\/kueche-schweiz.ch\/app\/uploads\/2025\/01\/logo-kueche-schweiz.png","contentUrl":"https:\/\/kueche-schweiz.ch\/app\/uploads\/2025\/01\/logo-kueche-schweiz.png","width":1417,"height":1846,"caption":"K\u00fcche Schweiz"},"image":{"@id":"https:\/\/kueche-schweiz.ch\/#\/schema\/logo\/image\/"}}]}},"_links":{"self":[{"href":"https:\/\/kueche-schweiz.ch\/fr\/wp-json\/wp\/v2\/pages\/18175","targetHints":{"allow":["GET"]}}],"collection":[{"href":"https:\/\/kueche-schweiz.ch\/fr\/wp-json\/wp\/v2\/pages"}],"about":[{"href":"https:\/\/kueche-schweiz.ch\/fr\/wp-json\/wp\/v2\/types\/page"}],"author":[{"embeddable":true,"href":"https:\/\/kueche-schweiz.ch\/fr\/wp-json\/wp\/v2\/users\/1"}],"replies":[{"embeddable":true,"href":"https:\/\/kueche-schweiz.ch\/fr\/wp-json\/wp\/v2\/comments?post=18175"}],"version-history":[{"count":2,"href":"https:\/\/kueche-schweiz.ch\/fr\/wp-json\/wp\/v2\/pages\/18175\/revisions"}],"predecessor-version":[{"id":18465,"href":"https:\/\/kueche-schweiz.ch\/fr\/wp-json\/wp\/v2\/pages\/18175\/revisions\/18465"}],"up":[{"embeddable":true,"href":"https:\/\/kueche-schweiz.ch\/fr\/wp-json\/wp\/v2\/pages\/18042"}],"wp:featuredmedia":[{"embeddable":true,"href":"https:\/\/kueche-schweiz.ch\/fr\/wp-json\/wp\/v2\/media\/14734"}],"wp:attachment":[{"href":"https:\/\/kueche-schweiz.ch\/fr\/wp-json\/wp\/v2\/media?parent=18175"}],"curies":[{"name":"wp","href":"https:\/\/api.w.org\/{rel}","templated":true}]}}