{"id":18187,"date":"2024-03-21T16:23:45","date_gmt":"2024-03-21T15:23:45","guid":{"rendered":"https:\/\/dev.kueche-schweiz.ch\/consommateurs-et-maitres-douvrage\/inspiration-cuisine\/cuisines-dexposition\/"},"modified":"2024-06-22T18:06:15","modified_gmt":"2024-06-22T16:06:15","slug":"cuisines-dexposition","status":"publish","type":"page","link":"https:\/\/kueche-schweiz.ch\/fr\/consommateurs-et-maitres-douvrage\/inspiration-cuisine\/cuisines-dexposition\/","title":{"rendered":"Cuisines d&#8217;exposition"},"content":{"rendered":"\n<div class=\"wp-block-group alignwide is-layout-constrained wp-block-group-is-layout-constrained\">\n<div class=\"wp-block-media-text alignwide is-stacked-on-mobile is-image-fill is-cover has-background-color has-foreground-background-color has-text-color has-background has-link-color wp-elements-dd1759c4e28bc0bc644ad1c14b0a0ed8\"><figure class=\"wp-block-media-text__media\" style=\"background-image:url(https:\/\/kueche-schweiz.ch\/app\/uploads\/2024\/06\/AHE_5671_Kuechenausstellung_1024x681-1.jpg);background-position:50% 50%\"><img loading=\"lazy\" decoding=\"async\" width=\"1024\" height=\"681\" src=\"https:\/\/kueche-schweiz.ch\/app\/uploads\/2024\/06\/AHE_5671_Kuechenausstellung_1024x681-1.jpg\" alt=\"\" class=\"wp-image-17936 size-full\" srcset=\"https:\/\/kueche-schweiz.ch\/app\/uploads\/2024\/06\/AHE_5671_Kuechenausstellung_1024x681-1.jpg 1024w, https:\/\/kueche-schweiz.ch\/app\/uploads\/2024\/06\/AHE_5671_Kuechenausstellung_1024x681-1-300x200.jpg 300w, https:\/\/kueche-schweiz.ch\/app\/uploads\/2024\/06\/AHE_5671_Kuechenausstellung_1024x681-1-768x511.jpg 768w\" sizes=\"auto, (max-width: 1024px) 100vw, 1024px\" \/><\/figure><div class=\"wp-block-media-text__content\"><div class=\"yoast-breadcrumbs\"><span><span><a href=\"https:\/\/kueche-schweiz.ch\/fr\/\">Page d&#8217;accueil<\/a><\/span> \u00bb <span><a href=\"https:\/\/kueche-schweiz.ch\/fr\/consommateurs-et-maitres-douvrage\/\">Consommateurs et ma\u00eetres d&#8217;ouvrage<\/a><\/span> \u00bb <span><a href=\"https:\/\/kueche-schweiz.ch\/fr\/consommateurs-et-maitres-douvrage\/inspiration-cuisine\/\">Inspiration cuisine<\/a><\/span> \u00bb <span class=\"breadcrumb_last\" aria-current=\"page\">Cuisines d&#8217;exposition<\/span><\/span><\/div>\n\n\n<h2 class=\"wp-block-heading\">Cuisines d&#8217;exposition de nos membres<\/h2>\n\n\n\n<p>D\u00e9couvrez les possibilit\u00e9s d&#8217;acqu\u00e9rir une cuisine de qualit\u00e9 \u00e0 un prix imbattable &#8211; en achetant une cuisine d&#8217;exposition dans les showrooms de nos membres ! Vous trouverez un grand nombre de cuisines d&#8217;exposition d\u00e9j\u00e0 mont\u00e9es et pr\u00e9sent\u00e9es, et vous avez maintenant la chance de les acqu\u00e9rir \u00e0 un prix attractif.  <\/p>\n\n\n\n<p>L&#8217;achat d&#8217;une cuisine d&#8217;exposition signifie une disponibilit\u00e9 imm\u00e9diate. Au lieu d&#8217;attendre la fabrication et la livraison d&#8217;une cuisine personnalis\u00e9e, vous pouvez emporter votre nouvelle cuisine chez vous et en profiter imm\u00e9diatement.<\/p>\n<\/div><\/div>\n<\/div>\n\n<div class=\"wp-block-group alignfull has-background-background-color has-background is-layout-constrained wp-block-group-is-layout-constrained\">\n<div class=\"wp-block-query shop-query is-layout-flow wp-block-query-is-layout-flow\">\n\n<div class=\"wp-block-query-no-results\">\n\n<p><\/p>\n\n<\/div><\/div>\n<\/div>\n","protected":false},"excerpt":{"rendered":"<p>Cuisines d&#8217;exposition de nos membres D\u00e9couvrez les possibilit\u00e9s d&#8217;acqu\u00e9rir une cuisine de qualit\u00e9 \u00e0 un prix imbattable &#8211; en achetant une cuisine d&#8217;exposition dans les showrooms de nos membres ! Vous trouverez un grand nombre de cuisines d&#8217;exposition d\u00e9j\u00e0 mont\u00e9es et pr\u00e9sent\u00e9es, et vous avez maintenant la chance de les acqu\u00e9rir \u00e0 un prix attractif. [&hellip;]<\/p>\n","protected":false},"author":1,"featured_media":5130,"parent":18175,"menu_order":75,"comment_status":"closed","ping_status":"closed","template":"","meta":{"_acf_changed":false,"inline_featured_image":false,"footnotes":""},"class_list":["post-18187","page","type-page","status-publish","has-post-thumbnail","hentry"],"acf":[],"yoast_head":"<!-- This site is optimized with the Yoast SEO plugin v27.5 - https:\/\/yoast.com\/product\/yoast-seo-wordpress\/ -->\n<title>Cuisines d&#039;exposition - K\u00fcche Schweiz<\/title>\n<meta name=\"robots\" content=\"index, follow, max-snippet:-1, max-image-preview:large, max-video-preview:-1\" \/>\n<link rel=\"canonical\" href=\"https:\/\/kueche-schweiz.ch\/endverbraucher-bauherren\/inspirationen\/ausstellungskuechen\/\" \/>\n<meta property=\"og:locale\" content=\"fr_FR\" \/>\n<meta property=\"og:type\" content=\"article\" \/>\n<meta property=\"og:title\" content=\"Cuisines d&#039;exposition - K\u00fcche Schweiz\" \/>\n<meta property=\"og:description\" content=\"Cuisines d&#8217;exposition de nos membres D\u00e9couvrez les possibilit\u00e9s d&#8217;acqu\u00e9rir une cuisine de qualit\u00e9 \u00e0 un prix imbattable &#8211; en achetant une cuisine d&#8217;exposition dans les showrooms de nos membres ! Vous trouverez un grand nombre de cuisines d&#8217;exposition d\u00e9j\u00e0 mont\u00e9es et pr\u00e9sent\u00e9es, et vous avez maintenant la chance de les acqu\u00e9rir \u00e0 un prix attractif. [&hellip;]\" \/>\n<meta property=\"og:url\" content=\"https:\/\/kueche-schweiz.ch\/endverbraucher-bauherren\/inspirationen\/ausstellungskuechen\/\" \/>\n<meta property=\"og:site_name\" content=\"K\u00fcche Schweiz\" \/>\n<meta property=\"article:modified_time\" content=\"2024-06-22T16:06:15+00:00\" \/>\n<meta property=\"og:image\" content=\"https:\/\/kueche-schweiz.ch\/app\/uploads\/2024\/05\/Kalender_GV_2024_DE-768x527-1.jpg\" \/>\n\t<meta property=\"og:image:width\" content=\"768\" \/>\n\t<meta property=\"og:image:height\" content=\"527\" \/>\n\t<meta property=\"og:image:type\" content=\"image\/jpeg\" \/>\n<meta name=\"twitter:card\" content=\"summary_large_image\" \/>\n<script type=\"application\/ld+json\" class=\"yoast-schema-graph\">{\"@context\":\"https:\\\/\\\/schema.org\",\"@graph\":[{\"@type\":\"WebPage\",\"@id\":\"https:\\\/\\\/kueche-schweiz.ch\\\/endverbraucher-bauherren\\\/inspirationen\\\/ausstellungskuechen\\\/\",\"url\":\"https:\\\/\\\/kueche-schweiz.ch\\\/endverbraucher-bauherren\\\/inspirationen\\\/ausstellungskuechen\\\/\",\"name\":\"Cuisines d'exposition - K\u00fcche Schweiz\",\"isPartOf\":{\"@id\":\"https:\\\/\\\/kueche-schweiz.ch\\\/#website\"},\"primaryImageOfPage\":{\"@id\":\"https:\\\/\\\/kueche-schweiz.ch\\\/endverbraucher-bauherren\\\/inspirationen\\\/ausstellungskuechen\\\/#primaryimage\"},\"image\":{\"@id\":\"https:\\\/\\\/kueche-schweiz.ch\\\/endverbraucher-bauherren\\\/inspirationen\\\/ausstellungskuechen\\\/#primaryimage\"},\"thumbnailUrl\":\"https:\\\/\\\/kueche-schweiz.ch\\\/app\\\/uploads\\\/2024\\\/05\\\/Kalender_GV_2024_DE-768x527-1.jpg\",\"datePublished\":\"2024-03-21T15:23:45+00:00\",\"dateModified\":\"2024-06-22T16:06:15+00:00\",\"breadcrumb\":{\"@id\":\"https:\\\/\\\/kueche-schweiz.ch\\\/endverbraucher-bauherren\\\/inspirationen\\\/ausstellungskuechen\\\/#breadcrumb\"},\"inLanguage\":\"fr-FR\",\"potentialAction\":[{\"@type\":\"ReadAction\",\"target\":[\"https:\\\/\\\/kueche-schweiz.ch\\\/endverbraucher-bauherren\\\/inspirationen\\\/ausstellungskuechen\\\/\"]}]},{\"@type\":\"ImageObject\",\"inLanguage\":\"fr-FR\",\"@id\":\"https:\\\/\\\/kueche-schweiz.ch\\\/endverbraucher-bauherren\\\/inspirationen\\\/ausstellungskuechen\\\/#primaryimage\",\"url\":\"https:\\\/\\\/kueche-schweiz.ch\\\/app\\\/uploads\\\/2024\\\/05\\\/Kalender_GV_2024_DE-768x527-1.jpg\",\"contentUrl\":\"https:\\\/\\\/kueche-schweiz.ch\\\/app\\\/uploads\\\/2024\\\/05\\\/Kalender_GV_2024_DE-768x527-1.jpg\",\"width\":768,\"height\":527},{\"@type\":\"BreadcrumbList\",\"@id\":\"https:\\\/\\\/kueche-schweiz.ch\\\/endverbraucher-bauherren\\\/inspirationen\\\/ausstellungskuechen\\\/#breadcrumb\",\"itemListElement\":[{\"@type\":\"ListItem\",\"position\":1,\"name\":\"Page d'accueil\",\"item\":\"https:\\\/\\\/kueche-schweiz.ch\\\/fr\\\/\"},{\"@type\":\"ListItem\",\"position\":2,\"name\":\"Consommateurs et ma\u00eetres d&#8217;ouvrage\",\"item\":\"https:\\\/\\\/kueche-schweiz.ch\\\/fr\\\/consommateurs-et-maitres-douvrage\\\/\"},{\"@type\":\"ListItem\",\"position\":3,\"name\":\"Inspiration cuisine\",\"item\":\"https:\\\/\\\/kueche-schweiz.ch\\\/fr\\\/consommateurs-et-maitres-douvrage\\\/inspiration-cuisine\\\/\"},{\"@type\":\"ListItem\",\"position\":4,\"name\":\"Cuisines d&#8217;exposition\"}]},{\"@type\":\"WebSite\",\"@id\":\"https:\\\/\\\/kueche-schweiz.ch\\\/#website\",\"url\":\"https:\\\/\\\/kueche-schweiz.ch\\\/\",\"name\":\"K\u00fcche Schweiz\",\"description\":\"\",\"publisher\":{\"@id\":\"https:\\\/\\\/kueche-schweiz.ch\\\/#organization\"},\"potentialAction\":[{\"@type\":\"SearchAction\",\"target\":{\"@type\":\"EntryPoint\",\"urlTemplate\":\"https:\\\/\\\/kueche-schweiz.ch\\\/?s={search_term_string}\"},\"query-input\":{\"@type\":\"PropertyValueSpecification\",\"valueRequired\":true,\"valueName\":\"search_term_string\"}}],\"inLanguage\":\"fr-FR\"},{\"@type\":\"Organization\",\"@id\":\"https:\\\/\\\/kueche-schweiz.ch\\\/#organization\",\"name\":\"K\u00fcche Schweiz\",\"url\":\"https:\\\/\\\/kueche-schweiz.ch\\\/\",\"logo\":{\"@type\":\"ImageObject\",\"inLanguage\":\"fr-FR\",\"@id\":\"https:\\\/\\\/kueche-schweiz.ch\\\/#\\\/schema\\\/logo\\\/image\\\/\",\"url\":\"https:\\\/\\\/kueche-schweiz.ch\\\/app\\\/uploads\\\/2025\\\/01\\\/logo-kueche-schweiz.png\",\"contentUrl\":\"https:\\\/\\\/kueche-schweiz.ch\\\/app\\\/uploads\\\/2025\\\/01\\\/logo-kueche-schweiz.png\",\"width\":1417,\"height\":1846,\"caption\":\"K\u00fcche Schweiz\"},\"image\":{\"@id\":\"https:\\\/\\\/kueche-schweiz.ch\\\/#\\\/schema\\\/logo\\\/image\\\/\"}}]}<\/script>\n<!-- \/ Yoast SEO plugin. -->","yoast_head_json":{"title":"Cuisines d'exposition - K\u00fcche Schweiz","robots":{"index":"index","follow":"follow","max-snippet":"max-snippet:-1","max-image-preview":"max-image-preview:large","max-video-preview":"max-video-preview:-1"},"canonical":"https:\/\/kueche-schweiz.ch\/endverbraucher-bauherren\/inspirationen\/ausstellungskuechen\/","og_locale":"fr_FR","og_type":"article","og_title":"Cuisines d'exposition - K\u00fcche Schweiz","og_description":"Cuisines d&#8217;exposition de nos membres D\u00e9couvrez les possibilit\u00e9s d&#8217;acqu\u00e9rir une cuisine de qualit\u00e9 \u00e0 un prix imbattable &#8211; en achetant une cuisine d&#8217;exposition dans les showrooms de nos membres ! Vous trouverez un grand nombre de cuisines d&#8217;exposition d\u00e9j\u00e0 mont\u00e9es et pr\u00e9sent\u00e9es, et vous avez maintenant la chance de les acqu\u00e9rir \u00e0 un prix attractif. [&hellip;]","og_url":"https:\/\/kueche-schweiz.ch\/endverbraucher-bauherren\/inspirationen\/ausstellungskuechen\/","og_site_name":"K\u00fcche Schweiz","article_modified_time":"2024-06-22T16:06:15+00:00","og_image":[{"width":768,"height":527,"url":"https:\/\/kueche-schweiz.ch\/app\/uploads\/2024\/05\/Kalender_GV_2024_DE-768x527-1.jpg","type":"image\/jpeg"}],"twitter_card":"summary_large_image","schema":{"@context":"https:\/\/schema.org","@graph":[{"@type":"WebPage","@id":"https:\/\/kueche-schweiz.ch\/endverbraucher-bauherren\/inspirationen\/ausstellungskuechen\/","url":"https:\/\/kueche-schweiz.ch\/endverbraucher-bauherren\/inspirationen\/ausstellungskuechen\/","name":"Cuisines d'exposition - K\u00fcche Schweiz","isPartOf":{"@id":"https:\/\/kueche-schweiz.ch\/#website"},"primaryImageOfPage":{"@id":"https:\/\/kueche-schweiz.ch\/endverbraucher-bauherren\/inspirationen\/ausstellungskuechen\/#primaryimage"},"image":{"@id":"https:\/\/kueche-schweiz.ch\/endverbraucher-bauherren\/inspirationen\/ausstellungskuechen\/#primaryimage"},"thumbnailUrl":"https:\/\/kueche-schweiz.ch\/app\/uploads\/2024\/05\/Kalender_GV_2024_DE-768x527-1.jpg","datePublished":"2024-03-21T15:23:45+00:00","dateModified":"2024-06-22T16:06:15+00:00","breadcrumb":{"@id":"https:\/\/kueche-schweiz.ch\/endverbraucher-bauherren\/inspirationen\/ausstellungskuechen\/#breadcrumb"},"inLanguage":"fr-FR","potentialAction":[{"@type":"ReadAction","target":["https:\/\/kueche-schweiz.ch\/endverbraucher-bauherren\/inspirationen\/ausstellungskuechen\/"]}]},{"@type":"ImageObject","inLanguage":"fr-FR","@id":"https:\/\/kueche-schweiz.ch\/endverbraucher-bauherren\/inspirationen\/ausstellungskuechen\/#primaryimage","url":"https:\/\/kueche-schweiz.ch\/app\/uploads\/2024\/05\/Kalender_GV_2024_DE-768x527-1.jpg","contentUrl":"https:\/\/kueche-schweiz.ch\/app\/uploads\/2024\/05\/Kalender_GV_2024_DE-768x527-1.jpg","width":768,"height":527},{"@type":"BreadcrumbList","@id":"https:\/\/kueche-schweiz.ch\/endverbraucher-bauherren\/inspirationen\/ausstellungskuechen\/#breadcrumb","itemListElement":[{"@type":"ListItem","position":1,"name":"Page d'accueil","item":"https:\/\/kueche-schweiz.ch\/fr\/"},{"@type":"ListItem","position":2,"name":"Consommateurs et ma\u00eetres d&#8217;ouvrage","item":"https:\/\/kueche-schweiz.ch\/fr\/consommateurs-et-maitres-douvrage\/"},{"@type":"ListItem","position":3,"name":"Inspiration cuisine","item":"https:\/\/kueche-schweiz.ch\/fr\/consommateurs-et-maitres-douvrage\/inspiration-cuisine\/"},{"@type":"ListItem","position":4,"name":"Cuisines d&#8217;exposition"}]},{"@type":"WebSite","@id":"https:\/\/kueche-schweiz.ch\/#website","url":"https:\/\/kueche-schweiz.ch\/","name":"K\u00fcche Schweiz","description":"","publisher":{"@id":"https:\/\/kueche-schweiz.ch\/#organization"},"potentialAction":[{"@type":"SearchAction","target":{"@type":"EntryPoint","urlTemplate":"https:\/\/kueche-schweiz.ch\/?s={search_term_string}"},"query-input":{"@type":"PropertyValueSpecification","valueRequired":true,"valueName":"search_term_string"}}],"inLanguage":"fr-FR"},{"@type":"Organization","@id":"https:\/\/kueche-schweiz.ch\/#organization","name":"K\u00fcche Schweiz","url":"https:\/\/kueche-schweiz.ch\/","logo":{"@type":"ImageObject","inLanguage":"fr-FR","@id":"https:\/\/kueche-schweiz.ch\/#\/schema\/logo\/image\/","url":"https:\/\/kueche-schweiz.ch\/app\/uploads\/2025\/01\/logo-kueche-schweiz.png","contentUrl":"https:\/\/kueche-schweiz.ch\/app\/uploads\/2025\/01\/logo-kueche-schweiz.png","width":1417,"height":1846,"caption":"K\u00fcche Schweiz"},"image":{"@id":"https:\/\/kueche-schweiz.ch\/#\/schema\/logo\/image\/"}}]}},"_links":{"self":[{"href":"https:\/\/kueche-schweiz.ch\/fr\/wp-json\/wp\/v2\/pages\/18187","targetHints":{"allow":["GET"]}}],"collection":[{"href":"https:\/\/kueche-schweiz.ch\/fr\/wp-json\/wp\/v2\/pages"}],"about":[{"href":"https:\/\/kueche-schweiz.ch\/fr\/wp-json\/wp\/v2\/types\/page"}],"author":[{"embeddable":true,"href":"https:\/\/kueche-schweiz.ch\/fr\/wp-json\/wp\/v2\/users\/1"}],"replies":[{"embeddable":true,"href":"https:\/\/kueche-schweiz.ch\/fr\/wp-json\/wp\/v2\/comments?post=18187"}],"version-history":[{"count":1,"href":"https:\/\/kueche-schweiz.ch\/fr\/wp-json\/wp\/v2\/pages\/18187\/revisions"}],"predecessor-version":[{"id":18188,"href":"https:\/\/kueche-schweiz.ch\/fr\/wp-json\/wp\/v2\/pages\/18187\/revisions\/18188"}],"up":[{"embeddable":true,"href":"https:\/\/kueche-schweiz.ch\/fr\/wp-json\/wp\/v2\/pages\/18175"}],"wp:featuredmedia":[{"embeddable":true,"href":"https:\/\/kueche-schweiz.ch\/fr\/wp-json\/wp\/v2\/media\/5130"}],"wp:attachment":[{"href":"https:\/\/kueche-schweiz.ch\/fr\/wp-json\/wp\/v2\/media?parent=18187"}],"curies":[{"name":"wp","href":"https:\/\/api.w.org\/{rel}","templated":true}]}}