{"id":18209,"date":"2024-04-09T15:13:46","date_gmt":"2024-04-09T13:13:46","guid":{"rendered":"https:\/\/dev.kueche-schweiz.ch\/consommateurs-et-maitres-douvrage\/prix-de-la-cuisine-suisse\/lorganisation\/"},"modified":"2025-04-24T09:31:27","modified_gmt":"2025-04-24T07:31:27","slug":"lorganisation","status":"publish","type":"page","link":"https:\/\/kueche-schweiz.ch\/fr\/consommateurs-et-maitres-douvrage\/swiss-kitchen-award\/lorganisation\/","title":{"rendered":"L&#8217;organisation"},"content":{"rendered":"\n<div class=\"wp-block-group alignwide is-layout-constrained wp-block-group-is-layout-constrained\">\n<div class=\"wp-block-media-text alignwide is-stacked-on-mobile is-image-fill-element is-cover has-background-color has-primary-background-color has-text-color has-background has-link-color wp-elements-07a2cedd9352414a1150ff3b2fc37b89\"><figure class=\"wp-block-media-text__media\"><img loading=\"lazy\" decoding=\"async\" width=\"1024\" height=\"681\" src=\"https:\/\/kueche-schweiz.ch\/app\/uploads\/2025\/03\/logo-ska-grau-1024x681.jpg\" alt=\"\" class=\"wp-image-28323 size-full\" style=\"object-position:50% 50%\" srcset=\"https:\/\/kueche-schweiz.ch\/app\/uploads\/2025\/03\/logo-ska-grau-1024x681.jpg 1024w, https:\/\/kueche-schweiz.ch\/app\/uploads\/2025\/03\/logo-ska-grau-300x200.jpg 300w, https:\/\/kueche-schweiz.ch\/app\/uploads\/2025\/03\/logo-ska-grau-768x511.jpg 768w, https:\/\/kueche-schweiz.ch\/app\/uploads\/2025\/03\/logo-ska-grau-1536x1022.jpg 1536w, https:\/\/kueche-schweiz.ch\/app\/uploads\/2025\/03\/logo-ska-grau-2048x1362.jpg 2048w\" sizes=\"auto, (max-width: 1024px) 100vw, 1024px\" \/><\/figure><div class=\"wp-block-media-text__content\"><div class=\"yoast-breadcrumbs\"><span><span><a href=\"https:\/\/kueche-schweiz.ch\/fr\/\">Page d&#8217;accueil<\/a><\/span> \u00bb <span><a href=\"https:\/\/kueche-schweiz.ch\/fr\/consommateurs-et-maitres-douvrage\/\">Consommateurs et ma\u00eetres d&#8217;ouvrage<\/a><\/span> \u00bb <span><a href=\"https:\/\/kueche-schweiz.ch\/fr\/consommateurs-et-maitres-douvrage\/swiss-kitchen-award\/\">Prix de la cuisine suisse<\/a><\/span> \u00bb <span class=\"breadcrumb_last\" aria-current=\"page\">L&#8217;organisation<\/span><\/span><\/div>\n\n\n<h2 class=\"wp-block-heading has-background-color has-text-color has-link-color wp-elements-e207ff5e002f35990577409dfe4761e4\">Organisation <\/h2>\n\n\n\n<p class=\"has-background-color has-text-color has-link-color wp-elements-76df81f1e6e094a49e9ffe2b28afd3e4\">Nous vous remercions de l&#8217;int\u00e9r\u00eat que vous portez au SWISS KITCHEN AWARD.<\/p>\n\n\n\n<p class=\"has-background-color has-text-color has-link-color wp-elements-03f895f6b83f163a373f446708baf6fa\">Le SWISS KITCHEN AWARD est organis\u00e9 par l&#8217;association professionnelle Cuisine Suisse et r\u00e9alis\u00e9 en collaboration avec les sponsors et les partenaires de soutien ainsi qu&#8217;avec le partenaire m\u00e9dia principal Etzel-Verlag.<\/p>\n\n\n\n<p class=\"has-background-color has-text-color has-link-color wp-elements-b0cb14f6c46eefee19ce156569c52e11\">Rainer Klein se fera un plaisir de r\u00e9pondre \u00e0 vos questions.<\/p>\n\n\n\n<p class=\"has-background-color has-text-color has-link-color wp-elements-f42ab39851899d9dadd3eaa1a3f132ec\"><a href=\"mailto:klein@kueche-schweiz.ch\">klein@kueche-schweiz.ch<\/a><\/p>\n\n\n\n<p class=\"has-background-color has-text-color has-link-color wp-elements-ca00ee4627898aeb5c6178d61874bfc6\"><a href=\"tel:+412041204%2059%070\">T\u00e9l. +41 440 59 70<\/a><\/p>\n<\/div><\/div>\n<\/div>\n\n\n<div class=\"wp-block-group alignfull has-background has-link-color wp-elements-1146171cc5c1aba21ff5f933d4db6095 is-layout-constrained wp-block-group-is-layout-constrained partner-logos-holder\">\n<h2 class=\"wp-block-heading has-text-align-center is-in-viewport\">Nos sponsors<\/h2>\n\n<div class=\"partner-logos partner-logos-white\">\n\t<a target=\"_blank\" data-partner-id=\"0\" href=\"https:\/\/www.gessi.com\/fr\" class=\"partner-logo\" style=\"background-image:url(https:\/\/kueche-schweiz.ch\/app\/uploads\/2024\/12\/Gessi_800x400_weiss.png)\" data-partner-logo-color=\"https:\/\/kueche-schweiz.ch\/app\/uploads\/2024\/12\/Gessi_800x400.png\"><\/a>\n\t<a target=\"_blank\" data-partner-id=\"1\" href=\"https:\/\/www.franke.com\/\" class=\"partner-logo\" style=\"background-image:url(https:\/\/kueche-schweiz.ch\/app\/uploads\/2024\/06\/franke_weiss_800x400px-1.png)\" data-partner-logo-color=\"https:\/\/kueche-schweiz.ch\/app\/uploads\/2024\/06\/franke_800x400px-1.png\"><\/a>\n\n\t\t\t<a target=\"_blank\" href=\"https:\/\/www.laufen.ch\" class=\"partner-logo is-main-partner\" style=\"background-image:url(https:\/\/kueche-schweiz.ch\/app\/uploads\/2024\/06\/Laufen_Haupt_weiss_800x400.png)\"><\/a>\n\t\n\t<a target=\"_blank\" data-partner-id=\"2\" href=\"https:\/\/permapack.ch\/\" class=\"partner-logo\" style=\"background-image:url(https:\/\/kueche-schweiz.ch\/app\/uploads\/2024\/06\/permafix_weiss_800x400px.png)\" data-partner-logo-color=\"https:\/\/kueche-schweiz.ch\/app\/uploads\/2024\/06\/permafix_800x400px.png\"><\/a>\n\t<a target=\"_blank\" data-partner-id=\"3\" href=\"https:\/\/www.formex.ch\/de\" class=\"partner-logo\" style=\"background-image:url(https:\/\/kueche-schweiz.ch\/app\/uploads\/2025\/03\/Formex40J_weiss_800x400.png)\" data-partner-logo-color=\"https:\/\/kueche-schweiz.ch\/app\/uploads\/2025\/03\/Formex40J_800x400.png\"><\/a>\n<\/div>\n\n<div class=\"partner-logos partner-logos-color\">\n\t<a target=\"_blank\" data-partner-id=\"0\" href=\"https:\/\/www.gessi.com\/fr\" class=\"partner-logo\" style=\"background-image:url(https:\/\/kueche-schweiz.ch\/app\/uploads\/2024\/12\/Gessi_800x400.png)\"><\/a>\n\t<a target=\"_blank\" data-partner-id=\"1\" href=\"https:\/\/www.franke.com\/\" class=\"partner-logo\" style=\"background-image:url(https:\/\/kueche-schweiz.ch\/app\/uploads\/2024\/06\/franke_800x400px-1.png)\"><\/a>\n\t\t\t<a target=\"_blank\" href=\"https:\/\/www.laufen.ch\" class=\"partner-logo is-main-partner\" style=\"background-image:url(https:\/\/kueche-schweiz.ch\/app\/uploads\/2024\/06\/Laufen_Haupt_800x400.png)\"><\/a>\n\t\n\t<a target=\"_blank\" data-partner-id=\"2\" href=\"https:\/\/permapack.ch\/\" class=\"partner-logo\" style=\"background-image:url(https:\/\/kueche-schweiz.ch\/app\/uploads\/2024\/06\/permafix_800x400px.png)\"><\/a>\n\t<a target=\"_blank\" data-partner-id=\"3\" href=\"https:\/\/www.formex.ch\/de\" class=\"partner-logo\" style=\"background-image:url(https:\/\/kueche-schweiz.ch\/app\/uploads\/2025\/03\/Formex40J_800x400.png)\"><\/a>\n<\/div>\n\n<div class=\"hidden-partners\">\n\t\t\t\t\t\t\t<a target=\"_blank\" data-partner-id=\"4\" href=\"https:\/\/www.quooker.ch\/\" class=\"partner-logo\" style=\"background-image:url(https:\/\/kueche-schweiz.ch\/app\/uploads\/2024\/06\/quooker_weiss_800x400px.png)\" data-partner-logo-color=\"https:\/\/kueche-schweiz.ch\/app\/uploads\/2024\/06\/quooker_800x400px.png\"><\/a>\n\t\t\t\t<a target=\"_blank\" data-partner-id=\"5\" href=\"https:\/\/www.vzug.com\/ch\/de\/\" class=\"partner-logo\" style=\"background-image:url(https:\/\/kueche-schweiz.ch\/app\/uploads\/2024\/12\/vzug_800x400_weiss.png)\" data-partner-logo-color=\"https:\/\/kueche-schweiz.ch\/app\/uploads\/2024\/12\/vzug_800x400.png\"><\/a>\n\t\t\t\t<a target=\"_blank\" data-partner-id=\"6\" href=\"https:\/\/steinform.com\/\" class=\"partner-logo\" style=\"background-image:url(https:\/\/kueche-schweiz.ch\/app\/uploads\/2025\/03\/steinform_weiss_800x400.png)\" data-partner-logo-color=\"https:\/\/kueche-schweiz.ch\/app\/uploads\/2025\/03\/steinform_800x400.png\"><\/a>\n\t\t\t\t<a target=\"_blank\" data-partner-id=\"7\" href=\"https:\/\/www.suter.ch\/\" class=\"partner-logo\" style=\"background-image:url(https:\/\/kueche-schweiz.ch\/app\/uploads\/2024\/06\/suter_weiss_800x400px.png)\" data-partner-logo-color=\"https:\/\/kueche-schweiz.ch\/app\/uploads\/2024\/06\/suter_800x400px.png\"><\/a>\n\t\t\t\t<a target=\"_blank\" data-partner-id=\"8\" href=\"https:\/\/www.blum.com\/ch\/de\/\" class=\"partner-logo\" style=\"background-image:url(https:\/\/kueche-schweiz.ch\/app\/uploads\/2024\/06\/blum_weiss_800x400px-2.png)\" data-partner-logo-color=\"https:\/\/kueche-schweiz.ch\/app\/uploads\/2024\/06\/blum_800x400px-2.png\"><\/a>\n\t\t\t\t<a target=\"_blank\" data-partner-id=\"9\" href=\"https:\/\/www.swisskrono.com\/\" class=\"partner-logo\" style=\"background-image:url(https:\/\/kueche-schweiz.ch\/app\/uploads\/2024\/06\/swisskrono_weiss_800x400px-1.png)\" data-partner-logo-color=\"https:\/\/kueche-schweiz.ch\/app\/uploads\/2024\/06\/swisskrono_800x400px-1.png\"><\/a>\n\t\t\t\t<a target=\"_blank\" data-partner-id=\"10\" href=\"https:\/\/www.sq-surface.ch\/\" class=\"partner-logo\" style=\"background-image:url(https:\/\/kueche-schweiz.ch\/app\/uploads\/2024\/06\/SQ_Surface_weiss_800x400-2.png)\" data-partner-logo-color=\"https:\/\/kueche-schweiz.ch\/app\/uploads\/2024\/06\/SQ_Surface_800x400-2.png\"><\/a>\n\t\t\t\t<a target=\"_blank\" data-partner-id=\"11\" href=\"https:\/\/kwc.com\/de_CH\" class=\"partner-logo\" style=\"background-image:url(https:\/\/kueche-schweiz.ch\/app\/uploads\/2024\/12\/KWC_800x400_ret_weiss.png)\" data-partner-logo-color=\"https:\/\/kueche-schweiz.ch\/app\/uploads\/2024\/12\/KWC_800x400_ret.png\"><\/a>\n\t\t\t\t<a target=\"_blank\" data-partner-id=\"12\" href=\"https:\/\/www.miele.ch\/de\/\" class=\"partner-logo\" style=\"background-image:url(https:\/\/kueche-schweiz.ch\/app\/uploads\/2024\/06\/miele_weiss_800x400.png)\" data-partner-logo-color=\"https:\/\/kueche-schweiz.ch\/app\/uploads\/2024\/06\/miele_800x400.png\"><\/a>\n\t\t\t\t<a target=\"_blank\" data-partner-id=\"13\" href=\"https:\/\/www.morathdesign.ch\/\" class=\"partner-logo\" style=\"background-image:url(https:\/\/kueche-schweiz.ch\/app\/uploads\/2024\/06\/morath_weiss_800x400px.png)\" data-partner-logo-color=\"https:\/\/kueche-schweiz.ch\/app\/uploads\/2024\/06\/morath_800x400px.png\"><\/a>\n\t\t\t\t<a target=\"_blank\" data-partner-id=\"14\" href=\"https:\/\/www.electrolux.ch\/de-ch\/\" class=\"partner-logo\" style=\"background-image:url(https:\/\/kueche-schweiz.ch\/app\/uploads\/2024\/06\/electrolux_weiss_800x400px.png)\" data-partner-logo-color=\"https:\/\/kueche-schweiz.ch\/app\/uploads\/2024\/06\/electrolux_800x400px.png\"><\/a>\n\t\t\t\t<a target=\"_blank\" data-partner-id=\"15\" href=\"https:\/\/www.wesco.ch\/fr-fr\/\" class=\"partner-logo\" style=\"background-image:url(https:\/\/kueche-schweiz.ch\/app\/uploads\/2024\/12\/Wesco_Claim_FR_800x400_weiss.png)\" data-partner-logo-color=\"https:\/\/kueche-schweiz.ch\/app\/uploads\/2024\/12\/Wesco_Claim_FR_800x400.png\"><\/a>\n\t<\/div>\n\n<\/div>\n","protected":false},"excerpt":{"rendered":"<p>Organisation Nous vous remercions de l&#8217;int\u00e9r\u00eat que vous portez au SWISS KITCHEN AWARD. Le SWISS KITCHEN AWARD est organis\u00e9 par l&#8217;association professionnelle Cuisine Suisse et r\u00e9alis\u00e9 en collaboration avec les sponsors et les partenaires de soutien ainsi qu&#8217;avec le partenaire m\u00e9dia principal Etzel-Verlag. Rainer Klein se fera un plaisir de r\u00e9pondre \u00e0 vos questions. klein@kueche-schweiz.ch [&hellip;]<\/p>\n","protected":false},"author":1,"featured_media":17249,"parent":18191,"menu_order":114,"comment_status":"closed","ping_status":"closed","template":"","meta":{"_acf_changed":false,"inline_featured_image":false,"footnotes":""},"class_list":["post-18209","page","type-page","status-publish","has-post-thumbnail","hentry"],"acf":[],"yoast_head":"<!-- This site is optimized with the Yoast SEO plugin v27.5 - https:\/\/yoast.com\/product\/yoast-seo-wordpress\/ -->\n<title>L&#039;organisation - K\u00fcche Schweiz<\/title>\n<meta name=\"robots\" content=\"index, follow, max-snippet:-1, max-image-preview:large, max-video-preview:-1\" \/>\n<link rel=\"canonical\" href=\"https:\/\/kueche-schweiz.ch\/fr\/consommateurs-et-maitres-douvrage\/swiss-kitchen-award\/lorganisation\/\" \/>\n<meta property=\"og:locale\" content=\"fr_FR\" \/>\n<meta property=\"og:type\" content=\"article\" \/>\n<meta property=\"og:title\" content=\"L&#039;organisation - K\u00fcche Schweiz\" \/>\n<meta property=\"og:description\" content=\"Organisation Nous vous remercions de l&#8217;int\u00e9r\u00eat que vous portez au SWISS KITCHEN AWARD. Le SWISS KITCHEN AWARD est organis\u00e9 par l&#8217;association professionnelle Cuisine Suisse et r\u00e9alis\u00e9 en collaboration avec les sponsors et les partenaires de soutien ainsi qu&#8217;avec le partenaire m\u00e9dia principal Etzel-Verlag. Rainer Klein se fera un plaisir de r\u00e9pondre \u00e0 vos questions. klein@kueche-schweiz.ch [&hellip;]\" \/>\n<meta property=\"og:url\" content=\"https:\/\/kueche-schweiz.ch\/fr\/consommateurs-et-maitres-douvrage\/swiss-kitchen-award\/lorganisation\/\" \/>\n<meta property=\"og:site_name\" content=\"K\u00fcche Schweiz\" \/>\n<meta property=\"article:modified_time\" content=\"2025-04-24T07:31:27+00:00\" \/>\n<meta property=\"og:image\" content=\"https:\/\/kueche-schweiz.ch\/app\/uploads\/2024\/06\/SKA_Video_Pokal2023_1024x681.jpg\" \/>\n\t<meta property=\"og:image:width\" content=\"1024\" \/>\n\t<meta property=\"og:image:height\" content=\"681\" \/>\n\t<meta property=\"og:image:type\" content=\"image\/jpeg\" \/>\n<meta name=\"twitter:card\" content=\"summary_large_image\" \/>\n<meta name=\"twitter:label1\" content=\"Dur\u00e9e de lecture estim\u00e9e\" \/>\n\t<meta name=\"twitter:data1\" content=\"1 minute\" \/>\n<script type=\"application\/ld+json\" class=\"yoast-schema-graph\">{\"@context\":\"https:\\\/\\\/schema.org\",\"@graph\":[{\"@type\":\"WebPage\",\"@id\":\"https:\\\/\\\/kueche-schweiz.ch\\\/fr\\\/consommateurs-et-maitres-douvrage\\\/swiss-kitchen-award\\\/lorganisation\\\/\",\"url\":\"https:\\\/\\\/kueche-schweiz.ch\\\/fr\\\/consommateurs-et-maitres-douvrage\\\/swiss-kitchen-award\\\/lorganisation\\\/\",\"name\":\"L'organisation - K\u00fcche Schweiz\",\"isPartOf\":{\"@id\":\"https:\\\/\\\/kueche-schweiz.ch\\\/#website\"},\"primaryImageOfPage\":{\"@id\":\"https:\\\/\\\/kueche-schweiz.ch\\\/fr\\\/consommateurs-et-maitres-douvrage\\\/swiss-kitchen-award\\\/lorganisation\\\/#primaryimage\"},\"image\":{\"@id\":\"https:\\\/\\\/kueche-schweiz.ch\\\/fr\\\/consommateurs-et-maitres-douvrage\\\/swiss-kitchen-award\\\/lorganisation\\\/#primaryimage\"},\"thumbnailUrl\":\"https:\\\/\\\/kueche-schweiz.ch\\\/app\\\/uploads\\\/2024\\\/06\\\/SKA_Video_Pokal2023_1024x681.jpg\",\"datePublished\":\"2024-04-09T13:13:46+00:00\",\"dateModified\":\"2025-04-24T07:31:27+00:00\",\"breadcrumb\":{\"@id\":\"https:\\\/\\\/kueche-schweiz.ch\\\/fr\\\/consommateurs-et-maitres-douvrage\\\/swiss-kitchen-award\\\/lorganisation\\\/#breadcrumb\"},\"inLanguage\":\"fr-FR\",\"potentialAction\":[{\"@type\":\"ReadAction\",\"target\":[\"https:\\\/\\\/kueche-schweiz.ch\\\/fr\\\/consommateurs-et-maitres-douvrage\\\/swiss-kitchen-award\\\/lorganisation\\\/\"]}]},{\"@type\":\"ImageObject\",\"inLanguage\":\"fr-FR\",\"@id\":\"https:\\\/\\\/kueche-schweiz.ch\\\/fr\\\/consommateurs-et-maitres-douvrage\\\/swiss-kitchen-award\\\/lorganisation\\\/#primaryimage\",\"url\":\"https:\\\/\\\/kueche-schweiz.ch\\\/app\\\/uploads\\\/2024\\\/06\\\/SKA_Video_Pokal2023_1024x681.jpg\",\"contentUrl\":\"https:\\\/\\\/kueche-schweiz.ch\\\/app\\\/uploads\\\/2024\\\/06\\\/SKA_Video_Pokal2023_1024x681.jpg\",\"width\":1024,\"height\":681},{\"@type\":\"BreadcrumbList\",\"@id\":\"https:\\\/\\\/kueche-schweiz.ch\\\/fr\\\/consommateurs-et-maitres-douvrage\\\/swiss-kitchen-award\\\/lorganisation\\\/#breadcrumb\",\"itemListElement\":[{\"@type\":\"ListItem\",\"position\":1,\"name\":\"Page d'accueil\",\"item\":\"https:\\\/\\\/kueche-schweiz.ch\\\/fr\\\/\"},{\"@type\":\"ListItem\",\"position\":2,\"name\":\"Consommateurs et ma\u00eetres d&#8217;ouvrage\",\"item\":\"https:\\\/\\\/kueche-schweiz.ch\\\/fr\\\/consommateurs-et-maitres-douvrage\\\/\"},{\"@type\":\"ListItem\",\"position\":3,\"name\":\"Prix de la cuisine suisse\",\"item\":\"https:\\\/\\\/kueche-schweiz.ch\\\/fr\\\/consommateurs-et-maitres-douvrage\\\/swiss-kitchen-award\\\/\"},{\"@type\":\"ListItem\",\"position\":4,\"name\":\"L&#8217;organisation\"}]},{\"@type\":\"WebSite\",\"@id\":\"https:\\\/\\\/kueche-schweiz.ch\\\/#website\",\"url\":\"https:\\\/\\\/kueche-schweiz.ch\\\/\",\"name\":\"K\u00fcche Schweiz\",\"description\":\"\",\"publisher\":{\"@id\":\"https:\\\/\\\/kueche-schweiz.ch\\\/#organization\"},\"potentialAction\":[{\"@type\":\"SearchAction\",\"target\":{\"@type\":\"EntryPoint\",\"urlTemplate\":\"https:\\\/\\\/kueche-schweiz.ch\\\/?s={search_term_string}\"},\"query-input\":{\"@type\":\"PropertyValueSpecification\",\"valueRequired\":true,\"valueName\":\"search_term_string\"}}],\"inLanguage\":\"fr-FR\"},{\"@type\":\"Organization\",\"@id\":\"https:\\\/\\\/kueche-schweiz.ch\\\/#organization\",\"name\":\"K\u00fcche Schweiz\",\"url\":\"https:\\\/\\\/kueche-schweiz.ch\\\/\",\"logo\":{\"@type\":\"ImageObject\",\"inLanguage\":\"fr-FR\",\"@id\":\"https:\\\/\\\/kueche-schweiz.ch\\\/#\\\/schema\\\/logo\\\/image\\\/\",\"url\":\"https:\\\/\\\/kueche-schweiz.ch\\\/app\\\/uploads\\\/2025\\\/01\\\/logo-kueche-schweiz.png\",\"contentUrl\":\"https:\\\/\\\/kueche-schweiz.ch\\\/app\\\/uploads\\\/2025\\\/01\\\/logo-kueche-schweiz.png\",\"width\":1417,\"height\":1846,\"caption\":\"K\u00fcche Schweiz\"},\"image\":{\"@id\":\"https:\\\/\\\/kueche-schweiz.ch\\\/#\\\/schema\\\/logo\\\/image\\\/\"}}]}<\/script>\n<!-- \/ Yoast SEO plugin. -->","yoast_head_json":{"title":"L'organisation - K\u00fcche Schweiz","robots":{"index":"index","follow":"follow","max-snippet":"max-snippet:-1","max-image-preview":"max-image-preview:large","max-video-preview":"max-video-preview:-1"},"canonical":"https:\/\/kueche-schweiz.ch\/fr\/consommateurs-et-maitres-douvrage\/swiss-kitchen-award\/lorganisation\/","og_locale":"fr_FR","og_type":"article","og_title":"L'organisation - K\u00fcche Schweiz","og_description":"Organisation Nous vous remercions de l&#8217;int\u00e9r\u00eat que vous portez au SWISS KITCHEN AWARD. Le SWISS KITCHEN AWARD est organis\u00e9 par l&#8217;association professionnelle Cuisine Suisse et r\u00e9alis\u00e9 en collaboration avec les sponsors et les partenaires de soutien ainsi qu&#8217;avec le partenaire m\u00e9dia principal Etzel-Verlag. Rainer Klein se fera un plaisir de r\u00e9pondre \u00e0 vos questions. klein@kueche-schweiz.ch [&hellip;]","og_url":"https:\/\/kueche-schweiz.ch\/fr\/consommateurs-et-maitres-douvrage\/swiss-kitchen-award\/lorganisation\/","og_site_name":"K\u00fcche Schweiz","article_modified_time":"2025-04-24T07:31:27+00:00","og_image":[{"width":1024,"height":681,"url":"https:\/\/kueche-schweiz.ch\/app\/uploads\/2024\/06\/SKA_Video_Pokal2023_1024x681.jpg","type":"image\/jpeg"}],"twitter_card":"summary_large_image","twitter_misc":{"Dur\u00e9e de lecture estim\u00e9e":"1 minute"},"schema":{"@context":"https:\/\/schema.org","@graph":[{"@type":"WebPage","@id":"https:\/\/kueche-schweiz.ch\/fr\/consommateurs-et-maitres-douvrage\/swiss-kitchen-award\/lorganisation\/","url":"https:\/\/kueche-schweiz.ch\/fr\/consommateurs-et-maitres-douvrage\/swiss-kitchen-award\/lorganisation\/","name":"L'organisation - K\u00fcche Schweiz","isPartOf":{"@id":"https:\/\/kueche-schweiz.ch\/#website"},"primaryImageOfPage":{"@id":"https:\/\/kueche-schweiz.ch\/fr\/consommateurs-et-maitres-douvrage\/swiss-kitchen-award\/lorganisation\/#primaryimage"},"image":{"@id":"https:\/\/kueche-schweiz.ch\/fr\/consommateurs-et-maitres-douvrage\/swiss-kitchen-award\/lorganisation\/#primaryimage"},"thumbnailUrl":"https:\/\/kueche-schweiz.ch\/app\/uploads\/2024\/06\/SKA_Video_Pokal2023_1024x681.jpg","datePublished":"2024-04-09T13:13:46+00:00","dateModified":"2025-04-24T07:31:27+00:00","breadcrumb":{"@id":"https:\/\/kueche-schweiz.ch\/fr\/consommateurs-et-maitres-douvrage\/swiss-kitchen-award\/lorganisation\/#breadcrumb"},"inLanguage":"fr-FR","potentialAction":[{"@type":"ReadAction","target":["https:\/\/kueche-schweiz.ch\/fr\/consommateurs-et-maitres-douvrage\/swiss-kitchen-award\/lorganisation\/"]}]},{"@type":"ImageObject","inLanguage":"fr-FR","@id":"https:\/\/kueche-schweiz.ch\/fr\/consommateurs-et-maitres-douvrage\/swiss-kitchen-award\/lorganisation\/#primaryimage","url":"https:\/\/kueche-schweiz.ch\/app\/uploads\/2024\/06\/SKA_Video_Pokal2023_1024x681.jpg","contentUrl":"https:\/\/kueche-schweiz.ch\/app\/uploads\/2024\/06\/SKA_Video_Pokal2023_1024x681.jpg","width":1024,"height":681},{"@type":"BreadcrumbList","@id":"https:\/\/kueche-schweiz.ch\/fr\/consommateurs-et-maitres-douvrage\/swiss-kitchen-award\/lorganisation\/#breadcrumb","itemListElement":[{"@type":"ListItem","position":1,"name":"Page d'accueil","item":"https:\/\/kueche-schweiz.ch\/fr\/"},{"@type":"ListItem","position":2,"name":"Consommateurs et ma\u00eetres d&#8217;ouvrage","item":"https:\/\/kueche-schweiz.ch\/fr\/consommateurs-et-maitres-douvrage\/"},{"@type":"ListItem","position":3,"name":"Prix de la cuisine suisse","item":"https:\/\/kueche-schweiz.ch\/fr\/consommateurs-et-maitres-douvrage\/swiss-kitchen-award\/"},{"@type":"ListItem","position":4,"name":"L&#8217;organisation"}]},{"@type":"WebSite","@id":"https:\/\/kueche-schweiz.ch\/#website","url":"https:\/\/kueche-schweiz.ch\/","name":"K\u00fcche Schweiz","description":"","publisher":{"@id":"https:\/\/kueche-schweiz.ch\/#organization"},"potentialAction":[{"@type":"SearchAction","target":{"@type":"EntryPoint","urlTemplate":"https:\/\/kueche-schweiz.ch\/?s={search_term_string}"},"query-input":{"@type":"PropertyValueSpecification","valueRequired":true,"valueName":"search_term_string"}}],"inLanguage":"fr-FR"},{"@type":"Organization","@id":"https:\/\/kueche-schweiz.ch\/#organization","name":"K\u00fcche Schweiz","url":"https:\/\/kueche-schweiz.ch\/","logo":{"@type":"ImageObject","inLanguage":"fr-FR","@id":"https:\/\/kueche-schweiz.ch\/#\/schema\/logo\/image\/","url":"https:\/\/kueche-schweiz.ch\/app\/uploads\/2025\/01\/logo-kueche-schweiz.png","contentUrl":"https:\/\/kueche-schweiz.ch\/app\/uploads\/2025\/01\/logo-kueche-schweiz.png","width":1417,"height":1846,"caption":"K\u00fcche Schweiz"},"image":{"@id":"https:\/\/kueche-schweiz.ch\/#\/schema\/logo\/image\/"}}]}},"_links":{"self":[{"href":"https:\/\/kueche-schweiz.ch\/fr\/wp-json\/wp\/v2\/pages\/18209","targetHints":{"allow":["GET"]}}],"collection":[{"href":"https:\/\/kueche-schweiz.ch\/fr\/wp-json\/wp\/v2\/pages"}],"about":[{"href":"https:\/\/kueche-schweiz.ch\/fr\/wp-json\/wp\/v2\/types\/page"}],"author":[{"embeddable":true,"href":"https:\/\/kueche-schweiz.ch\/fr\/wp-json\/wp\/v2\/users\/1"}],"replies":[{"embeddable":true,"href":"https:\/\/kueche-schweiz.ch\/fr\/wp-json\/wp\/v2\/comments?post=18209"}],"version-history":[{"count":4,"href":"https:\/\/kueche-schweiz.ch\/fr\/wp-json\/wp\/v2\/pages\/18209\/revisions"}],"predecessor-version":[{"id":29151,"href":"https:\/\/kueche-schweiz.ch\/fr\/wp-json\/wp\/v2\/pages\/18209\/revisions\/29151"}],"up":[{"embeddable":true,"href":"https:\/\/kueche-schweiz.ch\/fr\/wp-json\/wp\/v2\/pages\/18191"}],"wp:featuredmedia":[{"embeddable":true,"href":"https:\/\/kueche-schweiz.ch\/fr\/wp-json\/wp\/v2\/media\/17249"}],"wp:attachment":[{"href":"https:\/\/kueche-schweiz.ch\/fr\/wp-json\/wp\/v2\/media?parent=18209"}],"curies":[{"name":"wp","href":"https:\/\/api.w.org\/{rel}","templated":true}]}}