{"id":18211,"date":"2024-04-18T10:17:33","date_gmt":"2024-04-18T08:17:33","guid":{"rendered":"https:\/\/dev.kueche-schweiz.ch\/consommateurs-et-maitres-douvrage\/prix-de-la-cuisine-suisse\/partenaires-et-sponsors\/"},"modified":"2025-11-04T14:34:51","modified_gmt":"2025-11-04T13:34:51","slug":"partenaires-et-sponsors","status":"publish","type":"page","link":"https:\/\/kueche-schweiz.ch\/fr\/consommateurs-et-maitres-douvrage\/swiss-kitchen-award\/partenaires-et-sponsors\/","title":{"rendered":"Partenaires et sponsors"},"content":{"rendered":"\n\n\n<div class=\"wp-block-group alignwide is-layout-constrained wp-block-group-is-layout-constrained\">\n<div class=\"wp-block-media-text alignwide is-stacked-on-mobile is-image-fill-element is-cover has-background-color has-primary-background-color has-text-color has-background has-link-color wp-elements-e664d45b10a056a420aa3a7b86c5e9e9\"><figure class=\"wp-block-media-text__media\"><img loading=\"lazy\" decoding=\"async\" width=\"1024\" height=\"681\" src=\"https:\/\/kueche-schweiz.ch\/app\/uploads\/2025\/11\/SKA_Fotowand_2025_1024x681.jpg\" alt=\"\" class=\"wp-image-33792 size-full\" style=\"object-position:50% 50%\" srcset=\"https:\/\/kueche-schweiz.ch\/app\/uploads\/2025\/11\/SKA_Fotowand_2025_1024x681.jpg 1024w, https:\/\/kueche-schweiz.ch\/app\/uploads\/2025\/11\/SKA_Fotowand_2025_1024x681-300x200.jpg 300w, https:\/\/kueche-schweiz.ch\/app\/uploads\/2025\/11\/SKA_Fotowand_2025_1024x681-768x511.jpg 768w\" sizes=\"auto, (max-width: 1024px) 100vw, 1024px\" \/><\/figure><div class=\"wp-block-media-text__content\"><div class=\"yoast-breadcrumbs\"><span><span><a href=\"https:\/\/kueche-schweiz.ch\/fr\/\">Page d&#8217;accueil<\/a><\/span> \u00bb <span><a href=\"https:\/\/kueche-schweiz.ch\/fr\/consommateurs-et-maitres-douvrage\/\">Consommateurs et ma\u00eetres d&#8217;ouvrage<\/a><\/span> \u00bb <span><a href=\"https:\/\/kueche-schweiz.ch\/fr\/consommateurs-et-maitres-douvrage\/swiss-kitchen-award\/\">Prix de la cuisine suisse<\/a><\/span> \u00bb <span class=\"breadcrumb_last\" aria-current=\"page\">Partenaires et sponsors<\/span><\/span><\/div>\n\n\n<h2 class=\"wp-block-heading\">Partenaires et sponsors  <\/h2>\n\n\n\n<p>L&#8217;association professionnelle Cuisine Suisse est une organisation \u00e0 but non lucratif. Le soutien des partenaires et des sponsors est donc essentiel et indispensable \u00e0 la r\u00e9alisation du SWISS KITCHEN AWARD.<br>En tant qu&#8217;association, nous appr\u00e9cions beaucoup cet engagement et nous aimerions vous pr\u00e9senter ces entreprises ici.<\/p>\n<\/div><\/div>\n\n\n\n<div class=\"wp-block-group alignfull has-background-background-color has-background is-layout-constrained wp-block-group-is-layout-constrained\">\n<div class=\"wp-block-group has-overlap has-overlap-right has-background-color has-primary-background-color has-text-color has-background has-link-color wp-elements-16f48a9075d0ae38b47f56135b34a14b is-layout-constrained wp-block-group-is-layout-constrained\">\n<div class=\"wp-block-group is-style-narrow is-layout-constrained wp-block-group-is-layout-constrained\">\n<div class=\"wp-block-media-text has-media-on-the-right is-stacked-on-mobile\" style=\"grid-template-columns:auto 40%\"><div class=\"wp-block-media-text__content\">\n<h2 class=\"wp-block-heading\">Nos sponsors<\/h2>\n\n\n\n<p>Gr\u00e2ce \u00e0 l&#8217;engagement actif, aux contributions financi\u00e8res et aux ressources de nos fid\u00e8les sponsors et partenaires de soutien, il nous est possible d&#8217;organiser le SWISS KITCHEN AWARD en tant qu&#8217;\u00e9v\u00e9nement de mani\u00e8re professionnelle et dans un cadre appropri\u00e9. Ils contribuent \u00e0 la conception et \u00e0 l&#8217;attribution des prix et offrent des prix en nature et des services de valeur. Par leur soutien, ils contribuent \u00e0 c\u00e9l\u00e9brer et \u00e0 faire progresser la qualit\u00e9 et la force d&#8217;innovation du secteur suisse des cuisines.<\/p>\n<\/div><figure class=\"wp-block-media-text__media\"><img loading=\"lazy\" decoding=\"async\" width=\"1024\" height=\"681\" src=\"https:\/\/kueche-schweiz.ch\/app\/uploads\/2025\/04\/SKA_2025_FR_Sponsoren3_1024x681-1024x681.jpg\" alt=\"\" class=\"wp-image-29131 size-full\" srcset=\"https:\/\/kueche-schweiz.ch\/app\/uploads\/2025\/04\/SKA_2025_FR_Sponsoren3_1024x681-1024x681.jpg 1024w, https:\/\/kueche-schweiz.ch\/app\/uploads\/2025\/04\/SKA_2025_FR_Sponsoren3_1024x681-300x200.jpg 300w, https:\/\/kueche-schweiz.ch\/app\/uploads\/2025\/04\/SKA_2025_FR_Sponsoren3_1024x681-768x511.jpg 768w, https:\/\/kueche-schweiz.ch\/app\/uploads\/2025\/04\/SKA_2025_FR_Sponsoren3_1024x681-1536x1022.jpg 1536w, https:\/\/kueche-schweiz.ch\/app\/uploads\/2025\/04\/SKA_2025_FR_Sponsoren3_1024x681-2048x1362.jpg 2048w\" sizes=\"auto, (max-width: 1024px) 100vw, 1024px\" \/><\/figure><\/div>\n<\/div>\n<\/div>\n<\/div>\n\n\n\n<div class=\"wp-block-group alignfull has-background-background-color has-background is-layout-constrained wp-block-group-is-layout-constrained\">\n<div class=\"wp-block-group has-overlap has-overlap-left has-background-color has-primary-background-color has-text-color has-background has-link-color wp-elements-aa1ef2f4615d2f91890ab9772e0955c1 is-layout-constrained wp-block-group-is-layout-constrained\">\n<div class=\"wp-block-group is-style-narrow is-layout-constrained wp-block-group-is-layout-constrained\">\n<div class=\"wp-block-media-text is-stacked-on-mobile is-vertically-aligned-center\" style=\"grid-template-columns:40% auto\"><figure class=\"wp-block-media-text__media\"><img decoding=\"async\" src=\"https:\/\/kueche-schweiz.ch\/app\/uploads\/2025\/04\/SKA_2025_FR_Partner3_1024x681-scaled.jpg\" alt=\"\" class=\"wp-image-29174 size-full\"\/><\/figure><div class=\"wp-block-media-text__content\">\n<h2 class=\"wp-block-heading\">Nos partenaires<\/h2>\n\n\n\n<p>Nos partenaires m\u00e9dias principaux et sp\u00e9cialis\u00e9s apportent un soutien pr\u00e9cieux au <a href=\"https:\/\/kueche-schweiz.ch\/fr\/consommateurs-et-maitres-douvrage\/swiss-kitchen-award\/\">SWISS KITCHEN AWARD<\/a> en fournissant une couverture compl\u00e8te du prix. Ils assurent une large couverture m\u00e9diatique par le biais d&#8217;annonces pr\u00e9alables, de reportages en direct et de comptes rendus ult\u00e9rieurs. De plus, ils favorisent la perception du public des participants et des laur\u00e9ats, ce qui augmente consid\u00e9rablement leur reconnaissance et leur succ\u00e8s dans le secteur. Par leurs reportages, ils contribuent \u00e0 mettre en lumi\u00e8re la force d&#8217;innovation et la qualit\u00e9 du secteur suisse des cuisines. Ils inspirent ainsi aussi bien les professionnels que les utilisateurs finaux.<\/p>\n<\/div><\/div>\n<\/div>\n<\/div>\n\n\n\n<div class=\"wp-block-buttons is-content-justification-center is-layout-flex wp-container-core-buttons-is-layout-a89b3969 wp-block-buttons-is-layout-flex\">\n<div class=\"wp-block-button\"><a class=\"wp-block-button__link wp-element-button\" href=\"https:\/\/www.das-einfamilienhaus.ch\" target=\"_blank\" rel=\"noreferrer noopener\">La maison individuelle  <\/a><\/div>\n\n\n\n<div class=\"wp-block-button\"><a class=\"wp-block-button__link wp-element-button\" href=\"https:\/\/www.raum-und-wohnen.ch\" target=\"_blank\" rel=\"noreferrer noopener\">Espace et habitat<\/a><\/div>\n\n\n\n<div class=\"wp-block-button\"><a class=\"wp-block-button__link wp-element-button\" href=\"https:\/\/www.schreinersicht.ch\" target=\"_blank\" rel=\"noreferrer noopener\">Vue de la menuiserie  <\/a><\/div>\n\n\n\n<div class=\"wp-block-button\"><a class=\"wp-block-button__link wp-element-button\" href=\"https:\/\/www.schreinerzeitung.ch\" target=\"_blank\" rel=\"noreferrer noopener\">Journal des menuisiers<\/a><\/div>\n\n\n\n<div class=\"wp-block-button\"><a class=\"wp-block-button__link wp-element-button\" href=\"https:\/\/www.frecem.ch\/idb\" target=\"_blank\" rel=\"noreferrer noopener\">IDB<\/a><\/div>\n<\/div>\n<\/div>\n<\/div>\n\n\n<div class=\"wp-block-group alignfull has-background has-link-color wp-elements-1146171cc5c1aba21ff5f933d4db6095 is-layout-constrained wp-block-group-is-layout-constrained partner-logos-holder\">\n<h2 class=\"wp-block-heading has-text-align-center is-in-viewport\">Nos sponsors<\/h2>\n\n<div class=\"partner-logos partner-logos-white\">\n\t<a target=\"_blank\" data-partner-id=\"0\" href=\"https:\/\/permapack.ch\/\" class=\"partner-logo\" style=\"background-image:url(https:\/\/kueche-schweiz.ch\/app\/uploads\/2024\/06\/permafix_weiss_800x400px.png)\" data-partner-logo-color=\"https:\/\/kueche-schweiz.ch\/app\/uploads\/2024\/06\/permafix_800x400px.png\"><\/a>\n\t<a target=\"_blank\" data-partner-id=\"1\" href=\"https:\/\/www.quooker.ch\/\" class=\"partner-logo\" style=\"background-image:url(https:\/\/kueche-schweiz.ch\/app\/uploads\/2024\/06\/quooker_weiss_800x400px.png)\" data-partner-logo-color=\"https:\/\/kueche-schweiz.ch\/app\/uploads\/2024\/06\/quooker_800x400px.png\"><\/a>\n\n\t\t\t<a target=\"_blank\" href=\"https:\/\/www.laufen.ch\" class=\"partner-logo is-main-partner\" style=\"background-image:url(https:\/\/kueche-schweiz.ch\/app\/uploads\/2024\/06\/Laufen_Haupt_weiss_800x400.png)\"><\/a>\n\t\n\t<a target=\"_blank\" data-partner-id=\"2\" href=\"https:\/\/www.swisskrono.com\/\" class=\"partner-logo\" style=\"background-image:url(https:\/\/kueche-schweiz.ch\/app\/uploads\/2024\/06\/swisskrono_weiss_800x400px-1.png)\" data-partner-logo-color=\"https:\/\/kueche-schweiz.ch\/app\/uploads\/2024\/06\/swisskrono_800x400px-1.png\"><\/a>\n\t<a target=\"_blank\" data-partner-id=\"3\" href=\"https:\/\/www.blum.com\/ch\/de\/\" class=\"partner-logo\" style=\"background-image:url(https:\/\/kueche-schweiz.ch\/app\/uploads\/2024\/06\/blum_weiss_800x400px-2.png)\" data-partner-logo-color=\"https:\/\/kueche-schweiz.ch\/app\/uploads\/2024\/06\/blum_800x400px-2.png\"><\/a>\n<\/div>\n\n<div class=\"partner-logos partner-logos-color\">\n\t<a target=\"_blank\" data-partner-id=\"0\" href=\"https:\/\/permapack.ch\/\" class=\"partner-logo\" style=\"background-image:url(https:\/\/kueche-schweiz.ch\/app\/uploads\/2024\/06\/permafix_800x400px.png)\"><\/a>\n\t<a target=\"_blank\" data-partner-id=\"1\" href=\"https:\/\/www.quooker.ch\/\" class=\"partner-logo\" style=\"background-image:url(https:\/\/kueche-schweiz.ch\/app\/uploads\/2024\/06\/quooker_800x400px.png)\"><\/a>\n\t\t\t<a target=\"_blank\" href=\"https:\/\/www.laufen.ch\" class=\"partner-logo is-main-partner\" style=\"background-image:url(https:\/\/kueche-schweiz.ch\/app\/uploads\/2024\/06\/Laufen_Haupt_800x400.png)\"><\/a>\n\t\n\t<a target=\"_blank\" data-partner-id=\"2\" href=\"https:\/\/www.swisskrono.com\/\" class=\"partner-logo\" style=\"background-image:url(https:\/\/kueche-schweiz.ch\/app\/uploads\/2024\/06\/swisskrono_800x400px-1.png)\"><\/a>\n\t<a target=\"_blank\" data-partner-id=\"3\" href=\"https:\/\/www.blum.com\/ch\/de\/\" class=\"partner-logo\" style=\"background-image:url(https:\/\/kueche-schweiz.ch\/app\/uploads\/2024\/06\/blum_800x400px-2.png)\"><\/a>\n<\/div>\n\n<div class=\"hidden-partners\">\n\t\t\t\t\t\t\t<a target=\"_blank\" data-partner-id=\"4\" href=\"https:\/\/www.franke.com\/\" class=\"partner-logo\" style=\"background-image:url(https:\/\/kueche-schweiz.ch\/app\/uploads\/2024\/06\/franke_weiss_800x400px-1.png)\" data-partner-logo-color=\"https:\/\/kueche-schweiz.ch\/app\/uploads\/2024\/06\/franke_800x400px-1.png\"><\/a>\n\t\t\t\t<a target=\"_blank\" data-partner-id=\"5\" href=\"https:\/\/www.suter.ch\/\" class=\"partner-logo\" style=\"background-image:url(https:\/\/kueche-schweiz.ch\/app\/uploads\/2024\/06\/suter_weiss_800x400px.png)\" data-partner-logo-color=\"https:\/\/kueche-schweiz.ch\/app\/uploads\/2024\/06\/suter_800x400px.png\"><\/a>\n\t\t\t\t<a target=\"_blank\" data-partner-id=\"6\" href=\"https:\/\/www.sq-surface.ch\/\" class=\"partner-logo\" style=\"background-image:url(https:\/\/kueche-schweiz.ch\/app\/uploads\/2024\/06\/SQ_Surface_weiss_800x400-2.png)\" data-partner-logo-color=\"https:\/\/kueche-schweiz.ch\/app\/uploads\/2024\/06\/SQ_Surface_800x400-2.png\"><\/a>\n\t\t\t\t<a target=\"_blank\" data-partner-id=\"7\" href=\"https:\/\/steinform.com\/\" class=\"partner-logo\" style=\"background-image:url(https:\/\/kueche-schweiz.ch\/app\/uploads\/2025\/03\/steinform_weiss_800x400.png)\" data-partner-logo-color=\"https:\/\/kueche-schweiz.ch\/app\/uploads\/2025\/03\/steinform_800x400.png\"><\/a>\n\t\t\t\t<a target=\"_blank\" data-partner-id=\"8\" href=\"https:\/\/www.morathdesign.ch\/\" class=\"partner-logo\" style=\"background-image:url(https:\/\/kueche-schweiz.ch\/app\/uploads\/2024\/06\/morath_weiss_800x400px.png)\" data-partner-logo-color=\"https:\/\/kueche-schweiz.ch\/app\/uploads\/2024\/06\/morath_800x400px.png\"><\/a>\n\t\t\t\t<a target=\"_blank\" data-partner-id=\"9\" href=\"https:\/\/www.miele.ch\/de\/\" class=\"partner-logo\" style=\"background-image:url(https:\/\/kueche-schweiz.ch\/app\/uploads\/2024\/06\/miele_weiss_800x400.png)\" data-partner-logo-color=\"https:\/\/kueche-schweiz.ch\/app\/uploads\/2024\/06\/miele_800x400.png\"><\/a>\n\t\t\t\t<a target=\"_blank\" data-partner-id=\"10\" href=\"https:\/\/kwc.com\/de_CH\" class=\"partner-logo\" style=\"background-image:url(https:\/\/kueche-schweiz.ch\/app\/uploads\/2024\/12\/KWC_800x400_ret_weiss.png)\" data-partner-logo-color=\"https:\/\/kueche-schweiz.ch\/app\/uploads\/2024\/12\/KWC_800x400_ret.png\"><\/a>\n\t\t\t\t<a target=\"_blank\" data-partner-id=\"11\" href=\"https:\/\/www.vzug.com\/ch\/de\/\" class=\"partner-logo\" style=\"background-image:url(https:\/\/kueche-schweiz.ch\/app\/uploads\/2024\/12\/vzug_800x400_weiss.png)\" data-partner-logo-color=\"https:\/\/kueche-schweiz.ch\/app\/uploads\/2024\/12\/vzug_800x400.png\"><\/a>\n\t\t\t\t<a target=\"_blank\" data-partner-id=\"12\" href=\"https:\/\/www.gessi.com\/fr\" class=\"partner-logo\" style=\"background-image:url(https:\/\/kueche-schweiz.ch\/app\/uploads\/2024\/12\/Gessi_800x400_weiss.png)\" data-partner-logo-color=\"https:\/\/kueche-schweiz.ch\/app\/uploads\/2024\/12\/Gessi_800x400.png\"><\/a>\n\t\t\t\t<a target=\"_blank\" data-partner-id=\"13\" href=\"https:\/\/www.wesco.ch\/fr-fr\/\" class=\"partner-logo\" style=\"background-image:url(https:\/\/kueche-schweiz.ch\/app\/uploads\/2024\/12\/Wesco_Claim_FR_800x400_weiss.png)\" data-partner-logo-color=\"https:\/\/kueche-schweiz.ch\/app\/uploads\/2024\/12\/Wesco_Claim_FR_800x400.png\"><\/a>\n\t\t\t\t<a target=\"_blank\" data-partner-id=\"14\" href=\"https:\/\/www.formex.ch\/de\" class=\"partner-logo\" style=\"background-image:url(https:\/\/kueche-schweiz.ch\/app\/uploads\/2025\/03\/Formex40J_weiss_800x400.png)\" data-partner-logo-color=\"https:\/\/kueche-schweiz.ch\/app\/uploads\/2025\/03\/Formex40J_800x400.png\"><\/a>\n\t\t\t\t<a target=\"_blank\" data-partner-id=\"15\" href=\"https:\/\/www.electrolux.ch\/de-ch\/\" class=\"partner-logo\" style=\"background-image:url(https:\/\/kueche-schweiz.ch\/app\/uploads\/2024\/06\/electrolux_weiss_800x400px.png)\" data-partner-logo-color=\"https:\/\/kueche-schweiz.ch\/app\/uploads\/2024\/06\/electrolux_800x400px.png\"><\/a>\n\t<\/div>\n\n<\/div>\n","protected":false},"excerpt":{"rendered":"<p>Partenaires et sponsors L&#8217;association professionnelle Cuisine Suisse est une organisation \u00e0 but non lucratif. Le soutien des partenaires et des sponsors est donc essentiel et indispensable \u00e0 la r\u00e9alisation du SWISS KITCHEN AWARD.En tant qu&#8217;association, nous appr\u00e9cions beaucoup cet engagement et nous aimerions vous pr\u00e9senter ces entreprises ici. Nos sponsors Gr\u00e2ce \u00e0 l&#8217;engagement actif, aux [&hellip;]<\/p>\n","protected":false},"author":700,"featured_media":0,"parent":18191,"menu_order":116,"comment_status":"closed","ping_status":"closed","template":"","meta":{"_acf_changed":false,"inline_featured_image":false,"footnotes":""},"class_list":["post-18211","page","type-page","status-publish","hentry"],"acf":[],"yoast_head":"<!-- This site is optimized with the Yoast SEO plugin v27.5 - https:\/\/yoast.com\/product\/yoast-seo-wordpress\/ -->\n<title>Partenaires et sponsors - K\u00fcche Schweiz<\/title>\n<meta name=\"robots\" content=\"index, follow, max-snippet:-1, max-image-preview:large, max-video-preview:-1\" \/>\n<link rel=\"canonical\" href=\"https:\/\/kueche-schweiz.ch\/fr\/consommateurs-et-maitres-douvrage\/swiss-kitchen-award\/partenaires-et-sponsors\/\" \/>\n<meta property=\"og:locale\" content=\"fr_FR\" \/>\n<meta property=\"og:type\" content=\"article\" \/>\n<meta property=\"og:title\" content=\"Partenaires et sponsors - K\u00fcche Schweiz\" \/>\n<meta property=\"og:description\" content=\"Partenaires et sponsors L&#8217;association professionnelle Cuisine Suisse est une organisation \u00e0 but non lucratif. Le soutien des partenaires et des sponsors est donc essentiel et indispensable \u00e0 la r\u00e9alisation du SWISS KITCHEN AWARD.En tant qu&#8217;association, nous appr\u00e9cions beaucoup cet engagement et nous aimerions vous pr\u00e9senter ces entreprises ici. Nos sponsors Gr\u00e2ce \u00e0 l&#8217;engagement actif, aux [&hellip;]\" \/>\n<meta property=\"og:url\" content=\"https:\/\/kueche-schweiz.ch\/fr\/consommateurs-et-maitres-douvrage\/swiss-kitchen-award\/partenaires-et-sponsors\/\" \/>\n<meta property=\"og:site_name\" content=\"K\u00fcche Schweiz\" \/>\n<meta property=\"article:modified_time\" content=\"2025-11-04T13:34:51+00:00\" \/>\n<meta property=\"og:image\" content=\"https:\/\/kueche-schweiz.ch\/app\/uploads\/2025\/11\/SKA_Fotowand_2025_1024x681.jpg\" \/>\n\t<meta property=\"og:image:width\" content=\"1024\" \/>\n\t<meta property=\"og:image:height\" content=\"681\" \/>\n\t<meta property=\"og:image:type\" content=\"image\/jpeg\" \/>\n<meta name=\"twitter:card\" content=\"summary_large_image\" \/>\n<meta name=\"twitter:label1\" content=\"Dur\u00e9e de lecture estim\u00e9e\" \/>\n\t<meta name=\"twitter:data1\" content=\"4 minutes\" \/>\n<script type=\"application\/ld+json\" class=\"yoast-schema-graph\">{\"@context\":\"https:\\\/\\\/schema.org\",\"@graph\":[{\"@type\":\"WebPage\",\"@id\":\"https:\\\/\\\/kueche-schweiz.ch\\\/fr\\\/consommateurs-et-maitres-douvrage\\\/swiss-kitchen-award\\\/partenaires-et-sponsors\\\/\",\"url\":\"https:\\\/\\\/kueche-schweiz.ch\\\/fr\\\/consommateurs-et-maitres-douvrage\\\/swiss-kitchen-award\\\/partenaires-et-sponsors\\\/\",\"name\":\"Partenaires et sponsors - K\u00fcche Schweiz\",\"isPartOf\":{\"@id\":\"https:\\\/\\\/kueche-schweiz.ch\\\/#website\"},\"primaryImageOfPage\":{\"@id\":\"https:\\\/\\\/kueche-schweiz.ch\\\/fr\\\/consommateurs-et-maitres-douvrage\\\/swiss-kitchen-award\\\/partenaires-et-sponsors\\\/#primaryimage\"},\"image\":{\"@id\":\"https:\\\/\\\/kueche-schweiz.ch\\\/fr\\\/consommateurs-et-maitres-douvrage\\\/swiss-kitchen-award\\\/partenaires-et-sponsors\\\/#primaryimage\"},\"thumbnailUrl\":\"https:\\\/\\\/kueche-schweiz.ch\\\/app\\\/uploads\\\/2025\\\/11\\\/SKA_Fotowand_2025_1024x681.jpg\",\"datePublished\":\"2024-04-18T08:17:33+00:00\",\"dateModified\":\"2025-11-04T13:34:51+00:00\",\"breadcrumb\":{\"@id\":\"https:\\\/\\\/kueche-schweiz.ch\\\/fr\\\/consommateurs-et-maitres-douvrage\\\/swiss-kitchen-award\\\/partenaires-et-sponsors\\\/#breadcrumb\"},\"inLanguage\":\"fr-FR\",\"potentialAction\":[{\"@type\":\"ReadAction\",\"target\":[\"https:\\\/\\\/kueche-schweiz.ch\\\/fr\\\/consommateurs-et-maitres-douvrage\\\/swiss-kitchen-award\\\/partenaires-et-sponsors\\\/\"]}]},{\"@type\":\"ImageObject\",\"inLanguage\":\"fr-FR\",\"@id\":\"https:\\\/\\\/kueche-schweiz.ch\\\/fr\\\/consommateurs-et-maitres-douvrage\\\/swiss-kitchen-award\\\/partenaires-et-sponsors\\\/#primaryimage\",\"url\":\"https:\\\/\\\/kueche-schweiz.ch\\\/app\\\/uploads\\\/2025\\\/11\\\/SKA_Fotowand_2025_1024x681.jpg\",\"contentUrl\":\"https:\\\/\\\/kueche-schweiz.ch\\\/app\\\/uploads\\\/2025\\\/11\\\/SKA_Fotowand_2025_1024x681.jpg\"},{\"@type\":\"BreadcrumbList\",\"@id\":\"https:\\\/\\\/kueche-schweiz.ch\\\/fr\\\/consommateurs-et-maitres-douvrage\\\/swiss-kitchen-award\\\/partenaires-et-sponsors\\\/#breadcrumb\",\"itemListElement\":[{\"@type\":\"ListItem\",\"position\":1,\"name\":\"Page d'accueil\",\"item\":\"https:\\\/\\\/kueche-schweiz.ch\\\/fr\\\/\"},{\"@type\":\"ListItem\",\"position\":2,\"name\":\"Consommateurs et ma\u00eetres d&#8217;ouvrage\",\"item\":\"https:\\\/\\\/kueche-schweiz.ch\\\/fr\\\/consommateurs-et-maitres-douvrage\\\/\"},{\"@type\":\"ListItem\",\"position\":3,\"name\":\"Prix de la cuisine suisse\",\"item\":\"https:\\\/\\\/kueche-schweiz.ch\\\/fr\\\/consommateurs-et-maitres-douvrage\\\/swiss-kitchen-award\\\/\"},{\"@type\":\"ListItem\",\"position\":4,\"name\":\"Partenaires et sponsors\"}]},{\"@type\":\"WebSite\",\"@id\":\"https:\\\/\\\/kueche-schweiz.ch\\\/#website\",\"url\":\"https:\\\/\\\/kueche-schweiz.ch\\\/\",\"name\":\"K\u00fcche Schweiz\",\"description\":\"\",\"publisher\":{\"@id\":\"https:\\\/\\\/kueche-schweiz.ch\\\/#organization\"},\"potentialAction\":[{\"@type\":\"SearchAction\",\"target\":{\"@type\":\"EntryPoint\",\"urlTemplate\":\"https:\\\/\\\/kueche-schweiz.ch\\\/?s={search_term_string}\"},\"query-input\":{\"@type\":\"PropertyValueSpecification\",\"valueRequired\":true,\"valueName\":\"search_term_string\"}}],\"inLanguage\":\"fr-FR\"},{\"@type\":\"Organization\",\"@id\":\"https:\\\/\\\/kueche-schweiz.ch\\\/#organization\",\"name\":\"K\u00fcche Schweiz\",\"url\":\"https:\\\/\\\/kueche-schweiz.ch\\\/\",\"logo\":{\"@type\":\"ImageObject\",\"inLanguage\":\"fr-FR\",\"@id\":\"https:\\\/\\\/kueche-schweiz.ch\\\/#\\\/schema\\\/logo\\\/image\\\/\",\"url\":\"https:\\\/\\\/kueche-schweiz.ch\\\/app\\\/uploads\\\/2025\\\/01\\\/logo-kueche-schweiz.png\",\"contentUrl\":\"https:\\\/\\\/kueche-schweiz.ch\\\/app\\\/uploads\\\/2025\\\/01\\\/logo-kueche-schweiz.png\",\"width\":1417,\"height\":1846,\"caption\":\"K\u00fcche Schweiz\"},\"image\":{\"@id\":\"https:\\\/\\\/kueche-schweiz.ch\\\/#\\\/schema\\\/logo\\\/image\\\/\"}}]}<\/script>\n<!-- \/ Yoast SEO plugin. -->","yoast_head_json":{"title":"Partenaires et sponsors - K\u00fcche Schweiz","robots":{"index":"index","follow":"follow","max-snippet":"max-snippet:-1","max-image-preview":"max-image-preview:large","max-video-preview":"max-video-preview:-1"},"canonical":"https:\/\/kueche-schweiz.ch\/fr\/consommateurs-et-maitres-douvrage\/swiss-kitchen-award\/partenaires-et-sponsors\/","og_locale":"fr_FR","og_type":"article","og_title":"Partenaires et sponsors - K\u00fcche Schweiz","og_description":"Partenaires et sponsors L&#8217;association professionnelle Cuisine Suisse est une organisation \u00e0 but non lucratif. Le soutien des partenaires et des sponsors est donc essentiel et indispensable \u00e0 la r\u00e9alisation du SWISS KITCHEN AWARD.En tant qu&#8217;association, nous appr\u00e9cions beaucoup cet engagement et nous aimerions vous pr\u00e9senter ces entreprises ici. Nos sponsors Gr\u00e2ce \u00e0 l&#8217;engagement actif, aux [&hellip;]","og_url":"https:\/\/kueche-schweiz.ch\/fr\/consommateurs-et-maitres-douvrage\/swiss-kitchen-award\/partenaires-et-sponsors\/","og_site_name":"K\u00fcche Schweiz","article_modified_time":"2025-11-04T13:34:51+00:00","og_image":[{"width":1024,"height":681,"url":"https:\/\/kueche-schweiz.ch\/app\/uploads\/2025\/11\/SKA_Fotowand_2025_1024x681.jpg","type":"image\/jpeg"}],"twitter_card":"summary_large_image","twitter_misc":{"Dur\u00e9e de lecture estim\u00e9e":"4 minutes"},"schema":{"@context":"https:\/\/schema.org","@graph":[{"@type":"WebPage","@id":"https:\/\/kueche-schweiz.ch\/fr\/consommateurs-et-maitres-douvrage\/swiss-kitchen-award\/partenaires-et-sponsors\/","url":"https:\/\/kueche-schweiz.ch\/fr\/consommateurs-et-maitres-douvrage\/swiss-kitchen-award\/partenaires-et-sponsors\/","name":"Partenaires et sponsors - K\u00fcche Schweiz","isPartOf":{"@id":"https:\/\/kueche-schweiz.ch\/#website"},"primaryImageOfPage":{"@id":"https:\/\/kueche-schweiz.ch\/fr\/consommateurs-et-maitres-douvrage\/swiss-kitchen-award\/partenaires-et-sponsors\/#primaryimage"},"image":{"@id":"https:\/\/kueche-schweiz.ch\/fr\/consommateurs-et-maitres-douvrage\/swiss-kitchen-award\/partenaires-et-sponsors\/#primaryimage"},"thumbnailUrl":"https:\/\/kueche-schweiz.ch\/app\/uploads\/2025\/11\/SKA_Fotowand_2025_1024x681.jpg","datePublished":"2024-04-18T08:17:33+00:00","dateModified":"2025-11-04T13:34:51+00:00","breadcrumb":{"@id":"https:\/\/kueche-schweiz.ch\/fr\/consommateurs-et-maitres-douvrage\/swiss-kitchen-award\/partenaires-et-sponsors\/#breadcrumb"},"inLanguage":"fr-FR","potentialAction":[{"@type":"ReadAction","target":["https:\/\/kueche-schweiz.ch\/fr\/consommateurs-et-maitres-douvrage\/swiss-kitchen-award\/partenaires-et-sponsors\/"]}]},{"@type":"ImageObject","inLanguage":"fr-FR","@id":"https:\/\/kueche-schweiz.ch\/fr\/consommateurs-et-maitres-douvrage\/swiss-kitchen-award\/partenaires-et-sponsors\/#primaryimage","url":"https:\/\/kueche-schweiz.ch\/app\/uploads\/2025\/11\/SKA_Fotowand_2025_1024x681.jpg","contentUrl":"https:\/\/kueche-schweiz.ch\/app\/uploads\/2025\/11\/SKA_Fotowand_2025_1024x681.jpg"},{"@type":"BreadcrumbList","@id":"https:\/\/kueche-schweiz.ch\/fr\/consommateurs-et-maitres-douvrage\/swiss-kitchen-award\/partenaires-et-sponsors\/#breadcrumb","itemListElement":[{"@type":"ListItem","position":1,"name":"Page d'accueil","item":"https:\/\/kueche-schweiz.ch\/fr\/"},{"@type":"ListItem","position":2,"name":"Consommateurs et ma\u00eetres d&#8217;ouvrage","item":"https:\/\/kueche-schweiz.ch\/fr\/consommateurs-et-maitres-douvrage\/"},{"@type":"ListItem","position":3,"name":"Prix de la cuisine suisse","item":"https:\/\/kueche-schweiz.ch\/fr\/consommateurs-et-maitres-douvrage\/swiss-kitchen-award\/"},{"@type":"ListItem","position":4,"name":"Partenaires et sponsors"}]},{"@type":"WebSite","@id":"https:\/\/kueche-schweiz.ch\/#website","url":"https:\/\/kueche-schweiz.ch\/","name":"K\u00fcche Schweiz","description":"","publisher":{"@id":"https:\/\/kueche-schweiz.ch\/#organization"},"potentialAction":[{"@type":"SearchAction","target":{"@type":"EntryPoint","urlTemplate":"https:\/\/kueche-schweiz.ch\/?s={search_term_string}"},"query-input":{"@type":"PropertyValueSpecification","valueRequired":true,"valueName":"search_term_string"}}],"inLanguage":"fr-FR"},{"@type":"Organization","@id":"https:\/\/kueche-schweiz.ch\/#organization","name":"K\u00fcche Schweiz","url":"https:\/\/kueche-schweiz.ch\/","logo":{"@type":"ImageObject","inLanguage":"fr-FR","@id":"https:\/\/kueche-schweiz.ch\/#\/schema\/logo\/image\/","url":"https:\/\/kueche-schweiz.ch\/app\/uploads\/2025\/01\/logo-kueche-schweiz.png","contentUrl":"https:\/\/kueche-schweiz.ch\/app\/uploads\/2025\/01\/logo-kueche-schweiz.png","width":1417,"height":1846,"caption":"K\u00fcche Schweiz"},"image":{"@id":"https:\/\/kueche-schweiz.ch\/#\/schema\/logo\/image\/"}}]}},"_links":{"self":[{"href":"https:\/\/kueche-schweiz.ch\/fr\/wp-json\/wp\/v2\/pages\/18211","targetHints":{"allow":["GET"]}}],"collection":[{"href":"https:\/\/kueche-schweiz.ch\/fr\/wp-json\/wp\/v2\/pages"}],"about":[{"href":"https:\/\/kueche-schweiz.ch\/fr\/wp-json\/wp\/v2\/types\/page"}],"author":[{"embeddable":true,"href":"https:\/\/kueche-schweiz.ch\/fr\/wp-json\/wp\/v2\/users\/700"}],"replies":[{"embeddable":true,"href":"https:\/\/kueche-schweiz.ch\/fr\/wp-json\/wp\/v2\/comments?post=18211"}],"version-history":[{"count":10,"href":"https:\/\/kueche-schweiz.ch\/fr\/wp-json\/wp\/v2\/pages\/18211\/revisions"}],"predecessor-version":[{"id":33795,"href":"https:\/\/kueche-schweiz.ch\/fr\/wp-json\/wp\/v2\/pages\/18211\/revisions\/33795"}],"up":[{"embeddable":true,"href":"https:\/\/kueche-schweiz.ch\/fr\/wp-json\/wp\/v2\/pages\/18191"}],"wp:attachment":[{"href":"https:\/\/kueche-schweiz.ch\/fr\/wp-json\/wp\/v2\/media?parent=18211"}],"curies":[{"name":"wp","href":"https:\/\/api.w.org\/{rel}","templated":true}]}}