{"id":18220,"date":"2024-04-09T10:52:57","date_gmt":"2024-04-09T08:52:57","guid":{"rendered":"https:\/\/dev.kueche-schweiz.ch\/contact\/"},"modified":"2025-05-23T17:14:28","modified_gmt":"2025-05-23T15:14:28","slug":"contact","status":"publish","type":"page","link":"https:\/\/kueche-schweiz.ch\/fr\/contact\/","title":{"rendered":"Contact"},"content":{"rendered":"\n<div class=\"wp-block-group alignwide is-layout-constrained wp-block-group-is-layout-constrained\">\n<div class=\"wp-block-media-text alignwide is-stacked-on-mobile is-image-fill-element is-cover has-background-color has-foreground-background-color has-text-color has-background has-link-color wp-elements-439c38d745464d0898ae73510e7f1521\"><figure class=\"wp-block-media-text__media\"><img loading=\"lazy\" decoding=\"async\" width=\"1024\" height=\"681\" src=\"https:\/\/kueche-schweiz.ch\/app\/uploads\/2024\/07\/kontakt_GV24_DSC8221_1024x681_ret.jpg\" alt=\"\" class=\"wp-image-22162 size-full\" style=\"object-position:50% 50%\" srcset=\"https:\/\/kueche-schweiz.ch\/app\/uploads\/2024\/07\/kontakt_GV24_DSC8221_1024x681_ret.jpg 1024w, https:\/\/kueche-schweiz.ch\/app\/uploads\/2024\/07\/kontakt_GV24_DSC8221_1024x681_ret-300x200.jpg 300w, https:\/\/kueche-schweiz.ch\/app\/uploads\/2024\/07\/kontakt_GV24_DSC8221_1024x681_ret-768x511.jpg 768w\" sizes=\"auto, (max-width: 1024px) 100vw, 1024px\" \/><\/figure><div class=\"wp-block-media-text__content\"><div class=\"yoast-breadcrumbs\"><span><span><a href=\"https:\/\/kueche-schweiz.ch\/fr\/\">Page d&#8217;accueil<\/a><\/span> \u00bb <span class=\"breadcrumb_last\" aria-current=\"page\">Contact<\/span><\/span><\/div>\n\n\n<h2 class=\"wp-block-heading\">Contact<\/h2>\n\n\n\n<p>Notre association Cuisine Suisse est synonyme de comp\u00e9tence et d&#8217;engagement dans le secteur des cuisines. Notre directeur g\u00e9n\u00e9ral, M. Rainer Klein, voyage beaucoup en Suisse pour rendre visite \u00e0 nos membres et \u00e0 ceux qui souhaitent le devenir. Malgr\u00e9 ses nombreux d\u00e9placements, il est toujours disponible et se consacre volontiers \u00e0 vos demandes. Que vous ayez une demande d&#8217;adh\u00e9sion, que vous ayez besoin de renseignements sur des expertises ou que vous cherchiez des informations g\u00e9n\u00e9rales sur la cuisine, n&#8217;h\u00e9sitez pas \u00e0 nous appeler ou \u00e0 nous envoyer un e-mail. Nous nous en occuperons avec plaisir !<\/p>\n\n\n\n<div class=\"wp-block-buttons is-layout-flex wp-block-buttons-is-layout-flex\">\n<div class=\"wp-block-button is-style-outline is-style-outline--1\"><a class=\"wp-block-button__link wp-element-button\" href=\"#formular\">Contacter maintenant<\/a><\/div>\n<\/div>\n<\/div><\/div>\n<\/div>\n\n\n\n<div class=\"wp-block-group alignfull has-background-background-color has-background is-layout-constrained wp-block-group-is-layout-constrained\">\n<div class=\"wp-block-group is-style-narrow is-layout-constrained wp-block-group-is-layout-constrained\">\n<div class=\"wp-block-group is-content-justification-space-between is-layout-flex wp-container-core-group-is-layout-23669fc3 wp-block-group-is-layout-flex\">\n<div class=\"wp-block-group partner-contact-holder is-layout-constrained wp-block-group-is-layout-constrained\">\n<h3 class=\"wp-block-heading\">cuisine suisse &#8211; l&#8217;association professionnelle<\/h3>\n\n\n\n<p class=\"is-address\">Feldmatt 1<br>6030 Ebikon<\/p>\n\n\n\n<p class=\"is-phone\">+41 41 440 59 70<\/p>\n\n\n\n<p class=\"is-mail\"><a href=\"mailto:info@kueche-schweiz.ch\"><\/a><a href=\"mailto:info@kueche-schweiz.ch\">info@kueche-schweiz.ch<\/a><\/p>\n<\/div>\n\n\n\n<div class=\"wp-block-group contact-map-holder is-layout-constrained wp-block-group-is-layout-constrained\">\n<iframe src=\"https:\/\/www.google.com\/maps\/embed?pb=!1m18!1m12!1m3!1d2716.6009188356097!2d8.348154275932346!3d47.087289171146935!2m3!1f0!2f0!3f0!3m2!1i1024!2i768!4f13.1!3m3!1m2!1s0x479aa74e38ef827f%3A0x4514e8ce07992be0!2sk%C3%BCche%20schweiz%20-%20Der%20Branchenverband!5e0!3m2!1sde!2sus!4v1712653405586!5m2!1sde!2sus\" width=\"100%\" height=\"350\" style=\"border:0;\" allowfullscreen=\"\" loading=\"lazy\" referrerpolicy=\"no-referrer-when-downgrade\"><\/iframe>\n<\/div>\n<\/div>\n<\/div>\n<\/div>\n\n\n\n<div class=\"wp-block-group alignfull has-background-background-color has-background is-layout-constrained wp-block-group-is-layout-constrained\">\n<h2 class=\"wp-block-heading has-text-align-center\">Bureau<\/h2>\n\n\n\n<div class=\"wp-block-group is-style-row-3 is-layout-flex wp-container-core-group-is-layout-d0921e6e wp-block-group-is-layout-flex\">\n<div class=\"wp-block-group is-layout-constrained wp-block-group-is-layout-constrained\">\n<figure class=\"wp-block-image size-full is-resized\"><img loading=\"lazy\" decoding=\"async\" width=\"1220\" height=\"1190\" src=\"https:\/\/kueche-schweiz.ch\/app\/uploads\/2024\/04\/Klein_bymorris_WEB.jpg\" alt=\"\" class=\"wp-image-1785\" style=\"aspect-ratio:1;object-fit:cover;width:458px\" srcset=\"https:\/\/kueche-schweiz.ch\/app\/uploads\/2024\/04\/Klein_bymorris_WEB.jpg 1220w, https:\/\/kueche-schweiz.ch\/app\/uploads\/2024\/04\/Klein_bymorris_WEB-300x293.jpg 300w, https:\/\/kueche-schweiz.ch\/app\/uploads\/2024\/04\/Klein_bymorris_WEB-1024x999.jpg 1024w, https:\/\/kueche-schweiz.ch\/app\/uploads\/2024\/04\/Klein_bymorris_WEB-768x749.jpg 768w\" sizes=\"auto, (max-width: 1220px) 100vw, 1220px\" \/><\/figure>\n\n\n\n<p><strong>Rainer Klein<\/strong>, directeur g\u00e9n\u00e9ral<br>Cuisine Suisse, Ebikon<\/p>\n\n\n\n<p class=\"is-mail\"><a href=\"mailto:klein@kueche-schweiz.ch\">klein@kueche-schweiz.ch<\/a><\/p>\n<\/div>\n\n\n\n<div class=\"wp-block-group is-layout-constrained wp-block-group-is-layout-constrained\">\n<figure class=\"wp-block-image size-full is-resized\"><img loading=\"lazy\" decoding=\"async\" width=\"1220\" height=\"1190\" src=\"https:\/\/kueche-schweiz.ch\/app\/uploads\/2024\/04\/Waldmann_bymorris_9197_Web.jpg\" alt=\"\" class=\"wp-image-1789\" style=\"aspect-ratio:1;object-fit:cover;width:458px\" srcset=\"https:\/\/kueche-schweiz.ch\/app\/uploads\/2024\/04\/Waldmann_bymorris_9197_Web.jpg 1220w, https:\/\/kueche-schweiz.ch\/app\/uploads\/2024\/04\/Waldmann_bymorris_9197_Web-300x293.jpg 300w, https:\/\/kueche-schweiz.ch\/app\/uploads\/2024\/04\/Waldmann_bymorris_9197_Web-1024x999.jpg 1024w, https:\/\/kueche-schweiz.ch\/app\/uploads\/2024\/04\/Waldmann_bymorris_9197_Web-768x749.jpg 768w\" sizes=\"auto, (max-width: 1220px) 100vw, 1220px\" \/><\/figure>\n\n\n\n<p><strong>Claudia Waldmann<\/strong>, administration, comptabilit\u00e9<br>Cuisine Suisse, Ebikon<\/p>\n\n\n\n<p class=\"is-mail\"><a href=\"mailto:waldmann@kueche-schweiz.ch\">waldmann@kueche-schweiz.ch<\/a><\/p>\n<\/div>\n\n\n\n<div class=\"wp-block-group is-layout-constrained wp-block-group-is-layout-constrained\">\n<figure class=\"wp-block-image size-full is-resized\"><img loading=\"lazy\" decoding=\"async\" width=\"1220\" height=\"1190\" src=\"https:\/\/kueche-schweiz.ch\/app\/uploads\/2024\/04\/Studer_bymorris_WEB.jpg\" alt=\"\" class=\"wp-image-1787\" style=\"aspect-ratio:1;object-fit:cover;width:458px;height:auto\" srcset=\"https:\/\/kueche-schweiz.ch\/app\/uploads\/2024\/04\/Studer_bymorris_WEB.jpg 1220w, https:\/\/kueche-schweiz.ch\/app\/uploads\/2024\/04\/Studer_bymorris_WEB-300x293.jpg 300w, https:\/\/kueche-schweiz.ch\/app\/uploads\/2024\/04\/Studer_bymorris_WEB-1024x999.jpg 1024w, https:\/\/kueche-schweiz.ch\/app\/uploads\/2024\/04\/Studer_bymorris_WEB-768x749.jpg 768w\" sizes=\"auto, (max-width: 1220px) 100vw, 1220px\" \/><\/figure>\n\n\n\n<p><strong>Andrea Studer<\/strong>, Num\u00e9rique &amp; Graphique<br>Cuisine Suisse, Ebikon<\/p>\n\n\n\n<p class=\"is-mail\"><a href=\"mailto:studer@kueche-schweiz.ch\">studer@kueche-schweiz.ch<\/a><\/p>\n<\/div>\n<\/div>\n<\/div>\n\n\n\n<div class=\"wp-block-group alignfull has-background-background-color has-background is-layout-constrained wp-block-group-is-layout-constrained\" id=\"formular\">\n<div class=\"wp-block-group is-style-default is-layout-constrained wp-container-core-group-is-layout-7a346fb0 wp-block-group-is-layout-constrained\">\n<div class=\"wp-block-group is-layout-constrained wp-block-group-is-layout-constrained\">\n<h2 class=\"wp-block-heading has-text-align-center\">Contactez-nous pour toute question<\/h2>\n\n\n\n<div class=\"wpcf7 no-js\" id=\"wpcf7-f19931-o1\" lang=\"de-DE\" dir=\"ltr\" data-wpcf7-id=\"19931\">\n<div class=\"screen-reader-response\"><p role=\"status\" aria-live=\"polite\" aria-atomic=\"true\"><\/p> <ul><\/ul><\/div>\n<form action=\"\/fr\/wp-json\/wp\/v2\/pages\/18220#wpcf7-f19931-o1\" method=\"post\" class=\"wpcf7-form init\" aria-label=\"Kontaktformular\" novalidate=\"novalidate\" data-status=\"init\">\n<fieldset class=\"hidden-fields-container\"><input type=\"hidden\" name=\"_wpcf7\" value=\"19931\" \/><input type=\"hidden\" name=\"_wpcf7_version\" value=\"6.1.5\" \/><input type=\"hidden\" name=\"_wpcf7_locale\" value=\"de_DE\" \/><input type=\"hidden\" name=\"_wpcf7_unit_tag\" value=\"wpcf7-f19931-o1\" \/><input type=\"hidden\" name=\"_wpcf7_container_post\" value=\"0\" \/><input type=\"hidden\" name=\"_wpcf7_posted_data_hash\" value=\"\" \/><input type=\"hidden\" name=\"_wpcf7cf_hidden_group_fields\" value=\"[]\" \/><input type=\"hidden\" name=\"_wpcf7cf_hidden_groups\" value=\"[]\" \/><input type=\"hidden\" name=\"_wpcf7cf_visible_groups\" value=\"[]\" \/><input type=\"hidden\" name=\"_wpcf7cf_repeaters\" value=\"[]\" \/><input type=\"hidden\" name=\"_wpcf7cf_steps\" value=\"{}\" \/><input type=\"hidden\" name=\"_wpcf7cf_options\" value=\"{&quot;form_id&quot;:19931,&quot;conditions&quot;:[],&quot;settings&quot;:{&quot;animation&quot;:&quot;yes&quot;,&quot;animation_intime&quot;:200,&quot;animation_outtime&quot;:200,&quot;conditions_ui&quot;:&quot;normal&quot;,&quot;notice_dismissed&quot;:false,&quot;repeater_remove_button&quot;:&quot;bottom&quot;}}\" \/><input type=\"hidden\" name=\"_wpcf7_recaptcha_response\" value=\"\" \/>\n<\/fieldset>\n<div class=\"flex\">\n<div class=\"boxed\">\n<div class=\"double\">\n<label>\nTitre de civilit\u00e9*\n<span class=\"wpcf7-form-control-wrap\" data-name=\"salutation\"><select class=\"wpcf7-form-control wpcf7-select wpcf7-validates-as-required\" aria-required=\"true\" aria-invalid=\"false\" name=\"salutation\"><option value=\"Mme\">Mme<\/option><option value=\"Monsieur\">Monsieur<\/option><option value=\"Diverses\">Diverses<\/option><\/select><\/span>\n<\/label>\n<label><\/label>\n<\/div>\n\n<div class=\"double\">\n<label>\nPr\u00e9nom*\n<span class=\"wpcf7-form-control-wrap\" data-name=\"firstname\"><input size=\"40\" maxlength=\"400\" class=\"wpcf7-form-control wpcf7-text wpcf7-validates-as-required\" aria-required=\"true\" aria-invalid=\"false\" value=\"\" type=\"text\" name=\"firstname\" \/><\/span>\n<\/label>\n\n<label>\nNom*\n<span class=\"wpcf7-form-control-wrap\" data-name=\"lastname\"><input size=\"40\" maxlength=\"400\" class=\"wpcf7-form-control wpcf7-text wpcf7-validates-as-required\" aria-required=\"true\" aria-invalid=\"false\" value=\"\" type=\"text\" name=\"lastname\" \/><\/span>\n<\/label>\n<\/div>\n\n<div class=\"double\">\n<label>\nEntreprise\/Organisation\n<span class=\"wpcf7-form-control-wrap\" data-name=\"company\"><input size=\"40\" maxlength=\"400\" class=\"wpcf7-form-control wpcf7-text\" aria-invalid=\"false\" value=\"\" type=\"text\" name=\"company\" \/><\/span>\n<\/label>\n\n<label>\nCourrier \u00e9lectronique*\n<span class=\"wpcf7-form-control-wrap\" data-name=\"e-mail\"><input size=\"40\" maxlength=\"400\" class=\"wpcf7-form-control wpcf7-email wpcf7-validates-as-required wpcf7-text wpcf7-validates-as-email\" aria-required=\"true\" aria-invalid=\"false\" value=\"\" type=\"email\" name=\"e-mail\" \/><\/span>\n<\/label>\n<\/div>\n\n<div class=\"double\">\n<label>\nRue*\n<span class=\"wpcf7-form-control-wrap\" data-name=\"street\"><input size=\"40\" maxlength=\"400\" class=\"wpcf7-form-control wpcf7-text wpcf7-validates-as-required\" aria-required=\"true\" aria-invalid=\"false\" value=\"\" type=\"text\" name=\"street\" \/><\/span>\n<\/label>\n\n<label>\nNum\u00e9ro de maison*\n<span class=\"wpcf7-form-control-wrap\" data-name=\"number\"><input size=\"40\" maxlength=\"400\" class=\"wpcf7-form-control wpcf7-text wpcf7-validates-as-required\" aria-required=\"true\" aria-invalid=\"false\" value=\"\" type=\"text\" name=\"number\" \/><\/span>\n<\/label>\n<\/div>\n\n<div class=\"double\">\n<label>\nNPA\/localit\u00e9*\n<span class=\"wpcf7-form-control-wrap\" data-name=\"city\"><input size=\"40\" maxlength=\"400\" class=\"wpcf7-form-control wpcf7-text wpcf7-validates-as-required\" aria-required=\"true\" aria-invalid=\"false\" value=\"\" type=\"text\" name=\"city\" \/><\/span>\n<\/label>\n\n<label>\nT\u00e9l\u00e9phone*\n<span class=\"wpcf7-form-control-wrap\" data-name=\"phone\"><input size=\"40\" maxlength=\"400\" class=\"wpcf7-form-control wpcf7-tel wpcf7-validates-as-required wpcf7-text wpcf7-validates-as-tel\" aria-required=\"true\" aria-invalid=\"false\" value=\"\" type=\"tel\" name=\"phone\" \/><\/span>\n<\/label>\n<\/div>\n\n<label>\nVotre message\n<span class=\"wpcf7-form-control-wrap\" data-name=\"message\"><textarea cols=\"40\" rows=\"10\" maxlength=\"2000\" class=\"wpcf7-form-control wpcf7-textarea\" aria-invalid=\"false\" name=\"message\"><\/textarea><\/span>\n<\/label>\n\n<span class=\"wpcf7-form-control-wrap\" data-name=\"datenschutz\"><span class=\"wpcf7-form-control wpcf7-acceptance\"><span class=\"wpcf7-list-item\"><label><input type=\"checkbox\" name=\"datenschutz\" value=\"1\" aria-invalid=\"false\" \/><span class=\"wpcf7-list-item-label\">J'accepte la  <a href=\"https:\/\/kueche-schweiz.ch\/fr\/declaration-de-confidentialite\/\" target=\"_blank\">D\u00e9claration de confidentialit\u00e9 <\/a>.<\/span><\/label><\/span><\/span><\/span>\n\n<\/br>\n<div class=\"required-label\">* Champs obligatoires<\/div>\n\n<input class=\"wpcf7-form-control wpcf7-submit has-spinner\" type=\"submit\" value=\"Envoyer un message\" \/>\n\n<\/div>\n<\/div>\n\n<input class=\"wpcf7-form-control wpcf7-hidden\" value=\"\" type=\"hidden\" name=\"pageurl\" \/><div class=\"wpcf7-response-output\" aria-hidden=\"true\"><\/div>\n<\/form>\n<\/div>\n\n<\/div>\n<\/div>\n<\/div>\n\n\n\n<p><\/p>\n","protected":false},"excerpt":{"rendered":"<p>Contact Notre association Cuisine Suisse est synonyme de comp\u00e9tence et d&#8217;engagement dans le secteur des cuisines. Notre directeur g\u00e9n\u00e9ral, M. Rainer Klein, voyage beaucoup en Suisse pour rendre visite \u00e0 nos membres et \u00e0 ceux qui souhaitent le devenir. Malgr\u00e9 ses nombreux d\u00e9placements, il est toujours disponible et se consacre volontiers \u00e0 vos demandes. Que [&hellip;]<\/p>\n","protected":false},"author":1,"featured_media":20433,"parent":0,"menu_order":122,"comment_status":"closed","ping_status":"closed","template":"","meta":{"_acf_changed":false,"inline_featured_image":false,"footnotes":""},"class_list":["post-18220","page","type-page","status-publish","has-post-thumbnail","hentry"],"acf":[],"yoast_head":"<!-- This site is optimized with the Yoast SEO plugin v27.5 - https:\/\/yoast.com\/product\/yoast-seo-wordpress\/ -->\n<title>Contact - K\u00fcche Schweiz<\/title>\n<meta name=\"robots\" content=\"index, follow, max-snippet:-1, max-image-preview:large, max-video-preview:-1\" \/>\n<link rel=\"canonical\" href=\"https:\/\/kueche-schweiz.ch\/fr\/contact\/\" \/>\n<meta property=\"og:locale\" content=\"fr_FR\" \/>\n<meta property=\"og:type\" content=\"article\" \/>\n<meta property=\"og:title\" content=\"Contact - K\u00fcche Schweiz\" \/>\n<meta property=\"og:description\" content=\"Contact Notre association Cuisine Suisse est synonyme de comp\u00e9tence et d&#8217;engagement dans le secteur des cuisines. Notre directeur g\u00e9n\u00e9ral, M. Rainer Klein, voyage beaucoup en Suisse pour rendre visite \u00e0 nos membres et \u00e0 ceux qui souhaitent le devenir. Malgr\u00e9 ses nombreux d\u00e9placements, il est toujours disponible et se consacre volontiers \u00e0 vos demandes. Que [&hellip;]\" \/>\n<meta property=\"og:url\" content=\"https:\/\/kueche-schweiz.ch\/fr\/contact\/\" \/>\n<meta property=\"og:site_name\" content=\"K\u00fcche Schweiz\" \/>\n<meta property=\"article:modified_time\" content=\"2025-05-23T15:14:28+00:00\" \/>\n<meta property=\"og:image\" content=\"https:\/\/kueche-schweiz.ch\/app\/uploads\/2024\/07\/01_KuecheSchweiz_GV24_bymoelVISUALS_DSC8221_WEB-scaled.jpg\" \/>\n\t<meta property=\"og:image:width\" content=\"2560\" \/>\n\t<meta property=\"og:image:height\" content=\"1706\" \/>\n\t<meta property=\"og:image:type\" content=\"image\/jpeg\" \/>\n<meta name=\"twitter:card\" content=\"summary_large_image\" \/>\n<meta name=\"twitter:label1\" content=\"Dur\u00e9e de lecture estim\u00e9e\" \/>\n\t<meta name=\"twitter:data1\" content=\"2 minutes\" \/>\n<script type=\"application\/ld+json\" class=\"yoast-schema-graph\">{\"@context\":\"https:\\\/\\\/schema.org\",\"@graph\":[{\"@type\":\"WebPage\",\"@id\":\"https:\\\/\\\/kueche-schweiz.ch\\\/fr\\\/contact\\\/\",\"url\":\"https:\\\/\\\/kueche-schweiz.ch\\\/fr\\\/contact\\\/\",\"name\":\"Contact - K\u00fcche Schweiz\",\"isPartOf\":{\"@id\":\"https:\\\/\\\/kueche-schweiz.ch\\\/#website\"},\"primaryImageOfPage\":{\"@id\":\"https:\\\/\\\/kueche-schweiz.ch\\\/fr\\\/contact\\\/#primaryimage\"},\"image\":{\"@id\":\"https:\\\/\\\/kueche-schweiz.ch\\\/fr\\\/contact\\\/#primaryimage\"},\"thumbnailUrl\":\"https:\\\/\\\/kueche-schweiz.ch\\\/app\\\/uploads\\\/2024\\\/07\\\/01_KuecheSchweiz_GV24_bymoelVISUALS_DSC8221_WEB-scaled.jpg\",\"datePublished\":\"2024-04-09T08:52:57+00:00\",\"dateModified\":\"2025-05-23T15:14:28+00:00\",\"breadcrumb\":{\"@id\":\"https:\\\/\\\/kueche-schweiz.ch\\\/fr\\\/contact\\\/#breadcrumb\"},\"inLanguage\":\"fr-FR\",\"potentialAction\":[{\"@type\":\"ReadAction\",\"target\":[\"https:\\\/\\\/kueche-schweiz.ch\\\/fr\\\/contact\\\/\"]}]},{\"@type\":\"ImageObject\",\"inLanguage\":\"fr-FR\",\"@id\":\"https:\\\/\\\/kueche-schweiz.ch\\\/fr\\\/contact\\\/#primaryimage\",\"url\":\"https:\\\/\\\/kueche-schweiz.ch\\\/app\\\/uploads\\\/2024\\\/07\\\/01_KuecheSchweiz_GV24_bymoelVISUALS_DSC8221_WEB-scaled.jpg\",\"contentUrl\":\"https:\\\/\\\/kueche-schweiz.ch\\\/app\\\/uploads\\\/2024\\\/07\\\/01_KuecheSchweiz_GV24_bymoelVISUALS_DSC8221_WEB-scaled.jpg\",\"width\":2560,\"height\":1706},{\"@type\":\"BreadcrumbList\",\"@id\":\"https:\\\/\\\/kueche-schweiz.ch\\\/fr\\\/contact\\\/#breadcrumb\",\"itemListElement\":[{\"@type\":\"ListItem\",\"position\":1,\"name\":\"Page d'accueil\",\"item\":\"https:\\\/\\\/kueche-schweiz.ch\\\/fr\\\/\"},{\"@type\":\"ListItem\",\"position\":2,\"name\":\"Contact\"}]},{\"@type\":\"WebSite\",\"@id\":\"https:\\\/\\\/kueche-schweiz.ch\\\/#website\",\"url\":\"https:\\\/\\\/kueche-schweiz.ch\\\/\",\"name\":\"K\u00fcche Schweiz\",\"description\":\"\",\"publisher\":{\"@id\":\"https:\\\/\\\/kueche-schweiz.ch\\\/#organization\"},\"potentialAction\":[{\"@type\":\"SearchAction\",\"target\":{\"@type\":\"EntryPoint\",\"urlTemplate\":\"https:\\\/\\\/kueche-schweiz.ch\\\/?s={search_term_string}\"},\"query-input\":{\"@type\":\"PropertyValueSpecification\",\"valueRequired\":true,\"valueName\":\"search_term_string\"}}],\"inLanguage\":\"fr-FR\"},{\"@type\":\"Organization\",\"@id\":\"https:\\\/\\\/kueche-schweiz.ch\\\/#organization\",\"name\":\"K\u00fcche Schweiz\",\"url\":\"https:\\\/\\\/kueche-schweiz.ch\\\/\",\"logo\":{\"@type\":\"ImageObject\",\"inLanguage\":\"fr-FR\",\"@id\":\"https:\\\/\\\/kueche-schweiz.ch\\\/#\\\/schema\\\/logo\\\/image\\\/\",\"url\":\"https:\\\/\\\/kueche-schweiz.ch\\\/app\\\/uploads\\\/2025\\\/01\\\/logo-kueche-schweiz.png\",\"contentUrl\":\"https:\\\/\\\/kueche-schweiz.ch\\\/app\\\/uploads\\\/2025\\\/01\\\/logo-kueche-schweiz.png\",\"width\":1417,\"height\":1846,\"caption\":\"K\u00fcche Schweiz\"},\"image\":{\"@id\":\"https:\\\/\\\/kueche-schweiz.ch\\\/#\\\/schema\\\/logo\\\/image\\\/\"}}]}<\/script>\n<!-- \/ Yoast SEO plugin. -->","yoast_head_json":{"title":"Contact - K\u00fcche Schweiz","robots":{"index":"index","follow":"follow","max-snippet":"max-snippet:-1","max-image-preview":"max-image-preview:large","max-video-preview":"max-video-preview:-1"},"canonical":"https:\/\/kueche-schweiz.ch\/fr\/contact\/","og_locale":"fr_FR","og_type":"article","og_title":"Contact - K\u00fcche Schweiz","og_description":"Contact Notre association Cuisine Suisse est synonyme de comp\u00e9tence et d&#8217;engagement dans le secteur des cuisines. Notre directeur g\u00e9n\u00e9ral, M. Rainer Klein, voyage beaucoup en Suisse pour rendre visite \u00e0 nos membres et \u00e0 ceux qui souhaitent le devenir. Malgr\u00e9 ses nombreux d\u00e9placements, il est toujours disponible et se consacre volontiers \u00e0 vos demandes. Que [&hellip;]","og_url":"https:\/\/kueche-schweiz.ch\/fr\/contact\/","og_site_name":"K\u00fcche Schweiz","article_modified_time":"2025-05-23T15:14:28+00:00","og_image":[{"width":2560,"height":1706,"url":"https:\/\/kueche-schweiz.ch\/app\/uploads\/2024\/07\/01_KuecheSchweiz_GV24_bymoelVISUALS_DSC8221_WEB-scaled.jpg","type":"image\/jpeg"}],"twitter_card":"summary_large_image","twitter_misc":{"Dur\u00e9e de lecture estim\u00e9e":"2 minutes"},"schema":{"@context":"https:\/\/schema.org","@graph":[{"@type":"WebPage","@id":"https:\/\/kueche-schweiz.ch\/fr\/contact\/","url":"https:\/\/kueche-schweiz.ch\/fr\/contact\/","name":"Contact - K\u00fcche Schweiz","isPartOf":{"@id":"https:\/\/kueche-schweiz.ch\/#website"},"primaryImageOfPage":{"@id":"https:\/\/kueche-schweiz.ch\/fr\/contact\/#primaryimage"},"image":{"@id":"https:\/\/kueche-schweiz.ch\/fr\/contact\/#primaryimage"},"thumbnailUrl":"https:\/\/kueche-schweiz.ch\/app\/uploads\/2024\/07\/01_KuecheSchweiz_GV24_bymoelVISUALS_DSC8221_WEB-scaled.jpg","datePublished":"2024-04-09T08:52:57+00:00","dateModified":"2025-05-23T15:14:28+00:00","breadcrumb":{"@id":"https:\/\/kueche-schweiz.ch\/fr\/contact\/#breadcrumb"},"inLanguage":"fr-FR","potentialAction":[{"@type":"ReadAction","target":["https:\/\/kueche-schweiz.ch\/fr\/contact\/"]}]},{"@type":"ImageObject","inLanguage":"fr-FR","@id":"https:\/\/kueche-schweiz.ch\/fr\/contact\/#primaryimage","url":"https:\/\/kueche-schweiz.ch\/app\/uploads\/2024\/07\/01_KuecheSchweiz_GV24_bymoelVISUALS_DSC8221_WEB-scaled.jpg","contentUrl":"https:\/\/kueche-schweiz.ch\/app\/uploads\/2024\/07\/01_KuecheSchweiz_GV24_bymoelVISUALS_DSC8221_WEB-scaled.jpg","width":2560,"height":1706},{"@type":"BreadcrumbList","@id":"https:\/\/kueche-schweiz.ch\/fr\/contact\/#breadcrumb","itemListElement":[{"@type":"ListItem","position":1,"name":"Page d'accueil","item":"https:\/\/kueche-schweiz.ch\/fr\/"},{"@type":"ListItem","position":2,"name":"Contact"}]},{"@type":"WebSite","@id":"https:\/\/kueche-schweiz.ch\/#website","url":"https:\/\/kueche-schweiz.ch\/","name":"K\u00fcche Schweiz","description":"","publisher":{"@id":"https:\/\/kueche-schweiz.ch\/#organization"},"potentialAction":[{"@type":"SearchAction","target":{"@type":"EntryPoint","urlTemplate":"https:\/\/kueche-schweiz.ch\/?s={search_term_string}"},"query-input":{"@type":"PropertyValueSpecification","valueRequired":true,"valueName":"search_term_string"}}],"inLanguage":"fr-FR"},{"@type":"Organization","@id":"https:\/\/kueche-schweiz.ch\/#organization","name":"K\u00fcche Schweiz","url":"https:\/\/kueche-schweiz.ch\/","logo":{"@type":"ImageObject","inLanguage":"fr-FR","@id":"https:\/\/kueche-schweiz.ch\/#\/schema\/logo\/image\/","url":"https:\/\/kueche-schweiz.ch\/app\/uploads\/2025\/01\/logo-kueche-schweiz.png","contentUrl":"https:\/\/kueche-schweiz.ch\/app\/uploads\/2025\/01\/logo-kueche-schweiz.png","width":1417,"height":1846,"caption":"K\u00fcche Schweiz"},"image":{"@id":"https:\/\/kueche-schweiz.ch\/#\/schema\/logo\/image\/"}}]}},"_links":{"self":[{"href":"https:\/\/kueche-schweiz.ch\/fr\/wp-json\/wp\/v2\/pages\/18220","targetHints":{"allow":["GET"]}}],"collection":[{"href":"https:\/\/kueche-schweiz.ch\/fr\/wp-json\/wp\/v2\/pages"}],"about":[{"href":"https:\/\/kueche-schweiz.ch\/fr\/wp-json\/wp\/v2\/types\/page"}],"author":[{"embeddable":true,"href":"https:\/\/kueche-schweiz.ch\/fr\/wp-json\/wp\/v2\/users\/1"}],"replies":[{"embeddable":true,"href":"https:\/\/kueche-schweiz.ch\/fr\/wp-json\/wp\/v2\/comments?post=18220"}],"version-history":[{"count":7,"href":"https:\/\/kueche-schweiz.ch\/fr\/wp-json\/wp\/v2\/pages\/18220\/revisions"}],"predecessor-version":[{"id":30611,"href":"https:\/\/kueche-schweiz.ch\/fr\/wp-json\/wp\/v2\/pages\/18220\/revisions\/30611"}],"wp:featuredmedia":[{"embeddable":true,"href":"https:\/\/kueche-schweiz.ch\/fr\/wp-json\/wp\/v2\/media\/20433"}],"wp:attachment":[{"href":"https:\/\/kueche-schweiz.ch\/fr\/wp-json\/wp\/v2\/media?parent=18220"}],"curies":[{"name":"wp","href":"https:\/\/api.w.org\/{rel}","templated":true}]}}