{"id":18230,"date":"2024-03-12T18:39:14","date_gmt":"2024-03-12T17:39:14","guid":{"rendered":"https:\/\/dev.kueche-schweiz.ch\/connexion-des-membres\/"},"modified":"2024-08-21T09:23:22","modified_gmt":"2024-08-21T07:23:22","slug":"connexion-des-membres","status":"publish","type":"page","link":"https:\/\/kueche-schweiz.ch\/fr\/connexion-des-membres\/","title":{"rendered":"Connexion des membres"},"content":{"rendered":"\n<div class=\"wp-block-group alignwide is-layout-constrained wp-block-group-is-layout-constrained\">\n<div class=\"wp-block-media-text alignwide has-media-on-the-right is-stacked-on-mobile is-image-fill is-cover has-secondary-background-color has-background\"><div class=\"wp-block-media-text__content\"><div class=\"yoast-breadcrumbs\"><span><span><a href=\"https:\/\/kueche-schweiz.ch\/fr\/\">Page d&#8217;accueil<\/a><\/span> \u00bb <span class=\"breadcrumb_last\" aria-current=\"page\">Connexion des membres<\/span><\/span><\/div>\n\n\n<h2 class=\"wp-block-heading\">Connexion des membres<\/h2>\n\n\n\n<form name=\"loginform\" id=\"loginform\" action=\"https:\/\/kueche-schweiz.ch\/wp\/wp-login.php\" method=\"post\"><p class=\"login-username\">\n\t\t\t\t<label for=\"user_login\">Nom d&#039;utilisateur<\/label>\n\t\t\t\t<input type=\"text\" name=\"log\" id=\"user_login\" autocomplete=\"username\" class=\"input\" value=\"\" size=\"20\" \/>\n\t\t\t<\/p><p class=\"login-password\">\n\t\t\t\t<label for=\"user_pass\">Mot de passe<\/label>\n\t\t\t\t<input type=\"password\" name=\"pwd\" id=\"user_pass\" autocomplete=\"current-password\" spellcheck=\"false\" class=\"input\" value=\"\" size=\"20\" \/>\n\t\t\t<\/p><p class=\"login-remember\"><label><input name=\"rememberme\" type=\"checkbox\" id=\"rememberme\" value=\"forever\" \/> Rester connect\u00e9<\/label><\/p><p class=\"login-submit\">\n\t\t\t\t<input type=\"submit\" name=\"wp-submit\" id=\"wp-submit\" class=\"button button-primary\" value=\"S&#039;inscrire\" \/>\n\t\t\t\t<input type=\"hidden\" name=\"redirect_to\" value=\"https:\/\/kueche-schweiz.ch\/fr\/connexion-des-membres\/\" \/>\n\t\t\t<\/p><\/form><p><a href=\"https:\/\/kueche-schweiz.ch\/fr\/\/mitglieder-login\/?lostpassword\">Passwort vergessen?<\/a><\/p>\n<\/div><figure class=\"wp-block-media-text__media\" style=\"background-image:url(https:\/\/kueche-schweiz.ch\/app\/uploads\/2024\/02\/hersteller-news-1024x763.png);background-position:50% 50%\"><img loading=\"lazy\" decoding=\"async\" width=\"1024\" height=\"763\" src=\"https:\/\/kueche-schweiz.ch\/app\/uploads\/2024\/02\/hersteller-news-1024x763.png\" alt=\"\" class=\"wp-image-60 size-full\" srcset=\"https:\/\/kueche-schweiz.ch\/app\/uploads\/2024\/02\/hersteller-news-1024x763.png 1024w, https:\/\/kueche-schweiz.ch\/app\/uploads\/2024\/02\/hersteller-news-300x224.png 300w, https:\/\/kueche-schweiz.ch\/app\/uploads\/2024\/02\/hersteller-news-768x572.png 768w, https:\/\/kueche-schweiz.ch\/app\/uploads\/2024\/02\/hersteller-news.png 1428w\" sizes=\"auto, (max-width: 1024px) 100vw, 1024px\" \/><\/figure><\/div>\n<\/div>\n\n\n\n\n\n\n","protected":false},"excerpt":{"rendered":"<p>Connexion des membres Espace membres | Mettre \u00e0 jour le mot de passe Documents importants Dans cette section, vous pouvez acc\u00e9der librement \u00e0 des documents et fichiers importants en tant que membre. Tous les dossiers sont class\u00e9s par th\u00e8me et contiennent les fichiers correspondants. Vous reconnaissez les mises \u00e0 jour dans le nom du dossier [&hellip;]<\/p>\n","protected":false},"author":1,"featured_media":3156,"parent":0,"menu_order":15,"comment_status":"closed","ping_status":"closed","template":"","meta":{"_acf_changed":false,"inline_featured_image":false,"footnotes":""},"class_list":["post-18230","page","type-page","status-publish","has-post-thumbnail","hentry"],"acf":[],"yoast_head":"<!-- This site is optimized with the Yoast SEO plugin v27.5 - https:\/\/yoast.com\/product\/yoast-seo-wordpress\/ -->\n<title>Connexion des membres - K\u00fcche Schweiz<\/title>\n<meta name=\"robots\" content=\"index, follow, max-snippet:-1, max-image-preview:large, max-video-preview:-1\" \/>\n<link rel=\"canonical\" href=\"https:\/\/kueche-schweiz.ch\/fr\/connexion-des-membres\/\" \/>\n<meta property=\"og:locale\" content=\"fr_FR\" \/>\n<meta property=\"og:type\" content=\"article\" \/>\n<meta property=\"og:title\" content=\"Connexion des membres - K\u00fcche Schweiz\" \/>\n<meta property=\"og:description\" content=\"Connexion des membres Espace membres | Mettre \u00e0 jour le mot de passe Documents importants Dans cette section, vous pouvez acc\u00e9der librement \u00e0 des documents et fichiers importants en tant que membre. Tous les dossiers sont class\u00e9s par th\u00e8me et contiennent les fichiers correspondants. Vous reconnaissez les mises \u00e0 jour dans le nom du dossier [&hellip;]\" \/>\n<meta property=\"og:url\" content=\"https:\/\/kueche-schweiz.ch\/fr\/connexion-des-membres\/\" \/>\n<meta property=\"og:site_name\" content=\"K\u00fcche Schweiz\" \/>\n<meta property=\"article:modified_time\" content=\"2024-08-21T07:23:22+00:00\" \/>\n<meta property=\"og:image\" content=\"https:\/\/kueche-schweiz.ch\/app\/uploads\/2024\/05\/S21_2023_Schreinerei-Rueegg.jpg\" \/>\n\t<meta property=\"og:image:width\" content=\"1200\" \/>\n\t<meta property=\"og:image:height\" content=\"750\" \/>\n\t<meta property=\"og:image:type\" content=\"image\/jpeg\" \/>\n<meta name=\"twitter:card\" content=\"summary_large_image\" \/>\n<meta name=\"twitter:label1\" content=\"Dur\u00e9e de lecture estim\u00e9e\" \/>\n\t<meta name=\"twitter:data1\" content=\"2 minutes\" \/>\n<script type=\"application\/ld+json\" class=\"yoast-schema-graph\">{\"@context\":\"https:\\\/\\\/schema.org\",\"@graph\":[{\"@type\":\"WebPage\",\"@id\":\"https:\\\/\\\/kueche-schweiz.ch\\\/fr\\\/connexion-des-membres\\\/\",\"url\":\"https:\\\/\\\/kueche-schweiz.ch\\\/fr\\\/connexion-des-membres\\\/\",\"name\":\"Connexion des membres - K\u00fcche Schweiz\",\"isPartOf\":{\"@id\":\"https:\\\/\\\/kueche-schweiz.ch\\\/#website\"},\"primaryImageOfPage\":{\"@id\":\"https:\\\/\\\/kueche-schweiz.ch\\\/fr\\\/connexion-des-membres\\\/#primaryimage\"},\"image\":{\"@id\":\"https:\\\/\\\/kueche-schweiz.ch\\\/fr\\\/connexion-des-membres\\\/#primaryimage\"},\"thumbnailUrl\":\"https:\\\/\\\/kueche-schweiz.ch\\\/app\\\/uploads\\\/2024\\\/05\\\/S21_2023_Schreinerei-Rueegg.jpg\",\"datePublished\":\"2024-03-12T17:39:14+00:00\",\"dateModified\":\"2024-08-21T07:23:22+00:00\",\"breadcrumb\":{\"@id\":\"https:\\\/\\\/kueche-schweiz.ch\\\/fr\\\/connexion-des-membres\\\/#breadcrumb\"},\"inLanguage\":\"fr-FR\",\"potentialAction\":[{\"@type\":\"ReadAction\",\"target\":[\"https:\\\/\\\/kueche-schweiz.ch\\\/fr\\\/connexion-des-membres\\\/\"]}]},{\"@type\":\"ImageObject\",\"inLanguage\":\"fr-FR\",\"@id\":\"https:\\\/\\\/kueche-schweiz.ch\\\/fr\\\/connexion-des-membres\\\/#primaryimage\",\"url\":\"https:\\\/\\\/kueche-schweiz.ch\\\/app\\\/uploads\\\/2024\\\/05\\\/S21_2023_Schreinerei-Rueegg.jpg\",\"contentUrl\":\"https:\\\/\\\/kueche-schweiz.ch\\\/app\\\/uploads\\\/2024\\\/05\\\/S21_2023_Schreinerei-Rueegg.jpg\",\"width\":1200,\"height\":750,\"caption\":\"OAKSTEEL FUSION, Schreinerei R\u00fcegg GmbH, Wattwil\"},{\"@type\":\"BreadcrumbList\",\"@id\":\"https:\\\/\\\/kueche-schweiz.ch\\\/fr\\\/connexion-des-membres\\\/#breadcrumb\",\"itemListElement\":[{\"@type\":\"ListItem\",\"position\":1,\"name\":\"Page d'accueil\",\"item\":\"https:\\\/\\\/kueche-schweiz.ch\\\/fr\\\/\"},{\"@type\":\"ListItem\",\"position\":2,\"name\":\"Connexion des membres\"}]},{\"@type\":\"WebSite\",\"@id\":\"https:\\\/\\\/kueche-schweiz.ch\\\/#website\",\"url\":\"https:\\\/\\\/kueche-schweiz.ch\\\/\",\"name\":\"K\u00fcche Schweiz\",\"description\":\"\",\"publisher\":{\"@id\":\"https:\\\/\\\/kueche-schweiz.ch\\\/#organization\"},\"potentialAction\":[{\"@type\":\"SearchAction\",\"target\":{\"@type\":\"EntryPoint\",\"urlTemplate\":\"https:\\\/\\\/kueche-schweiz.ch\\\/?s={search_term_string}\"},\"query-input\":{\"@type\":\"PropertyValueSpecification\",\"valueRequired\":true,\"valueName\":\"search_term_string\"}}],\"inLanguage\":\"fr-FR\"},{\"@type\":\"Organization\",\"@id\":\"https:\\\/\\\/kueche-schweiz.ch\\\/#organization\",\"name\":\"K\u00fcche Schweiz\",\"url\":\"https:\\\/\\\/kueche-schweiz.ch\\\/\",\"logo\":{\"@type\":\"ImageObject\",\"inLanguage\":\"fr-FR\",\"@id\":\"https:\\\/\\\/kueche-schweiz.ch\\\/#\\\/schema\\\/logo\\\/image\\\/\",\"url\":\"https:\\\/\\\/kueche-schweiz.ch\\\/app\\\/uploads\\\/2025\\\/01\\\/logo-kueche-schweiz.png\",\"contentUrl\":\"https:\\\/\\\/kueche-schweiz.ch\\\/app\\\/uploads\\\/2025\\\/01\\\/logo-kueche-schweiz.png\",\"width\":1417,\"height\":1846,\"caption\":\"K\u00fcche Schweiz\"},\"image\":{\"@id\":\"https:\\\/\\\/kueche-schweiz.ch\\\/#\\\/schema\\\/logo\\\/image\\\/\"}}]}<\/script>\n<!-- \/ Yoast SEO plugin. -->","yoast_head_json":{"title":"Connexion des membres - K\u00fcche Schweiz","robots":{"index":"index","follow":"follow","max-snippet":"max-snippet:-1","max-image-preview":"max-image-preview:large","max-video-preview":"max-video-preview:-1"},"canonical":"https:\/\/kueche-schweiz.ch\/fr\/connexion-des-membres\/","og_locale":"fr_FR","og_type":"article","og_title":"Connexion des membres - K\u00fcche Schweiz","og_description":"Connexion des membres Espace membres | Mettre \u00e0 jour le mot de passe Documents importants Dans cette section, vous pouvez acc\u00e9der librement \u00e0 des documents et fichiers importants en tant que membre. Tous les dossiers sont class\u00e9s par th\u00e8me et contiennent les fichiers correspondants. Vous reconnaissez les mises \u00e0 jour dans le nom du dossier [&hellip;]","og_url":"https:\/\/kueche-schweiz.ch\/fr\/connexion-des-membres\/","og_site_name":"K\u00fcche Schweiz","article_modified_time":"2024-08-21T07:23:22+00:00","og_image":[{"width":1200,"height":750,"url":"https:\/\/kueche-schweiz.ch\/app\/uploads\/2024\/05\/S21_2023_Schreinerei-Rueegg.jpg","type":"image\/jpeg"}],"twitter_card":"summary_large_image","twitter_misc":{"Dur\u00e9e de lecture estim\u00e9e":"2 minutes"},"schema":{"@context":"https:\/\/schema.org","@graph":[{"@type":"WebPage","@id":"https:\/\/kueche-schweiz.ch\/fr\/connexion-des-membres\/","url":"https:\/\/kueche-schweiz.ch\/fr\/connexion-des-membres\/","name":"Connexion des membres - K\u00fcche Schweiz","isPartOf":{"@id":"https:\/\/kueche-schweiz.ch\/#website"},"primaryImageOfPage":{"@id":"https:\/\/kueche-schweiz.ch\/fr\/connexion-des-membres\/#primaryimage"},"image":{"@id":"https:\/\/kueche-schweiz.ch\/fr\/connexion-des-membres\/#primaryimage"},"thumbnailUrl":"https:\/\/kueche-schweiz.ch\/app\/uploads\/2024\/05\/S21_2023_Schreinerei-Rueegg.jpg","datePublished":"2024-03-12T17:39:14+00:00","dateModified":"2024-08-21T07:23:22+00:00","breadcrumb":{"@id":"https:\/\/kueche-schweiz.ch\/fr\/connexion-des-membres\/#breadcrumb"},"inLanguage":"fr-FR","potentialAction":[{"@type":"ReadAction","target":["https:\/\/kueche-schweiz.ch\/fr\/connexion-des-membres\/"]}]},{"@type":"ImageObject","inLanguage":"fr-FR","@id":"https:\/\/kueche-schweiz.ch\/fr\/connexion-des-membres\/#primaryimage","url":"https:\/\/kueche-schweiz.ch\/app\/uploads\/2024\/05\/S21_2023_Schreinerei-Rueegg.jpg","contentUrl":"https:\/\/kueche-schweiz.ch\/app\/uploads\/2024\/05\/S21_2023_Schreinerei-Rueegg.jpg","width":1200,"height":750,"caption":"OAKSTEEL FUSION, Schreinerei R\u00fcegg GmbH, Wattwil"},{"@type":"BreadcrumbList","@id":"https:\/\/kueche-schweiz.ch\/fr\/connexion-des-membres\/#breadcrumb","itemListElement":[{"@type":"ListItem","position":1,"name":"Page d'accueil","item":"https:\/\/kueche-schweiz.ch\/fr\/"},{"@type":"ListItem","position":2,"name":"Connexion des membres"}]},{"@type":"WebSite","@id":"https:\/\/kueche-schweiz.ch\/#website","url":"https:\/\/kueche-schweiz.ch\/","name":"K\u00fcche Schweiz","description":"","publisher":{"@id":"https:\/\/kueche-schweiz.ch\/#organization"},"potentialAction":[{"@type":"SearchAction","target":{"@type":"EntryPoint","urlTemplate":"https:\/\/kueche-schweiz.ch\/?s={search_term_string}"},"query-input":{"@type":"PropertyValueSpecification","valueRequired":true,"valueName":"search_term_string"}}],"inLanguage":"fr-FR"},{"@type":"Organization","@id":"https:\/\/kueche-schweiz.ch\/#organization","name":"K\u00fcche Schweiz","url":"https:\/\/kueche-schweiz.ch\/","logo":{"@type":"ImageObject","inLanguage":"fr-FR","@id":"https:\/\/kueche-schweiz.ch\/#\/schema\/logo\/image\/","url":"https:\/\/kueche-schweiz.ch\/app\/uploads\/2025\/01\/logo-kueche-schweiz.png","contentUrl":"https:\/\/kueche-schweiz.ch\/app\/uploads\/2025\/01\/logo-kueche-schweiz.png","width":1417,"height":1846,"caption":"K\u00fcche Schweiz"},"image":{"@id":"https:\/\/kueche-schweiz.ch\/#\/schema\/logo\/image\/"}}]}},"_links":{"self":[{"href":"https:\/\/kueche-schweiz.ch\/fr\/wp-json\/wp\/v2\/pages\/18230","targetHints":{"allow":["GET"]}}],"collection":[{"href":"https:\/\/kueche-schweiz.ch\/fr\/wp-json\/wp\/v2\/pages"}],"about":[{"href":"https:\/\/kueche-schweiz.ch\/fr\/wp-json\/wp\/v2\/types\/page"}],"author":[{"embeddable":true,"href":"https:\/\/kueche-schweiz.ch\/fr\/wp-json\/wp\/v2\/users\/1"}],"replies":[{"embeddable":true,"href":"https:\/\/kueche-schweiz.ch\/fr\/wp-json\/wp\/v2\/comments?post=18230"}],"version-history":[{"count":5,"href":"https:\/\/kueche-schweiz.ch\/fr\/wp-json\/wp\/v2\/pages\/18230\/revisions"}],"predecessor-version":[{"id":23570,"href":"https:\/\/kueche-schweiz.ch\/fr\/wp-json\/wp\/v2\/pages\/18230\/revisions\/23570"}],"wp:featuredmedia":[{"embeddable":true,"href":"https:\/\/kueche-schweiz.ch\/fr\/wp-json\/wp\/v2\/media\/3156"}],"wp:attachment":[{"href":"https:\/\/kueche-schweiz.ch\/fr\/wp-json\/wp\/v2\/media?parent=18230"}],"curies":[{"name":"wp","href":"https:\/\/api.w.org\/{rel}","templated":true}]}}