{"id":19774,"date":"2024-06-22T20:09:57","date_gmt":"2024-06-22T18:09:57","guid":{"rendered":"https:\/\/dev.kueche-schweiz.ch\/consommateurs-et-maitres-douvrage\/documents-utiles\/"},"modified":"2024-08-20T15:31:32","modified_gmt":"2024-08-20T13:31:32","slug":"documents-utiles","status":"publish","type":"page","link":"https:\/\/kueche-schweiz.ch\/fr\/consommateurs-et-maitres-douvrage\/professionnels-de-la-cuisine\/documents-utiles\/","title":{"rendered":"Documents utiles"},"content":{"rendered":"\n<div class=\"wp-block-group alignwide is-layout-constrained wp-block-group-is-layout-constrained\">\n<div class=\"wp-block-media-text alignwide is-stacked-on-mobile is-image-fill is-cover has-background-color has-foreground-background-color has-text-color has-background has-link-color wp-elements-8d0aa3af52f6ad944188e5fb637d5d17\"><figure class=\"wp-block-media-text__media\" style=\"background-image:url(https:\/\/kueche-schweiz.ch\/app\/uploads\/2024\/07\/vorlage_dokumente_Uebersicht_FR.jpg);background-position:50% 50%\"><img loading=\"lazy\" decoding=\"async\" width=\"1024\" height=\"681\" src=\"https:\/\/kueche-schweiz.ch\/app\/uploads\/2024\/07\/vorlage_dokumente_Uebersicht_FR.jpg\" alt=\"\" class=\"wp-image-19769 size-full\" srcset=\"https:\/\/kueche-schweiz.ch\/app\/uploads\/2024\/07\/vorlage_dokumente_Uebersicht_FR.jpg 1024w, https:\/\/kueche-schweiz.ch\/app\/uploads\/2024\/07\/vorlage_dokumente_Uebersicht_FR-300x200.jpg 300w, https:\/\/kueche-schweiz.ch\/app\/uploads\/2024\/07\/vorlage_dokumente_Uebersicht_FR-768x511.jpg 768w\" sizes=\"auto, (max-width: 1024px) 100vw, 1024px\" \/><\/figure><div class=\"wp-block-media-text__content\"><div class=\"yoast-breadcrumbs\"><span><span><a href=\"https:\/\/kueche-schweiz.ch\/fr\/\">Page d&#8217;accueil<\/a><\/span> \u00bb <span><a href=\"https:\/\/kueche-schweiz.ch\/fr\/consommateurs-et-maitres-douvrage\/\">Consommateurs et ma\u00eetres d&#8217;ouvrage<\/a><\/span> \u00bb <span><a href=\"https:\/\/kueche-schweiz.ch\/endverbraucher-bauherren\/kuechenprofis\/\">Professionnels de la cuisine<\/a><\/span> \u00bb <span class=\"breadcrumb_last\" aria-current=\"page\">Documents utiles<\/span><\/span><\/div>\n\n\n<h2 class=\"wp-block-heading\">Documents utiles<\/h2>\n\n\n\n<p>Dans cette section, vous trouverez des informations compl\u00e8tes et utiles sur la planification et l&#8217;achat de cuisines. Il est \u00e9galement important et int\u00e9ressant de proposer des expertises par nos experts de Cuisine Suisse en cas de conflit d&#8217;int\u00e9r\u00eats. Informez-vous ici \u00e0 t\u00eate repos\u00e9e afin de parer \u00e0 toute \u00e9ventualit\u00e9. Les guides sont disponibles en quatre langues et nous r\u00e9alisons \u00e9galement des expertises en allemand et en fran\u00e7ais sur demande.<\/p>\n<\/div><\/div>\n\n\n\n<p><\/p>\n<\/div>\n\n\n\n<div class=\"wp-block-group alignfull has-background-background-color has-background is-layout-constrained wp-block-group-is-layout-constrained\">\n<div class=\"wp-block-group has-overlap has-overlap-right has-foreground-color has-foreground-background-color has-text-color has-background has-link-color wp-elements-b5d028ad3ae8dec87b2fb0a7380f2805 is-layout-constrained wp-block-group-is-layout-constrained\">\n<div class=\"wp-block-group is-style-narrow is-layout-constrained wp-block-group-is-layout-constrained\">\n<div class=\"wp-block-media-text has-media-on-the-right is-stacked-on-mobile is-image-fill\" style=\"grid-template-columns:auto 40%\"><div class=\"wp-block-media-text__content\">\n<h2 class=\"wp-block-heading has-background-color has-text-color has-link-color wp-elements-a333a5ca419ea3f4a585d6c217e8091f\">Guide de cuisine<\/h2>\n\n\n\n<p class=\"has-background-color has-text-color has-link-color wp-elements-42bdfb28ab84ae2a46a27ef01ceffd39\">Dans cette brochure de 28 pages, vous trouverez des informations sur les \u00e9l\u00e9ments \u00e0 prendre en compte lors de l&#8217;achat d&#8217;une nouvelle cuisine, sur les avantages et les inconv\u00e9nients des diff\u00e9rentes implantations, sur le design, la technique et bien plus encore. Il existe en version allemande, fran\u00e7aise, italienne et anglaise.<\/p>\n\n\n\n<div class=\"wp-block-buttons is-vertical is-layout-flex wp-container-core-buttons-is-layout-fe9cc265 wp-block-buttons-is-layout-flex\">\n<div class=\"wp-block-button has-custom-width wp-block-button__width-100 is-style-download\"><a class=\"wp-block-button__link has-foreground-color has-background-background-color has-text-color has-background has-link-color has-text-align-left wp-element-button\" href=\"https:\/\/kueche-schweiz.ch\/app\/uploads\/2024\/08\/ks_Kuechenratgeber_A5_Okt2022_FR_web.pdf\" target=\"_blank\" rel=\"noreferrer noopener\">Guide de cuisine FR<\/a><\/div>\n\n\n\n<div class=\"wp-block-button has-custom-width wp-block-button__width-100 is-style-download\"><a class=\"wp-block-button__link has-foreground-color has-background-background-color has-text-color has-background has-link-color has-text-align-left wp-element-button\" href=\"https:\/\/kueche-schweiz.ch\/app\/uploads\/2024\/08\/ks_Kuechenratgeber_A5_Okt2022_IT_web.pdf\" target=\"_blank\" rel=\"noreferrer noopener\">Guide de cuisine IT<\/a><\/div>\n\n\n\n<div class=\"wp-block-button has-custom-width wp-block-button__width-100 is-style-download\"><a class=\"wp-block-button__link has-foreground-color has-background-background-color has-text-color has-background has-link-color has-text-align-left wp-element-button\" href=\"https:\/\/kueche-schweiz.ch\/app\/uploads\/2024\/08\/ks_Kuechenratgeber_A5_Okt2023_E_web.pdf\" target=\"_blank\" rel=\"noreferrer noopener\">Guide de cuisine EN<\/a><\/div>\n<\/div>\n<\/div><figure class=\"wp-block-media-text__media\" style=\"background-image:url(https:\/\/kueche-schweiz.ch\/app\/uploads\/2024\/07\/FR_Kuechenratgeber.jpg);background-position:50% 50%\"><img loading=\"lazy\" decoding=\"async\" width=\"1000\" height=\"667\" src=\"https:\/\/kueche-schweiz.ch\/app\/uploads\/2024\/07\/FR_Kuechenratgeber.jpg\" alt=\"\" class=\"wp-image-19715 size-full\" srcset=\"https:\/\/kueche-schweiz.ch\/app\/uploads\/2024\/07\/FR_Kuechenratgeber.jpg 1000w, https:\/\/kueche-schweiz.ch\/app\/uploads\/2024\/07\/FR_Kuechenratgeber-300x200.jpg 300w, https:\/\/kueche-schweiz.ch\/app\/uploads\/2024\/07\/FR_Kuechenratgeber-768x512.jpg 768w\" sizes=\"auto, (max-width: 1000px) 100vw, 1000px\" \/><\/figure><\/div>\n<\/div>\n<\/div>\n<\/div>\n\n\n\n<div class=\"wp-block-group alignfull has-background-background-color has-background is-layout-constrained wp-block-group-is-layout-constrained\">\n<div class=\"wp-block-group has-overlap has-overlap-left has-foreground-color has-foreground-background-color has-text-color has-background has-link-color wp-elements-a6bd8b267546a21de546cf8a1a84d89d is-layout-constrained wp-block-group-is-layout-constrained\">\n<div class=\"wp-block-group is-style-narrow is-layout-constrained wp-block-group-is-layout-constrained\">\n<div class=\"wp-block-media-text is-stacked-on-mobile is-vertically-aligned-center is-image-fill\" style=\"grid-template-columns:43% auto\"><figure class=\"wp-block-media-text__media\" style=\"background-image:url(https:\/\/kueche-schweiz.ch\/app\/uploads\/2024\/08\/checkliste_kuechenplanung_1000x667_FR.jpg);background-position:50% 50%\"><img loading=\"lazy\" decoding=\"async\" width=\"1000\" height=\"667\" src=\"https:\/\/kueche-schweiz.ch\/app\/uploads\/2024\/08\/checkliste_kuechenplanung_1000x667_FR.jpg\" alt=\"\" class=\"wp-image-23302 size-full\" srcset=\"https:\/\/kueche-schweiz.ch\/app\/uploads\/2024\/08\/checkliste_kuechenplanung_1000x667_FR.jpg 1000w, https:\/\/kueche-schweiz.ch\/app\/uploads\/2024\/08\/checkliste_kuechenplanung_1000x667_FR-300x200.jpg 300w, https:\/\/kueche-schweiz.ch\/app\/uploads\/2024\/08\/checkliste_kuechenplanung_1000x667_FR-768x512.jpg 768w\" sizes=\"auto, (max-width: 1000px) 100vw, 1000px\" \/><\/figure><div class=\"wp-block-media-text__content\">\n<h2 class=\"wp-block-heading has-background-color has-text-color has-link-color wp-elements-49ae641b5f61436b1de6c3dca463780a\">Check-liste pour le concepteur de cuisine<\/h2>\n\n\n\n<p class=\"has-background-color has-text-color has-link-color wp-elements-0264948e721c79a8429ccec8c32db4a8\">Vous avez votre style unique. Vous avez vos habitudes de cuisine et de travail. Et vous souhaitez profiter de toutes les facilit\u00e9s de travail possibles dans votre nouvelle cuisine. Si vous en parlez avec votre sp\u00e9cialiste Cuisine Suisse, il vous fera des propositions int\u00e9ressantes. Pr\u00e9parez-vous \u00e0 l&#8217;entretien avec le cuisiniste \u00e0 l&#8217;aide de la liste de contr\u00f4le ci-dessous. Il est disponible en PDF inscriptible en version allemande, fran\u00e7aise, italienne et anglaise.<\/p>\n\n\n\n<div class=\"wp-block-buttons is-vertical is-layout-flex wp-container-core-buttons-is-layout-fe9cc265 wp-block-buttons-is-layout-flex\">\n<div class=\"wp-block-button has-custom-width wp-block-button__width-100 is-style-download\"><a class=\"wp-block-button__link has-foreground-color has-background-background-color has-text-color has-background has-link-color has-text-align-left wp-element-button\" href=\"https:\/\/kueche-schweiz.ch\/app\/uploads\/2024\/08\/f_2023-02_check-liste_conception_de_cuisine_beschreibbar.pdf\" target=\"_blank\" rel=\"noreferrer noopener\">Liste de contr\u00f4le : Planification de la cuisine FR<\/a><\/div>\n\n\n\n<div class=\"wp-block-button has-custom-width wp-block-button__width-100 is-style-download\"><a class=\"wp-block-button__link has-foreground-color has-background-background-color has-text-color has-background has-link-color has-text-align-left wp-element-button\" href=\"https:\/\/kueche-schweiz.ch\/app\/uploads\/2024\/08\/i_2023-02_Lista_controllo_pianificazione_cucina_beschreibbar.pdf\" target=\"_blank\" rel=\"noreferrer noopener\">Liste de contr\u00f4le : Planification de la cuisine IT<\/a><\/div>\n\n\n\n<div class=\"wp-block-button has-custom-width wp-block-button__width-100 is-style-download\"><a class=\"wp-block-button__link has-foreground-color has-background-background-color has-text-color has-background has-link-color has-text-align-left wp-element-button\" href=\"https:\/\/kueche-schweiz.ch\/app\/uploads\/2024\/08\/e_2023-09_checkliste_kuechenplanung_beschreibbar.pdf\" target=\"_blank\" rel=\"noreferrer noopener\">Liste de contr\u00f4le : Planification de la cuisine EN<\/a><\/div>\n<\/div>\n<\/div><\/div>\n<\/div>\n<\/div>\n<\/div>\n\n\n\n<div class=\"wp-block-group alignfull has-background-background-color has-background is-layout-constrained wp-block-group-is-layout-constrained\">\n<div class=\"wp-block-group is-style-narrow is-layout-constrained wp-block-group-is-layout-constrained\">\n<div class=\"wp-block-media-text has-media-on-the-right is-stacked-on-mobile\" style=\"grid-template-columns:auto 40%\"><div class=\"wp-block-media-text__content\">\n<h2 class=\"wp-block-heading\">Expertise \/ Assurance qualit\u00e9<\/h2>\n\n\n\n<p>Nous r\u00e9alisons des rapports\/expertises pour des cuisines chez des particuliers dans toute la Suisse, aussi bien en allemand qu&#8217;en fran\u00e7ais.<\/p>\n\n\n\n<p>Nos experts sont ind\u00e9pendants et disposent d&#8217;une longue exp\u00e9rience dans le secteur suisse des cuisines.<\/p>\n\n\n\n<p>Une expertise ind\u00e9pendante offre une \u00e9valuation neutre, sans conflit d&#8217;int\u00e9r\u00eat. Ainsi, les d\u00e9cisions sont prises sur la base de faits et de l&#8217;expertise.<\/p>\n\n\n\n<p>Nous serons heureux de r\u00e9pondre \u00e0 vos questions. Appelez-nous.<\/p>\n\n\n\n<div class=\"wp-block-buttons is-layout-flex wp-block-buttons-is-layout-flex\">\n<div class=\"wp-block-button\"><a class=\"wp-block-button__link wp-element-button\" href=\"https:\/\/kueche-schweiz.ch\/notre-offre\/expertises\/?lang=fr\">Vers les expertises<\/a><\/div>\n<\/div>\n<\/div><figure class=\"wp-block-media-text__media\"><img loading=\"lazy\" decoding=\"async\" width=\"1024\" height=\"709\" src=\"https:\/\/kueche-schweiz.ch\/app\/uploads\/2024\/02\/expertisen-1024x709.png\" alt=\"\" class=\"wp-image-45 size-full\" srcset=\"https:\/\/kueche-schweiz.ch\/app\/uploads\/2024\/02\/expertisen-1024x709.png 1024w, https:\/\/kueche-schweiz.ch\/app\/uploads\/2024\/02\/expertisen-300x208.png 300w, https:\/\/kueche-schweiz.ch\/app\/uploads\/2024\/02\/expertisen-768x532.png 768w, https:\/\/kueche-schweiz.ch\/app\/uploads\/2024\/02\/expertisen.png 1072w\" sizes=\"auto, (max-width: 1024px) 100vw, 1024px\" \/><\/figure><\/div>\n<\/div>\n<\/div>\n\n\n\n<div class=\"wp-block-group alignfull has-background-background-color has-background is-layout-constrained wp-block-group-is-layout-constrained\">\n<div class=\"wp-block-group highlight-box has-foreground-background-color has-background is-layout-constrained wp-block-group-is-layout-constrained\">\n<h2 class=\"wp-block-heading has-text-align-center has-background-color has-text-color has-link-color wp-elements-60a1d3f59fe68d7f6ddf2740d3b835bd\">Autres documents \u00e0 t\u00e9l\u00e9charger<\/h2>\n\n\n\n<div class=\"wp-block-columns is-layout-flex wp-container-core-columns-is-layout-28f84493 wp-block-columns-is-layout-flex\">\n<div class=\"wp-block-column is-layout-flow wp-block-column-is-layout-flow\">\n<div class=\"wp-block-buttons is-vertical is-layout-flex wp-container-core-buttons-is-layout-fe9cc265 wp-block-buttons-is-layout-flex\">\n<div class=\"wp-block-button has-custom-width wp-block-button__width-100 is-style-download\"><a class=\"wp-block-button__link has-foreground-color has-background-background-color has-text-color has-background has-link-color has-text-align-left wp-element-button\" href=\"https:\/\/kueche-schweiz.ch\/app\/uploads\/2024\/08\/f_2020-01_la_cuisine_ouverte_beschreibbar.pdf\" target=\"_blank\" rel=\"noreferrer noopener\">Liste de contr\u00f4le : La cuisine ouverte<\/a><\/div>\n\n\n\n<div class=\"wp-block-button has-custom-width wp-block-button__width-100 is-style-download\"><a class=\"wp-block-button__link has-foreground-color has-background-background-color has-text-color has-background has-link-color has-text-align-left wp-element-button\" href=\"https:\/\/kueche-schweiz.ch\/app\/uploads\/2024\/08\/f_2020-01_la_cuisine_de_vos_reves_beschreibbar.pdf\" target=\"_blank\" rel=\"noreferrer noopener\">Vers la cuisine de vos r\u00eaves en 10 \u00e9tapes<\/a><\/div>\n\n\n\n<div class=\"wp-block-button has-custom-width wp-block-button__width-100 is-style-download\"><a class=\"wp-block-button__link has-foreground-color has-background-background-color has-text-color has-background has-link-color has-text-align-left wp-element-button\" href=\"https:\/\/kueche-schweiz.ch\/app\/uploads\/2024\/08\/f_2020-01_Conseils_dentretien.pdf\" target=\"_blank\" rel=\"noreferrer noopener\">Conseils d\u2019entretien<\/a><\/div>\n\n\n\n<div class=\"wp-block-button has-custom-width wp-block-button__width-100 is-style-download\"><a class=\"wp-block-button__link has-foreground-color has-background-background-color has-text-color has-background has-link-color has-text-align-left wp-element-button\" href=\"https:\/\/kueche-schweiz.ch\/app\/uploads\/2024\/08\/CertiQua_Dokumentation_Kueche_Schweiz_FR.pdf\">Label de qualit\u00e9<\/a><\/div>\n<\/div>\n<\/div>\n<\/div>\n<\/div>\n<\/div>\n","protected":false},"excerpt":{"rendered":"<p>Documents utiles Dans cette section, vous trouverez des informations compl\u00e8tes et utiles sur la planification et l&#8217;achat de cuisines. Il est \u00e9galement important et int\u00e9ressant de proposer des expertises par nos experts de Cuisine Suisse en cas de conflit d&#8217;int\u00e9r\u00eats. Informez-vous ici \u00e0 t\u00eate repos\u00e9e afin de parer \u00e0 toute \u00e9ventualit\u00e9. Les guides sont disponibles [&hellip;]<\/p>\n","protected":false},"author":1,"featured_media":19769,"parent":18161,"menu_order":79,"comment_status":"closed","ping_status":"closed","template":"","meta":{"_acf_changed":false,"inline_featured_image":false,"footnotes":""},"class_list":["post-19774","page","type-page","status-publish","has-post-thumbnail","hentry"],"acf":[],"yoast_head":"<!-- This site is optimized with the Yoast SEO plugin v27.5 - https:\/\/yoast.com\/product\/yoast-seo-wordpress\/ -->\n<title>Documents utiles - K\u00fcche Schweiz<\/title>\n<meta name=\"robots\" content=\"index, follow, max-snippet:-1, max-image-preview:large, max-video-preview:-1\" \/>\n<link rel=\"canonical\" href=\"https:\/\/kueche-schweiz.ch\/endverbraucher-bauherren\/kuechenprofis\/nuetzliche-dokumente\/\" \/>\n<meta property=\"og:locale\" content=\"fr_FR\" \/>\n<meta property=\"og:type\" content=\"article\" \/>\n<meta property=\"og:title\" content=\"Documents utiles - K\u00fcche Schweiz\" \/>\n<meta property=\"og:description\" content=\"Documents utiles Dans cette section, vous trouverez des informations compl\u00e8tes et utiles sur la planification et l&#8217;achat de cuisines. Il est \u00e9galement important et int\u00e9ressant de proposer des expertises par nos experts de Cuisine Suisse en cas de conflit d&#8217;int\u00e9r\u00eats. Informez-vous ici \u00e0 t\u00eate repos\u00e9e afin de parer \u00e0 toute \u00e9ventualit\u00e9. Les guides sont disponibles [&hellip;]\" \/>\n<meta property=\"og:url\" content=\"https:\/\/kueche-schweiz.ch\/endverbraucher-bauherren\/kuechenprofis\/nuetzliche-dokumente\/\" \/>\n<meta property=\"og:site_name\" content=\"K\u00fcche Schweiz\" \/>\n<meta property=\"article:modified_time\" content=\"2024-08-20T13:31:32+00:00\" \/>\n<meta property=\"og:image\" content=\"https:\/\/kueche-schweiz.ch\/app\/uploads\/2024\/07\/vorlage_dokumente_Uebersicht_FR.jpg\" \/>\n\t<meta property=\"og:image:width\" content=\"1024\" \/>\n\t<meta property=\"og:image:height\" content=\"681\" \/>\n\t<meta property=\"og:image:type\" content=\"image\/jpeg\" \/>\n<meta name=\"twitter:card\" content=\"summary_large_image\" \/>\n<meta name=\"twitter:label1\" content=\"Dur\u00e9e de lecture estim\u00e9e\" \/>\n\t<meta name=\"twitter:data1\" content=\"3 minutes\" \/>\n<script type=\"application\/ld+json\" class=\"yoast-schema-graph\">{\"@context\":\"https:\\\/\\\/schema.org\",\"@graph\":[{\"@type\":\"WebPage\",\"@id\":\"https:\\\/\\\/kueche-schweiz.ch\\\/endverbraucher-bauherren\\\/kuechenprofis\\\/nuetzliche-dokumente\\\/\",\"url\":\"https:\\\/\\\/kueche-schweiz.ch\\\/endverbraucher-bauherren\\\/kuechenprofis\\\/nuetzliche-dokumente\\\/\",\"name\":\"Documents utiles - K\u00fcche Schweiz\",\"isPartOf\":{\"@id\":\"https:\\\/\\\/kueche-schweiz.ch\\\/#website\"},\"primaryImageOfPage\":{\"@id\":\"https:\\\/\\\/kueche-schweiz.ch\\\/endverbraucher-bauherren\\\/kuechenprofis\\\/nuetzliche-dokumente\\\/#primaryimage\"},\"image\":{\"@id\":\"https:\\\/\\\/kueche-schweiz.ch\\\/endverbraucher-bauherren\\\/kuechenprofis\\\/nuetzliche-dokumente\\\/#primaryimage\"},\"thumbnailUrl\":\"https:\\\/\\\/kueche-schweiz.ch\\\/app\\\/uploads\\\/2024\\\/07\\\/vorlage_dokumente_Uebersicht_FR.jpg\",\"datePublished\":\"2024-06-22T18:09:57+00:00\",\"dateModified\":\"2024-08-20T13:31:32+00:00\",\"breadcrumb\":{\"@id\":\"https:\\\/\\\/kueche-schweiz.ch\\\/endverbraucher-bauherren\\\/kuechenprofis\\\/nuetzliche-dokumente\\\/#breadcrumb\"},\"inLanguage\":\"fr-FR\",\"potentialAction\":[{\"@type\":\"ReadAction\",\"target\":[\"https:\\\/\\\/kueche-schweiz.ch\\\/endverbraucher-bauherren\\\/kuechenprofis\\\/nuetzliche-dokumente\\\/\"]}]},{\"@type\":\"ImageObject\",\"inLanguage\":\"fr-FR\",\"@id\":\"https:\\\/\\\/kueche-schweiz.ch\\\/endverbraucher-bauherren\\\/kuechenprofis\\\/nuetzliche-dokumente\\\/#primaryimage\",\"url\":\"https:\\\/\\\/kueche-schweiz.ch\\\/app\\\/uploads\\\/2024\\\/07\\\/vorlage_dokumente_Uebersicht_FR.jpg\",\"contentUrl\":\"https:\\\/\\\/kueche-schweiz.ch\\\/app\\\/uploads\\\/2024\\\/07\\\/vorlage_dokumente_Uebersicht_FR.jpg\",\"width\":1024,\"height\":681},{\"@type\":\"BreadcrumbList\",\"@id\":\"https:\\\/\\\/kueche-schweiz.ch\\\/endverbraucher-bauherren\\\/kuechenprofis\\\/nuetzliche-dokumente\\\/#breadcrumb\",\"itemListElement\":[{\"@type\":\"ListItem\",\"position\":1,\"name\":\"Page d'accueil\",\"item\":\"https:\\\/\\\/kueche-schweiz.ch\\\/fr\\\/\"},{\"@type\":\"ListItem\",\"position\":2,\"name\":\"Consommateurs et ma\u00eetres d&#8217;ouvrage\",\"item\":\"https:\\\/\\\/kueche-schweiz.ch\\\/fr\\\/consommateurs-et-maitres-douvrage\\\/\"},{\"@type\":\"ListItem\",\"position\":3,\"name\":\"Professionnels de la cuisine\",\"item\":\"https:\\\/\\\/kueche-schweiz.ch\\\/endverbraucher-bauherren\\\/kuechenprofis\\\/\"},{\"@type\":\"ListItem\",\"position\":4,\"name\":\"Documents utiles\"}]},{\"@type\":\"WebSite\",\"@id\":\"https:\\\/\\\/kueche-schweiz.ch\\\/#website\",\"url\":\"https:\\\/\\\/kueche-schweiz.ch\\\/\",\"name\":\"K\u00fcche Schweiz\",\"description\":\"\",\"publisher\":{\"@id\":\"https:\\\/\\\/kueche-schweiz.ch\\\/#organization\"},\"potentialAction\":[{\"@type\":\"SearchAction\",\"target\":{\"@type\":\"EntryPoint\",\"urlTemplate\":\"https:\\\/\\\/kueche-schweiz.ch\\\/?s={search_term_string}\"},\"query-input\":{\"@type\":\"PropertyValueSpecification\",\"valueRequired\":true,\"valueName\":\"search_term_string\"}}],\"inLanguage\":\"fr-FR\"},{\"@type\":\"Organization\",\"@id\":\"https:\\\/\\\/kueche-schweiz.ch\\\/#organization\",\"name\":\"K\u00fcche Schweiz\",\"url\":\"https:\\\/\\\/kueche-schweiz.ch\\\/\",\"logo\":{\"@type\":\"ImageObject\",\"inLanguage\":\"fr-FR\",\"@id\":\"https:\\\/\\\/kueche-schweiz.ch\\\/#\\\/schema\\\/logo\\\/image\\\/\",\"url\":\"https:\\\/\\\/kueche-schweiz.ch\\\/app\\\/uploads\\\/2025\\\/01\\\/logo-kueche-schweiz.png\",\"contentUrl\":\"https:\\\/\\\/kueche-schweiz.ch\\\/app\\\/uploads\\\/2025\\\/01\\\/logo-kueche-schweiz.png\",\"width\":1417,\"height\":1846,\"caption\":\"K\u00fcche Schweiz\"},\"image\":{\"@id\":\"https:\\\/\\\/kueche-schweiz.ch\\\/#\\\/schema\\\/logo\\\/image\\\/\"}}]}<\/script>\n<!-- \/ Yoast SEO plugin. -->","yoast_head_json":{"title":"Documents utiles - K\u00fcche Schweiz","robots":{"index":"index","follow":"follow","max-snippet":"max-snippet:-1","max-image-preview":"max-image-preview:large","max-video-preview":"max-video-preview:-1"},"canonical":"https:\/\/kueche-schweiz.ch\/endverbraucher-bauherren\/kuechenprofis\/nuetzliche-dokumente\/","og_locale":"fr_FR","og_type":"article","og_title":"Documents utiles - K\u00fcche Schweiz","og_description":"Documents utiles Dans cette section, vous trouverez des informations compl\u00e8tes et utiles sur la planification et l&#8217;achat de cuisines. Il est \u00e9galement important et int\u00e9ressant de proposer des expertises par nos experts de Cuisine Suisse en cas de conflit d&#8217;int\u00e9r\u00eats. Informez-vous ici \u00e0 t\u00eate repos\u00e9e afin de parer \u00e0 toute \u00e9ventualit\u00e9. Les guides sont disponibles [&hellip;]","og_url":"https:\/\/kueche-schweiz.ch\/endverbraucher-bauherren\/kuechenprofis\/nuetzliche-dokumente\/","og_site_name":"K\u00fcche Schweiz","article_modified_time":"2024-08-20T13:31:32+00:00","og_image":[{"width":1024,"height":681,"url":"https:\/\/kueche-schweiz.ch\/app\/uploads\/2024\/07\/vorlage_dokumente_Uebersicht_FR.jpg","type":"image\/jpeg"}],"twitter_card":"summary_large_image","twitter_misc":{"Dur\u00e9e de lecture estim\u00e9e":"3 minutes"},"schema":{"@context":"https:\/\/schema.org","@graph":[{"@type":"WebPage","@id":"https:\/\/kueche-schweiz.ch\/endverbraucher-bauherren\/kuechenprofis\/nuetzliche-dokumente\/","url":"https:\/\/kueche-schweiz.ch\/endverbraucher-bauherren\/kuechenprofis\/nuetzliche-dokumente\/","name":"Documents utiles - K\u00fcche Schweiz","isPartOf":{"@id":"https:\/\/kueche-schweiz.ch\/#website"},"primaryImageOfPage":{"@id":"https:\/\/kueche-schweiz.ch\/endverbraucher-bauherren\/kuechenprofis\/nuetzliche-dokumente\/#primaryimage"},"image":{"@id":"https:\/\/kueche-schweiz.ch\/endverbraucher-bauherren\/kuechenprofis\/nuetzliche-dokumente\/#primaryimage"},"thumbnailUrl":"https:\/\/kueche-schweiz.ch\/app\/uploads\/2024\/07\/vorlage_dokumente_Uebersicht_FR.jpg","datePublished":"2024-06-22T18:09:57+00:00","dateModified":"2024-08-20T13:31:32+00:00","breadcrumb":{"@id":"https:\/\/kueche-schweiz.ch\/endverbraucher-bauherren\/kuechenprofis\/nuetzliche-dokumente\/#breadcrumb"},"inLanguage":"fr-FR","potentialAction":[{"@type":"ReadAction","target":["https:\/\/kueche-schweiz.ch\/endverbraucher-bauherren\/kuechenprofis\/nuetzliche-dokumente\/"]}]},{"@type":"ImageObject","inLanguage":"fr-FR","@id":"https:\/\/kueche-schweiz.ch\/endverbraucher-bauherren\/kuechenprofis\/nuetzliche-dokumente\/#primaryimage","url":"https:\/\/kueche-schweiz.ch\/app\/uploads\/2024\/07\/vorlage_dokumente_Uebersicht_FR.jpg","contentUrl":"https:\/\/kueche-schweiz.ch\/app\/uploads\/2024\/07\/vorlage_dokumente_Uebersicht_FR.jpg","width":1024,"height":681},{"@type":"BreadcrumbList","@id":"https:\/\/kueche-schweiz.ch\/endverbraucher-bauherren\/kuechenprofis\/nuetzliche-dokumente\/#breadcrumb","itemListElement":[{"@type":"ListItem","position":1,"name":"Page d'accueil","item":"https:\/\/kueche-schweiz.ch\/fr\/"},{"@type":"ListItem","position":2,"name":"Consommateurs et ma\u00eetres d&#8217;ouvrage","item":"https:\/\/kueche-schweiz.ch\/fr\/consommateurs-et-maitres-douvrage\/"},{"@type":"ListItem","position":3,"name":"Professionnels de la cuisine","item":"https:\/\/kueche-schweiz.ch\/endverbraucher-bauherren\/kuechenprofis\/"},{"@type":"ListItem","position":4,"name":"Documents utiles"}]},{"@type":"WebSite","@id":"https:\/\/kueche-schweiz.ch\/#website","url":"https:\/\/kueche-schweiz.ch\/","name":"K\u00fcche Schweiz","description":"","publisher":{"@id":"https:\/\/kueche-schweiz.ch\/#organization"},"potentialAction":[{"@type":"SearchAction","target":{"@type":"EntryPoint","urlTemplate":"https:\/\/kueche-schweiz.ch\/?s={search_term_string}"},"query-input":{"@type":"PropertyValueSpecification","valueRequired":true,"valueName":"search_term_string"}}],"inLanguage":"fr-FR"},{"@type":"Organization","@id":"https:\/\/kueche-schweiz.ch\/#organization","name":"K\u00fcche Schweiz","url":"https:\/\/kueche-schweiz.ch\/","logo":{"@type":"ImageObject","inLanguage":"fr-FR","@id":"https:\/\/kueche-schweiz.ch\/#\/schema\/logo\/image\/","url":"https:\/\/kueche-schweiz.ch\/app\/uploads\/2025\/01\/logo-kueche-schweiz.png","contentUrl":"https:\/\/kueche-schweiz.ch\/app\/uploads\/2025\/01\/logo-kueche-schweiz.png","width":1417,"height":1846,"caption":"K\u00fcche Schweiz"},"image":{"@id":"https:\/\/kueche-schweiz.ch\/#\/schema\/logo\/image\/"}}]}},"_links":{"self":[{"href":"https:\/\/kueche-schweiz.ch\/fr\/wp-json\/wp\/v2\/pages\/19774","targetHints":{"allow":["GET"]}}],"collection":[{"href":"https:\/\/kueche-schweiz.ch\/fr\/wp-json\/wp\/v2\/pages"}],"about":[{"href":"https:\/\/kueche-schweiz.ch\/fr\/wp-json\/wp\/v2\/types\/page"}],"author":[{"embeddable":true,"href":"https:\/\/kueche-schweiz.ch\/fr\/wp-json\/wp\/v2\/users\/1"}],"replies":[{"embeddable":true,"href":"https:\/\/kueche-schweiz.ch\/fr\/wp-json\/wp\/v2\/comments?post=19774"}],"version-history":[{"count":10,"href":"https:\/\/kueche-schweiz.ch\/fr\/wp-json\/wp\/v2\/pages\/19774\/revisions"}],"predecessor-version":[{"id":23547,"href":"https:\/\/kueche-schweiz.ch\/fr\/wp-json\/wp\/v2\/pages\/19774\/revisions\/23547"}],"up":[{"embeddable":true,"href":"https:\/\/kueche-schweiz.ch\/fr\/wp-json\/wp\/v2\/pages\/18161"}],"wp:featuredmedia":[{"embeddable":true,"href":"https:\/\/kueche-schweiz.ch\/fr\/wp-json\/wp\/v2\/media\/19769"}],"wp:attachment":[{"href":"https:\/\/kueche-schweiz.ch\/fr\/wp-json\/wp\/v2\/media?parent=19774"}],"curies":[{"name":"wp","href":"https:\/\/api.w.org\/{rel}","templated":true}]}}