{"id":23644,"date":"2024-06-07T18:19:23","date_gmt":"2024-06-07T16:19:23","guid":{"rendered":"https:\/\/kueche-schweiz.ch\/initiative-senco-inscription-senco\/"},"modified":"2024-08-23T09:33:12","modified_gmt":"2024-08-23T07:33:12","slug":"initiative-senco-inscription-senco","status":"publish","type":"page","link":"https:\/\/kueche-schweiz.ch\/fr\/initiative-senco-inscription-senco\/","title":{"rendered":"Initiative Senco Inscription SENCO"},"content":{"rendered":"\n<p><\/p>\n\n\n\n<h2 class=\"wp-block-heading has-text-align-center\">Inscription pour les d\u00e9tenteurs de connaissances retrait\u00e9s (SENCO)<\/h2>\n\n\n\n<div class=\"wp-block-group is-style-narrow-mid is-layout-constrained wp-block-group-is-layout-constrained\">\n<div style=\"height:2em\" aria-hidden=\"true\" class=\"wp-block-spacer\"><\/div>\n\n\n\n<div class=\"wpcf7 no-js\" id=\"wpcf7-f18386-o1\" lang=\"de-DE\" dir=\"ltr\" data-wpcf7-id=\"18386\">\n<div class=\"screen-reader-response\"><p role=\"status\" aria-live=\"polite\" aria-atomic=\"true\"><\/p> <ul><\/ul><\/div>\n<form action=\"\/fr\/wp-json\/wp\/v2\/pages\/23644#wpcf7-f18386-o1\" method=\"post\" class=\"wpcf7-form init\" aria-label=\"Kontaktformular\" novalidate=\"novalidate\" data-status=\"init\">\n<fieldset class=\"hidden-fields-container\"><input type=\"hidden\" name=\"_wpcf7\" value=\"18386\" \/><input type=\"hidden\" name=\"_wpcf7_version\" value=\"6.1.5\" \/><input type=\"hidden\" name=\"_wpcf7_locale\" value=\"de_DE\" \/><input type=\"hidden\" name=\"_wpcf7_unit_tag\" value=\"wpcf7-f18386-o1\" \/><input type=\"hidden\" name=\"_wpcf7_container_post\" value=\"0\" \/><input type=\"hidden\" name=\"_wpcf7_posted_data_hash\" value=\"\" \/><input type=\"hidden\" name=\"_wpcf7cf_hidden_group_fields\" value=\"[]\" \/><input type=\"hidden\" name=\"_wpcf7cf_hidden_groups\" value=\"[]\" \/><input type=\"hidden\" name=\"_wpcf7cf_visible_groups\" value=\"[]\" \/><input type=\"hidden\" name=\"_wpcf7cf_repeaters\" value=\"[]\" \/><input type=\"hidden\" name=\"_wpcf7cf_steps\" value=\"{}\" \/><input type=\"hidden\" name=\"_wpcf7cf_options\" value=\"{&quot;form_id&quot;:18386,&quot;conditions&quot;:[],&quot;settings&quot;:{&quot;animation&quot;:&quot;yes&quot;,&quot;animation_intime&quot;:200,&quot;animation_outtime&quot;:200,&quot;conditions_ui&quot;:&quot;normal&quot;,&quot;notice_dismissed&quot;:false,&quot;repeater_remove_button&quot;:&quot;bottom&quot;}}\" \/><input type=\"hidden\" name=\"_wpcf7_recaptcha_response\" value=\"\" \/>\n<\/fieldset>\n<div class=\"flex\">\n<div class=\"boxed\">\n\n<strong>Vos informations<\/strong>\n<div class=\"double\">\n<label>\nPr\u00e9nom*\n<span class=\"wpcf7-form-control-wrap\" data-name=\"firstname\"><input size=\"40\" maxlength=\"400\" class=\"wpcf7-form-control wpcf7-text wpcf7-validates-as-required\" aria-required=\"true\" aria-invalid=\"false\" value=\"\" type=\"text\" name=\"firstname\" \/><\/span>\n<\/label>\n\n<label>\nNom*\n<span class=\"wpcf7-form-control-wrap\" data-name=\"lastname\"><input size=\"40\" maxlength=\"400\" class=\"wpcf7-form-control wpcf7-text wpcf7-validates-as-required\" aria-required=\"true\" aria-invalid=\"false\" value=\"\" type=\"text\" name=\"lastname\" \/><\/span>\n<\/label>\n<\/div>\n\n\n<div class=\"double\">\n<label>\nRue* \/ Num\u00e9ro de maison* \n<span class=\"wpcf7-form-control-wrap\" data-name=\"strasse\"><input size=\"40\" maxlength=\"400\" class=\"wpcf7-form-control wpcf7-text\" aria-invalid=\"false\" value=\"\" type=\"text\" name=\"strasse\" \/><\/span>\n<\/label>\n\n\n<label>\nNPA\/localit\u00e9*\n<span class=\"wpcf7-form-control-wrap\" data-name=\"city\"><input size=\"40\" maxlength=\"400\" class=\"wpcf7-form-control wpcf7-text wpcf7-validates-as-required\" aria-required=\"true\" aria-invalid=\"false\" value=\"\" type=\"text\" name=\"city\" \/><\/span>\n<\/label>\n<\/div>\n\n\n<div class=\"double\">\n<label>\nT\u00e9l\u00e9phone Privat*\n<span class=\"wpcf7-form-control-wrap\" data-name=\"phone\"><input size=\"40\" maxlength=\"400\" class=\"wpcf7-form-control wpcf7-tel wpcf7-validates-as-required wpcf7-text wpcf7-validates-as-tel\" aria-required=\"true\" aria-invalid=\"false\" value=\"\" type=\"tel\" name=\"phone\" \/><\/span>\n<\/label>\n\n<label>\nT\u00e9l\u00e9phone Mobil*\n<span class=\"wpcf7-form-control-wrap\" data-name=\"phone_mobile\"><input size=\"40\" maxlength=\"400\" class=\"wpcf7-form-control wpcf7-tel wpcf7-text wpcf7-validates-as-tel\" aria-invalid=\"false\" value=\"\" type=\"tel\" name=\"phone_mobile\" \/><\/span>\n<\/label>\n<\/div>\n\n<label>\nE-Mail*\n<span class=\"wpcf7-form-control-wrap\" data-name=\"e-mail\"><input size=\"40\" maxlength=\"400\" class=\"wpcf7-form-control wpcf7-email wpcf7-validates-as-required wpcf7-text wpcf7-validates-as-email\" aria-required=\"true\" aria-invalid=\"false\" value=\"\" type=\"email\" name=\"e-mail\" \/><\/span>\n<\/label>\n\n<label>\nDate de naissance*\n<span class=\"wpcf7-form-control-wrap\" data-name=\"birthday\"><input class=\"wpcf7-form-control wpcf7-date wpcf7-validates-as-required wpcf7-validates-as-date\" aria-required=\"true\" aria-invalid=\"false\" value=\"\" type=\"date\" name=\"birthday\" \/><\/span>\n<\/label>\n\n<br \/>\n<strong>Informations compl\u00e9mentaires<\/strong>\n\n<label>\nConnaissances linguistiques\n<span class=\"wpcf7-form-control-wrap\" data-name=\"Sprachkenntnisse\"><textarea cols=\"40\" rows=\"10\" maxlength=\"2000\" class=\"wpcf7-form-control wpcf7-textarea\" aria-invalid=\"false\" name=\"Sprachkenntnisse\"><\/textarea><\/span>\n<\/label>\n\n<label>\nDerni\u00e8re fonction\n<span class=\"wpcf7-form-control-wrap\" data-name=\"LetzteFunktion\"><input size=\"40\" maxlength=\"400\" class=\"wpcf7-form-control wpcf7-text\" aria-invalid=\"false\" value=\"\" type=\"text\" name=\"LetzteFunktion\" \/><\/span>\n<\/label>\n\n<label>\nDerni\u00e8re entreprise\n<span class=\"wpcf7-form-control-wrap\" data-name=\"letztesUnternehmen\"><input size=\"40\" maxlength=\"400\" class=\"wpcf7-form-control wpcf7-text\" aria-invalid=\"false\" value=\"\" type=\"text\" name=\"letztesUnternehmen\" \/><\/span>\n<\/label>\n\n<label>\nR\u00e9f\u00e9rences (nom, t\u00e9l\u00e9phone)\n<span class=\"wpcf7-form-control-wrap\" data-name=\"Referenzen\"><textarea cols=\"40\" rows=\"10\" maxlength=\"2000\" class=\"wpcf7-form-control wpcf7-textarea\" aria-invalid=\"false\" name=\"Referenzen\"><\/textarea><\/span>\n<\/label>\n\n<label>\nConnaissances sp\u00e9ciales\n<span class=\"wpcf7-form-control-wrap\" data-name=\"Spezialwissen\"><textarea cols=\"40\" rows=\"10\" maxlength=\"2000\" class=\"wpcf7-form-control wpcf7-textarea\" aria-invalid=\"false\" name=\"Spezialwissen\"><\/textarea><\/span><br \/>\nPar exemple : Gestion, logiciel de planification, ...\n<\/label>\n\n<label>\nDomaines d'application souhait\u00e9s\n<span class=\"wpcf7-form-control-wrap\" data-name=\"Einsatzbereich\"><textarea cols=\"40\" rows=\"10\" maxlength=\"2000\" class=\"wpcf7-form-control wpcf7-textarea\" aria-invalid=\"false\" name=\"Einsatzbereich\"><\/textarea><\/span>\n<\/label>\n\n<label>\nZone g\u00e9ographique d'intervention\n<span class=\"wpcf7-form-control-wrap\" data-name=\"Einsatzraum\"><textarea cols=\"40\" rows=\"10\" maxlength=\"2000\" class=\"wpcf7-form-control wpcf7-textarea\" aria-invalid=\"false\" name=\"Einsatzraum\"><\/textarea><\/span>\n<\/label>\n\n<label>\nNote\n<span class=\"wpcf7-form-control-wrap\" data-name=\"Bemerkung\"><textarea cols=\"40\" rows=\"10\" maxlength=\"2000\" class=\"wpcf7-form-control wpcf7-textarea\" aria-invalid=\"false\" name=\"Bemerkung\"><\/textarea><\/span>\n<\/label>\n\n\n\n<span class=\"wpcf7-form-control-wrap\" data-name=\"datenschutz\"><span class=\"wpcf7-form-control wpcf7-acceptance\"><span class=\"wpcf7-list-item\"><label><input type=\"checkbox\" name=\"datenschutz\" value=\"1\" aria-invalid=\"false\" \/><span class=\"wpcf7-list-item-label\">Je suis d'accord avec la <a href=\"https:\/\/kueche-schweiz.ch\/fr\/declaration-de-confidentialite\/\" target=\"_blank\">D\u00e9claration de confidentialit\u00e9<\/a> zu.<\/span><\/label><\/span><\/span><\/span>\n\n\n<\/br>\n<div class=\"required-label\">* Champs obligatoires<\/div>\n\n<input class=\"wpcf7-form-control wpcf7-submit has-spinner\" type=\"submit\" value=\"Envoyer le message\" \/>\n\n<\/div>\n<\/div>\n\n<input class=\"wpcf7-form-control wpcf7-hidden\" value=\"\" type=\"hidden\" name=\"pageurl\" \/><div class=\"wpcf7-response-output\" aria-hidden=\"true\"><\/div>\n<\/form>\n<\/div>\n\n\n\n\n<div style=\"height:2em\" aria-hidden=\"true\" class=\"wp-block-spacer\"><\/div>\n<\/div>\n","protected":false},"excerpt":{"rendered":"<p>Inscription pour les d\u00e9tenteurs de connaissances retrait\u00e9s (SENCO)<\/p>\n","protected":false},"author":1,"featured_media":5385,"parent":0,"menu_order":33,"comment_status":"closed","ping_status":"closed","template":"","meta":{"_acf_changed":false,"inline_featured_image":false,"footnotes":""},"class_list":["post-23644","page","type-page","status-publish","has-post-thumbnail","hentry"],"acf":[],"yoast_head":"<!-- This site is optimized with the Yoast SEO plugin v27.5 - https:\/\/yoast.com\/product\/yoast-seo-wordpress\/ -->\n<title>Initiative Senco Inscription SENCO - K\u00fcche Schweiz<\/title>\n<meta name=\"robots\" content=\"index, follow, max-snippet:-1, max-image-preview:large, max-video-preview:-1\" \/>\n<link rel=\"canonical\" href=\"https:\/\/kueche-schweiz.ch\/fr\/initiative-senco-inscription-senco\/\" \/>\n<meta property=\"og:locale\" content=\"fr_FR\" \/>\n<meta property=\"og:type\" content=\"article\" \/>\n<meta property=\"og:title\" content=\"Initiative Senco Inscription SENCO - K\u00fcche Schweiz\" \/>\n<meta property=\"og:description\" content=\"Inscription pour les d\u00e9tenteurs de connaissances retrait\u00e9s (SENCO)\" \/>\n<meta property=\"og:url\" content=\"https:\/\/kueche-schweiz.ch\/fr\/initiative-senco-inscription-senco\/\" \/>\n<meta property=\"og:site_name\" content=\"K\u00fcche Schweiz\" \/>\n<meta property=\"article:modified_time\" content=\"2024-08-23T07:33:12+00:00\" \/>\n<meta property=\"og:image\" content=\"https:\/\/kueche-schweiz.ch\/app\/uploads\/2024\/05\/senco_bild_mit-logo_1024x683.jpg\" \/>\n\t<meta property=\"og:image:width\" content=\"1024\" \/>\n\t<meta property=\"og:image:height\" content=\"683\" \/>\n\t<meta property=\"og:image:type\" content=\"image\/jpeg\" \/>\n<meta name=\"twitter:card\" content=\"summary_large_image\" \/>\n<meta name=\"twitter:label1\" content=\"Dur\u00e9e de lecture estim\u00e9e\" \/>\n\t<meta name=\"twitter:data1\" content=\"1 minute\" \/>\n<script type=\"application\/ld+json\" class=\"yoast-schema-graph\">{\"@context\":\"https:\\\/\\\/schema.org\",\"@graph\":[{\"@type\":\"WebPage\",\"@id\":\"https:\\\/\\\/kueche-schweiz.ch\\\/fr\\\/initiative-senco-inscription-senco\\\/\",\"url\":\"https:\\\/\\\/kueche-schweiz.ch\\\/fr\\\/initiative-senco-inscription-senco\\\/\",\"name\":\"Initiative Senco Inscription SENCO - K\u00fcche Schweiz\",\"isPartOf\":{\"@id\":\"https:\\\/\\\/kueche-schweiz.ch\\\/#website\"},\"primaryImageOfPage\":{\"@id\":\"https:\\\/\\\/kueche-schweiz.ch\\\/fr\\\/initiative-senco-inscription-senco\\\/#primaryimage\"},\"image\":{\"@id\":\"https:\\\/\\\/kueche-schweiz.ch\\\/fr\\\/initiative-senco-inscription-senco\\\/#primaryimage\"},\"thumbnailUrl\":\"https:\\\/\\\/kueche-schweiz.ch\\\/app\\\/uploads\\\/2024\\\/05\\\/senco_bild_mit-logo_1024x683.jpg\",\"datePublished\":\"2024-06-07T16:19:23+00:00\",\"dateModified\":\"2024-08-23T07:33:12+00:00\",\"breadcrumb\":{\"@id\":\"https:\\\/\\\/kueche-schweiz.ch\\\/fr\\\/initiative-senco-inscription-senco\\\/#breadcrumb\"},\"inLanguage\":\"fr-FR\",\"potentialAction\":[{\"@type\":\"ReadAction\",\"target\":[\"https:\\\/\\\/kueche-schweiz.ch\\\/fr\\\/initiative-senco-inscription-senco\\\/\"]}]},{\"@type\":\"ImageObject\",\"inLanguage\":\"fr-FR\",\"@id\":\"https:\\\/\\\/kueche-schweiz.ch\\\/fr\\\/initiative-senco-inscription-senco\\\/#primaryimage\",\"url\":\"https:\\\/\\\/kueche-schweiz.ch\\\/app\\\/uploads\\\/2024\\\/05\\\/senco_bild_mit-logo_1024x683.jpg\",\"contentUrl\":\"https:\\\/\\\/kueche-schweiz.ch\\\/app\\\/uploads\\\/2024\\\/05\\\/senco_bild_mit-logo_1024x683.jpg\",\"width\":1024,\"height\":683},{\"@type\":\"BreadcrumbList\",\"@id\":\"https:\\\/\\\/kueche-schweiz.ch\\\/fr\\\/initiative-senco-inscription-senco\\\/#breadcrumb\",\"itemListElement\":[{\"@type\":\"ListItem\",\"position\":1,\"name\":\"Page d'accueil\",\"item\":\"https:\\\/\\\/kueche-schweiz.ch\\\/fr\\\/\"},{\"@type\":\"ListItem\",\"position\":2,\"name\":\"Initiative Senco Inscription SENCO\"}]},{\"@type\":\"WebSite\",\"@id\":\"https:\\\/\\\/kueche-schweiz.ch\\\/#website\",\"url\":\"https:\\\/\\\/kueche-schweiz.ch\\\/\",\"name\":\"K\u00fcche Schweiz\",\"description\":\"\",\"publisher\":{\"@id\":\"https:\\\/\\\/kueche-schweiz.ch\\\/#organization\"},\"potentialAction\":[{\"@type\":\"SearchAction\",\"target\":{\"@type\":\"EntryPoint\",\"urlTemplate\":\"https:\\\/\\\/kueche-schweiz.ch\\\/?s={search_term_string}\"},\"query-input\":{\"@type\":\"PropertyValueSpecification\",\"valueRequired\":true,\"valueName\":\"search_term_string\"}}],\"inLanguage\":\"fr-FR\"},{\"@type\":\"Organization\",\"@id\":\"https:\\\/\\\/kueche-schweiz.ch\\\/#organization\",\"name\":\"K\u00fcche Schweiz\",\"url\":\"https:\\\/\\\/kueche-schweiz.ch\\\/\",\"logo\":{\"@type\":\"ImageObject\",\"inLanguage\":\"fr-FR\",\"@id\":\"https:\\\/\\\/kueche-schweiz.ch\\\/#\\\/schema\\\/logo\\\/image\\\/\",\"url\":\"https:\\\/\\\/kueche-schweiz.ch\\\/app\\\/uploads\\\/2025\\\/01\\\/logo-kueche-schweiz.png\",\"contentUrl\":\"https:\\\/\\\/kueche-schweiz.ch\\\/app\\\/uploads\\\/2025\\\/01\\\/logo-kueche-schweiz.png\",\"width\":1417,\"height\":1846,\"caption\":\"K\u00fcche Schweiz\"},\"image\":{\"@id\":\"https:\\\/\\\/kueche-schweiz.ch\\\/#\\\/schema\\\/logo\\\/image\\\/\"}}]}<\/script>\n<!-- \/ Yoast SEO plugin. -->","yoast_head_json":{"title":"Initiative Senco Inscription SENCO - K\u00fcche Schweiz","robots":{"index":"index","follow":"follow","max-snippet":"max-snippet:-1","max-image-preview":"max-image-preview:large","max-video-preview":"max-video-preview:-1"},"canonical":"https:\/\/kueche-schweiz.ch\/fr\/initiative-senco-inscription-senco\/","og_locale":"fr_FR","og_type":"article","og_title":"Initiative Senco Inscription SENCO - K\u00fcche Schweiz","og_description":"Inscription pour les d\u00e9tenteurs de connaissances retrait\u00e9s (SENCO)","og_url":"https:\/\/kueche-schweiz.ch\/fr\/initiative-senco-inscription-senco\/","og_site_name":"K\u00fcche Schweiz","article_modified_time":"2024-08-23T07:33:12+00:00","og_image":[{"width":1024,"height":683,"url":"https:\/\/kueche-schweiz.ch\/app\/uploads\/2024\/05\/senco_bild_mit-logo_1024x683.jpg","type":"image\/jpeg"}],"twitter_card":"summary_large_image","twitter_misc":{"Dur\u00e9e de lecture estim\u00e9e":"1 minute"},"schema":{"@context":"https:\/\/schema.org","@graph":[{"@type":"WebPage","@id":"https:\/\/kueche-schweiz.ch\/fr\/initiative-senco-inscription-senco\/","url":"https:\/\/kueche-schweiz.ch\/fr\/initiative-senco-inscription-senco\/","name":"Initiative Senco Inscription SENCO - K\u00fcche Schweiz","isPartOf":{"@id":"https:\/\/kueche-schweiz.ch\/#website"},"primaryImageOfPage":{"@id":"https:\/\/kueche-schweiz.ch\/fr\/initiative-senco-inscription-senco\/#primaryimage"},"image":{"@id":"https:\/\/kueche-schweiz.ch\/fr\/initiative-senco-inscription-senco\/#primaryimage"},"thumbnailUrl":"https:\/\/kueche-schweiz.ch\/app\/uploads\/2024\/05\/senco_bild_mit-logo_1024x683.jpg","datePublished":"2024-06-07T16:19:23+00:00","dateModified":"2024-08-23T07:33:12+00:00","breadcrumb":{"@id":"https:\/\/kueche-schweiz.ch\/fr\/initiative-senco-inscription-senco\/#breadcrumb"},"inLanguage":"fr-FR","potentialAction":[{"@type":"ReadAction","target":["https:\/\/kueche-schweiz.ch\/fr\/initiative-senco-inscription-senco\/"]}]},{"@type":"ImageObject","inLanguage":"fr-FR","@id":"https:\/\/kueche-schweiz.ch\/fr\/initiative-senco-inscription-senco\/#primaryimage","url":"https:\/\/kueche-schweiz.ch\/app\/uploads\/2024\/05\/senco_bild_mit-logo_1024x683.jpg","contentUrl":"https:\/\/kueche-schweiz.ch\/app\/uploads\/2024\/05\/senco_bild_mit-logo_1024x683.jpg","width":1024,"height":683},{"@type":"BreadcrumbList","@id":"https:\/\/kueche-schweiz.ch\/fr\/initiative-senco-inscription-senco\/#breadcrumb","itemListElement":[{"@type":"ListItem","position":1,"name":"Page d'accueil","item":"https:\/\/kueche-schweiz.ch\/fr\/"},{"@type":"ListItem","position":2,"name":"Initiative Senco Inscription SENCO"}]},{"@type":"WebSite","@id":"https:\/\/kueche-schweiz.ch\/#website","url":"https:\/\/kueche-schweiz.ch\/","name":"K\u00fcche Schweiz","description":"","publisher":{"@id":"https:\/\/kueche-schweiz.ch\/#organization"},"potentialAction":[{"@type":"SearchAction","target":{"@type":"EntryPoint","urlTemplate":"https:\/\/kueche-schweiz.ch\/?s={search_term_string}"},"query-input":{"@type":"PropertyValueSpecification","valueRequired":true,"valueName":"search_term_string"}}],"inLanguage":"fr-FR"},{"@type":"Organization","@id":"https:\/\/kueche-schweiz.ch\/#organization","name":"K\u00fcche Schweiz","url":"https:\/\/kueche-schweiz.ch\/","logo":{"@type":"ImageObject","inLanguage":"fr-FR","@id":"https:\/\/kueche-schweiz.ch\/#\/schema\/logo\/image\/","url":"https:\/\/kueche-schweiz.ch\/app\/uploads\/2025\/01\/logo-kueche-schweiz.png","contentUrl":"https:\/\/kueche-schweiz.ch\/app\/uploads\/2025\/01\/logo-kueche-schweiz.png","width":1417,"height":1846,"caption":"K\u00fcche Schweiz"},"image":{"@id":"https:\/\/kueche-schweiz.ch\/#\/schema\/logo\/image\/"}}]}},"_links":{"self":[{"href":"https:\/\/kueche-schweiz.ch\/fr\/wp-json\/wp\/v2\/pages\/23644","targetHints":{"allow":["GET"]}}],"collection":[{"href":"https:\/\/kueche-schweiz.ch\/fr\/wp-json\/wp\/v2\/pages"}],"about":[{"href":"https:\/\/kueche-schweiz.ch\/fr\/wp-json\/wp\/v2\/types\/page"}],"author":[{"embeddable":true,"href":"https:\/\/kueche-schweiz.ch\/fr\/wp-json\/wp\/v2\/users\/1"}],"replies":[{"embeddable":true,"href":"https:\/\/kueche-schweiz.ch\/fr\/wp-json\/wp\/v2\/comments?post=23644"}],"version-history":[{"count":2,"href":"https:\/\/kueche-schweiz.ch\/fr\/wp-json\/wp\/v2\/pages\/23644\/revisions"}],"predecessor-version":[{"id":23646,"href":"https:\/\/kueche-schweiz.ch\/fr\/wp-json\/wp\/v2\/pages\/23644\/revisions\/23646"}],"wp:featuredmedia":[{"embeddable":true,"href":"https:\/\/kueche-schweiz.ch\/fr\/wp-json\/wp\/v2\/media\/5385"}],"wp:attachment":[{"href":"https:\/\/kueche-schweiz.ch\/fr\/wp-json\/wp\/v2\/media?parent=23644"}],"curies":[{"name":"wp","href":"https:\/\/api.w.org\/{rel}","templated":true}]}}