{"id":36346,"date":"2025-03-21T09:23:32","date_gmt":"2025-03-21T08:23:32","guid":{"rendered":"https:\/\/kueche-schweiz.ch\/?page_id=36346"},"modified":"2026-04-09T16:07:00","modified_gmt":"2026-04-09T14:07:00","slug":"formations-continues-modulaires","status":"publish","type":"page","link":"https:\/\/kueche-schweiz.ch\/fr\/notre-offre\/formation-continue\/formations-continues-modulaires\/","title":{"rendered":"Formations continues modulaires"},"content":{"rendered":"\n<div class=\"wp-block-group alignwide is-layout-constrained wp-block-group-is-layout-constrained\">\n<div class=\"wp-block-media-text alignwide is-stacked-on-mobile is-image-fill-element is-cover has-background-color has-foreground-background-color has-text-color has-background has-link-color wp-elements-ef6ddae7c4b988b5d1b8fb68e6eceba2\"><figure class=\"wp-block-media-text__media\"><img loading=\"lazy\" decoding=\"async\" width=\"1024\" height=\"682\" src=\"https:\/\/kueche-schweiz.ch\/app\/uploads\/2024\/06\/weiterbildung_1024x682.jpg\" alt=\"\" class=\"wp-image-16860 size-full\" style=\"object-position:50% 50%\" srcset=\"https:\/\/kueche-schweiz.ch\/app\/uploads\/2024\/06\/weiterbildung_1024x682.jpg 1024w, https:\/\/kueche-schweiz.ch\/app\/uploads\/2024\/06\/weiterbildung_1024x682-300x200.jpg 300w, https:\/\/kueche-schweiz.ch\/app\/uploads\/2024\/06\/weiterbildung_1024x682-768x512.jpg 768w\" sizes=\"auto, (max-width: 1024px) 100vw, 1024px\" \/><\/figure><div class=\"wp-block-media-text__content\"><div class=\"yoast-breadcrumbs\"><span><span><a href=\"https:\/\/kueche-schweiz.ch\/fr\/\">Page d&#8217;accueil<\/a><\/span> \u00bb <span><a href=\"https:\/\/kueche-schweiz.ch\/fr\/notre-offre\/\">Notre offre<\/a><\/span> \u00bb <span><a href=\"https:\/\/kueche-schweiz.ch\/fr\/notre-offre\/formation-continue\/\">Formation continue<\/a><\/span> \u00bb <span class=\"breadcrumb_last\" aria-current=\"page\">Formations continues modulaires<\/span><\/span><\/div>\n\n\n<h2 class=\"wp-block-heading\">Formation continue<\/h2>\n\n\n\n<p>Le manque de personnel qualifi\u00e9 dans le secteur de la cuisine est un fait et la demande de formation et de perfectionnement, en particulier pour les personnes qui changent d\u2019orientation professionnelle, est par cons\u00e9quent importante. Cuisine Suisse, en collaboration avec des \u00e9coles partenaires et d\u2019autres institutions, propose des cours sur mesure, des s\u00e9minaires, des ateliers int\u00e9ressants et des s\u00e9ances d\u2019information.<\/p>\n<\/div><\/div>\n<\/div>\n\n\n\n<div class=\"wp-block-group alignfull has-background-background-color has-background is-layout-constrained wp-block-group-is-layout-constrained\">\n<div class=\"wp-block-group highlight-box has-tertiary-background-color has-background is-layout-constrained wp-block-group-is-layout-constrained\">\n<div class=\"wp-block-buttons is-content-justification-center is-layout-flex wp-container-core-buttons-is-layout-a89b3969 wp-block-buttons-is-layout-flex\">\n<div class=\"wp-block-button\"><a class=\"wp-block-button__link wp-element-button\" href=\"https:\/\/kueche-schweiz.ch\/fr\/notre-offre\/formation-continue\/formation-initiale-cfc\/\">Formation initiale CFC<\/a><\/div>\n\n\n\n<div class=\"wp-block-button\"><a class=\"wp-block-button__link wp-element-button\" href=\"https:\/\/kueche-schweiz.ch\/fr\/notre-offre\/formation-continue\/\">Atelier d&#8217;une journ\u00e9e<\/a><\/div>\n<\/div>\n<\/div>\n<\/div>\n\n\n\n<div class=\"wp-block-group has-background-background-color has-background is-layout-constrained wp-block-group-is-layout-constrained\">\n<h2 class=\"wp-block-heading has-text-align-center\">Formations continues modulaires<\/h2>\n\n\n\n<div class=\"wp-block-query wide-events is-layout-flow wp-block-query-is-layout-flow\"><ul class=\"wp-block-post-template is-layout-flow wp-block-post-template-is-layout-flow\"><li class=\"wp-block-post post-33155 training type-training status-publish has-post-thumbnail hentry training-status-aktiv training-category-aktiv training-category-formations-continues-modulaires\">\n\n<div class=\"wp-block-columns wide-event-layout is-layout-flex wp-container-core-columns-is-layout-28f84493 wp-block-columns-is-layout-flex\">\n<div class=\"wp-block-column is-layout-flow wp-block-column-is-layout-flow\" style=\"flex-basis:40%\"><figure class=\"alignleft wp-block-post-featured-image\"><a href=\"https:\/\/kueche-schweiz.ch\/fr\/formation\/concepteur-en-cuisines-de-cuisine-suisse-module-de-specialisation-2\/\" target=\"_self\"  ><img loading=\"lazy\" decoding=\"async\" width=\"768\" height=\"527\" src=\"https:\/\/kueche-schweiz.ch\/app\/uploads\/2024\/10\/concepteurCuisine_Module_specialisation_768x527.jpg\" class=\"attachment-post-thumbnail size-post-thumbnail wp-post-image\" alt=\"Concepteur de cuisines \/ Module de sp\u00e9cialisation\" style=\"object-fit:cover;\" srcset=\"https:\/\/kueche-schweiz.ch\/app\/uploads\/2024\/10\/concepteurCuisine_Module_specialisation_768x527.jpg 768w, https:\/\/kueche-schweiz.ch\/app\/uploads\/2024\/10\/concepteurCuisine_Module_specialisation_768x527-300x206.jpg 300w\" sizes=\"auto, (max-width: 768px) 100vw, 768px\" \/><\/a><\/figure><\/div>\n\n\n\n<div class=\"wp-block-column is-layout-flow wp-block-column-is-layout-flow\" style=\"flex-basis:60%\">\n<div class=\"wp-block-group wide-event-content is-content-justification-center is-layout-constrained wp-block-group-is-layout-constrained\"><h3 class=\"wp-block-post-title\"><a href=\"https:\/\/kueche-schweiz.ch\/fr\/formation\/concepteur-en-cuisines-de-cuisine-suisse-module-de-specialisation-2\/\" target=\"_self\" >Concepteur de cuisines \/ Module de sp\u00e9cialisation<\/a><\/h3>\n\n<div class=\"event-query-meta-holder\"><p class=\"event-meta-date\">05.03-03.09.2026<\/p><p class=\"event-meta-location\">Dans les environs de Lausanne (\u00e0 d\u00e9terminer)<\/p><\/div>\n\n<div class=\"wp-block-post-excerpt\"><p class=\"wp-block-post-excerpt__excerpt\">Vous ma\u00eetrisez d\u00e9j\u00e0 les bases du m\u00e9tier. Approfondissez maintenant vos connaissances pratiques tant au niveau conception que ma\u00eetrise des co\u00fbts, de l\u2019estimation au d\u00e9compte final.<\/p><p class=\"wp-block-post-excerpt__more-text\"><a class=\"wp-block-post-excerpt__more-link\" href=\"https:\/\/kueche-schweiz.ch\/fr\/formation\/concepteur-en-cuisines-de-cuisine-suisse-module-de-specialisation-2\/\">En savoir plus sur l&#8217;atelier<\/a><\/p><\/div><\/div>\n<\/div>\n<\/div>\n\n<\/li><li class=\"wp-block-post post-33161 training type-training status-publish has-post-thumbnail hentry training-status-aktiv training-category-aktiv training-category-formations-continues-modulaires\">\n\n<div class=\"wp-block-columns wide-event-layout is-layout-flex wp-container-core-columns-is-layout-28f84493 wp-block-columns-is-layout-flex\">\n<div class=\"wp-block-column is-layout-flow wp-block-column-is-layout-flow\" style=\"flex-basis:40%\"><figure class=\"alignleft wp-block-post-featured-image\"><a href=\"https:\/\/kueche-schweiz.ch\/fr\/formation\/concepteur-en-cuisines-de-cuisine-suisse-module-pratique-2\/\" target=\"_self\"  ><img loading=\"lazy\" decoding=\"async\" width=\"768\" height=\"527\" src=\"https:\/\/kueche-schweiz.ch\/app\/uploads\/2024\/10\/concepteurCuisine_Module_pratique_768x527.jpg\" class=\"attachment-post-thumbnail size-post-thumbnail wp-post-image\" alt=\"Concepteur de cuisines \/ Module pratique\" style=\"object-fit:cover;\" srcset=\"https:\/\/kueche-schweiz.ch\/app\/uploads\/2024\/10\/concepteurCuisine_Module_pratique_768x527.jpg 768w, https:\/\/kueche-schweiz.ch\/app\/uploads\/2024\/10\/concepteurCuisine_Module_pratique_768x527-300x206.jpg 300w\" sizes=\"auto, (max-width: 768px) 100vw, 768px\" \/><\/a><\/figure><\/div>\n\n\n\n<div class=\"wp-block-column is-layout-flow wp-block-column-is-layout-flow\" style=\"flex-basis:60%\">\n<div class=\"wp-block-group wide-event-content is-content-justification-center is-layout-constrained wp-block-group-is-layout-constrained\"><h3 class=\"wp-block-post-title\"><a href=\"https:\/\/kueche-schweiz.ch\/fr\/formation\/concepteur-en-cuisines-de-cuisine-suisse-module-pratique-2\/\" target=\"_self\" >Concepteur de cuisines \/ Module pratique<\/a><\/h3>\n\n<div class=\"event-query-meta-holder\"><p class=\"event-meta-date\">17.09-19.11.2026<\/p><p class=\"event-meta-location\">Dans les environs de Lausanne (\u00e0 d\u00e9terminer)<\/p><\/div>\n\n<div class=\"wp-block-post-excerpt\"><p class=\"wp-block-post-excerpt__excerpt\">Approfondissez votre savoir-faire pratique acquis dans le cadre des modules de base et de sp\u00e9cialisation. Vous vous exercez sur des exemples de mandat, et vous pr\u00e9parez en m\u00eame temps des mod\u00e8les et des aides pour votre future activit\u00e9 de concepteur en cuisines.<\/p><p class=\"wp-block-post-excerpt__more-text\"><a class=\"wp-block-post-excerpt__more-link\" href=\"https:\/\/kueche-schweiz.ch\/fr\/formation\/concepteur-en-cuisines-de-cuisine-suisse-module-pratique-2\/\">En savoir plus sur l&#8217;atelier<\/a><\/p><\/div><\/div>\n<\/div>\n<\/div>\n\n<\/li><\/ul>\n\n<\/div>\n<\/div>\n\n\n<div class=\"wp-block-group alignfull has-background has-link-color wp-elements-1146171cc5c1aba21ff5f933d4db6095 is-layout-constrained wp-block-group-is-layout-constrained partner-logos-holder\">\n<h2 class=\"wp-block-heading has-text-align-center is-in-viewport\">Angebote unserer Schulungspartner<\/h2>\n\n<div class=\"partner-logos partner-logos-white\">\n\t<a target=\"_blank\" data-partner-id=\"0\" href=\"https:\/\/baukette.ch\/\" class=\"partner-logo\" style=\"background-image:url(https:\/\/kueche-schweiz.ch\/app\/uploads\/2025\/03\/Baukette_DE_weiss_800x400px.png)\" data-partner-logo-color=\"https:\/\/kueche-schweiz.ch\/app\/uploads\/2025\/03\/Baukette_DE_800x400px.png\"><\/a>\n\t<a target=\"_blank\" data-partner-id=\"1\" href=\"https:\/\/www.hfb.ch\/\" class=\"partner-logo\" style=\"background-image:url(https:\/\/kueche-schweiz.ch\/app\/uploads\/2024\/06\/HFB_partner-schule_weiss_800x400px-2.png)\" data-partner-logo-color=\"https:\/\/kueche-schweiz.ch\/app\/uploads\/2024\/06\/HFB_partner-schule_800x400px-3.png\"><\/a>\n\n\t\n\t<a target=\"_blank\" data-partner-id=\"2\" href=\"https:\/\/www.kobukurs.ch\/\" class=\"partner-logo\" style=\"background-image:url(https:\/\/kueche-schweiz.ch\/app\/uploads\/2024\/06\/kobukurs_partner-schule_weiss_800x400px.png)\" data-partner-logo-color=\"https:\/\/kueche-schweiz.ch\/app\/uploads\/2024\/06\/kobukurs_partner-schule_800x400px.png\"><\/a>\n\t<a target=\"_blank\" data-partner-id=\"3\" href=\"https:\/\/www.swiss-excellence-forum.ch\/de\/\" class=\"partner-logo\" style=\"background-image:url(https:\/\/kueche-schweiz.ch\/app\/uploads\/2025\/03\/SEF_partner-schule_weiss_800x400px.png)\" data-partner-logo-color=\"https:\/\/kueche-schweiz.ch\/app\/uploads\/2025\/03\/SEF_partner-schule_800x400px.png\"><\/a>\n<\/div>\n\n<div class=\"partner-logos partner-logos-color\">\n\t<a target=\"_blank\" data-partner-id=\"0\" href=\"https:\/\/baukette.ch\/\" class=\"partner-logo\" style=\"background-image:url(https:\/\/kueche-schweiz.ch\/app\/uploads\/2025\/03\/Baukette_DE_800x400px.png)\"><\/a>\n\t<a target=\"_blank\" data-partner-id=\"1\" href=\"https:\/\/www.hfb.ch\/\" class=\"partner-logo\" style=\"background-image:url(https:\/\/kueche-schweiz.ch\/app\/uploads\/2024\/06\/HFB_partner-schule_800x400px-3.png)\"><\/a>\n\t\n\t<a target=\"_blank\" data-partner-id=\"2\" href=\"https:\/\/www.kobukurs.ch\/\" class=\"partner-logo\" style=\"background-image:url(https:\/\/kueche-schweiz.ch\/app\/uploads\/2024\/06\/kobukurs_partner-schule_800x400px.png)\"><\/a>\n\t<a target=\"_blank\" data-partner-id=\"3\" href=\"https:\/\/www.swiss-excellence-forum.ch\/de\/\" class=\"partner-logo\" style=\"background-image:url(https:\/\/kueche-schweiz.ch\/app\/uploads\/2025\/03\/SEF_partner-schule_800x400px.png)\"><\/a>\n<\/div>\n\n<div class=\"hidden-partners\">\n\t\t\t\t<\/div>\n\n<\/div>\n","protected":false},"excerpt":{"rendered":"<p>Formation continue Le manque de personnel qualifi\u00e9 dans le secteur de la cuisine est un fait et la demande de formation et de perfectionnement, en particulier pour les personnes qui changent d\u2019orientation professionnelle, est par cons\u00e9quent importante. Cuisine Suisse, en collaboration avec des \u00e9coles partenaires et d\u2019autres institutions, propose des cours sur mesure, des s\u00e9minaires, [&hellip;]<\/p>\n","protected":false},"author":1,"featured_media":16861,"parent":18144,"menu_order":41,"comment_status":"closed","ping_status":"closed","template":"","meta":{"_acf_changed":false,"inline_featured_image":false,"footnotes":""},"class_list":["post-36346","page","type-page","status-publish","has-post-thumbnail","hentry"],"acf":[],"yoast_head":"<!-- This site is optimized with the Yoast SEO plugin v27.5 - https:\/\/yoast.com\/product\/yoast-seo-wordpress\/ -->\n<title>Formations continues modulaires - K\u00fcche Schweiz<\/title>\n<meta name=\"robots\" content=\"index, follow, max-snippet:-1, max-image-preview:large, max-video-preview:-1\" \/>\n<link rel=\"canonical\" href=\"https:\/\/kueche-schweiz.ch\/fr\/notre-offre\/formation-continue\/formations-continues-modulaires\/\" \/>\n<meta property=\"og:locale\" content=\"fr_FR\" \/>\n<meta property=\"og:type\" content=\"article\" \/>\n<meta property=\"og:title\" content=\"Formations continues modulaires - K\u00fcche Schweiz\" \/>\n<meta property=\"og:description\" content=\"Formation continue Le manque de personnel qualifi\u00e9 dans le secteur de la cuisine est un fait et la demande de formation et de perfectionnement, en particulier pour les personnes qui changent d\u2019orientation professionnelle, est par cons\u00e9quent importante. Cuisine Suisse, en collaboration avec des \u00e9coles partenaires et d\u2019autres institutions, propose des cours sur mesure, des s\u00e9minaires, [&hellip;]\" \/>\n<meta property=\"og:url\" content=\"https:\/\/kueche-schweiz.ch\/fr\/notre-offre\/formation-continue\/formations-continues-modulaires\/\" \/>\n<meta property=\"og:site_name\" content=\"K\u00fcche Schweiz\" \/>\n<meta property=\"article:modified_time\" content=\"2026-04-09T14:07:00+00:00\" \/>\n<meta property=\"og:image\" content=\"https:\/\/kueche-schweiz.ch\/app\/uploads\/2024\/06\/weiterbildung_1024x682.jpg\" \/>\n\t<meta property=\"og:image:width\" content=\"1024\" \/>\n\t<meta property=\"og:image:height\" content=\"682\" \/>\n\t<meta property=\"og:image:type\" content=\"image\/jpeg\" \/>\n<meta name=\"twitter:card\" content=\"summary_large_image\" \/>\n<meta name=\"twitter:label1\" content=\"Dur\u00e9e de lecture estim\u00e9e\" \/>\n\t<meta name=\"twitter:data1\" content=\"1 minute\" \/>\n<script type=\"application\/ld+json\" class=\"yoast-schema-graph\">{\"@context\":\"https:\\\/\\\/schema.org\",\"@graph\":[{\"@type\":\"WebPage\",\"@id\":\"https:\\\/\\\/kueche-schweiz.ch\\\/fr\\\/notre-offre\\\/formation-continue\\\/formations-continues-modulaires\\\/\",\"url\":\"https:\\\/\\\/kueche-schweiz.ch\\\/fr\\\/notre-offre\\\/formation-continue\\\/formations-continues-modulaires\\\/\",\"name\":\"Formations continues modulaires - K\u00fcche Schweiz\",\"isPartOf\":{\"@id\":\"https:\\\/\\\/kueche-schweiz.ch\\\/#website\"},\"primaryImageOfPage\":{\"@id\":\"https:\\\/\\\/kueche-schweiz.ch\\\/fr\\\/notre-offre\\\/formation-continue\\\/formations-continues-modulaires\\\/#primaryimage\"},\"image\":{\"@id\":\"https:\\\/\\\/kueche-schweiz.ch\\\/fr\\\/notre-offre\\\/formation-continue\\\/formations-continues-modulaires\\\/#primaryimage\"},\"thumbnailUrl\":\"https:\\\/\\\/kueche-schweiz.ch\\\/app\\\/uploads\\\/2024\\\/06\\\/weiterbildung_1024x682.jpg\",\"datePublished\":\"2025-03-21T08:23:32+00:00\",\"dateModified\":\"2026-04-09T14:07:00+00:00\",\"breadcrumb\":{\"@id\":\"https:\\\/\\\/kueche-schweiz.ch\\\/fr\\\/notre-offre\\\/formation-continue\\\/formations-continues-modulaires\\\/#breadcrumb\"},\"inLanguage\":\"fr-FR\",\"potentialAction\":[{\"@type\":\"ReadAction\",\"target\":[\"https:\\\/\\\/kueche-schweiz.ch\\\/fr\\\/notre-offre\\\/formation-continue\\\/formations-continues-modulaires\\\/\"]}]},{\"@type\":\"ImageObject\",\"inLanguage\":\"fr-FR\",\"@id\":\"https:\\\/\\\/kueche-schweiz.ch\\\/fr\\\/notre-offre\\\/formation-continue\\\/formations-continues-modulaires\\\/#primaryimage\",\"url\":\"https:\\\/\\\/kueche-schweiz.ch\\\/app\\\/uploads\\\/2024\\\/06\\\/weiterbildung_1024x682.jpg\",\"contentUrl\":\"https:\\\/\\\/kueche-schweiz.ch\\\/app\\\/uploads\\\/2024\\\/06\\\/weiterbildung_1024x682.jpg\",\"width\":1024,\"height\":682},{\"@type\":\"BreadcrumbList\",\"@id\":\"https:\\\/\\\/kueche-schweiz.ch\\\/fr\\\/notre-offre\\\/formation-continue\\\/formations-continues-modulaires\\\/#breadcrumb\",\"itemListElement\":[{\"@type\":\"ListItem\",\"position\":1,\"name\":\"Page d'accueil\",\"item\":\"https:\\\/\\\/kueche-schweiz.ch\\\/fr\\\/\"},{\"@type\":\"ListItem\",\"position\":2,\"name\":\"Notre offre\",\"item\":\"https:\\\/\\\/kueche-schweiz.ch\\\/fr\\\/notre-offre\\\/\"},{\"@type\":\"ListItem\",\"position\":3,\"name\":\"Formation continue\",\"item\":\"https:\\\/\\\/kueche-schweiz.ch\\\/fr\\\/notre-offre\\\/formation-continue\\\/\"},{\"@type\":\"ListItem\",\"position\":4,\"name\":\"Formations continues modulaires\"}]},{\"@type\":\"WebSite\",\"@id\":\"https:\\\/\\\/kueche-schweiz.ch\\\/#website\",\"url\":\"https:\\\/\\\/kueche-schweiz.ch\\\/\",\"name\":\"K\u00fcche Schweiz\",\"description\":\"\",\"publisher\":{\"@id\":\"https:\\\/\\\/kueche-schweiz.ch\\\/#organization\"},\"potentialAction\":[{\"@type\":\"SearchAction\",\"target\":{\"@type\":\"EntryPoint\",\"urlTemplate\":\"https:\\\/\\\/kueche-schweiz.ch\\\/?s={search_term_string}\"},\"query-input\":{\"@type\":\"PropertyValueSpecification\",\"valueRequired\":true,\"valueName\":\"search_term_string\"}}],\"inLanguage\":\"fr-FR\"},{\"@type\":\"Organization\",\"@id\":\"https:\\\/\\\/kueche-schweiz.ch\\\/#organization\",\"name\":\"K\u00fcche Schweiz\",\"url\":\"https:\\\/\\\/kueche-schweiz.ch\\\/\",\"logo\":{\"@type\":\"ImageObject\",\"inLanguage\":\"fr-FR\",\"@id\":\"https:\\\/\\\/kueche-schweiz.ch\\\/#\\\/schema\\\/logo\\\/image\\\/\",\"url\":\"https:\\\/\\\/kueche-schweiz.ch\\\/app\\\/uploads\\\/2025\\\/01\\\/logo-kueche-schweiz.png\",\"contentUrl\":\"https:\\\/\\\/kueche-schweiz.ch\\\/app\\\/uploads\\\/2025\\\/01\\\/logo-kueche-schweiz.png\",\"width\":1417,\"height\":1846,\"caption\":\"K\u00fcche Schweiz\"},\"image\":{\"@id\":\"https:\\\/\\\/kueche-schweiz.ch\\\/#\\\/schema\\\/logo\\\/image\\\/\"}}]}<\/script>\n<!-- \/ Yoast SEO plugin. -->","yoast_head_json":{"title":"Formations continues modulaires - K\u00fcche Schweiz","robots":{"index":"index","follow":"follow","max-snippet":"max-snippet:-1","max-image-preview":"max-image-preview:large","max-video-preview":"max-video-preview:-1"},"canonical":"https:\/\/kueche-schweiz.ch\/fr\/notre-offre\/formation-continue\/formations-continues-modulaires\/","og_locale":"fr_FR","og_type":"article","og_title":"Formations continues modulaires - K\u00fcche Schweiz","og_description":"Formation continue Le manque de personnel qualifi\u00e9 dans le secteur de la cuisine est un fait et la demande de formation et de perfectionnement, en particulier pour les personnes qui changent d\u2019orientation professionnelle, est par cons\u00e9quent importante. Cuisine Suisse, en collaboration avec des \u00e9coles partenaires et d\u2019autres institutions, propose des cours sur mesure, des s\u00e9minaires, [&hellip;]","og_url":"https:\/\/kueche-schweiz.ch\/fr\/notre-offre\/formation-continue\/formations-continues-modulaires\/","og_site_name":"K\u00fcche Schweiz","article_modified_time":"2026-04-09T14:07:00+00:00","og_image":[{"width":1024,"height":682,"url":"https:\/\/kueche-schweiz.ch\/app\/uploads\/2024\/06\/weiterbildung_1024x682.jpg","type":"image\/jpeg"}],"twitter_card":"summary_large_image","twitter_misc":{"Dur\u00e9e de lecture estim\u00e9e":"1 minute"},"schema":{"@context":"https:\/\/schema.org","@graph":[{"@type":"WebPage","@id":"https:\/\/kueche-schweiz.ch\/fr\/notre-offre\/formation-continue\/formations-continues-modulaires\/","url":"https:\/\/kueche-schweiz.ch\/fr\/notre-offre\/formation-continue\/formations-continues-modulaires\/","name":"Formations continues modulaires - K\u00fcche Schweiz","isPartOf":{"@id":"https:\/\/kueche-schweiz.ch\/#website"},"primaryImageOfPage":{"@id":"https:\/\/kueche-schweiz.ch\/fr\/notre-offre\/formation-continue\/formations-continues-modulaires\/#primaryimage"},"image":{"@id":"https:\/\/kueche-schweiz.ch\/fr\/notre-offre\/formation-continue\/formations-continues-modulaires\/#primaryimage"},"thumbnailUrl":"https:\/\/kueche-schweiz.ch\/app\/uploads\/2024\/06\/weiterbildung_1024x682.jpg","datePublished":"2025-03-21T08:23:32+00:00","dateModified":"2026-04-09T14:07:00+00:00","breadcrumb":{"@id":"https:\/\/kueche-schweiz.ch\/fr\/notre-offre\/formation-continue\/formations-continues-modulaires\/#breadcrumb"},"inLanguage":"fr-FR","potentialAction":[{"@type":"ReadAction","target":["https:\/\/kueche-schweiz.ch\/fr\/notre-offre\/formation-continue\/formations-continues-modulaires\/"]}]},{"@type":"ImageObject","inLanguage":"fr-FR","@id":"https:\/\/kueche-schweiz.ch\/fr\/notre-offre\/formation-continue\/formations-continues-modulaires\/#primaryimage","url":"https:\/\/kueche-schweiz.ch\/app\/uploads\/2024\/06\/weiterbildung_1024x682.jpg","contentUrl":"https:\/\/kueche-schweiz.ch\/app\/uploads\/2024\/06\/weiterbildung_1024x682.jpg","width":1024,"height":682},{"@type":"BreadcrumbList","@id":"https:\/\/kueche-schweiz.ch\/fr\/notre-offre\/formation-continue\/formations-continues-modulaires\/#breadcrumb","itemListElement":[{"@type":"ListItem","position":1,"name":"Page d'accueil","item":"https:\/\/kueche-schweiz.ch\/fr\/"},{"@type":"ListItem","position":2,"name":"Notre offre","item":"https:\/\/kueche-schweiz.ch\/fr\/notre-offre\/"},{"@type":"ListItem","position":3,"name":"Formation continue","item":"https:\/\/kueche-schweiz.ch\/fr\/notre-offre\/formation-continue\/"},{"@type":"ListItem","position":4,"name":"Formations continues modulaires"}]},{"@type":"WebSite","@id":"https:\/\/kueche-schweiz.ch\/#website","url":"https:\/\/kueche-schweiz.ch\/","name":"K\u00fcche Schweiz","description":"","publisher":{"@id":"https:\/\/kueche-schweiz.ch\/#organization"},"potentialAction":[{"@type":"SearchAction","target":{"@type":"EntryPoint","urlTemplate":"https:\/\/kueche-schweiz.ch\/?s={search_term_string}"},"query-input":{"@type":"PropertyValueSpecification","valueRequired":true,"valueName":"search_term_string"}}],"inLanguage":"fr-FR"},{"@type":"Organization","@id":"https:\/\/kueche-schweiz.ch\/#organization","name":"K\u00fcche Schweiz","url":"https:\/\/kueche-schweiz.ch\/","logo":{"@type":"ImageObject","inLanguage":"fr-FR","@id":"https:\/\/kueche-schweiz.ch\/#\/schema\/logo\/image\/","url":"https:\/\/kueche-schweiz.ch\/app\/uploads\/2025\/01\/logo-kueche-schweiz.png","contentUrl":"https:\/\/kueche-schweiz.ch\/app\/uploads\/2025\/01\/logo-kueche-schweiz.png","width":1417,"height":1846,"caption":"K\u00fcche Schweiz"},"image":{"@id":"https:\/\/kueche-schweiz.ch\/#\/schema\/logo\/image\/"}}]}},"_links":{"self":[{"href":"https:\/\/kueche-schweiz.ch\/fr\/wp-json\/wp\/v2\/pages\/36346","targetHints":{"allow":["GET"]}}],"collection":[{"href":"https:\/\/kueche-schweiz.ch\/fr\/wp-json\/wp\/v2\/pages"}],"about":[{"href":"https:\/\/kueche-schweiz.ch\/fr\/wp-json\/wp\/v2\/types\/page"}],"author":[{"embeddable":true,"href":"https:\/\/kueche-schweiz.ch\/fr\/wp-json\/wp\/v2\/users\/1"}],"replies":[{"embeddable":true,"href":"https:\/\/kueche-schweiz.ch\/fr\/wp-json\/wp\/v2\/comments?post=36346"}],"version-history":[{"count":10,"href":"https:\/\/kueche-schweiz.ch\/fr\/wp-json\/wp\/v2\/pages\/36346\/revisions"}],"predecessor-version":[{"id":37757,"href":"https:\/\/kueche-schweiz.ch\/fr\/wp-json\/wp\/v2\/pages\/36346\/revisions\/37757"}],"up":[{"embeddable":true,"href":"https:\/\/kueche-schweiz.ch\/fr\/wp-json\/wp\/v2\/pages\/18144"}],"wp:featuredmedia":[{"embeddable":true,"href":"https:\/\/kueche-schweiz.ch\/fr\/wp-json\/wp\/v2\/media\/16861"}],"wp:attachment":[{"href":"https:\/\/kueche-schweiz.ch\/fr\/wp-json\/wp\/v2\/media?parent=36346"}],"curies":[{"name":"wp","href":"https:\/\/api.w.org\/{rel}","templated":true}]}}