{"id":36362,"date":"2025-03-21T11:50:33","date_gmt":"2025-03-21T10:50:33","guid":{"rendered":"https:\/\/kueche-schweiz.ch\/?page_id=36362"},"modified":"2026-01-28T15:24:12","modified_gmt":"2026-01-28T14:24:12","slug":"formation-et-perfectionnement-en-gestion","status":"publish","type":"page","link":"https:\/\/kueche-schweiz.ch\/fr\/notre-offre\/formation-continue\/formation-et-perfectionnement-en-gestion\/","title":{"rendered":"Formation et perfectionnement en gestion"},"content":{"rendered":"\n<div class=\"wp-block-group alignwide is-layout-constrained wp-block-group-is-layout-constrained\">\n<div class=\"wp-block-media-text alignwide is-stacked-on-mobile is-image-fill-element is-cover has-background-color has-foreground-background-color has-text-color has-background has-link-color wp-elements-ef6ddae7c4b988b5d1b8fb68e6eceba2\"><figure class=\"wp-block-media-text__media\"><img loading=\"lazy\" decoding=\"async\" width=\"1024\" height=\"682\" src=\"https:\/\/kueche-schweiz.ch\/app\/uploads\/2024\/06\/weiterbildung_1024x682.jpg\" alt=\"\" class=\"wp-image-16860 size-full\" style=\"object-position:50% 50%\" srcset=\"https:\/\/kueche-schweiz.ch\/app\/uploads\/2024\/06\/weiterbildung_1024x682.jpg 1024w, https:\/\/kueche-schweiz.ch\/app\/uploads\/2024\/06\/weiterbildung_1024x682-300x200.jpg 300w, https:\/\/kueche-schweiz.ch\/app\/uploads\/2024\/06\/weiterbildung_1024x682-768x512.jpg 768w\" sizes=\"auto, (max-width: 1024px) 100vw, 1024px\" \/><\/figure><div class=\"wp-block-media-text__content\"><div class=\"yoast-breadcrumbs\"><span><span><a href=\"https:\/\/kueche-schweiz.ch\/fr\/\">Page d&#8217;accueil<\/a><\/span> \u00bb <span><a href=\"https:\/\/kueche-schweiz.ch\/fr\/notre-offre\/\">Notre offre<\/a><\/span> \u00bb <span><a href=\"https:\/\/kueche-schweiz.ch\/fr\/notre-offre\/formation-continue\/\">Formation continue<\/a><\/span> \u00bb <span class=\"breadcrumb_last\" aria-current=\"page\">Formation et perfectionnement en gestion<\/span><\/span><\/div>\n\n\n<h2 class=\"wp-block-heading\">Formation continue<\/h2>\n\n\n\n<p>Le manque de personnel qualifi\u00e9 dans le secteur de la cuisine est un fait et la demande de formation et de perfectionnement, en particulier pour les personnes qui changent d\u2019orientation professionnelle, est par cons\u00e9quent importante. Cuisine Suisse, en collaboration avec des \u00e9coles partenaires et d\u2019autres institutions, propose des cours sur mesure, des s\u00e9minaires, des ateliers int\u00e9ressants et des s\u00e9ances d\u2019information.<\/p>\n<\/div><\/div>\n<\/div>\n\n\n\n<div class=\"wp-block-group alignfull has-background-background-color has-background is-layout-constrained wp-block-group-is-layout-constrained\">\n<div class=\"wp-block-group highlight-box has-tertiary-background-color has-background is-layout-constrained wp-block-group-is-layout-constrained\">\n<div class=\"wp-block-buttons is-content-justification-center is-layout-flex wp-container-core-buttons-is-layout-a89b3969 wp-block-buttons-is-layout-flex\">\n<div class=\"wp-block-button\"><a class=\"wp-block-button__link wp-element-button\" href=\"https:\/\/kueche-schweiz.ch\/fr\/notre-offre\/formation-continue\/formation-initiale-cfc\/\">Formation initiale CFC<\/a><\/div>\n\n\n\n<div class=\"wp-block-button\"><a class=\"wp-block-button__link wp-element-button\" href=\"https:\/\/kueche-schweiz.ch\/fr\/notre-offre\/formation-continue\/formations-continues-modulaires\/\">Formations continues modulaires<\/a><\/div>\n\n\n\n<div class=\"wp-block-button\"><a class=\"wp-block-button__link wp-element-button\" href=\"https:\/\/kueche-schweiz.ch\/fr\/notre-offre\/formation-continue\/\">Atelier d&#8217;une journ\u00e9e<\/a><\/div>\n<\/div>\n<\/div>\n<\/div>\n\n\n\n<h2 class=\"wp-block-heading has-text-align-center\">Formation et perfectionnement en gestion<\/h2>\n\n\n\n<div class=\"wp-block-query wide-events is-layout-flow wp-block-query-is-layout-flow\">\n\n<div class=\"wp-block-query-no-results\">\n\n<p><\/p>\n\n<\/div><\/div>\n\n\n\n<div class=\"wp-block-group alignfull has-background-background-color has-background is-layout-constrained wp-block-group-is-layout-constrained\">\n<div class=\"wp-block-group has-overlap has-overlap-left has-background-color has-foreground-background-color has-text-color has-background has-link-color wp-elements-dc03bc714128d64de9b010c00d484e7c is-layout-constrained wp-block-group-is-layout-constrained\">\n<div class=\"wp-block-group is-style-narrow is-layout-constrained wp-block-group-is-layout-constrained\">\n<div class=\"wp-block-media-text is-stacked-on-mobile\" style=\"grid-template-columns:30% auto\"><figure class=\"wp-block-media-text__media\"><img loading=\"lazy\" decoding=\"async\" width=\"1024\" height=\"681\" src=\"https:\/\/kueche-schweiz.ch\/app\/uploads\/2025\/03\/SEF-Logo_1024x681_v2.jpg\" alt=\"\" class=\"wp-image-28540 size-full\" srcset=\"https:\/\/kueche-schweiz.ch\/app\/uploads\/2025\/03\/SEF-Logo_1024x681_v2.jpg 1024w, https:\/\/kueche-schweiz.ch\/app\/uploads\/2025\/03\/SEF-Logo_1024x681_v2-300x200.jpg 300w, https:\/\/kueche-schweiz.ch\/app\/uploads\/2025\/03\/SEF-Logo_1024x681_v2-768x511.jpg 768w\" sizes=\"auto, (max-width: 1024px) 100vw, 1024px\" \/><\/figure><div class=\"wp-block-media-text__content\">\n<h2 class=\"wp-block-heading has-background-color has-text-color has-link-color wp-elements-825eee38ac9d8abac9c4f57e0aba3364\">SWISS EXCELLENCE FORUM<\/h2>\n\n\n\n<h3 class=\"wp-block-heading\">Das Kompetenzzentrum f\u00fcr zukunfts- und wirkungsorientierte Unternehmensf\u00fchrung.<\/h3>\n\n\n\n<p class=\"has-background-color has-text-color has-link-color wp-elements-70a059f503c48acb29668bf59da25329\">Die neue Partnerschaft bringt Ihnen wertvolle Vorteile.<br>Durch die Zusammenarbeit mit dem Swiss Excellence Forum bietet sich Ihnen als Mitglied von K\u00fcche Schweiz die M\u00f6glichkeit, Ihr Netzwerk und Ihr Know-how in den Bereichen Unternehmensf\u00fchrung, Leadership, Unternehmensentwicklung, Strategie, Wissenstransfer und praxiserprobte F\u00fchrungsinstrumente massgeblich zu erweitern.<br><br>Inhaber, Mitglieder von Verwaltungsrats- und Gesch\u00e4ftsleitungsgremien und des Managements profitieren insbesondere vom Zugang zum Netzwerk und von der Expertise des SWISS EXCELLENCE FORUM.<\/p>\n\n\n\n<ul class=\"wp-block-list\">\n<li>Exklusive Angebote, die Sie bei der Verbesserung Ihrer Wettbewerbsf\u00e4higkeit unterst\u00fctzen<\/li>\n\n\n\n<li>Attraktive Verg\u00fcnstigungen auf praxisnahe Aus- und Weiterbildungen<\/li>\n\n\n\n<li>Eine st\u00e4rkere Stimme f\u00fcr die Schweizer K\u00fcchenbranche durch die kombinierte Expertise<\/li>\n<\/ul>\n\n\n\n<p><br><a href=\"https:\/\/www.swiss-excellence-forum.ch\/\" target=\"_blank\" rel=\"noreferrer noopener\">www.swiss-excellence-forum.ch<\/a><br><a href=\"https:\/\/kueche-schweiz.ch\/app\/uploads\/2025\/02\/Inhaltsverzeichnis_Excellence-Toolbox-1.pdf\" target=\"_blank\" rel=\"noreferrer noopener\">Download Excellence-Toolbox<\/a> (Inhaltsverzeichnis)<br>Die Toolbox kann bei der Gesch\u00e4ftsstelle K\u00fcche Schweiz bezogen werden.<br><a href=\"https:\/\/www.swiss-excellence-forum.ch\/de\/events\/seminare\" target=\"_blank\" rel=\"noreferrer noopener\">Seminare<\/a><br><a href=\"https:\/\/www.swiss-excellence-forum.ch\/netzwerk\/events\/\" target=\"_blank\" rel=\"noreferrer noopener\">Veranstaltungen<\/a><\/p>\n<\/div><\/div>\n<\/div>\n<\/div>\n<\/div>\n\n\n<div class=\"wp-block-group alignfull has-background has-link-color wp-elements-1146171cc5c1aba21ff5f933d4db6095 is-layout-constrained wp-block-group-is-layout-constrained partner-logos-holder\">\n<h2 class=\"wp-block-heading has-text-align-center is-in-viewport\">Angebote unserer Schulungspartner<\/h2>\n\n<div class=\"partner-logos partner-logos-white\">\n\t<a target=\"_blank\" data-partner-id=\"0\" href=\"https:\/\/www.hfb.ch\/\" class=\"partner-logo\" style=\"background-image:url(https:\/\/kueche-schweiz.ch\/app\/uploads\/2024\/06\/HFB_partner-schule_weiss_800x400px-2.png)\" data-partner-logo-color=\"https:\/\/kueche-schweiz.ch\/app\/uploads\/2024\/06\/HFB_partner-schule_800x400px-3.png\"><\/a>\n\t<a target=\"_blank\" data-partner-id=\"1\" href=\"https:\/\/www.swiss-excellence-forum.ch\/de\/\" class=\"partner-logo\" style=\"background-image:url(https:\/\/kueche-schweiz.ch\/app\/uploads\/2025\/03\/SEF_partner-schule_weiss_800x400px.png)\" data-partner-logo-color=\"https:\/\/kueche-schweiz.ch\/app\/uploads\/2025\/03\/SEF_partner-schule_800x400px.png\"><\/a>\n\n\t\n\t<a target=\"_blank\" data-partner-id=\"2\" href=\"https:\/\/baukette.ch\/\" class=\"partner-logo\" style=\"background-image:url(https:\/\/kueche-schweiz.ch\/app\/uploads\/2025\/03\/Baukette_DE_weiss_800x400px.png)\" data-partner-logo-color=\"https:\/\/kueche-schweiz.ch\/app\/uploads\/2025\/03\/Baukette_DE_800x400px.png\"><\/a>\n\t<a target=\"_blank\" data-partner-id=\"3\" href=\"https:\/\/www.kobukurs.ch\/\" class=\"partner-logo\" style=\"background-image:url(https:\/\/kueche-schweiz.ch\/app\/uploads\/2024\/06\/kobukurs_partner-schule_weiss_800x400px.png)\" data-partner-logo-color=\"https:\/\/kueche-schweiz.ch\/app\/uploads\/2024\/06\/kobukurs_partner-schule_800x400px.png\"><\/a>\n<\/div>\n\n<div class=\"partner-logos partner-logos-color\">\n\t<a target=\"_blank\" data-partner-id=\"0\" href=\"https:\/\/www.hfb.ch\/\" class=\"partner-logo\" style=\"background-image:url(https:\/\/kueche-schweiz.ch\/app\/uploads\/2024\/06\/HFB_partner-schule_800x400px-3.png)\"><\/a>\n\t<a target=\"_blank\" data-partner-id=\"1\" href=\"https:\/\/www.swiss-excellence-forum.ch\/de\/\" class=\"partner-logo\" style=\"background-image:url(https:\/\/kueche-schweiz.ch\/app\/uploads\/2025\/03\/SEF_partner-schule_800x400px.png)\"><\/a>\n\t\n\t<a target=\"_blank\" data-partner-id=\"2\" href=\"https:\/\/baukette.ch\/\" class=\"partner-logo\" style=\"background-image:url(https:\/\/kueche-schweiz.ch\/app\/uploads\/2025\/03\/Baukette_DE_800x400px.png)\"><\/a>\n\t<a target=\"_blank\" data-partner-id=\"3\" href=\"https:\/\/www.kobukurs.ch\/\" class=\"partner-logo\" style=\"background-image:url(https:\/\/kueche-schweiz.ch\/app\/uploads\/2024\/06\/kobukurs_partner-schule_800x400px.png)\"><\/a>\n<\/div>\n\n<div class=\"hidden-partners\">\n\t\t\t\t<\/div>\n\n<\/div>\n","protected":false},"excerpt":{"rendered":"<p>Formation continue Le manque de personnel qualifi\u00e9 dans le secteur de la cuisine est un fait et la demande de formation et de perfectionnement, en particulier pour les personnes qui changent d\u2019orientation professionnelle, est par cons\u00e9quent importante. Cuisine Suisse, en collaboration avec des \u00e9coles partenaires et d\u2019autres institutions, propose des cours sur mesure, des s\u00e9minaires, [&hellip;]<\/p>\n","protected":false},"author":1,"featured_media":16861,"parent":18144,"menu_order":44,"comment_status":"closed","ping_status":"closed","template":"","meta":{"_acf_changed":false,"inline_featured_image":false,"footnotes":""},"class_list":["post-36362","page","type-page","status-publish","has-post-thumbnail","hentry"],"acf":[],"yoast_head":"<!-- This site is optimized with the Yoast SEO plugin v27.5 - https:\/\/yoast.com\/product\/yoast-seo-wordpress\/ -->\n<title>Formation et perfectionnement en gestion - K\u00fcche Schweiz<\/title>\n<meta name=\"robots\" content=\"index, follow, max-snippet:-1, max-image-preview:large, max-video-preview:-1\" \/>\n<link rel=\"canonical\" href=\"https:\/\/kueche-schweiz.ch\/fr\/notre-offre\/formation-continue\/formation-et-perfectionnement-en-gestion\/\" \/>\n<meta property=\"og:locale\" content=\"fr_FR\" \/>\n<meta property=\"og:type\" content=\"article\" \/>\n<meta property=\"og:title\" content=\"Formation et perfectionnement en gestion - K\u00fcche Schweiz\" \/>\n<meta property=\"og:description\" content=\"Formation continue Le manque de personnel qualifi\u00e9 dans le secteur de la cuisine est un fait et la demande de formation et de perfectionnement, en particulier pour les personnes qui changent d\u2019orientation professionnelle, est par cons\u00e9quent importante. Cuisine Suisse, en collaboration avec des \u00e9coles partenaires et d\u2019autres institutions, propose des cours sur mesure, des s\u00e9minaires, [&hellip;]\" \/>\n<meta property=\"og:url\" content=\"https:\/\/kueche-schweiz.ch\/fr\/notre-offre\/formation-continue\/formation-et-perfectionnement-en-gestion\/\" \/>\n<meta property=\"og:site_name\" content=\"K\u00fcche Schweiz\" \/>\n<meta property=\"article:modified_time\" content=\"2026-01-28T14:24:12+00:00\" \/>\n<meta property=\"og:image\" content=\"https:\/\/kueche-schweiz.ch\/app\/uploads\/2024\/06\/weiterbildung_1024x682.jpg\" \/>\n\t<meta property=\"og:image:width\" content=\"1024\" \/>\n\t<meta property=\"og:image:height\" content=\"682\" \/>\n\t<meta property=\"og:image:type\" content=\"image\/jpeg\" \/>\n<meta name=\"twitter:card\" content=\"summary_large_image\" \/>\n<meta name=\"twitter:label1\" content=\"Dur\u00e9e de lecture estim\u00e9e\" \/>\n\t<meta name=\"twitter:data1\" content=\"2 minutes\" \/>\n<script type=\"application\/ld+json\" class=\"yoast-schema-graph\">{\"@context\":\"https:\\\/\\\/schema.org\",\"@graph\":[{\"@type\":\"WebPage\",\"@id\":\"https:\\\/\\\/kueche-schweiz.ch\\\/fr\\\/notre-offre\\\/formation-continue\\\/formation-et-perfectionnement-en-gestion\\\/\",\"url\":\"https:\\\/\\\/kueche-schweiz.ch\\\/fr\\\/notre-offre\\\/formation-continue\\\/formation-et-perfectionnement-en-gestion\\\/\",\"name\":\"Formation et perfectionnement en gestion - K\u00fcche Schweiz\",\"isPartOf\":{\"@id\":\"https:\\\/\\\/kueche-schweiz.ch\\\/#website\"},\"primaryImageOfPage\":{\"@id\":\"https:\\\/\\\/kueche-schweiz.ch\\\/fr\\\/notre-offre\\\/formation-continue\\\/formation-et-perfectionnement-en-gestion\\\/#primaryimage\"},\"image\":{\"@id\":\"https:\\\/\\\/kueche-schweiz.ch\\\/fr\\\/notre-offre\\\/formation-continue\\\/formation-et-perfectionnement-en-gestion\\\/#primaryimage\"},\"thumbnailUrl\":\"https:\\\/\\\/kueche-schweiz.ch\\\/app\\\/uploads\\\/2024\\\/06\\\/weiterbildung_1024x682.jpg\",\"datePublished\":\"2025-03-21T10:50:33+00:00\",\"dateModified\":\"2026-01-28T14:24:12+00:00\",\"breadcrumb\":{\"@id\":\"https:\\\/\\\/kueche-schweiz.ch\\\/fr\\\/notre-offre\\\/formation-continue\\\/formation-et-perfectionnement-en-gestion\\\/#breadcrumb\"},\"inLanguage\":\"fr-FR\",\"potentialAction\":[{\"@type\":\"ReadAction\",\"target\":[\"https:\\\/\\\/kueche-schweiz.ch\\\/fr\\\/notre-offre\\\/formation-continue\\\/formation-et-perfectionnement-en-gestion\\\/\"]}]},{\"@type\":\"ImageObject\",\"inLanguage\":\"fr-FR\",\"@id\":\"https:\\\/\\\/kueche-schweiz.ch\\\/fr\\\/notre-offre\\\/formation-continue\\\/formation-et-perfectionnement-en-gestion\\\/#primaryimage\",\"url\":\"https:\\\/\\\/kueche-schweiz.ch\\\/app\\\/uploads\\\/2024\\\/06\\\/weiterbildung_1024x682.jpg\",\"contentUrl\":\"https:\\\/\\\/kueche-schweiz.ch\\\/app\\\/uploads\\\/2024\\\/06\\\/weiterbildung_1024x682.jpg\",\"width\":1024,\"height\":682},{\"@type\":\"BreadcrumbList\",\"@id\":\"https:\\\/\\\/kueche-schweiz.ch\\\/fr\\\/notre-offre\\\/formation-continue\\\/formation-et-perfectionnement-en-gestion\\\/#breadcrumb\",\"itemListElement\":[{\"@type\":\"ListItem\",\"position\":1,\"name\":\"Page d'accueil\",\"item\":\"https:\\\/\\\/kueche-schweiz.ch\\\/fr\\\/\"},{\"@type\":\"ListItem\",\"position\":2,\"name\":\"Notre offre\",\"item\":\"https:\\\/\\\/kueche-schweiz.ch\\\/fr\\\/notre-offre\\\/\"},{\"@type\":\"ListItem\",\"position\":3,\"name\":\"Formation continue\",\"item\":\"https:\\\/\\\/kueche-schweiz.ch\\\/fr\\\/notre-offre\\\/formation-continue\\\/\"},{\"@type\":\"ListItem\",\"position\":4,\"name\":\"Formation et perfectionnement en gestion\"}]},{\"@type\":\"WebSite\",\"@id\":\"https:\\\/\\\/kueche-schweiz.ch\\\/#website\",\"url\":\"https:\\\/\\\/kueche-schweiz.ch\\\/\",\"name\":\"K\u00fcche Schweiz\",\"description\":\"\",\"publisher\":{\"@id\":\"https:\\\/\\\/kueche-schweiz.ch\\\/#organization\"},\"potentialAction\":[{\"@type\":\"SearchAction\",\"target\":{\"@type\":\"EntryPoint\",\"urlTemplate\":\"https:\\\/\\\/kueche-schweiz.ch\\\/?s={search_term_string}\"},\"query-input\":{\"@type\":\"PropertyValueSpecification\",\"valueRequired\":true,\"valueName\":\"search_term_string\"}}],\"inLanguage\":\"fr-FR\"},{\"@type\":\"Organization\",\"@id\":\"https:\\\/\\\/kueche-schweiz.ch\\\/#organization\",\"name\":\"K\u00fcche Schweiz\",\"url\":\"https:\\\/\\\/kueche-schweiz.ch\\\/\",\"logo\":{\"@type\":\"ImageObject\",\"inLanguage\":\"fr-FR\",\"@id\":\"https:\\\/\\\/kueche-schweiz.ch\\\/#\\\/schema\\\/logo\\\/image\\\/\",\"url\":\"https:\\\/\\\/kueche-schweiz.ch\\\/app\\\/uploads\\\/2025\\\/01\\\/logo-kueche-schweiz.png\",\"contentUrl\":\"https:\\\/\\\/kueche-schweiz.ch\\\/app\\\/uploads\\\/2025\\\/01\\\/logo-kueche-schweiz.png\",\"width\":1417,\"height\":1846,\"caption\":\"K\u00fcche Schweiz\"},\"image\":{\"@id\":\"https:\\\/\\\/kueche-schweiz.ch\\\/#\\\/schema\\\/logo\\\/image\\\/\"}}]}<\/script>\n<!-- \/ Yoast SEO plugin. -->","yoast_head_json":{"title":"Formation et perfectionnement en gestion - K\u00fcche Schweiz","robots":{"index":"index","follow":"follow","max-snippet":"max-snippet:-1","max-image-preview":"max-image-preview:large","max-video-preview":"max-video-preview:-1"},"canonical":"https:\/\/kueche-schweiz.ch\/fr\/notre-offre\/formation-continue\/formation-et-perfectionnement-en-gestion\/","og_locale":"fr_FR","og_type":"article","og_title":"Formation et perfectionnement en gestion - K\u00fcche Schweiz","og_description":"Formation continue Le manque de personnel qualifi\u00e9 dans le secteur de la cuisine est un fait et la demande de formation et de perfectionnement, en particulier pour les personnes qui changent d\u2019orientation professionnelle, est par cons\u00e9quent importante. Cuisine Suisse, en collaboration avec des \u00e9coles partenaires et d\u2019autres institutions, propose des cours sur mesure, des s\u00e9minaires, [&hellip;]","og_url":"https:\/\/kueche-schweiz.ch\/fr\/notre-offre\/formation-continue\/formation-et-perfectionnement-en-gestion\/","og_site_name":"K\u00fcche Schweiz","article_modified_time":"2026-01-28T14:24:12+00:00","og_image":[{"width":1024,"height":682,"url":"https:\/\/kueche-schweiz.ch\/app\/uploads\/2024\/06\/weiterbildung_1024x682.jpg","type":"image\/jpeg"}],"twitter_card":"summary_large_image","twitter_misc":{"Dur\u00e9e de lecture estim\u00e9e":"2 minutes"},"schema":{"@context":"https:\/\/schema.org","@graph":[{"@type":"WebPage","@id":"https:\/\/kueche-schweiz.ch\/fr\/notre-offre\/formation-continue\/formation-et-perfectionnement-en-gestion\/","url":"https:\/\/kueche-schweiz.ch\/fr\/notre-offre\/formation-continue\/formation-et-perfectionnement-en-gestion\/","name":"Formation et perfectionnement en gestion - K\u00fcche Schweiz","isPartOf":{"@id":"https:\/\/kueche-schweiz.ch\/#website"},"primaryImageOfPage":{"@id":"https:\/\/kueche-schweiz.ch\/fr\/notre-offre\/formation-continue\/formation-et-perfectionnement-en-gestion\/#primaryimage"},"image":{"@id":"https:\/\/kueche-schweiz.ch\/fr\/notre-offre\/formation-continue\/formation-et-perfectionnement-en-gestion\/#primaryimage"},"thumbnailUrl":"https:\/\/kueche-schweiz.ch\/app\/uploads\/2024\/06\/weiterbildung_1024x682.jpg","datePublished":"2025-03-21T10:50:33+00:00","dateModified":"2026-01-28T14:24:12+00:00","breadcrumb":{"@id":"https:\/\/kueche-schweiz.ch\/fr\/notre-offre\/formation-continue\/formation-et-perfectionnement-en-gestion\/#breadcrumb"},"inLanguage":"fr-FR","potentialAction":[{"@type":"ReadAction","target":["https:\/\/kueche-schweiz.ch\/fr\/notre-offre\/formation-continue\/formation-et-perfectionnement-en-gestion\/"]}]},{"@type":"ImageObject","inLanguage":"fr-FR","@id":"https:\/\/kueche-schweiz.ch\/fr\/notre-offre\/formation-continue\/formation-et-perfectionnement-en-gestion\/#primaryimage","url":"https:\/\/kueche-schweiz.ch\/app\/uploads\/2024\/06\/weiterbildung_1024x682.jpg","contentUrl":"https:\/\/kueche-schweiz.ch\/app\/uploads\/2024\/06\/weiterbildung_1024x682.jpg","width":1024,"height":682},{"@type":"BreadcrumbList","@id":"https:\/\/kueche-schweiz.ch\/fr\/notre-offre\/formation-continue\/formation-et-perfectionnement-en-gestion\/#breadcrumb","itemListElement":[{"@type":"ListItem","position":1,"name":"Page d'accueil","item":"https:\/\/kueche-schweiz.ch\/fr\/"},{"@type":"ListItem","position":2,"name":"Notre offre","item":"https:\/\/kueche-schweiz.ch\/fr\/notre-offre\/"},{"@type":"ListItem","position":3,"name":"Formation continue","item":"https:\/\/kueche-schweiz.ch\/fr\/notre-offre\/formation-continue\/"},{"@type":"ListItem","position":4,"name":"Formation et perfectionnement en gestion"}]},{"@type":"WebSite","@id":"https:\/\/kueche-schweiz.ch\/#website","url":"https:\/\/kueche-schweiz.ch\/","name":"K\u00fcche Schweiz","description":"","publisher":{"@id":"https:\/\/kueche-schweiz.ch\/#organization"},"potentialAction":[{"@type":"SearchAction","target":{"@type":"EntryPoint","urlTemplate":"https:\/\/kueche-schweiz.ch\/?s={search_term_string}"},"query-input":{"@type":"PropertyValueSpecification","valueRequired":true,"valueName":"search_term_string"}}],"inLanguage":"fr-FR"},{"@type":"Organization","@id":"https:\/\/kueche-schweiz.ch\/#organization","name":"K\u00fcche Schweiz","url":"https:\/\/kueche-schweiz.ch\/","logo":{"@type":"ImageObject","inLanguage":"fr-FR","@id":"https:\/\/kueche-schweiz.ch\/#\/schema\/logo\/image\/","url":"https:\/\/kueche-schweiz.ch\/app\/uploads\/2025\/01\/logo-kueche-schweiz.png","contentUrl":"https:\/\/kueche-schweiz.ch\/app\/uploads\/2025\/01\/logo-kueche-schweiz.png","width":1417,"height":1846,"caption":"K\u00fcche Schweiz"},"image":{"@id":"https:\/\/kueche-schweiz.ch\/#\/schema\/logo\/image\/"}}]}},"_links":{"self":[{"href":"https:\/\/kueche-schweiz.ch\/fr\/wp-json\/wp\/v2\/pages\/36362","targetHints":{"allow":["GET"]}}],"collection":[{"href":"https:\/\/kueche-schweiz.ch\/fr\/wp-json\/wp\/v2\/pages"}],"about":[{"href":"https:\/\/kueche-schweiz.ch\/fr\/wp-json\/wp\/v2\/types\/page"}],"author":[{"embeddable":true,"href":"https:\/\/kueche-schweiz.ch\/fr\/wp-json\/wp\/v2\/users\/1"}],"replies":[{"embeddable":true,"href":"https:\/\/kueche-schweiz.ch\/fr\/wp-json\/wp\/v2\/comments?post=36362"}],"version-history":[{"count":2,"href":"https:\/\/kueche-schweiz.ch\/fr\/wp-json\/wp\/v2\/pages\/36362\/revisions"}],"predecessor-version":[{"id":36385,"href":"https:\/\/kueche-schweiz.ch\/fr\/wp-json\/wp\/v2\/pages\/36362\/revisions\/36385"}],"up":[{"embeddable":true,"href":"https:\/\/kueche-schweiz.ch\/fr\/wp-json\/wp\/v2\/pages\/18144"}],"wp:featuredmedia":[{"embeddable":true,"href":"https:\/\/kueche-schweiz.ch\/fr\/wp-json\/wp\/v2\/media\/16861"}],"wp:attachment":[{"href":"https:\/\/kueche-schweiz.ch\/fr\/wp-json\/wp\/v2\/media?parent=36362"}],"curies":[{"name":"wp","href":"https:\/\/api.w.org\/{rel}","templated":true}]}}